{"id":2240,"date":"2025-05-05T18:33:01","date_gmt":"2025-05-05T18:33:01","guid":{"rendered":"https:\/\/pruefservice-stuttgart.de\/?page_id=2240"},"modified":"2025-05-05T18:40:51","modified_gmt":"2025-05-05T18:40:51","slug":"prueffristen","status":"publish","type":"page","link":"https:\/\/pruefservice-stuttgart.de\/en\/test-periods\/","title":{"rendered":"Inspection periods"},"content":{"rendered":"<div class=\"wp-block-uagb-container uagb-block-4c3875af alignfull uagb-is-root-container\"><div class=\"uagb-container-inner-blocks-wrap\">\n<div class=\"wp-block-uagb-advanced-heading uagb-block-36237826\"><h1 class=\"uagb-heading-text\">Inspection periods<\/h1><\/div>\n<\/div><\/div>\n\n\n\n<div class=\"wp-block-uagb-container uagb-block-5cf03063 alignfull uagb-is-root-container\"><div class=\"uagb-container-inner-blocks-wrap\">\n<div class=\"wp-block-uagb-image alignleft uagb-block-6d75d68d wp-block-uagb-image--layout-default wp-block-uagb-image--effect-static wp-block-uagb-image--align-left\"><figure class=\"wp-block-uagb-image__figure\"><img decoding=\"async\" srcset=\"https:\/\/pruefservice-stuttgart.de\/wp-content\/uploads\/2025\/05\/1623043848188882487-1024x482-1.webp ,https:\/\/pruefservice-stuttgart.de\/wp-content\/uploads\/2025\/05\/1623043848188882487-1024x482-1.webp 780w, https:\/\/pruefservice-stuttgart.de\/wp-content\/uploads\/2025\/05\/1623043848188882487-1024x482-1.webp 360w\" sizes=\"auto, (max-width: 480px) 150px\" src=\"https:\/\/pruefservice-stuttgart.de\/wp-content\/uploads\/2025\/05\/1623043848188882487-1024x482-1.webp\" alt=\"\" class=\"uag-image-1991\" width=\"575\" height=\"480\" title=\"1623043848188882487-1024x482\" loading=\"lazy\" role=\"img\"\/><\/figure><\/div>\n\n\n\n<div class=\"wp-block-uagb-container uagb-block-05150e62\">\n<div class=\"wp-block-uagb-advanced-heading uagb-block-a2b3848d\"><h2 class=\"uagb-heading-text\">How often do electrical devices need to be checked?<\/h2><p class=\"uagb-desc-text\">DGUV Regulation 3 requires that electrical equipment and systems be inspected regularly \u2013 but how often exactly?<br>This page gives you an overview of <strong>typical inspection periods<\/strong>so that you can <strong>Fulfilling safety responsibilities legally<\/strong>.<br><strong>Important:<\/strong> Actual intervals depend on the use, environment, and risk assessment. Our recommendations are based on experience and applicable standards.<\/p><\/div>\n<\/div>\n<\/div><\/div>\n\n\n\n<div class=\"wp-block-uagb-container uagb-block-qd2taihi alignfull uagb-is-root-container\"><div class=\"uagb-container-inner-blocks-wrap\">\n<div class=\"wp-block-uagb-info-box uagb-block-iz8lz3nx uagb-infobox__content-wrap  uagb-infobox-icon-above-title uagb-infobox-image-valign-top\"><div class=\"uagb-ifb-content\"><div class=\"uagb-ifb-title-wrap\"><h2 class=\"uagb-ifb-title\">Portable electrical devices<\/h2><\/div><\/div><\/div>\n\n\n\n<figure class=\"wp-block-table\"><table class=\"has-fixed-layout\"><thead><tr><th>Device type<\/th><th>Area of application<\/th><th>Recommended inspection period<\/th><\/tr><\/thead><tbody><tr><td>Office equipment (PCs, printers, monitors)<\/td><td>Offices, administration<\/td><td>All <strong>24 months<\/strong><\/td><\/tr><tr><td>Tools (drill, grinder)<\/td><td>Workshop, production<\/td><td>All <strong>12 months<\/strong><\/td><\/tr><tr><td>Equipment on construction sites<\/td><td>Outdoor areas, shell construction<\/td><td>All <strong>3 months<\/strong><\/td><\/tr><tr><td>Devices in humid environments<\/td><td>Kitchen, cleaning, outdoor storage<\/td><td>All <strong>6 months<\/strong><\/td><\/tr><\/tbody><\/table><\/figure>\n\n\n\n<div class=\"wp-block-uagb-info-box uagb-block-59fd78a2 uagb-infobox__content-wrap  uagb-infobox-icon-above-title uagb-infobox-image-valign-top\"><div class=\"uagb-ifb-content\"><div class=\"uagb-ifb-title-wrap\"><h2 class=\"uagb-ifb-title\">Stationary equipment &amp; machines<\/h2><\/div><\/div><\/div>\n\n\n\n<figure class=\"wp-block-table\"><table class=\"has-fixed-layout\"><thead><tr><th>Device type<\/th><th>Area of application<\/th><th>Recommended inspection period<\/th><\/tr><\/thead><tbody><tr><td>Heating\/air conditioning systems<\/td><td>Building installation<\/td><td>All <strong>48 months<\/strong><\/td><\/tr><tr><td>Machines in production<\/td><td>Industry &amp; Crafts<\/td><td>All <strong>12 months<\/strong><\/td><\/tr><tr><td>Devices with high dust load<\/td><td>Workshops, carpentry<\/td><td>All <strong>6\u201312 months<\/strong><\/td><\/tr><\/tbody><\/table><\/figure>\n\n\n\n<div class=\"wp-block-uagb-info-box uagb-block-6e2a43db uagb-infobox__content-wrap  uagb-infobox-icon-above-title uagb-infobox-image-valign-top\"><div class=\"uagb-ifb-content\"><div class=\"uagb-ifb-title-wrap\"><h2 class=\"uagb-ifb-title\">Special equipment &amp; systems<\/h2><\/div><\/div><\/div>\n\n\n\n<figure class=\"wp-block-table\"><table class=\"has-fixed-layout\"><thead><tr><th>Device type<\/th><th>Area of application<\/th><th>Recommended inspection period<\/th><\/tr><\/thead><tbody><tr><td>Nursing beds<\/td><td>Nursing homes, clinics<\/td><td>All <strong>12 months<\/strong><\/td><\/tr><tr><td>Medical devices<\/td><td>doctor&#039;s office, rehabilitation centers<\/td><td>All <strong>6\u201312 months<\/strong><\/td><\/tr><tr><td>PRCD devices<\/td><td>Construction sites, mobile use<\/td><td>All <strong>3 months<\/strong><\/td><\/tr><tr><td>Power generator (mobile)<\/td><td>Events, construction sites, emergency plans<\/td><td>All <strong>6\u201312 months<\/strong><\/td><\/tr><tr><td>residual current circuit breaker<\/td><td>All areas<\/td><td>All <strong>6 months<\/strong><\/td><\/tr><\/tbody><\/table><\/figure>\n\n\n\n<div class=\"wp-block-uagb-info-box uagb-block-ecdc92a2 uagb-infobox__content-wrap  uagb-infobox-icon-above-title uagb-infobox-image-valign-top\"><div class=\"uagb-ifb-content\"><div class=\"uagb-ifb-title-wrap\"><h2 class=\"uagb-ifb-title\">Recurring system inspections<\/h2><\/div><\/div><\/div>\n\n\n\n<figure class=\"wp-block-table\"><table class=\"has-fixed-layout\"><thead><tr><th>Plant type<\/th><th>Recommended inspection period<\/th><\/tr><\/thead><tbody><tr><td>Main &amp; sub-distributions<\/td><td>All <strong>48 months<\/strong><\/td><\/tr><tr><td>Construction site power distribution board<\/td><td>All <strong>3 months<\/strong><\/td><\/tr><tr><td>Thermographic tests<\/td><td>All <strong>12 months<\/strong> (recommended)<\/td><\/tr><tr><td>Emergency power systems \/ UPS<\/td><td>All <strong>12\u201324 months<\/strong><\/td><\/tr><\/tbody><\/table><\/figure>\n\n\n\n<div class=\"wp-block-uagb-info-box uagb-block-7471a508 uagb-infobox__content-wrap  uagb-infobox-icon-above-title uagb-infobox-image-valign-top\"><div class=\"uagb-ifb-content\"><div class=\"uagb-ifb-title-wrap\"><h2 class=\"uagb-ifb-title\">What events should be checked additionally?<\/h2><\/div><p class=\"uagb-ifb-desc\">After repairs or modifications<br>After faults or short circuits<br>After a long period of inactivity or storage<br>Before initial commissioning (initial inspection)<\/p><\/div><\/div>\n\n\n\n<div class=\"wp-block-uagb-info-box uagb-block-b57d6510 uagb-infobox__content-wrap  uagb-infobox-icon-above-title uagb-infobox-image-valign-top\"><div class=\"uagb-ifb-content\"><div class=\"uagb-ifb-title-wrap\"><h2 class=\"uagb-ifb-title\">Our tip: Don\u2019t forget the risk assessment!<\/h2><\/div><p class=\"uagb-ifb-desc\">The <strong>Risk assessment<\/strong> is required by law and forms the basis for your individual inspection periods.<br>We are happy to support you in the creation and implementation!<\/p><\/div><\/div>\n\n\n\n<div class=\"wp-block-uagb-container uagb-block-ndowxzi7\"><\/div>\n<\/div><\/div>\n\n\n\n<div class=\"wp-block-uagb-container uagb-block-9caa1a47 alignfull uagb-is-root-container\"><div class=\"uagb-container-inner-blocks-wrap\">\n<div class=\"wp-block-uagb-advanced-heading uagb-block-1ed0e64e\"><div class=\"uagb-heading-text\">Let us help<\/div><\/div>\n\n\n\n<div class=\"wp-block-uagb-advanced-heading uagb-block-3a57683f\"><h2 class=\"uagb-heading-text\">\ud83d\udcde Personal advice for your industry<\/h2><\/div>\n\n\n\n<div class=\"wp-block-uagb-buttons uagb-buttons__outer-wrap uagb-btn__default-btn uagb-btn-tablet__default-btn uagb-btn-mobile__default-btn uagb-block-9979be0d\"><div class=\"uagb-buttons__wrap uagb-buttons-layout-wrap\">\n<div class=\"wp-block-uagb-buttons-child uagb-buttons__outer-wrap uagb-block-84fd34e5 wp-block-button\"><div class=\"uagb-button__wrapper\"><a class=\"uagb-buttons-repeater wp-block-button__link\" aria-label=\"\" href=\"https:\/\/pruefservice-stuttgart.de\/en\/contact-us\/\" rel=\"follow noopener\" target=\"_self\" role=\"button\"><div class=\"uagb-button__link\">Contact us now<\/div><\/a><\/div><\/div>\n<\/div><\/div>\n\n\n\n<div class=\"wp-block-uagb-advanced-heading uagb-block-838a0a13\"><div class=\"uagb-separator\"><\/div><h3 class=\"uagb-heading-text\">Would you like to learn more about industry-specific testing concepts? <\/h3><\/div>\n\n\n\n<div class=\"wp-block-uagb-advanced-heading uagb-block-809e7d0a\"><div class=\"uagb-separator\"><\/div><h3 class=\"uagb-heading-text\">+49 177 49 50 635 \u2013 we will advise you individually and without obligation.<\/h3><\/div>\n<\/div><\/div>","protected":false},"excerpt":{"rendered":"<p>Pr\u00fcffristen Wie oft m\u00fcssen elektrische Ger\u00e4te gepr\u00fcft werden? Die DGUV Vorschrift 3 verlangt, dass elektrische Betriebsmittel und Anlagen regelm\u00e4\u00dfig gepr\u00fcft werden \u2013 aber wie oft genau?Diese Seite gibt Ihnen einen \u00dcberblick \u00fcber typische Pr\u00fcffristen, damit Sie Ihre Sicherheitsverantwortung rechtssicher erf\u00fcllen.Wichtig: Die tats\u00e4chlichen Fristen h\u00e4ngen von der Nutzung, Umgebung und Gef\u00e4hrdungsbeurteilung ab. Unsere Empfehlungen basieren auf [&hellip;]<\/p>","protected":false},"author":1,"featured_media":0,"parent":0,"menu_order":0,"comment_status":"closed","ping_status":"closed","template":"","meta":{"_uag_custom_page_level_css":"","site-sidebar-layout":"no-sidebar","site-content-layout":"plain-container","ast-site-content-layout":"full-width-container","site-content-style":"unboxed","site-sidebar-style":"unboxed","ast-global-header-display":"","ast-banner-title-visibility":"","ast-main-header-display":"","ast-hfb-above-header-display":"","ast-hfb-below-header-display":"","ast-hfb-mobile-header-display":"","site-post-title":"disabled","ast-breadcrumbs-content":"","ast-featured-img":"","footer-sml-layout":"","ast-disable-related-posts":"","theme-transparent-header-meta":"","adv-header-id-meta":"","stick-header-meta":"","header-above-stick-meta":"","header-main-stick-meta":"","header-below-stick-meta":"","astra-migrate-meta-layouts":"set","ast-page-background-enabled":"default","ast-page-background-meta":{"desktop":{"background-color":"var(--ast-global-color-4)","background-image":"","background-repeat":"repeat","background-position":"center center","background-size":"auto","background-attachment":"scroll","background-type":"","background-media":"","overlay-type":"","overlay-color":"","overlay-opacity":"","overlay-gradient":""},"tablet":{"background-color":"","background-image":"","background-repeat":"repeat","background-position":"center center","background-size":"auto","background-attachment":"scroll","background-type":"","background-media":"","overlay-type":"","overlay-color":"","overlay-opacity":"","overlay-gradient":""},"mobile":{"background-color":"","background-image":"","background-repeat":"repeat","background-position":"center center","background-size":"auto","background-attachment":"scroll","background-type":"","background-media":"","overlay-type":"","overlay-color":"","overlay-opacity":"","overlay-gradient":""}},"ast-content-background-meta":{"desktop":{"background-color":"var(--ast-global-color-5)","background-image":"","background-repeat":"repeat","background-position":"center center","background-size":"auto","background-attachment":"scroll","background-type":"","background-media":"","overlay-type":"","overlay-color":"","overlay-opacity":"","overlay-gradient":""},"tablet":{"background-color":"var(--ast-global-color-5)","background-image":"","background-repeat":"repeat","background-position":"center center","background-size":"auto","background-attachment":"scroll","background-type":"","background-media":"","overlay-type":"","overlay-color":"","overlay-opacity":"","overlay-gradient":""},"mobile":{"background-color":"var(--ast-global-color-5)","background-image":"","background-repeat":"repeat","background-position":"center center","background-size":"auto","background-attachment":"scroll","background-type":"","background-media":"","overlay-type":"","overlay-color":"","overlay-opacity":"","overlay-gradient":""}},"footnotes":""},"class_list":["post-2240","page","type-page","status-publish","hentry"],"yoast_head":"<!-- This site is optimized with the Yoast SEO plugin v27.4 - https:\/\/yoast.com\/product\/yoast-seo-wordpress\/ -->\n<title>Pr\u00fcffristen - pruefservice-stuttgart.de<\/title>\n<meta name=\"robots\" content=\"index, follow, max-snippet:-1, max-image-preview:large, max-video-preview:-1\" \/>\n<link rel=\"canonical\" href=\"https:\/\/pruefservice-stuttgart.de\/en\/test-periods\/\" \/>\n<meta property=\"og:locale\" content=\"en_GB\" \/>\n<meta property=\"og:type\" content=\"article\" \/>\n<meta property=\"og:title\" content=\"Pr\u00fcffristen - pruefservice-stuttgart.de\" \/>\n<meta property=\"og:description\" content=\"Pr\u00fcffristen Wie oft m\u00fcssen elektrische Ger\u00e4te gepr\u00fcft werden? Die DGUV Vorschrift 3 verlangt, dass elektrische Betriebsmittel und Anlagen regelm\u00e4\u00dfig gepr\u00fcft werden \u2013 aber wie oft genau?Diese Seite gibt Ihnen einen \u00dcberblick \u00fcber typische Pr\u00fcffristen, damit Sie Ihre Sicherheitsverantwortung rechtssicher erf\u00fcllen.Wichtig: Die tats\u00e4chlichen Fristen h\u00e4ngen von der Nutzung, Umgebung und Gef\u00e4hrdungsbeurteilung ab. Unsere Empfehlungen basieren auf [&hellip;]\" \/>\n<meta property=\"og:url\" content=\"https:\/\/pruefservice-stuttgart.de\/en\/test-periods\/\" \/>\n<meta property=\"og:site_name\" content=\"pruefservice-stuttgart.de\" \/>\n<meta property=\"article:modified_time\" content=\"2025-05-05T18:40:51+00:00\" \/>\n<meta property=\"og:image\" content=\"https:\/\/pruefservice-stuttgart.de\/wp-content\/uploads\/2025\/05\/1623043848188882487-1024x482-1.webp\" \/>\n<meta name=\"twitter:card\" content=\"summary_large_image\" \/>\n<meta name=\"twitter:label1\" content=\"Estimated reading time\" \/>\n\t<meta name=\"twitter:data1\" content=\"4 minutes\" \/>\n<script type=\"application\/ld+json\" class=\"yoast-schema-graph\">{\"@context\":\"https:\\\/\\\/schema.org\",\"@graph\":[{\"@type\":\"WebPage\",\"@id\":\"https:\\\/\\\/pruefservice-stuttgart.de\\\/prueffristen\\\/\",\"url\":\"https:\\\/\\\/pruefservice-stuttgart.de\\\/prueffristen\\\/\",\"name\":\"Pr\u00fcffristen - pruefservice-stuttgart.de\",\"isPartOf\":{\"@id\":\"https:\\\/\\\/pruefservice-stuttgart.de\\\/#website\"},\"primaryImageOfPage\":{\"@id\":\"https:\\\/\\\/pruefservice-stuttgart.de\\\/prueffristen\\\/#primaryimage\"},\"image\":{\"@id\":\"https:\\\/\\\/pruefservice-stuttgart.de\\\/prueffristen\\\/#primaryimage\"},\"thumbnailUrl\":\"https:\\\/\\\/pruefservice-stuttgart.de\\\/wp-content\\\/uploads\\\/2025\\\/05\\\/1623043848188882487-1024x482-1.webp\",\"datePublished\":\"2025-05-05T18:33:01+00:00\",\"dateModified\":\"2025-05-05T18:40:51+00:00\",\"breadcrumb\":{\"@id\":\"https:\\\/\\\/pruefservice-stuttgart.de\\\/prueffristen\\\/#breadcrumb\"},\"inLanguage\":\"en-GB\",\"potentialAction\":[{\"@type\":\"ReadAction\",\"target\":[\"https:\\\/\\\/pruefservice-stuttgart.de\\\/prueffristen\\\/\"]}]},{\"@type\":\"ImageObject\",\"inLanguage\":\"en-GB\",\"@id\":\"https:\\\/\\\/pruefservice-stuttgart.de\\\/prueffristen\\\/#primaryimage\",\"url\":\"https:\\\/\\\/pruefservice-stuttgart.de\\\/wp-content\\\/uploads\\\/2025\\\/05\\\/1623043848188882487-1024x482-1.webp\",\"contentUrl\":\"https:\\\/\\\/pruefservice-stuttgart.de\\\/wp-content\\\/uploads\\\/2025\\\/05\\\/1623043848188882487-1024x482-1.webp\"},{\"@type\":\"BreadcrumbList\",\"@id\":\"https:\\\/\\\/pruefservice-stuttgart.de\\\/prueffristen\\\/#breadcrumb\",\"itemListElement\":[{\"@type\":\"ListItem\",\"position\":1,\"name\":\"Startseite\",\"item\":\"https:\\\/\\\/pruefservice-stuttgart.de\\\/\"},{\"@type\":\"ListItem\",\"position\":2,\"name\":\"Pr\u00fcffristen\"}]},{\"@type\":\"WebSite\",\"@id\":\"https:\\\/\\\/pruefservice-stuttgart.de\\\/#website\",\"url\":\"https:\\\/\\\/pruefservice-stuttgart.de\\\/\",\"name\":\"pruefservice-stuttgart.de\",\"description\":\"\",\"publisher\":{\"@id\":\"https:\\\/\\\/pruefservice-stuttgart.de\\\/#organization\"},\"potentialAction\":[{\"@type\":\"SearchAction\",\"target\":{\"@type\":\"EntryPoint\",\"urlTemplate\":\"https:\\\/\\\/pruefservice-stuttgart.de\\\/?s={search_term_string}\"},\"query-input\":{\"@type\":\"PropertyValueSpecification\",\"valueRequired\":true,\"valueName\":\"search_term_string\"}}],\"inLanguage\":\"en-GB\"},{\"@type\":\"Organization\",\"@id\":\"https:\\\/\\\/pruefservice-stuttgart.de\\\/#organization\",\"name\":\"pruefservice-stuttgart.de\",\"url\":\"https:\\\/\\\/pruefservice-stuttgart.de\\\/\",\"logo\":{\"@type\":\"ImageObject\",\"inLanguage\":\"en-GB\",\"@id\":\"https:\\\/\\\/pruefservice-stuttgart.de\\\/#\\\/schema\\\/logo\\\/image\\\/\",\"url\":\"https:\\\/\\\/pruefservice-stuttgart.de\\\/wp-content\\\/uploads\\\/2025\\\/05\\\/cropped-pruefservice-stuttgart-4-300x300-1.webp\",\"contentUrl\":\"https:\\\/\\\/pruefservice-stuttgart.de\\\/wp-content\\\/uploads\\\/2025\\\/05\\\/cropped-pruefservice-stuttgart-4-300x300-1.webp\",\"width\":300,\"height\":100,\"caption\":\"pruefservice-stuttgart.de\"},\"image\":{\"@id\":\"https:\\\/\\\/pruefservice-stuttgart.de\\\/#\\\/schema\\\/logo\\\/image\\\/\"}}]}<\/script>\n<!-- \/ Yoast SEO plugin. -->","yoast_head_json":{"title":"Inspection periods - pruefservice-stuttgart.de","robots":{"index":"index","follow":"follow","max-snippet":"max-snippet:-1","max-image-preview":"max-image-preview:large","max-video-preview":"max-video-preview:-1"},"canonical":"https:\/\/pruefservice-stuttgart.de\/en\/test-periods\/","og_locale":"en_GB","og_type":"article","og_title":"Pr\u00fcffristen - pruefservice-stuttgart.de","og_description":"Pr\u00fcffristen Wie oft m\u00fcssen elektrische Ger\u00e4te gepr\u00fcft werden? Die DGUV Vorschrift 3 verlangt, dass elektrische Betriebsmittel und Anlagen regelm\u00e4\u00dfig gepr\u00fcft werden \u2013 aber wie oft genau?Diese Seite gibt Ihnen einen \u00dcberblick \u00fcber typische Pr\u00fcffristen, damit Sie Ihre Sicherheitsverantwortung rechtssicher erf\u00fcllen.Wichtig: Die tats\u00e4chlichen Fristen h\u00e4ngen von der Nutzung, Umgebung und Gef\u00e4hrdungsbeurteilung ab. Unsere Empfehlungen basieren auf [&hellip;]","og_url":"https:\/\/pruefservice-stuttgart.de\/en\/test-periods\/","og_site_name":"pruefservice-stuttgart.de","article_modified_time":"2025-05-05T18:40:51+00:00","og_image":[{"url":"https:\/\/pruefservice-stuttgart.de\/wp-content\/uploads\/2025\/05\/1623043848188882487-1024x482-1.webp","type":"","width":"","height":""}],"twitter_card":"summary_large_image","twitter_misc":{"Estimated reading time":"4 minutes"},"schema":{"@context":"https:\/\/schema.org","@graph":[{"@type":"WebPage","@id":"https:\/\/pruefservice-stuttgart.de\/prueffristen\/","url":"https:\/\/pruefservice-stuttgart.de\/prueffristen\/","name":"Inspection periods - pruefservice-stuttgart.de","isPartOf":{"@id":"https:\/\/pruefservice-stuttgart.de\/#website"},"primaryImageOfPage":{"@id":"https:\/\/pruefservice-stuttgart.de\/prueffristen\/#primaryimage"},"image":{"@id":"https:\/\/pruefservice-stuttgart.de\/prueffristen\/#primaryimage"},"thumbnailUrl":"https:\/\/pruefservice-stuttgart.de\/wp-content\/uploads\/2025\/05\/1623043848188882487-1024x482-1.webp","datePublished":"2025-05-05T18:33:01+00:00","dateModified":"2025-05-05T18:40:51+00:00","breadcrumb":{"@id":"https:\/\/pruefservice-stuttgart.de\/prueffristen\/#breadcrumb"},"inLanguage":"en-GB","potentialAction":[{"@type":"ReadAction","target":["https:\/\/pruefservice-stuttgart.de\/prueffristen\/"]}]},{"@type":"ImageObject","inLanguage":"en-GB","@id":"https:\/\/pruefservice-stuttgart.de\/prueffristen\/#primaryimage","url":"https:\/\/pruefservice-stuttgart.de\/wp-content\/uploads\/2025\/05\/1623043848188882487-1024x482-1.webp","contentUrl":"https:\/\/pruefservice-stuttgart.de\/wp-content\/uploads\/2025\/05\/1623043848188882487-1024x482-1.webp"},{"@type":"BreadcrumbList","@id":"https:\/\/pruefservice-stuttgart.de\/prueffristen\/#breadcrumb","itemListElement":[{"@type":"ListItem","position":1,"name":"Startseite","item":"https:\/\/pruefservice-stuttgart.de\/"},{"@type":"ListItem","position":2,"name":"Pr\u00fcffristen"}]},{"@type":"WebSite","@id":"https:\/\/pruefservice-stuttgart.de\/#website","url":"https:\/\/pruefservice-stuttgart.de\/","name":"pruefservice-stuttgart.de","description":"","publisher":{"@id":"https:\/\/pruefservice-stuttgart.de\/#organization"},"potentialAction":[{"@type":"SearchAction","target":{"@type":"EntryPoint","urlTemplate":"https:\/\/pruefservice-stuttgart.de\/?s={search_term_string}"},"query-input":{"@type":"PropertyValueSpecification","valueRequired":true,"valueName":"search_term_string"}}],"inLanguage":"en-GB"},{"@type":"Organization","@id":"https:\/\/pruefservice-stuttgart.de\/#organization","name":"pruefservice-stuttgart.de","url":"https:\/\/pruefservice-stuttgart.de\/","logo":{"@type":"ImageObject","inLanguage":"en-GB","@id":"https:\/\/pruefservice-stuttgart.de\/#\/schema\/logo\/image\/","url":"https:\/\/pruefservice-stuttgart.de\/wp-content\/uploads\/2025\/05\/cropped-pruefservice-stuttgart-4-300x300-1.webp","contentUrl":"https:\/\/pruefservice-stuttgart.de\/wp-content\/uploads\/2025\/05\/cropped-pruefservice-stuttgart-4-300x300-1.webp","width":300,"height":100,"caption":"pruefservice-stuttgart.de"},"image":{"@id":"https:\/\/pruefservice-stuttgart.de\/#\/schema\/logo\/image\/"}}]}},"uagb_featured_image_src":{"full":false,"thumbnail":false,"medium":false,"medium_large":false,"large":false,"1536x1536":false,"2048x2048":false,"trp-custom-language-flag":false},"uagb_author_info":{"display_name":"emilkemal4@gmail.com","author_link":"https:\/\/pruefservice-stuttgart.de\/en\/author\/emilkemal4gmail-com\/"},"uagb_comment_info":0,"uagb_excerpt":"Pr\u00fcffristen Wie oft m\u00fcssen elektrische Ger\u00e4te gepr\u00fcft werden? Die DGUV Vorschrift 3 verlangt, dass elektrische Betriebsmittel und Anlagen regelm\u00e4\u00dfig gepr\u00fcft werden \u2013 aber wie oft genau?Diese Seite gibt Ihnen einen \u00dcberblick \u00fcber typische Pr\u00fcffristen, damit Sie Ihre Sicherheitsverantwortung rechtssicher erf\u00fcllen.Wichtig: Die tats\u00e4chlichen Fristen h\u00e4ngen von der Nutzung, Umgebung und Gef\u00e4hrdungsbeurteilung ab. Unsere Empfehlungen basieren auf&hellip;","_links":{"self":[{"href":"https:\/\/pruefservice-stuttgart.de\/en\/wp-json\/wp\/v2\/pages\/2240","targetHints":{"allow":["GET"]}}],"collection":[{"href":"https:\/\/pruefservice-stuttgart.de\/en\/wp-json\/wp\/v2\/pages"}],"about":[{"href":"https:\/\/pruefservice-stuttgart.de\/en\/wp-json\/wp\/v2\/types\/page"}],"author":[{"embeddable":true,"href":"https:\/\/pruefservice-stuttgart.de\/en\/wp-json\/wp\/v2\/users\/1"}],"replies":[{"embeddable":true,"href":"https:\/\/pruefservice-stuttgart.de\/en\/wp-json\/wp\/v2\/comments?post=2240"}],"version-history":[{"count":6,"href":"https:\/\/pruefservice-stuttgart.de\/en\/wp-json\/wp\/v2\/pages\/2240\/revisions"}],"predecessor-version":[{"id":2249,"href":"https:\/\/pruefservice-stuttgart.de\/en\/wp-json\/wp\/v2\/pages\/2240\/revisions\/2249"}],"wp:attachment":[{"href":"https:\/\/pruefservice-stuttgart.de\/en\/wp-json\/wp\/v2\/media?parent=2240"}],"curies":[{"name":"wp","href":"https:\/\/api.w.org\/{rel}","templated":true}]}}