{"id":2284,"date":"2025-05-05T19:28:43","date_gmt":"2025-05-05T19:28:43","guid":{"rendered":"https:\/\/pruefservice-stuttgart.de\/?page_id=2284"},"modified":"2025-05-05T19:28:44","modified_gmt":"2025-05-05T19:28:44","slug":"mittelstaendische-unternehmen","status":"publish","type":"page","link":"https:\/\/pruefservice-stuttgart.de\/en\/medium-sized-companies\/","title":{"rendered":"Medium-sized companies"},"content":{"rendered":"<div class=\"wp-block-uagb-container uagb-block-4c3875af alignfull uagb-is-root-container\"><div class=\"uagb-container-inner-blocks-wrap\">\n<div class=\"wp-block-uagb-advanced-heading uagb-block-36237826\"><h1 class=\"uagb-heading-text\">Medium-sized companies<\/h1><\/div>\n<\/div><\/div>\n\n\n\n<div class=\"wp-block-uagb-container uagb-block-5cf03063 alignfull uagb-is-root-container\"><div class=\"uagb-container-inner-blocks-wrap\">\n<div class=\"wp-block-uagb-image alignleft uagb-block-6d75d68d wp-block-uagb-image--layout-default wp-block-uagb-image--effect-static wp-block-uagb-image--align-left\"><figure class=\"wp-block-uagb-image__figure\"><img decoding=\"async\" srcset=\"https:\/\/pruefservice-stuttgart.de\/wp-content\/uploads\/2025\/05\/1623043848188882487-1024x482-1.webp ,https:\/\/pruefservice-stuttgart.de\/wp-content\/uploads\/2025\/05\/1623043848188882487-1024x482-1.webp 780w, https:\/\/pruefservice-stuttgart.de\/wp-content\/uploads\/2025\/05\/1623043848188882487-1024x482-1.webp 360w\" sizes=\"auto, (max-width: 480px) 150px\" src=\"https:\/\/pruefservice-stuttgart.de\/wp-content\/uploads\/2025\/05\/1623043848188882487-1024x482-1.webp\" alt=\"\" class=\"uag-image-1991\" width=\"575\" height=\"480\" title=\"1623043848188882487-1024x482\" loading=\"lazy\" role=\"img\"\/><\/figure><\/div>\n\n\n\n<div class=\"wp-block-uagb-container uagb-block-05150e62\">\n<div class=\"wp-block-uagb-advanced-heading uagb-block-a2b3848d\"><h2 class=\"uagb-heading-text\">Efficient &amp; affordable testing concepts for medium-sized businesses<\/h2><p class=\"uagb-desc-text\">As a medium-sized company, you are responsible for your employees, your technology and the smooth running of your business.<br>We offer you <strong>tailor-made tests according to DGUV Regulation 3<\/strong>, specifically tailored to the needs and resources of small and medium-sized businesses.<\/p><\/div>\n<\/div>\n<\/div><\/div>\n\n\n\n<div class=\"wp-block-uagb-container uagb-block-qd2taihi alignfull uagb-is-root-container\"><div class=\"uagb-container-inner-blocks-wrap\">\n<div class=\"wp-block-uagb-info-box uagb-block-iz8lz3nx uagb-infobox__content-wrap  uagb-infobox-icon-above-title uagb-infobox-image-valign-top\"><div class=\"uagb-ifb-content\"><div class=\"uagb-ifb-title-wrap\"><h2 class=\"uagb-ifb-title\">Typical target groups in medium-sized businesses:<\/h2><\/div><p class=\"uagb-ifb-desc\">Craft businesses (e.g. electricians, painters, carpenters)<br>Service companies (e.g. agencies, engineering firms)<br>Production companies &amp; suppliers<br>Retailers &amp; Outlets<br>Construction and assembly companies<br>IT and technology service providers<\/p><\/div><\/div>\n\n\n\n<div class=\"wp-block-uagb-info-box uagb-block-7471a508 uagb-infobox__content-wrap  uagb-infobox-icon-above-title uagb-infobox-image-valign-top\"><div class=\"uagb-ifb-content\"><div class=\"uagb-ifb-title-wrap\"><h2 class=\"uagb-ifb-title\">What we check for SMEs:<\/h2><\/div><p class=\"uagb-ifb-desc\">Portable equipment: tools, PCs, printers, coffee machines<br>Machinery &amp; Production Equipment<br>Residual current circuit breakers, sub-distribution boards, extension cables<br>Construction power distribution boards &amp; generators<br>Servers, networks &amp; building services<br>Thermography for preventive maintenance<\/p><\/div><\/div>\n\n\n\n<div class=\"wp-block-uagb-info-box uagb-block-b57d6510 uagb-infobox__content-wrap  uagb-infobox-icon-above-title uagb-infobox-image-valign-top\"><div class=\"uagb-ifb-content\"><div class=\"uagb-ifb-title-wrap\"><h2 class=\"uagb-ifb-title\">Your advantages with pruefservice-stuttgart.de<\/h2><\/div><p class=\"uagb-ifb-desc\">Fair prices even for small numbers of devices<br>Examinations possible outside of business hours<br>Reminder service for retakes<br>Personal contact \u2013 no call centers<br>GDPR and ISO compliant protocols<\/p><\/div><\/div>\n\n\n\n<div class=\"wp-block-uagb-info-box uagb-block-351dac36 uagb-infobox__content-wrap  uagb-infobox-icon-above-title uagb-infobox-image-valign-top\"><div class=\"uagb-ifb-content\"><div class=\"uagb-ifb-title-wrap\"><h2 class=\"uagb-ifb-title\">Ideal for growing businesses<\/h2><\/div><p class=\"uagb-ifb-desc\">Do you want to professionalize your testing processes, but not over-dimension them?<br>We offer you exactly the structure you need now \u2013 with the option to expand in the event of future growth.<\/p><\/div><\/div>\n\n\n\n<div class=\"wp-block-uagb-container uagb-block-ndowxzi7\"><\/div>\n<\/div><\/div>\n\n\n\n<div class=\"wp-block-uagb-container uagb-block-9caa1a47 alignfull uagb-is-root-container\"><div class=\"uagb-container-inner-blocks-wrap\">\n<div class=\"wp-block-uagb-advanced-heading uagb-block-1ed0e64e\"><div class=\"uagb-heading-text\">Let us help<\/div><\/div>\n\n\n\n<div class=\"wp-block-uagb-advanced-heading uagb-block-3a57683f\"><h2 class=\"uagb-heading-text\">\ud83d\udcde Personal advice for your industry<\/h2><\/div>\n\n\n\n<div class=\"wp-block-uagb-buttons uagb-buttons__outer-wrap uagb-btn__default-btn uagb-btn-tablet__default-btn uagb-btn-mobile__default-btn uagb-block-9979be0d\"><div class=\"uagb-buttons__wrap uagb-buttons-layout-wrap\">\n<div class=\"wp-block-uagb-buttons-child uagb-buttons__outer-wrap uagb-block-84fd34e5 wp-block-button\"><div class=\"uagb-button__wrapper\"><a class=\"uagb-buttons-repeater wp-block-button__link\" aria-label=\"\" href=\"https:\/\/pruefservice-stuttgart.de\/en\/contact-us\/\" rel=\"follow noopener\" target=\"_self\" role=\"button\"><div class=\"uagb-button__link\">Contact us now<\/div><\/a><\/div><\/div>\n<\/div><\/div>\n\n\n\n<div class=\"wp-block-uagb-advanced-heading uagb-block-838a0a13\"><div class=\"uagb-separator\"><\/div><h3 class=\"uagb-heading-text\">Would you like to learn more about industry-specific testing concepts? <\/h3><\/div>\n\n\n\n<div class=\"wp-block-uagb-advanced-heading uagb-block-809e7d0a\"><div class=\"uagb-separator\"><\/div><h3 class=\"uagb-heading-text\">+49 177 49 50 635 \u2013 we will advise you individually and without obligation.<\/h3><\/div>\n<\/div><\/div>","protected":false},"excerpt":{"rendered":"<p>Mittelst\u00e4ndische Unternehmen Effiziente &amp; bezahlbare Pr\u00fcfkonzepte f\u00fcr den Mittelstand Als mittelst\u00e4ndisches Unternehmen tragen Sie Verantwortung f\u00fcr Ihre Mitarbeitenden, Ihre Technik und den reibungslosen Ablauf im Betrieb.Wir bieten Ihnen ma\u00dfgeschneiderte Pr\u00fcfungen nach DGUV Vorschrift 3, speziell auf die Anforderungen und Ressourcen kleiner und mittlerer Betriebe abgestimmt.<\/p>","protected":false},"author":1,"featured_media":0,"parent":0,"menu_order":0,"comment_status":"closed","ping_status":"closed","template":"","meta":{"_uag_custom_page_level_css":"","site-sidebar-layout":"no-sidebar","site-content-layout":"plain-container","ast-site-content-layout":"full-width-container","site-content-style":"unboxed","site-sidebar-style":"unboxed","ast-global-header-display":"","ast-banner-title-visibility":"","ast-main-header-display":"","ast-hfb-above-header-display":"","ast-hfb-below-header-display":"","ast-hfb-mobile-header-display":"","site-post-title":"disabled","ast-breadcrumbs-content":"","ast-featured-img":"","footer-sml-layout":"","ast-disable-related-posts":"","theme-transparent-header-meta":"","adv-header-id-meta":"","stick-header-meta":"","header-above-stick-meta":"","header-main-stick-meta":"","header-below-stick-meta":"","astra-migrate-meta-layouts":"set","ast-page-background-enabled":"default","ast-page-background-meta":{"desktop":{"background-color":"var(--ast-global-color-4)","background-image":"","background-repeat":"repeat","background-position":"center center","background-size":"auto","background-attachment":"scroll","background-type":"","background-media":"","overlay-type":"","overlay-color":"","overlay-opacity":"","overlay-gradient":""},"tablet":{"background-color":"","background-image":"","background-repeat":"repeat","background-position":"center center","background-size":"auto","background-attachment":"scroll","background-type":"","background-media":"","overlay-type":"","overlay-color":"","overlay-opacity":"","overlay-gradient":""},"mobile":{"background-color":"","background-image":"","background-repeat":"repeat","background-position":"center center","background-size":"auto","background-attachment":"scroll","background-type":"","background-media":"","overlay-type":"","overlay-color":"","overlay-opacity":"","overlay-gradient":""}},"ast-content-background-meta":{"desktop":{"background-color":"var(--ast-global-color-5)","background-image":"","background-repeat":"repeat","background-position":"center center","background-size":"auto","background-attachment":"scroll","background-type":"","background-media":"","overlay-type":"","overlay-color":"","overlay-opacity":"","overlay-gradient":""},"tablet":{"background-color":"var(--ast-global-color-5)","background-image":"","background-repeat":"repeat","background-position":"center center","background-size":"auto","background-attachment":"scroll","background-type":"","background-media":"","overlay-type":"","overlay-color":"","overlay-opacity":"","overlay-gradient":""},"mobile":{"background-color":"var(--ast-global-color-5)","background-image":"","background-repeat":"repeat","background-position":"center center","background-size":"auto","background-attachment":"scroll","background-type":"","background-media":"","overlay-type":"","overlay-color":"","overlay-opacity":"","overlay-gradient":""}},"footnotes":""},"class_list":["post-2284","page","type-page","status-publish","hentry"],"yoast_head":"<!-- This site is optimized with the Yoast SEO plugin v27.4 - https:\/\/yoast.com\/product\/yoast-seo-wordpress\/ -->\n<title>Mittelst\u00e4ndische Unternehmen - pruefservice-stuttgart.de<\/title>\n<meta name=\"robots\" content=\"index, follow, max-snippet:-1, max-image-preview:large, max-video-preview:-1\" \/>\n<link rel=\"canonical\" href=\"https:\/\/pruefservice-stuttgart.de\/en\/medium-sized-companies\/\" \/>\n<meta property=\"og:locale\" content=\"en_GB\" \/>\n<meta property=\"og:type\" content=\"article\" \/>\n<meta property=\"og:title\" content=\"Mittelst\u00e4ndische Unternehmen - pruefservice-stuttgart.de\" \/>\n<meta property=\"og:description\" content=\"Mittelst\u00e4ndische Unternehmen Effiziente &amp; bezahlbare Pr\u00fcfkonzepte f\u00fcr den Mittelstand Als mittelst\u00e4ndisches Unternehmen tragen Sie Verantwortung f\u00fcr Ihre Mitarbeitenden, Ihre Technik und den reibungslosen Ablauf im Betrieb.Wir bieten Ihnen ma\u00dfgeschneiderte Pr\u00fcfungen nach DGUV Vorschrift 3, speziell auf die Anforderungen und Ressourcen kleiner und mittlerer Betriebe abgestimmt.\" \/>\n<meta property=\"og:url\" content=\"https:\/\/pruefservice-stuttgart.de\/en\/medium-sized-companies\/\" \/>\n<meta property=\"og:site_name\" content=\"pruefservice-stuttgart.de\" \/>\n<meta property=\"article:modified_time\" content=\"2025-05-05T19:28:44+00:00\" \/>\n<meta property=\"og:image\" content=\"https:\/\/pruefservice-stuttgart.de\/wp-content\/uploads\/2025\/05\/1623043848188882487-1024x482-1.webp\" \/>\n<meta name=\"twitter:card\" content=\"summary_large_image\" \/>\n<meta name=\"twitter:label1\" content=\"Estimated reading time\" \/>\n\t<meta name=\"twitter:data1\" content=\"2 minutes\" \/>\n<script type=\"application\/ld+json\" class=\"yoast-schema-graph\">{\"@context\":\"https:\\\/\\\/schema.org\",\"@graph\":[{\"@type\":\"WebPage\",\"@id\":\"https:\\\/\\\/pruefservice-stuttgart.de\\\/mittelstaendische-unternehmen\\\/\",\"url\":\"https:\\\/\\\/pruefservice-stuttgart.de\\\/mittelstaendische-unternehmen\\\/\",\"name\":\"Mittelst\u00e4ndische Unternehmen - pruefservice-stuttgart.de\",\"isPartOf\":{\"@id\":\"https:\\\/\\\/pruefservice-stuttgart.de\\\/#website\"},\"primaryImageOfPage\":{\"@id\":\"https:\\\/\\\/pruefservice-stuttgart.de\\\/mittelstaendische-unternehmen\\\/#primaryimage\"},\"image\":{\"@id\":\"https:\\\/\\\/pruefservice-stuttgart.de\\\/mittelstaendische-unternehmen\\\/#primaryimage\"},\"thumbnailUrl\":\"https:\\\/\\\/pruefservice-stuttgart.de\\\/wp-content\\\/uploads\\\/2025\\\/05\\\/1623043848188882487-1024x482-1.webp\",\"datePublished\":\"2025-05-05T19:28:43+00:00\",\"dateModified\":\"2025-05-05T19:28:44+00:00\",\"breadcrumb\":{\"@id\":\"https:\\\/\\\/pruefservice-stuttgart.de\\\/mittelstaendische-unternehmen\\\/#breadcrumb\"},\"inLanguage\":\"en-GB\",\"potentialAction\":[{\"@type\":\"ReadAction\",\"target\":[\"https:\\\/\\\/pruefservice-stuttgart.de\\\/mittelstaendische-unternehmen\\\/\"]}]},{\"@type\":\"ImageObject\",\"inLanguage\":\"en-GB\",\"@id\":\"https:\\\/\\\/pruefservice-stuttgart.de\\\/mittelstaendische-unternehmen\\\/#primaryimage\",\"url\":\"https:\\\/\\\/pruefservice-stuttgart.de\\\/wp-content\\\/uploads\\\/2025\\\/05\\\/1623043848188882487-1024x482-1.webp\",\"contentUrl\":\"https:\\\/\\\/pruefservice-stuttgart.de\\\/wp-content\\\/uploads\\\/2025\\\/05\\\/1623043848188882487-1024x482-1.webp\"},{\"@type\":\"BreadcrumbList\",\"@id\":\"https:\\\/\\\/pruefservice-stuttgart.de\\\/mittelstaendische-unternehmen\\\/#breadcrumb\",\"itemListElement\":[{\"@type\":\"ListItem\",\"position\":1,\"name\":\"Startseite\",\"item\":\"https:\\\/\\\/pruefservice-stuttgart.de\\\/\"},{\"@type\":\"ListItem\",\"position\":2,\"name\":\"Mittelst\u00e4ndische Unternehmen\"}]},{\"@type\":\"WebSite\",\"@id\":\"https:\\\/\\\/pruefservice-stuttgart.de\\\/#website\",\"url\":\"https:\\\/\\\/pruefservice-stuttgart.de\\\/\",\"name\":\"pruefservice-stuttgart.de\",\"description\":\"\",\"publisher\":{\"@id\":\"https:\\\/\\\/pruefservice-stuttgart.de\\\/#organization\"},\"potentialAction\":[{\"@type\":\"SearchAction\",\"target\":{\"@type\":\"EntryPoint\",\"urlTemplate\":\"https:\\\/\\\/pruefservice-stuttgart.de\\\/?s={search_term_string}\"},\"query-input\":{\"@type\":\"PropertyValueSpecification\",\"valueRequired\":true,\"valueName\":\"search_term_string\"}}],\"inLanguage\":\"en-GB\"},{\"@type\":\"Organization\",\"@id\":\"https:\\\/\\\/pruefservice-stuttgart.de\\\/#organization\",\"name\":\"pruefservice-stuttgart.de\",\"url\":\"https:\\\/\\\/pruefservice-stuttgart.de\\\/\",\"logo\":{\"@type\":\"ImageObject\",\"inLanguage\":\"en-GB\",\"@id\":\"https:\\\/\\\/pruefservice-stuttgart.de\\\/#\\\/schema\\\/logo\\\/image\\\/\",\"url\":\"https:\\\/\\\/pruefservice-stuttgart.de\\\/wp-content\\\/uploads\\\/2025\\\/05\\\/cropped-pruefservice-stuttgart-4-300x300-1.webp\",\"contentUrl\":\"https:\\\/\\\/pruefservice-stuttgart.de\\\/wp-content\\\/uploads\\\/2025\\\/05\\\/cropped-pruefservice-stuttgart-4-300x300-1.webp\",\"width\":300,\"height\":100,\"caption\":\"pruefservice-stuttgart.de\"},\"image\":{\"@id\":\"https:\\\/\\\/pruefservice-stuttgart.de\\\/#\\\/schema\\\/logo\\\/image\\\/\"}}]}<\/script>\n<!-- \/ Yoast SEO plugin. -->","yoast_head_json":{"title":"Medium-sized companies - pruefservice-stuttgart.de","robots":{"index":"index","follow":"follow","max-snippet":"max-snippet:-1","max-image-preview":"max-image-preview:large","max-video-preview":"max-video-preview:-1"},"canonical":"https:\/\/pruefservice-stuttgart.de\/en\/medium-sized-companies\/","og_locale":"en_GB","og_type":"article","og_title":"Mittelst\u00e4ndische Unternehmen - pruefservice-stuttgart.de","og_description":"Mittelst\u00e4ndische Unternehmen Effiziente &amp; bezahlbare Pr\u00fcfkonzepte f\u00fcr den Mittelstand Als mittelst\u00e4ndisches Unternehmen tragen Sie Verantwortung f\u00fcr Ihre Mitarbeitenden, Ihre Technik und den reibungslosen Ablauf im Betrieb.Wir bieten Ihnen ma\u00dfgeschneiderte Pr\u00fcfungen nach DGUV Vorschrift 3, speziell auf die Anforderungen und Ressourcen kleiner und mittlerer Betriebe abgestimmt.","og_url":"https:\/\/pruefservice-stuttgart.de\/en\/medium-sized-companies\/","og_site_name":"pruefservice-stuttgart.de","article_modified_time":"2025-05-05T19:28:44+00:00","og_image":[{"url":"https:\/\/pruefservice-stuttgart.de\/wp-content\/uploads\/2025\/05\/1623043848188882487-1024x482-1.webp","type":"","width":"","height":""}],"twitter_card":"summary_large_image","twitter_misc":{"Estimated reading time":"2 minutes"},"schema":{"@context":"https:\/\/schema.org","@graph":[{"@type":"WebPage","@id":"https:\/\/pruefservice-stuttgart.de\/mittelstaendische-unternehmen\/","url":"https:\/\/pruefservice-stuttgart.de\/mittelstaendische-unternehmen\/","name":"Medium-sized companies - pruefservice-stuttgart.de","isPartOf":{"@id":"https:\/\/pruefservice-stuttgart.de\/#website"},"primaryImageOfPage":{"@id":"https:\/\/pruefservice-stuttgart.de\/mittelstaendische-unternehmen\/#primaryimage"},"image":{"@id":"https:\/\/pruefservice-stuttgart.de\/mittelstaendische-unternehmen\/#primaryimage"},"thumbnailUrl":"https:\/\/pruefservice-stuttgart.de\/wp-content\/uploads\/2025\/05\/1623043848188882487-1024x482-1.webp","datePublished":"2025-05-05T19:28:43+00:00","dateModified":"2025-05-05T19:28:44+00:00","breadcrumb":{"@id":"https:\/\/pruefservice-stuttgart.de\/mittelstaendische-unternehmen\/#breadcrumb"},"inLanguage":"en-GB","potentialAction":[{"@type":"ReadAction","target":["https:\/\/pruefservice-stuttgart.de\/mittelstaendische-unternehmen\/"]}]},{"@type":"ImageObject","inLanguage":"en-GB","@id":"https:\/\/pruefservice-stuttgart.de\/mittelstaendische-unternehmen\/#primaryimage","url":"https:\/\/pruefservice-stuttgart.de\/wp-content\/uploads\/2025\/05\/1623043848188882487-1024x482-1.webp","contentUrl":"https:\/\/pruefservice-stuttgart.de\/wp-content\/uploads\/2025\/05\/1623043848188882487-1024x482-1.webp"},{"@type":"BreadcrumbList","@id":"https:\/\/pruefservice-stuttgart.de\/mittelstaendische-unternehmen\/#breadcrumb","itemListElement":[{"@type":"ListItem","position":1,"name":"Startseite","item":"https:\/\/pruefservice-stuttgart.de\/"},{"@type":"ListItem","position":2,"name":"Mittelst\u00e4ndische Unternehmen"}]},{"@type":"WebSite","@id":"https:\/\/pruefservice-stuttgart.de\/#website","url":"https:\/\/pruefservice-stuttgart.de\/","name":"pruefservice-stuttgart.de","description":"","publisher":{"@id":"https:\/\/pruefservice-stuttgart.de\/#organization"},"potentialAction":[{"@type":"SearchAction","target":{"@type":"EntryPoint","urlTemplate":"https:\/\/pruefservice-stuttgart.de\/?s={search_term_string}"},"query-input":{"@type":"PropertyValueSpecification","valueRequired":true,"valueName":"search_term_string"}}],"inLanguage":"en-GB"},{"@type":"Organization","@id":"https:\/\/pruefservice-stuttgart.de\/#organization","name":"pruefservice-stuttgart.de","url":"https:\/\/pruefservice-stuttgart.de\/","logo":{"@type":"ImageObject","inLanguage":"en-GB","@id":"https:\/\/pruefservice-stuttgart.de\/#\/schema\/logo\/image\/","url":"https:\/\/pruefservice-stuttgart.de\/wp-content\/uploads\/2025\/05\/cropped-pruefservice-stuttgart-4-300x300-1.webp","contentUrl":"https:\/\/pruefservice-stuttgart.de\/wp-content\/uploads\/2025\/05\/cropped-pruefservice-stuttgart-4-300x300-1.webp","width":300,"height":100,"caption":"pruefservice-stuttgart.de"},"image":{"@id":"https:\/\/pruefservice-stuttgart.de\/#\/schema\/logo\/image\/"}}]}},"uagb_featured_image_src":{"full":false,"thumbnail":false,"medium":false,"medium_large":false,"large":false,"1536x1536":false,"2048x2048":false,"trp-custom-language-flag":false},"uagb_author_info":{"display_name":"emilkemal4@gmail.com","author_link":"https:\/\/pruefservice-stuttgart.de\/en\/author\/emilkemal4gmail-com\/"},"uagb_comment_info":0,"uagb_excerpt":"Mittelst\u00e4ndische Unternehmen Effiziente &amp; bezahlbare Pr\u00fcfkonzepte f\u00fcr den Mittelstand Als mittelst\u00e4ndisches Unternehmen tragen Sie Verantwortung f\u00fcr Ihre Mitarbeitenden, Ihre Technik und den reibungslosen Ablauf im Betrieb.Wir bieten Ihnen ma\u00dfgeschneiderte Pr\u00fcfungen nach DGUV Vorschrift 3, speziell auf die Anforderungen und Ressourcen kleiner und mittlerer Betriebe abgestimmt.","_links":{"self":[{"href":"https:\/\/pruefservice-stuttgart.de\/en\/wp-json\/wp\/v2\/pages\/2284","targetHints":{"allow":["GET"]}}],"collection":[{"href":"https:\/\/pruefservice-stuttgart.de\/en\/wp-json\/wp\/v2\/pages"}],"about":[{"href":"https:\/\/pruefservice-stuttgart.de\/en\/wp-json\/wp\/v2\/types\/page"}],"author":[{"embeddable":true,"href":"https:\/\/pruefservice-stuttgart.de\/en\/wp-json\/wp\/v2\/users\/1"}],"replies":[{"embeddable":true,"href":"https:\/\/pruefservice-stuttgart.de\/en\/wp-json\/wp\/v2\/comments?post=2284"}],"version-history":[{"count":2,"href":"https:\/\/pruefservice-stuttgart.de\/en\/wp-json\/wp\/v2\/pages\/2284\/revisions"}],"predecessor-version":[{"id":2286,"href":"https:\/\/pruefservice-stuttgart.de\/en\/wp-json\/wp\/v2\/pages\/2284\/revisions\/2286"}],"wp:attachment":[{"href":"https:\/\/pruefservice-stuttgart.de\/en\/wp-json\/wp\/v2\/media?parent=2284"}],"curies":[{"name":"wp","href":"https:\/\/api.w.org\/{rel}","templated":true}]}}