{"id":2298,"date":"2025-05-05T19:41:41","date_gmt":"2025-05-05T19:41:41","guid":{"rendered":"https:\/\/pruefservice-stuttgart.de\/?page_id=2298"},"modified":"2025-05-05T19:47:47","modified_gmt":"2025-05-05T19:47:47","slug":"dguv-v3-prueffristen","status":"publish","type":"page","link":"https:\/\/pruefservice-stuttgart.de\/en\/dguv-v3-inspection-periods\/","title":{"rendered":"DGUV V3 inspection periods"},"content":{"rendered":"<div class=\"wp-block-uagb-container uagb-block-4c3875af alignfull uagb-is-root-container\"><div class=\"uagb-container-inner-blocks-wrap\">\n<div class=\"wp-block-uagb-advanced-heading uagb-block-36237826\"><h1 class=\"uagb-heading-text\">DGUV V3 inspection periods<\/h1><\/div>\n<\/div><\/div>\n\n\n\n<div class=\"wp-block-uagb-container uagb-block-5cf03063 alignfull uagb-is-root-container\"><div class=\"uagb-container-inner-blocks-wrap\">\n<div class=\"wp-block-uagb-image alignleft uagb-block-6d75d68d wp-block-uagb-image--layout-default wp-block-uagb-image--effect-static wp-block-uagb-image--align-left\"><figure class=\"wp-block-uagb-image__figure\"><img decoding=\"async\" srcset=\"https:\/\/pruefservice-stuttgart.de\/wp-content\/uploads\/2025\/05\/1623043848188882487-1024x482-1.webp ,https:\/\/pruefservice-stuttgart.de\/wp-content\/uploads\/2025\/05\/1623043848188882487-1024x482-1.webp 780w, https:\/\/pruefservice-stuttgart.de\/wp-content\/uploads\/2025\/05\/1623043848188882487-1024x482-1.webp 360w\" sizes=\"auto, (max-width: 480px) 150px\" src=\"https:\/\/pruefservice-stuttgart.de\/wp-content\/uploads\/2025\/05\/1623043848188882487-1024x482-1.webp\" alt=\"\" class=\"uag-image-1991\" width=\"575\" height=\"480\" title=\"1623043848188882487-1024x482\" loading=\"lazy\" role=\"img\"\/><\/figure><\/div>\n\n\n\n<div class=\"wp-block-uagb-container uagb-block-05150e62\">\n<div class=\"wp-block-uagb-advanced-heading uagb-block-a2b3848d\"><h2 class=\"uagb-heading-text\">How often do electrical devices and systems need to be checked?<\/h2><p class=\"uagb-desc-text\">DGUV Regulation 3 stipulates that electrical equipment and systems <strong>checked regularly<\/strong> must be.<br>But what exactly does &quot;regularly&quot; mean? The answer depends on several factors\u2014e.g., the location of use, frequency of use, and the potential for danger.<br>On this page you will find an overview of <strong>recommended inspection intervals<\/strong> for different device categories.<\/p><\/div>\n<\/div>\n<\/div><\/div>\n\n\n\n<div class=\"wp-block-uagb-container uagb-block-qd2taihi alignfull uagb-is-root-container\"><div class=\"uagb-container-inner-blocks-wrap\">\n<div class=\"wp-block-uagb-info-box uagb-block-iz8lz3nx uagb-infobox__content-wrap  uagb-infobox-icon-above-title uagb-infobox-image-valign-top\"><div class=\"uagb-ifb-content\"><div class=\"uagb-ifb-title-wrap\"><h2 class=\"uagb-ifb-title\">Inspection periods for portable devices<\/h2><\/div><p class=\"uagb-ifb-desc\">These devices are regularly moved, connected, or transported. The risk of defects is correspondingly high.<\/p><\/div><\/div>\n\n\n\n<figure class=\"wp-block-table\"><table class=\"has-fixed-layout\"><thead><tr><th>Area of application<\/th><th>Examples<\/th><th>Recommended inspection period<\/th><\/tr><\/thead><tbody><tr><td>Office \/ Administration<\/td><td>PCs, printers, monitors<\/td><td>all <strong>24 months<\/strong><\/td><\/tr><tr><td>Workshop \/ Production<\/td><td>Drills, hand tools<\/td><td>all <strong>12 months<\/strong><\/td><\/tr><tr><td>Construction site<\/td><td>Grinders, cable drums<\/td><td>all <strong>3 months<\/strong><\/td><\/tr><tr><td>Cleaning \/ Kitchen<\/td><td>Vacuum cleaner, kettle<\/td><td>all <strong>6 months<\/strong><\/td><\/tr><\/tbody><\/table><\/figure>\n\n\n\n<div class=\"wp-block-uagb-info-box uagb-block-c947cb30 uagb-infobox__content-wrap  uagb-infobox-icon-above-title uagb-infobox-image-valign-top\"><div class=\"uagb-ifb-content\"><div class=\"uagb-ifb-title-wrap\"><h2 class=\"uagb-ifb-title\">Inspection intervals for stationary equipment<\/h2><\/div><p class=\"uagb-ifb-desc\">These devices are permanently installed and are rarely moved.<\/p><\/div><\/div>\n\n\n\n<figure class=\"wp-block-table\"><table class=\"has-fixed-layout\"><thead><tr><th>Area of application<\/th><th>Examples<\/th><th>Recommended inspection period<\/th><\/tr><\/thead><tbody><tr><td>Building technology<\/td><td>Heating, air conditioning<\/td><td>all <strong>48 months<\/strong><\/td><\/tr><tr><td>Industry \/ Workshop<\/td><td>Machines, control technology<\/td><td>all <strong>12 months<\/strong><\/td><\/tr><tr><td>Schools \/ educational institutions<\/td><td>Built-in appliances, laboratory equipment<\/td><td>all <strong>24 months<\/strong><\/td><\/tr><\/tbody><\/table><\/figure>\n\n\n\n<div class=\"wp-block-uagb-info-box uagb-block-85b90919 uagb-infobox__content-wrap  uagb-infobox-icon-above-title uagb-infobox-image-valign-top\"><div class=\"uagb-ifb-content\"><div class=\"uagb-ifb-title-wrap\"><h2 class=\"uagb-ifb-title\">Inspection periods for medical devices and care facilities<\/h2><\/div><\/div><\/div>\n\n\n\n<figure class=\"wp-block-table\"><table class=\"has-fixed-layout\"><thead><tr><th>Device type<\/th><th>Example usage<\/th><th>Recommended inspection period<\/th><\/tr><\/thead><tbody><tr><td>Nursing beds<\/td><td>Retirement homes, clinics<\/td><td>all <strong>12 months<\/strong><\/td><\/tr><tr><td>Medical devices<\/td><td>doctor&#039;s office, rehabilitation center<\/td><td>all <strong>6\u201312 months<\/strong><\/td><\/tr><tr><td>Devices with patient contact<\/td><td>ECG, infusion pumps<\/td><td>all <strong>6 months<\/strong><\/td><\/tr><\/tbody><\/table><\/figure>\n\n\n\n<div class=\"wp-block-uagb-info-box uagb-block-306af5d4 uagb-infobox__content-wrap  uagb-infobox-icon-above-title uagb-infobox-image-valign-top\"><div class=\"uagb-ifb-content\"><div class=\"uagb-ifb-title-wrap\"><h2 class=\"uagb-ifb-title\">Inspection intervals for electrical systems and protective systems<\/h2><\/div><\/div><\/div>\n\n\n\n<figure class=\"wp-block-table\"><table class=\"has-fixed-layout\"><thead><tr><th>System type<\/th><th>Examples<\/th><th>Recommended inspection period<\/th><\/tr><\/thead><tbody><tr><td>Residual current circuit breaker \/ RCD<\/td><td>used everywhere<\/td><td>all <strong>6 months<\/strong><\/td><\/tr><tr><td>Main &amp; sub-distributions<\/td><td>Industry, offices, schools<\/td><td>all <strong>4 years<\/strong><\/td><\/tr><tr><td>Construction site power distribution board<\/td><td>Construction sites<\/td><td>all <strong>3 months<\/strong><\/td><\/tr><tr><td>Power generators<\/td><td>Emergency power supply, events<\/td><td>all <strong>6\u201312 months<\/strong><\/td><\/tr><tr><td>Thermography<\/td><td>Thermal imaging inspection of distribution boards<\/td><td>all <strong>12 months<\/strong><\/td><\/tr><\/tbody><\/table><\/figure>\n\n\n\n<div class=\"wp-block-uagb-info-box uagb-block-7471a508 uagb-infobox__content-wrap  uagb-infobox-icon-above-title uagb-infobox-image-valign-top\"><div class=\"uagb-ifb-content\"><div class=\"uagb-ifb-title-wrap\"><h2 class=\"uagb-ifb-title\">\u26a0\ufe0f Important: Risk assessment as a basis<\/h2><\/div><p class=\"uagb-ifb-desc\">The actual inspection period should always be based on a <strong>individual risk assessment<\/strong> be determined.<br>Frequency of use, environmental conditions and previous test results are taken into account.<br>\ud83d\udca1 We are happy to help you create or update your risk assessment.<\/p><\/div><\/div>\n\n\n\n<div class=\"wp-block-uagb-container uagb-block-ndowxzi7\"><\/div>\n<\/div><\/div>\n\n\n\n<div class=\"wp-block-uagb-container uagb-block-9caa1a47 alignfull uagb-is-root-container\"><div class=\"uagb-container-inner-blocks-wrap\">\n<div class=\"wp-block-uagb-advanced-heading uagb-block-1ed0e64e\"><div class=\"uagb-heading-text\">Let us help<\/div><\/div>\n\n\n\n<div class=\"wp-block-uagb-advanced-heading uagb-block-3a57683f\"><h2 class=\"uagb-heading-text\">\ud83d\udcde Personal advice for your industry<\/h2><\/div>\n\n\n\n<div class=\"wp-block-uagb-buttons uagb-buttons__outer-wrap uagb-btn__default-btn uagb-btn-tablet__default-btn uagb-btn-mobile__default-btn uagb-block-9979be0d\"><div class=\"uagb-buttons__wrap uagb-buttons-layout-wrap\">\n<div class=\"wp-block-uagb-buttons-child uagb-buttons__outer-wrap uagb-block-84fd34e5 wp-block-button\"><div class=\"uagb-button__wrapper\"><a class=\"uagb-buttons-repeater wp-block-button__link\" aria-label=\"\" href=\"https:\/\/pruefservice-stuttgart.de\/en\/contact-us\/\" rel=\"follow noopener\" target=\"_self\" role=\"button\"><div class=\"uagb-button__link\">Contact us now<\/div><\/a><\/div><\/div>\n<\/div><\/div>\n\n\n\n<div class=\"wp-block-uagb-advanced-heading uagb-block-838a0a13\"><div class=\"uagb-separator\"><\/div><h3 class=\"uagb-heading-text\">Would you like to learn more about industry-specific testing concepts? <\/h3><\/div>\n\n\n\n<div class=\"wp-block-uagb-advanced-heading uagb-block-809e7d0a\"><div class=\"uagb-separator\"><\/div><h3 class=\"uagb-heading-text\">+49 177 49 50 635 \u2013 we will advise you individually and without obligation.<\/h3><\/div>\n<\/div><\/div>","protected":false},"excerpt":{"rendered":"<p>DGUV V3 Pr\u00fcffristen Wie oft m\u00fcssen elektrische Ger\u00e4te und Anlagen gepr\u00fcft werden? Die DGUV Vorschrift 3 schreibt vor, dass elektrische Betriebsmittel und Anlagen regelm\u00e4\u00dfig gepr\u00fcft werden m\u00fcssen.Doch was bedeutet \u201eregelm\u00e4\u00dfig\u201c genau? Die Antwort h\u00e4ngt von mehreren Faktoren ab \u2013 z.\u202fB. dem Einsatzort, der Nutzungsh\u00e4ufigkeit und dem Gef\u00e4hrdungspotenzial.Auf dieser Seite finden Sie eine \u00dcbersicht \u00fcber empfohlene [&hellip;]<\/p>","protected":false},"author":1,"featured_media":0,"parent":0,"menu_order":0,"comment_status":"closed","ping_status":"closed","template":"","meta":{"_uag_custom_page_level_css":"","site-sidebar-layout":"no-sidebar","site-content-layout":"plain-container","ast-site-content-layout":"full-width-container","site-content-style":"unboxed","site-sidebar-style":"unboxed","ast-global-header-display":"","ast-banner-title-visibility":"","ast-main-header-display":"","ast-hfb-above-header-display":"","ast-hfb-below-header-display":"","ast-hfb-mobile-header-display":"","site-post-title":"disabled","ast-breadcrumbs-content":"","ast-featured-img":"","footer-sml-layout":"","ast-disable-related-posts":"","theme-transparent-header-meta":"","adv-header-id-meta":"","stick-header-meta":"","header-above-stick-meta":"","header-main-stick-meta":"","header-below-stick-meta":"","astra-migrate-meta-layouts":"set","ast-page-background-enabled":"default","ast-page-background-meta":{"desktop":{"background-color":"var(--ast-global-color-4)","background-image":"","background-repeat":"repeat","background-position":"center center","background-size":"auto","background-attachment":"scroll","background-type":"","background-media":"","overlay-type":"","overlay-color":"","overlay-opacity":"","overlay-gradient":""},"tablet":{"background-color":"","background-image":"","background-repeat":"repeat","background-position":"center center","background-size":"auto","background-attachment":"scroll","background-type":"","background-media":"","overlay-type":"","overlay-color":"","overlay-opacity":"","overlay-gradient":""},"mobile":{"background-color":"","background-image":"","background-repeat":"repeat","background-position":"center center","background-size":"auto","background-attachment":"scroll","background-type":"","background-media":"","overlay-type":"","overlay-color":"","overlay-opacity":"","overlay-gradient":""}},"ast-content-background-meta":{"desktop":{"background-color":"var(--ast-global-color-5)","background-image":"","background-repeat":"repeat","background-position":"center center","background-size":"auto","background-attachment":"scroll","background-type":"","background-media":"","overlay-type":"","overlay-color":"","overlay-opacity":"","overlay-gradient":""},"tablet":{"background-color":"var(--ast-global-color-5)","background-image":"","background-repeat":"repeat","background-position":"center center","background-size":"auto","background-attachment":"scroll","background-type":"","background-media":"","overlay-type":"","overlay-color":"","overlay-opacity":"","overlay-gradient":""},"mobile":{"background-color":"var(--ast-global-color-5)","background-image":"","background-repeat":"repeat","background-position":"center center","background-size":"auto","background-attachment":"scroll","background-type":"","background-media":"","overlay-type":"","overlay-color":"","overlay-opacity":"","overlay-gradient":""}},"footnotes":""},"class_list":["post-2298","page","type-page","status-publish","hentry"],"yoast_head":"<!-- This site is optimized with the Yoast SEO plugin v27.4 - https:\/\/yoast.com\/product\/yoast-seo-wordpress\/ -->\n<title>DGUV V3 Pr\u00fcffristen - pruefservice-stuttgart.de<\/title>\n<meta name=\"robots\" content=\"index, follow, max-snippet:-1, max-image-preview:large, max-video-preview:-1\" \/>\n<link rel=\"canonical\" href=\"https:\/\/pruefservice-stuttgart.de\/en\/dguv-v3-inspection-periods\/\" \/>\n<meta property=\"og:locale\" content=\"en_GB\" \/>\n<meta property=\"og:type\" content=\"article\" \/>\n<meta property=\"og:title\" content=\"DGUV V3 Pr\u00fcffristen - pruefservice-stuttgart.de\" \/>\n<meta property=\"og:description\" content=\"DGUV V3 Pr\u00fcffristen Wie oft m\u00fcssen elektrische Ger\u00e4te und Anlagen gepr\u00fcft werden? Die DGUV Vorschrift 3 schreibt vor, dass elektrische Betriebsmittel und Anlagen regelm\u00e4\u00dfig gepr\u00fcft werden m\u00fcssen.Doch was bedeutet \u201eregelm\u00e4\u00dfig\u201c genau? Die Antwort h\u00e4ngt von mehreren Faktoren ab \u2013 z.\u202fB. dem Einsatzort, der Nutzungsh\u00e4ufigkeit und dem Gef\u00e4hrdungspotenzial.Auf dieser Seite finden Sie eine \u00dcbersicht \u00fcber empfohlene [&hellip;]\" \/>\n<meta property=\"og:url\" content=\"https:\/\/pruefservice-stuttgart.de\/en\/dguv-v3-inspection-periods\/\" \/>\n<meta property=\"og:site_name\" content=\"pruefservice-stuttgart.de\" \/>\n<meta property=\"article:modified_time\" content=\"2025-05-05T19:47:47+00:00\" \/>\n<meta property=\"og:image\" content=\"https:\/\/pruefservice-stuttgart.de\/wp-content\/uploads\/2025\/05\/1623043848188882487-1024x482-1.webp\" \/>\n<meta name=\"twitter:card\" content=\"summary_large_image\" \/>\n<meta name=\"twitter:label1\" content=\"Estimated reading time\" \/>\n\t<meta name=\"twitter:data1\" content=\"2 minutes\" \/>\n<script type=\"application\/ld+json\" class=\"yoast-schema-graph\">{\"@context\":\"https:\\\/\\\/schema.org\",\"@graph\":[{\"@type\":\"WebPage\",\"@id\":\"https:\\\/\\\/pruefservice-stuttgart.de\\\/dguv-v3-prueffristen\\\/\",\"url\":\"https:\\\/\\\/pruefservice-stuttgart.de\\\/dguv-v3-prueffristen\\\/\",\"name\":\"DGUV V3 Pr\u00fcffristen - pruefservice-stuttgart.de\",\"isPartOf\":{\"@id\":\"https:\\\/\\\/pruefservice-stuttgart.de\\\/#website\"},\"primaryImageOfPage\":{\"@id\":\"https:\\\/\\\/pruefservice-stuttgart.de\\\/dguv-v3-prueffristen\\\/#primaryimage\"},\"image\":{\"@id\":\"https:\\\/\\\/pruefservice-stuttgart.de\\\/dguv-v3-prueffristen\\\/#primaryimage\"},\"thumbnailUrl\":\"https:\\\/\\\/pruefservice-stuttgart.de\\\/wp-content\\\/uploads\\\/2025\\\/05\\\/1623043848188882487-1024x482-1.webp\",\"datePublished\":\"2025-05-05T19:41:41+00:00\",\"dateModified\":\"2025-05-05T19:47:47+00:00\",\"breadcrumb\":{\"@id\":\"https:\\\/\\\/pruefservice-stuttgart.de\\\/dguv-v3-prueffristen\\\/#breadcrumb\"},\"inLanguage\":\"en-GB\",\"potentialAction\":[{\"@type\":\"ReadAction\",\"target\":[\"https:\\\/\\\/pruefservice-stuttgart.de\\\/dguv-v3-prueffristen\\\/\"]}]},{\"@type\":\"ImageObject\",\"inLanguage\":\"en-GB\",\"@id\":\"https:\\\/\\\/pruefservice-stuttgart.de\\\/dguv-v3-prueffristen\\\/#primaryimage\",\"url\":\"https:\\\/\\\/pruefservice-stuttgart.de\\\/wp-content\\\/uploads\\\/2025\\\/05\\\/1623043848188882487-1024x482-1.webp\",\"contentUrl\":\"https:\\\/\\\/pruefservice-stuttgart.de\\\/wp-content\\\/uploads\\\/2025\\\/05\\\/1623043848188882487-1024x482-1.webp\"},{\"@type\":\"BreadcrumbList\",\"@id\":\"https:\\\/\\\/pruefservice-stuttgart.de\\\/dguv-v3-prueffristen\\\/#breadcrumb\",\"itemListElement\":[{\"@type\":\"ListItem\",\"position\":1,\"name\":\"Startseite\",\"item\":\"https:\\\/\\\/pruefservice-stuttgart.de\\\/\"},{\"@type\":\"ListItem\",\"position\":2,\"name\":\"DGUV V3 Pr\u00fcffristen\"}]},{\"@type\":\"WebSite\",\"@id\":\"https:\\\/\\\/pruefservice-stuttgart.de\\\/#website\",\"url\":\"https:\\\/\\\/pruefservice-stuttgart.de\\\/\",\"name\":\"pruefservice-stuttgart.de\",\"description\":\"\",\"publisher\":{\"@id\":\"https:\\\/\\\/pruefservice-stuttgart.de\\\/#organization\"},\"potentialAction\":[{\"@type\":\"SearchAction\",\"target\":{\"@type\":\"EntryPoint\",\"urlTemplate\":\"https:\\\/\\\/pruefservice-stuttgart.de\\\/?s={search_term_string}\"},\"query-input\":{\"@type\":\"PropertyValueSpecification\",\"valueRequired\":true,\"valueName\":\"search_term_string\"}}],\"inLanguage\":\"en-GB\"},{\"@type\":\"Organization\",\"@id\":\"https:\\\/\\\/pruefservice-stuttgart.de\\\/#organization\",\"name\":\"pruefservice-stuttgart.de\",\"url\":\"https:\\\/\\\/pruefservice-stuttgart.de\\\/\",\"logo\":{\"@type\":\"ImageObject\",\"inLanguage\":\"en-GB\",\"@id\":\"https:\\\/\\\/pruefservice-stuttgart.de\\\/#\\\/schema\\\/logo\\\/image\\\/\",\"url\":\"https:\\\/\\\/pruefservice-stuttgart.de\\\/wp-content\\\/uploads\\\/2025\\\/05\\\/cropped-pruefservice-stuttgart-4-300x300-1.webp\",\"contentUrl\":\"https:\\\/\\\/pruefservice-stuttgart.de\\\/wp-content\\\/uploads\\\/2025\\\/05\\\/cropped-pruefservice-stuttgart-4-300x300-1.webp\",\"width\":300,\"height\":100,\"caption\":\"pruefservice-stuttgart.de\"},\"image\":{\"@id\":\"https:\\\/\\\/pruefservice-stuttgart.de\\\/#\\\/schema\\\/logo\\\/image\\\/\"}}]}<\/script>\n<!-- \/ Yoast SEO plugin. -->","yoast_head_json":{"title":"DGUV V3 inspection intervals - pruefservice-stuttgart.de","robots":{"index":"index","follow":"follow","max-snippet":"max-snippet:-1","max-image-preview":"max-image-preview:large","max-video-preview":"max-video-preview:-1"},"canonical":"https:\/\/pruefservice-stuttgart.de\/en\/dguv-v3-inspection-periods\/","og_locale":"en_GB","og_type":"article","og_title":"DGUV V3 Pr\u00fcffristen - pruefservice-stuttgart.de","og_description":"DGUV V3 Pr\u00fcffristen Wie oft m\u00fcssen elektrische Ger\u00e4te und Anlagen gepr\u00fcft werden? Die DGUV Vorschrift 3 schreibt vor, dass elektrische Betriebsmittel und Anlagen regelm\u00e4\u00dfig gepr\u00fcft werden m\u00fcssen.Doch was bedeutet \u201eregelm\u00e4\u00dfig\u201c genau? Die Antwort h\u00e4ngt von mehreren Faktoren ab \u2013 z.\u202fB. dem Einsatzort, der Nutzungsh\u00e4ufigkeit und dem Gef\u00e4hrdungspotenzial.Auf dieser Seite finden Sie eine \u00dcbersicht \u00fcber empfohlene [&hellip;]","og_url":"https:\/\/pruefservice-stuttgart.de\/en\/dguv-v3-inspection-periods\/","og_site_name":"pruefservice-stuttgart.de","article_modified_time":"2025-05-05T19:47:47+00:00","og_image":[{"url":"https:\/\/pruefservice-stuttgart.de\/wp-content\/uploads\/2025\/05\/1623043848188882487-1024x482-1.webp","type":"","width":"","height":""}],"twitter_card":"summary_large_image","twitter_misc":{"Estimated reading time":"2 minutes"},"schema":{"@context":"https:\/\/schema.org","@graph":[{"@type":"WebPage","@id":"https:\/\/pruefservice-stuttgart.de\/dguv-v3-prueffristen\/","url":"https:\/\/pruefservice-stuttgart.de\/dguv-v3-prueffristen\/","name":"DGUV V3 inspection intervals - pruefservice-stuttgart.de","isPartOf":{"@id":"https:\/\/pruefservice-stuttgart.de\/#website"},"primaryImageOfPage":{"@id":"https:\/\/pruefservice-stuttgart.de\/dguv-v3-prueffristen\/#primaryimage"},"image":{"@id":"https:\/\/pruefservice-stuttgart.de\/dguv-v3-prueffristen\/#primaryimage"},"thumbnailUrl":"https:\/\/pruefservice-stuttgart.de\/wp-content\/uploads\/2025\/05\/1623043848188882487-1024x482-1.webp","datePublished":"2025-05-05T19:41:41+00:00","dateModified":"2025-05-05T19:47:47+00:00","breadcrumb":{"@id":"https:\/\/pruefservice-stuttgart.de\/dguv-v3-prueffristen\/#breadcrumb"},"inLanguage":"en-GB","potentialAction":[{"@type":"ReadAction","target":["https:\/\/pruefservice-stuttgart.de\/dguv-v3-prueffristen\/"]}]},{"@type":"ImageObject","inLanguage":"en-GB","@id":"https:\/\/pruefservice-stuttgart.de\/dguv-v3-prueffristen\/#primaryimage","url":"https:\/\/pruefservice-stuttgart.de\/wp-content\/uploads\/2025\/05\/1623043848188882487-1024x482-1.webp","contentUrl":"https:\/\/pruefservice-stuttgart.de\/wp-content\/uploads\/2025\/05\/1623043848188882487-1024x482-1.webp"},{"@type":"BreadcrumbList","@id":"https:\/\/pruefservice-stuttgart.de\/dguv-v3-prueffristen\/#breadcrumb","itemListElement":[{"@type":"ListItem","position":1,"name":"Startseite","item":"https:\/\/pruefservice-stuttgart.de\/"},{"@type":"ListItem","position":2,"name":"DGUV V3 Pr\u00fcffristen"}]},{"@type":"WebSite","@id":"https:\/\/pruefservice-stuttgart.de\/#website","url":"https:\/\/pruefservice-stuttgart.de\/","name":"pruefservice-stuttgart.de","description":"","publisher":{"@id":"https:\/\/pruefservice-stuttgart.de\/#organization"},"potentialAction":[{"@type":"SearchAction","target":{"@type":"EntryPoint","urlTemplate":"https:\/\/pruefservice-stuttgart.de\/?s={search_term_string}"},"query-input":{"@type":"PropertyValueSpecification","valueRequired":true,"valueName":"search_term_string"}}],"inLanguage":"en-GB"},{"@type":"Organization","@id":"https:\/\/pruefservice-stuttgart.de\/#organization","name":"pruefservice-stuttgart.de","url":"https:\/\/pruefservice-stuttgart.de\/","logo":{"@type":"ImageObject","inLanguage":"en-GB","@id":"https:\/\/pruefservice-stuttgart.de\/#\/schema\/logo\/image\/","url":"https:\/\/pruefservice-stuttgart.de\/wp-content\/uploads\/2025\/05\/cropped-pruefservice-stuttgart-4-300x300-1.webp","contentUrl":"https:\/\/pruefservice-stuttgart.de\/wp-content\/uploads\/2025\/05\/cropped-pruefservice-stuttgart-4-300x300-1.webp","width":300,"height":100,"caption":"pruefservice-stuttgart.de"},"image":{"@id":"https:\/\/pruefservice-stuttgart.de\/#\/schema\/logo\/image\/"}}]}},"uagb_featured_image_src":{"full":false,"thumbnail":false,"medium":false,"medium_large":false,"large":false,"1536x1536":false,"2048x2048":false,"trp-custom-language-flag":false},"uagb_author_info":{"display_name":"emilkemal4@gmail.com","author_link":"https:\/\/pruefservice-stuttgart.de\/en\/author\/emilkemal4gmail-com\/"},"uagb_comment_info":0,"uagb_excerpt":"DGUV V3 Pr\u00fcffristen Wie oft m\u00fcssen elektrische Ger\u00e4te und Anlagen gepr\u00fcft werden? Die DGUV Vorschrift 3 schreibt vor, dass elektrische Betriebsmittel und Anlagen regelm\u00e4\u00dfig gepr\u00fcft werden m\u00fcssen.Doch was bedeutet \u201eregelm\u00e4\u00dfig\u201c genau? Die Antwort h\u00e4ngt von mehreren Faktoren ab \u2013 z.\u202fB. dem Einsatzort, der Nutzungsh\u00e4ufigkeit und dem Gef\u00e4hrdungspotenzial.Auf dieser Seite finden Sie eine \u00dcbersicht \u00fcber empfohlene&hellip;","_links":{"self":[{"href":"https:\/\/pruefservice-stuttgart.de\/en\/wp-json\/wp\/v2\/pages\/2298","targetHints":{"allow":["GET"]}}],"collection":[{"href":"https:\/\/pruefservice-stuttgart.de\/en\/wp-json\/wp\/v2\/pages"}],"about":[{"href":"https:\/\/pruefservice-stuttgart.de\/en\/wp-json\/wp\/v2\/types\/page"}],"author":[{"embeddable":true,"href":"https:\/\/pruefservice-stuttgart.de\/en\/wp-json\/wp\/v2\/users\/1"}],"replies":[{"embeddable":true,"href":"https:\/\/pruefservice-stuttgart.de\/en\/wp-json\/wp\/v2\/comments?post=2298"}],"version-history":[{"count":4,"href":"https:\/\/pruefservice-stuttgart.de\/en\/wp-json\/wp\/v2\/pages\/2298\/revisions"}],"predecessor-version":[{"id":2304,"href":"https:\/\/pruefservice-stuttgart.de\/en\/wp-json\/wp\/v2\/pages\/2298\/revisions\/2304"}],"wp:attachment":[{"href":"https:\/\/pruefservice-stuttgart.de\/en\/wp-json\/wp\/v2\/media?parent=2298"}],"curies":[{"name":"wp","href":"https:\/\/api.w.org\/{rel}","templated":true}]}}