{"id":2154,"date":"2025-05-05T16:55:19","date_gmt":"2025-05-05T16:55:19","guid":{"rendered":"https:\/\/pruefservice-stuttgart.de\/?page_id=2154"},"modified":"2025-05-05T16:55:44","modified_gmt":"2025-05-05T16:55:44","slug":"thermografie","status":"publish","type":"page","link":"https:\/\/pruefservice-stuttgart.de\/fr\/thermographie\/","title":{"rendered":"Thermographie"},"content":{"rendered":"<div class=\"wp-block-uagb-container uagb-block-5451af51 alignfull uagb-is-root-container\"><div class=\"uagb-container-inner-blocks-wrap\">\n<div class=\"wp-block-uagb-advanced-heading uagb-block-f45ed1f8\"><h1 class=\"uagb-heading-text\">Thermographie<\/h1><\/div>\n<\/div><\/div>\n\n\n\n<div class=\"wp-block-uagb-container uagb-block-wlmazrwo alignfull uagb-is-root-container\"><div class=\"uagb-container-inner-blocks-wrap\">\n<div class=\"wp-block-uagb-info-box uagb-block-iltukphi uagb-infobox__content-wrap  uagb-infobox-icon-above-title uagb-infobox-image-valign-top\"><div class=\"uagb-ifb-content\"><div class=\"uagb-ifb-title-wrap\"><h2 class=\"uagb-ifb-title\">Tests thermographiques des syst\u00e8mes \u00e9lectriques \u2013 d\u00e9tection pr\u00e9coce des risques<\/h2><\/div><\/div><\/div>\n\n\n\n<div class=\"wp-block-uagb-container uagb-block-0btjzulc alignfull uagb-is-root-container\"><div class=\"uagb-container-inner-blocks-wrap\">\n<div class=\"wp-block-uagb-image aligncenter uagb-block-6xnwaqpe wp-block-uagb-image--layout-default wp-block-uagb-image--effect-static wp-block-uagb-image--align-center alignleft\"><figure class=\"wp-block-uagb-image__figure\"><img decoding=\"async\" srcset=\"https:\/\/pruefservice-stuttgart.de\/wp-content\/uploads\/2025\/05\/image_fx-13-1024x559.png ,https:\/\/pruefservice-stuttgart.de\/wp-content\/uploads\/2025\/05\/image_fx-13.png 780w, https:\/\/pruefservice-stuttgart.de\/wp-content\/uploads\/2025\/05\/image_fx-13.png 360w\" sizes=\"auto, (max-width: 480px) 150px\" src=\"https:\/\/pruefservice-stuttgart.de\/wp-content\/uploads\/2025\/05\/image_fx-13-1024x559.png\" alt=\"\" class=\"uag-image-1970\" width=\"400\" height=\"400\" title=\"image_fx (13)\" loading=\"lazy\" role=\"img\"\/><\/figure><\/div>\n\n\n\n<div class=\"wp-block-uagb-container uagb-block-xrkfcv1q\">\n<div class=\"wp-block-uagb-info-box uagb-block-amettuy1 uagb-infobox__content-wrap  uagb-infobox-icon-above-title uagb-infobox-image-valign-top wp-block-uagb-info-box--has-margin\"><div class=\"uagb-infobox-margin-wrapper\"><div class=\"uagb-ifb-content\"><div class=\"uagb-ifb-title-wrap\"><\/div><p class=\"uagb-ifb-desc\">Avec les derni\u00e8res <strong>thermographie infrarouge<\/strong> nous d\u00e9couvrons les risques cach\u00e9s dans vos syst\u00e8mes \u00e9lectriques \u2013 <strong>sans contact, non destructif et pendant le fonctionnement<\/strong>.<br>L&#039;analyse thermographique selon <strong>R\u00e8glement DGUV 3<\/strong> permet d&#039;identifier les surcharges, les contacts d\u00e9fectueux et les probl\u00e8mes d&#039;isolement avant que des pannes ou des incendies ne surviennent.<\/p><\/div><\/div><\/div>\n<\/div>\n<\/div><\/div>\n<\/div><\/div>\n\n\n\n<div class=\"wp-block-uagb-info-box uagb-block-vxt9lhwy uagb-infobox__content-wrap  uagb-infobox-icon-above-title uagb-infobox-image-valign-top wp-block-uagb-info-box--has-margin\"><div class=\"uagb-infobox-margin-wrapper\"><div class=\"uagb-ifb-content\"><div class=\"uagb-ifb-title-wrap\"><h2 class=\"uagb-ifb-title\">Qu&#039;est-ce qu&#039;une inspection thermographique ?<\/h2><\/div><p class=\"uagb-ifb-desc\">La thermographie utilise un <strong>cam\u00e9ra thermique<\/strong> Diff\u00e9rences de temp\u00e9rature sur les composants \u00e9lectriques rendues visibles.<br>Domaines d&#039;application typiques :<br>Distributions principales et sous-distributions<br>Armoires de commande et bo\u00eetes \u00e0 fusibles<br>Commandes de la machine<br>Transformateurs et centres de donn\u00e9es<br>Installations industrielles et commerciales<\/p><\/div><\/div><\/div>\n\n\n\n<div class=\"wp-block-uagb-info-box uagb-block-bfc21e13 uagb-infobox__content-wrap  uagb-infobox-icon-above-title uagb-infobox-image-valign-top\"><div class=\"uagb-ifb-content\"><div class=\"uagb-ifb-title-wrap\"><h2 class=\"uagb-ifb-title\">Pourquoi la thermographie est-elle importante ?<\/h2><\/div><p class=\"uagb-ifb-desc\">D\u00e9tection pr\u00e9coce des composants surchauff\u00e9s<br>Pr\u00e9venir les incendies et les pannes de courant<br>Conformit\u00e9 aux exigences d&#039;assurance<br>Preuve de maintenance pr\u00e9ventive<br>Id\u00e9al pour soutenir l&#039;\u00e9valuation des risques<\/p><\/div><\/div>\n\n\n\n<div class=\"wp-block-uagb-info-box uagb-block-d5aae78c uagb-infobox__content-wrap  uagb-infobox-icon-above-title uagb-infobox-image-valign-top\"><div class=\"uagb-ifb-content\"><div class=\"uagb-ifb-title-wrap\"><h2 class=\"uagb-ifb-title\">Notre processus \u2013 discret et efficace<\/h2><\/div><p class=\"uagb-ifb-desc\"><strong>Inspection sur place<\/strong><br>Coordination conjointe des syst\u00e8mes \u00e0 tester<br><strong>R\u00e9alisation de la mesure<\/strong><br>sans contact et sans arr\u00eat \u2013 aucune interruption de fonctionnement n\u00e9cessaire<br><strong>Analyse des images thermiques<\/strong><br>\u00c9valuation experte par du personnel qualifi\u00e9<br><strong>Rapport et recommandation d&#039;action<\/strong><br>Vous recevrez un rapport de test complet comprenant toutes les photos et recommandations<\/p><\/div><\/div>\n\n\n\n<div class=\"wp-block-uagb-info-box uagb-block-a9ab463c uagb-infobox__content-wrap  uagb-infobox-icon-above-title uagb-infobox-image-valign-top\"><div class=\"uagb-ifb-content\"><div class=\"uagb-ifb-title-wrap\"><h2 class=\"uagb-ifb-title\">\u00c0 quelle fr\u00e9quence faut-il effectuer une thermographie ?<\/h2><\/div><p class=\"uagb-ifb-desc\"><strong>Recommandation pour l&#039;industrie et le commerce :<\/strong> tous les 12 mois<br><strong>S&#039;il y a un risque accru :<\/strong> semestriel ou trimestriel<br><strong>Id\u00e9al apr\u00e8s r\u00e9novations ou extensions<\/strong><br>La thermographie compl\u00e8te id\u00e9alement vos tests DGUV V3 et garantit une s\u00e9curit\u00e9 op\u00e9rationnelle maximale.<\/p><\/div><\/div>\n\n\n\n<div class=\"wp-block-uagb-info-box uagb-block-35f8dd76 uagb-infobox__content-wrap  uagb-infobox-icon-above-title uagb-infobox-image-valign-top\"><div class=\"uagb-ifb-content\"><div class=\"uagb-ifb-title-wrap\"><h2 class=\"uagb-ifb-title\">Vos avantages avec pruefservice-stuttgart.de<\/h2><\/div><p class=\"uagb-ifb-desc\">Utilisation de cam\u00e9ras thermiques certifi\u00e9es<br>Analyse par des \u00e9lectriciens qualifi\u00e9s<br>Pas besoin d&#039;arr\u00eater vos syst\u00e8mes<br>Documentation d&#039;image significative<br>Soutien \u00e0 la planification de la maintenance et \u00e0 l&#039;\u00e9valuation des risques<\/p><\/div><\/div>\n\n\n\n<div class=\"wp-block-uagb-container uagb-block-9caa1a47 alignfull uagb-is-root-container\"><div class=\"uagb-container-inner-blocks-wrap\">\n<div class=\"wp-block-uagb-advanced-heading uagb-block-1ed0e64e\"><div class=\"uagb-heading-text\">Laissez-nous vous aider<\/div><\/div>\n\n\n\n<div class=\"wp-block-uagb-advanced-heading uagb-block-3a57683f\"><h2 class=\"uagb-heading-text\">\ud83d\udcde Conseils personnalis\u00e9s pour votre secteur d&#039;activit\u00e9<\/h2><\/div>\n\n\n\n<div class=\"wp-block-uagb-buttons uagb-buttons__outer-wrap uagb-btn__default-btn uagb-btn-tablet__default-btn uagb-btn-mobile__default-btn uagb-block-9979be0d\"><div class=\"uagb-buttons__wrap uagb-buttons-layout-wrap\">\n<div class=\"wp-block-uagb-buttons-child uagb-buttons__outer-wrap uagb-block-84fd34e5 wp-block-button\"><div class=\"uagb-button__wrapper\"><a class=\"uagb-buttons-repeater wp-block-button__link\" aria-label=\"\" href=\"https:\/\/pruefservice-stuttgart.de\/fr\/contactez-nous\/\" rel=\"follow noopener\" target=\"_self\" role=\"button\"><div class=\"uagb-button__link\">Contactez-nous maintenant<\/div><\/a><\/div><\/div>\n<\/div><\/div>\n\n\n\n<div class=\"wp-block-uagb-advanced-heading uagb-block-838a0a13\"><div class=\"uagb-separator\"><\/div><h3 class=\"uagb-heading-text\">Souhaitez-vous en savoir plus sur les concepts de tests sp\u00e9cifiques \u00e0 l\u2019industrie ? <\/h3><\/div>\n\n\n\n<div class=\"wp-block-uagb-advanced-heading uagb-block-809e7d0a\"><div class=\"uagb-separator\"><\/div><h3 class=\"uagb-heading-text\">+49 177 49 50 635 \u2013 nous vous conseillons individuellement et sans engagement.<\/h3><\/div>\n<\/div><\/div>","protected":false},"excerpt":{"rendered":"<p>Thermographie<\/p>","protected":false},"author":1,"featured_media":0,"parent":0,"menu_order":0,"comment_status":"closed","ping_status":"closed","template":"","meta":{"_uag_custom_page_level_css":"","site-sidebar-layout":"default","site-content-layout":"","ast-site-content-layout":"default","site-content-style":"default","site-sidebar-style":"default","ast-global-header-display":"","ast-banner-title-visibility":"","ast-main-header-display":"","ast-hfb-above-header-display":"","ast-hfb-below-header-display":"","ast-hfb-mobile-header-display":"","site-post-title":"disabled","ast-breadcrumbs-content":"","ast-featured-img":"","footer-sml-layout":"","ast-disable-related-posts":"","theme-transparent-header-meta":"","adv-header-id-meta":"","stick-header-meta":"","header-above-stick-meta":"","header-main-stick-meta":"","header-below-stick-meta":"","astra-migrate-meta-layouts":"set","ast-page-background-enabled":"default","ast-page-background-meta":{"desktop":{"background-color":"var(--ast-global-color-4)","background-image":"","background-repeat":"repeat","background-position":"center center","background-size":"auto","background-attachment":"scroll","background-type":"","background-media":"","overlay-type":"","overlay-color":"","overlay-opacity":"","overlay-gradient":""},"tablet":{"background-color":"","background-image":"","background-repeat":"repeat","background-position":"center center","background-size":"auto","background-attachment":"scroll","background-type":"","background-media":"","overlay-type":"","overlay-color":"","overlay-opacity":"","overlay-gradient":""},"mobile":{"background-color":"","background-image":"","background-repeat":"repeat","background-position":"center center","background-size":"auto","background-attachment":"scroll","background-type":"","background-media":"","overlay-type":"","overlay-color":"","overlay-opacity":"","overlay-gradient":""}},"ast-content-background-meta":{"desktop":{"background-color":"var(--ast-global-color-5)","background-image":"","background-repeat":"repeat","background-position":"center center","background-size":"auto","background-attachment":"scroll","background-type":"","background-media":"","overlay-type":"","overlay-color":"","overlay-opacity":"","overlay-gradient":""},"tablet":{"background-color":"var(--ast-global-color-5)","background-image":"","background-repeat":"repeat","background-position":"center center","background-size":"auto","background-attachment":"scroll","background-type":"","background-media":"","overlay-type":"","overlay-color":"","overlay-opacity":"","overlay-gradient":""},"mobile":{"background-color":"var(--ast-global-color-5)","background-image":"","background-repeat":"repeat","background-position":"center center","background-size":"auto","background-attachment":"scroll","background-type":"","background-media":"","overlay-type":"","overlay-color":"","overlay-opacity":"","overlay-gradient":""}},"footnotes":""},"class_list":["post-2154","page","type-page","status-publish","hentry"],"yoast_head":"<!-- This site is optimized with the Yoast SEO plugin v27.4 - https:\/\/yoast.com\/product\/yoast-seo-wordpress\/ -->\n<title>Entr\u00fcmpelung Berlin | Schnell &amp; Preiswert r\u00e4umen lassen<\/title>\n<meta name=\"description\" content=\"Professionelle Entr\u00fcmpelung in Berlin \u2013 Wohnung, Keller oder Haus leer r\u00e4umen lassen. Jetzt Angebot sichern!\" \/>\n<meta name=\"robots\" content=\"index, follow, max-snippet:-1, max-image-preview:large, max-video-preview:-1\" \/>\n<link rel=\"canonical\" href=\"https:\/\/pruefservice-stuttgart.de\/fr\/thermographie\/\" \/>\n<meta property=\"og:locale\" content=\"fr_FR\" \/>\n<meta property=\"og:type\" content=\"article\" \/>\n<meta property=\"og:title\" content=\"Entr\u00fcmpelung Berlin | Schnell &amp; Preiswert r\u00e4umen lassen\" \/>\n<meta property=\"og:description\" content=\"Professionelle Entr\u00fcmpelung in Berlin \u2013 Wohnung, Keller oder Haus leer r\u00e4umen lassen. Jetzt Angebot sichern!\" \/>\n<meta property=\"og:url\" content=\"https:\/\/pruefservice-stuttgart.de\/fr\/thermographie\/\" \/>\n<meta property=\"og:site_name\" content=\"pruefservice-stuttgart.de\" \/>\n<meta property=\"article:modified_time\" content=\"2025-05-05T16:55:44+00:00\" \/>\n<meta property=\"og:image\" content=\"https:\/\/pruefservice-stuttgart.de\/wp-content\/uploads\/2025\/05\/image_fx-13-1024x559.png\" \/>\n<meta name=\"twitter:card\" content=\"summary_large_image\" \/>\n<meta name=\"twitter:label1\" content=\"Dur\u00e9e de lecture estim\u00e9e\" \/>\n\t<meta name=\"twitter:data1\" content=\"3 minutes\" \/>\n<script type=\"application\/ld+json\" class=\"yoast-schema-graph\">{\"@context\":\"https:\\\/\\\/schema.org\",\"@graph\":[{\"@type\":\"WebPage\",\"@id\":\"https:\\\/\\\/pruefservice-stuttgart.de\\\/thermografie\\\/\",\"url\":\"https:\\\/\\\/pruefservice-stuttgart.de\\\/thermografie\\\/\",\"name\":\"Entr\u00fcmpelung Berlin | Schnell & Preiswert r\u00e4umen lassen\",\"isPartOf\":{\"@id\":\"https:\\\/\\\/pruefservice-stuttgart.de\\\/#website\"},\"primaryImageOfPage\":{\"@id\":\"https:\\\/\\\/pruefservice-stuttgart.de\\\/thermografie\\\/#primaryimage\"},\"image\":{\"@id\":\"https:\\\/\\\/pruefservice-stuttgart.de\\\/thermografie\\\/#primaryimage\"},\"thumbnailUrl\":\"https:\\\/\\\/pruefservice-stuttgart.de\\\/wp-content\\\/uploads\\\/2025\\\/05\\\/image_fx-13-1024x559.png\",\"datePublished\":\"2025-05-05T16:55:19+00:00\",\"dateModified\":\"2025-05-05T16:55:44+00:00\",\"description\":\"Professionelle Entr\u00fcmpelung in Berlin \u2013 Wohnung, Keller oder Haus leer r\u00e4umen lassen. Jetzt Angebot sichern!\",\"breadcrumb\":{\"@id\":\"https:\\\/\\\/pruefservice-stuttgart.de\\\/thermografie\\\/#breadcrumb\"},\"inLanguage\":\"fr-FR\",\"potentialAction\":[{\"@type\":\"ReadAction\",\"target\":[\"https:\\\/\\\/pruefservice-stuttgart.de\\\/thermografie\\\/\"]}]},{\"@type\":\"ImageObject\",\"inLanguage\":\"fr-FR\",\"@id\":\"https:\\\/\\\/pruefservice-stuttgart.de\\\/thermografie\\\/#primaryimage\",\"url\":\"https:\\\/\\\/pruefservice-stuttgart.de\\\/wp-content\\\/uploads\\\/2025\\\/05\\\/image_fx-13-1024x559.png\",\"contentUrl\":\"https:\\\/\\\/pruefservice-stuttgart.de\\\/wp-content\\\/uploads\\\/2025\\\/05\\\/image_fx-13-1024x559.png\"},{\"@type\":\"BreadcrumbList\",\"@id\":\"https:\\\/\\\/pruefservice-stuttgart.de\\\/thermografie\\\/#breadcrumb\",\"itemListElement\":[{\"@type\":\"ListItem\",\"position\":1,\"name\":\"Startseite\",\"item\":\"https:\\\/\\\/pruefservice-stuttgart.de\\\/\"},{\"@type\":\"ListItem\",\"position\":2,\"name\":\"Thermografie\"}]},{\"@type\":\"WebSite\",\"@id\":\"https:\\\/\\\/pruefservice-stuttgart.de\\\/#website\",\"url\":\"https:\\\/\\\/pruefservice-stuttgart.de\\\/\",\"name\":\"pruefservice-stuttgart.de\",\"description\":\"\",\"publisher\":{\"@id\":\"https:\\\/\\\/pruefservice-stuttgart.de\\\/#organization\"},\"potentialAction\":[{\"@type\":\"SearchAction\",\"target\":{\"@type\":\"EntryPoint\",\"urlTemplate\":\"https:\\\/\\\/pruefservice-stuttgart.de\\\/?s={search_term_string}\"},\"query-input\":{\"@type\":\"PropertyValueSpecification\",\"valueRequired\":true,\"valueName\":\"search_term_string\"}}],\"inLanguage\":\"fr-FR\"},{\"@type\":\"Organization\",\"@id\":\"https:\\\/\\\/pruefservice-stuttgart.de\\\/#organization\",\"name\":\"pruefservice-stuttgart.de\",\"url\":\"https:\\\/\\\/pruefservice-stuttgart.de\\\/\",\"logo\":{\"@type\":\"ImageObject\",\"inLanguage\":\"fr-FR\",\"@id\":\"https:\\\/\\\/pruefservice-stuttgart.de\\\/#\\\/schema\\\/logo\\\/image\\\/\",\"url\":\"https:\\\/\\\/pruefservice-stuttgart.de\\\/wp-content\\\/uploads\\\/2025\\\/05\\\/cropped-pruefservice-stuttgart-4-300x300-1.webp\",\"contentUrl\":\"https:\\\/\\\/pruefservice-stuttgart.de\\\/wp-content\\\/uploads\\\/2025\\\/05\\\/cropped-pruefservice-stuttgart-4-300x300-1.webp\",\"width\":300,\"height\":100,\"caption\":\"pruefservice-stuttgart.de\"},\"image\":{\"@id\":\"https:\\\/\\\/pruefservice-stuttgart.de\\\/#\\\/schema\\\/logo\\\/image\\\/\"}}]}<\/script>\n<!-- \/ Yoast SEO plugin. -->","yoast_head_json":{"title":"D\u00e9stockage Berlin | D\u00e9barrassez-vous rapidement et \u00e0 moindre co\u00fbt","description":"D\u00e9barras professionnel \u00e0 Berlin \u2013 faites vider votre appartement, votre cave ou votre maison. S\u00e9curisez votre offre maintenant !","robots":{"index":"index","follow":"follow","max-snippet":"max-snippet:-1","max-image-preview":"max-image-preview:large","max-video-preview":"max-video-preview:-1"},"canonical":"https:\/\/pruefservice-stuttgart.de\/fr\/thermographie\/","og_locale":"fr_FR","og_type":"article","og_title":"Entr\u00fcmpelung Berlin | Schnell & Preiswert r\u00e4umen lassen","og_description":"Professionelle Entr\u00fcmpelung in Berlin \u2013 Wohnung, Keller oder Haus leer r\u00e4umen lassen. Jetzt Angebot sichern!","og_url":"https:\/\/pruefservice-stuttgart.de\/fr\/thermographie\/","og_site_name":"pruefservice-stuttgart.de","article_modified_time":"2025-05-05T16:55:44+00:00","og_image":[{"url":"https:\/\/pruefservice-stuttgart.de\/wp-content\/uploads\/2025\/05\/image_fx-13-1024x559.png","type":"","width":"","height":""}],"twitter_card":"summary_large_image","twitter_misc":{"Dur\u00e9e de lecture estim\u00e9e":"3 minutes"},"schema":{"@context":"https:\/\/schema.org","@graph":[{"@type":"WebPage","@id":"https:\/\/pruefservice-stuttgart.de\/thermografie\/","url":"https:\/\/pruefservice-stuttgart.de\/thermografie\/","name":"D\u00e9stockage Berlin | D\u00e9barrassez-vous rapidement et \u00e0 moindre co\u00fbt","isPartOf":{"@id":"https:\/\/pruefservice-stuttgart.de\/#website"},"primaryImageOfPage":{"@id":"https:\/\/pruefservice-stuttgart.de\/thermografie\/#primaryimage"},"image":{"@id":"https:\/\/pruefservice-stuttgart.de\/thermografie\/#primaryimage"},"thumbnailUrl":"https:\/\/pruefservice-stuttgart.de\/wp-content\/uploads\/2025\/05\/image_fx-13-1024x559.png","datePublished":"2025-05-05T16:55:19+00:00","dateModified":"2025-05-05T16:55:44+00:00","description":"D\u00e9barras professionnel \u00e0 Berlin \u2013 faites vider votre appartement, votre cave ou votre maison. S\u00e9curisez votre offre maintenant !","breadcrumb":{"@id":"https:\/\/pruefservice-stuttgart.de\/thermografie\/#breadcrumb"},"inLanguage":"fr-FR","potentialAction":[{"@type":"ReadAction","target":["https:\/\/pruefservice-stuttgart.de\/thermografie\/"]}]},{"@type":"ImageObject","inLanguage":"fr-FR","@id":"https:\/\/pruefservice-stuttgart.de\/thermografie\/#primaryimage","url":"https:\/\/pruefservice-stuttgart.de\/wp-content\/uploads\/2025\/05\/image_fx-13-1024x559.png","contentUrl":"https:\/\/pruefservice-stuttgart.de\/wp-content\/uploads\/2025\/05\/image_fx-13-1024x559.png"},{"@type":"BreadcrumbList","@id":"https:\/\/pruefservice-stuttgart.de\/thermografie\/#breadcrumb","itemListElement":[{"@type":"ListItem","position":1,"name":"Startseite","item":"https:\/\/pruefservice-stuttgart.de\/"},{"@type":"ListItem","position":2,"name":"Thermografie"}]},{"@type":"WebSite","@id":"https:\/\/pruefservice-stuttgart.de\/#website","url":"https:\/\/pruefservice-stuttgart.de\/","name":"pruefservice-stuttgart.de","description":"","publisher":{"@id":"https:\/\/pruefservice-stuttgart.de\/#organization"},"potentialAction":[{"@type":"SearchAction","target":{"@type":"EntryPoint","urlTemplate":"https:\/\/pruefservice-stuttgart.de\/?s={search_term_string}"},"query-input":{"@type":"PropertyValueSpecification","valueRequired":true,"valueName":"search_term_string"}}],"inLanguage":"fr-FR"},{"@type":"Organization","@id":"https:\/\/pruefservice-stuttgart.de\/#organization","name":"pruefservice-stuttgart.de","url":"https:\/\/pruefservice-stuttgart.de\/","logo":{"@type":"ImageObject","inLanguage":"fr-FR","@id":"https:\/\/pruefservice-stuttgart.de\/#\/schema\/logo\/image\/","url":"https:\/\/pruefservice-stuttgart.de\/wp-content\/uploads\/2025\/05\/cropped-pruefservice-stuttgart-4-300x300-1.webp","contentUrl":"https:\/\/pruefservice-stuttgart.de\/wp-content\/uploads\/2025\/05\/cropped-pruefservice-stuttgart-4-300x300-1.webp","width":300,"height":100,"caption":"pruefservice-stuttgart.de"},"image":{"@id":"https:\/\/pruefservice-stuttgart.de\/#\/schema\/logo\/image\/"}}]}},"uagb_featured_image_src":{"full":false,"thumbnail":false,"medium":false,"medium_large":false,"large":false,"1536x1536":false,"2048x2048":false,"trp-custom-language-flag":false},"uagb_author_info":{"display_name":"emilkemal4@gmail.com","author_link":"https:\/\/pruefservice-stuttgart.de\/fr\/author\/emilkemal4gmail-com\/"},"uagb_comment_info":0,"uagb_excerpt":"Thermografie","_links":{"self":[{"href":"https:\/\/pruefservice-stuttgart.de\/fr\/wp-json\/wp\/v2\/pages\/2154","targetHints":{"allow":["GET"]}}],"collection":[{"href":"https:\/\/pruefservice-stuttgart.de\/fr\/wp-json\/wp\/v2\/pages"}],"about":[{"href":"https:\/\/pruefservice-stuttgart.de\/fr\/wp-json\/wp\/v2\/types\/page"}],"author":[{"embeddable":true,"href":"https:\/\/pruefservice-stuttgart.de\/fr\/wp-json\/wp\/v2\/users\/1"}],"replies":[{"embeddable":true,"href":"https:\/\/pruefservice-stuttgart.de\/fr\/wp-json\/wp\/v2\/comments?post=2154"}],"version-history":[{"count":4,"href":"https:\/\/pruefservice-stuttgart.de\/fr\/wp-json\/wp\/v2\/pages\/2154\/revisions"}],"predecessor-version":[{"id":2159,"href":"https:\/\/pruefservice-stuttgart.de\/fr\/wp-json\/wp\/v2\/pages\/2154\/revisions\/2159"}],"wp:attachment":[{"href":"https:\/\/pruefservice-stuttgart.de\/fr\/wp-json\/wp\/v2\/media?parent=2154"}],"curies":[{"name":"wp","href":"https:\/\/api.w.org\/{rel}","templated":true}]}}