{"id":2188,"date":"2025-05-05T17:19:20","date_gmt":"2025-05-05T17:19:20","guid":{"rendered":"https:\/\/pruefservice-stuttgart.de\/?page_id=2188"},"modified":"2025-05-05T18:46:22","modified_gmt":"2025-05-05T18:46:22","slug":"normen-gesetzliche-grundlagen","status":"publish","type":"page","link":"https:\/\/pruefservice-stuttgart.de\/fr\/normes-base-juridique\/","title":{"rendered":"Normes et bases juridiques"},"content":{"rendered":"<div class=\"wp-block-uagb-container uagb-block-4c3875af alignfull uagb-is-root-container\"><div class=\"uagb-container-inner-blocks-wrap\">\n<div class=\"wp-block-uagb-advanced-heading uagb-block-36237826\"><h1 class=\"uagb-heading-text\">Normes et bases juridiques<\/h1><\/div>\n<\/div><\/div>\n\n\n\n<div class=\"wp-block-uagb-container uagb-block-5cf03063 alignfull uagb-is-root-container\"><div class=\"uagb-container-inner-blocks-wrap\">\n<div class=\"wp-block-uagb-image alignleft uagb-block-6d75d68d wp-block-uagb-image--layout-default wp-block-uagb-image--effect-static wp-block-uagb-image--align-left\"><figure class=\"wp-block-uagb-image__figure\"><img decoding=\"async\" srcset=\"https:\/\/pruefservice-stuttgart.de\/wp-content\/uploads\/2025\/05\/1623043848188882487-1024x482-1.webp ,https:\/\/pruefservice-stuttgart.de\/wp-content\/uploads\/2025\/05\/1623043848188882487-1024x482-1.webp 780w, https:\/\/pruefservice-stuttgart.de\/wp-content\/uploads\/2025\/05\/1623043848188882487-1024x482-1.webp 360w\" sizes=\"auto, (max-width: 480px) 150px\" src=\"https:\/\/pruefservice-stuttgart.de\/wp-content\/uploads\/2025\/05\/1623043848188882487-1024x482-1.webp\" alt=\"\" class=\"uag-image-1991\" width=\"575\" height=\"480\" title=\"1623043848188882487-1024x482\" loading=\"lazy\" role=\"img\"\/><\/figure><\/div>\n\n\n\n<div class=\"wp-block-uagb-container uagb-block-05150e62\">\n<div class=\"wp-block-uagb-advanced-heading uagb-block-a2b3848d\"><h2 class=\"uagb-heading-text\">Ce que nous v\u00e9rifions \u2013 et pourquoi c&#039;est l\u00e9galement obligatoire<\/h2><p class=\"uagb-desc-text\">Pour garantir que les tests \u00e9lectriques sont non seulement utiles mais aussi <strong>conforme \u00e0 la loi<\/strong> Nous adh\u00e9rons strictement aux normes, r\u00e9glementations et lois en vigueur.<br>Ici, nous vous expliquons, <strong>quelle base juridique<\/strong> sur quoi repose le test DGUV V3 \u2013 et ce que cela signifie pour vous en tant qu\u2019op\u00e9rateur.<\/p><\/div>\n<\/div>\n<\/div><\/div>\n\n\n\n<div class=\"wp-block-uagb-container uagb-block-qd2taihi alignfull uagb-is-root-container\"><div class=\"uagb-container-inner-blocks-wrap\">\n<div class=\"wp-block-uagb-info-box uagb-block-iz8lz3nx uagb-infobox__content-wrap  uagb-infobox-icon-above-title uagb-infobox-image-valign-top\"><div class=\"uagb-ifb-content\"><div class=\"uagb-ifb-title-wrap\"><h2 class=\"uagb-ifb-title\">R\u00e8glement DGUV 3 (anciennement BGV A3)<\/h2><\/div><p class=\"uagb-ifb-desc\">Le <strong>R\u00e8glement DGUV 3<\/strong> est la base juridique la plus importante pour les tests d&#039;\u00e9quipements \u00e9lectriques. Elle s\u2019applique \u00e0 toutes les institutions commerciales et publiques en Allemagne.<br><strong>Messages cl\u00e9s :<\/strong><br>Tous les syst\u00e8mes et appareils \u00e9lectriques <strong>doit \u00eatre v\u00e9rifi\u00e9 r\u00e9guli\u00e8rement<\/strong><br>L&#039;examen peut <strong>uniquement par des \u00e9lectriciens qualifi\u00e9s ou sous leur supervision<\/strong> avoir lieu<br>L&#039;op\u00e9rateur est responsable de la s\u00e9curit\u00e9 et de la documentation<br>Les violations peuvent entra\u00eener des amendes, la perte de l&#039;assurance ou des poursuites p\u00e9nales.<\/p><\/div><\/div>\n\n\n\n<div class=\"wp-block-uagb-info-box uagb-block-7471a508 uagb-infobox__content-wrap  uagb-infobox-icon-above-title uagb-infobox-image-valign-top\"><div class=\"uagb-ifb-content\"><div class=\"uagb-ifb-title-wrap\"><h2 class=\"uagb-ifb-title\">Normes DIN VDE \u2013 normes d&#039;essais techniques<\/h2><\/div><p class=\"uagb-ifb-desc\">Nous testons selon les normes actuellement en vigueur de la <strong>VDE (Association allemande d&#039;\u00e9lectrotechnique)<\/strong>. Le plus important :<br>standard<br>Description<br><strong>DIN VDE 0701-0702<\/strong><br>Essais d&#039;\u00e9quipements \u00e9lectriques portables<br><strong>DIN VDE 0105-100<\/strong><br>Fonctionnement des syst\u00e8mes \u00e9lectriques<br><strong>DIN VDE 0100-600<\/strong><br>Essais initiaux d&#039;installations nouvelles ou modifi\u00e9es<br><strong>DIN VDE 0113 \/ EN 60204-1<\/strong><br>S\u00e9curit\u00e9 des machines<br><strong>DIN VDE 0751-1<\/strong><br>Appareils \u00e9lectriques m\u00e9dicaux<br><br>\ud83d\udca1 En fonction du type d&#039;appareil, du domaine d&#039;application et du secteur d&#039;activit\u00e9, nous appliquons la combinaison de normes appropri\u00e9e.<\/p><\/div><\/div>\n\n\n\n<div class=\"wp-block-uagb-info-box uagb-block-b57d6510 uagb-infobox__content-wrap  uagb-infobox-icon-above-title uagb-infobox-image-valign-top\"><div class=\"uagb-ifb-content\"><div class=\"uagb-ifb-title-wrap\"><h2 class=\"uagb-ifb-title\">Autres bases juridiques<\/h2><\/div><p class=\"uagb-ifb-desc\"><strong>Ordonnance sur la s\u00e9curit\u00e9 industrielle (BetrSichV)<\/strong><br><strong>Loi sur la s\u00e9curit\u00e9 et la sant\u00e9 au travail (ArbSchG)<\/strong><br><strong>TRBS 1201 \/ 1203<\/strong> (R\u00e8gles techniques pour la s\u00e9curit\u00e9 op\u00e9rationnelle)<br><strong>MPBetreibV<\/strong> (Ordonnance relative aux exploitants de dispositifs m\u00e9dicaux)<br><strong>Loi sur la s\u00e9curit\u00e9 des produits (ProdSG)<\/strong><\/p><\/div><\/div>\n\n\n\n<div class=\"wp-block-uagb-info-box uagb-block-0d8eda3a uagb-infobox__content-wrap  uagb-infobox-icon-above-title uagb-infobox-image-valign-top\"><div class=\"uagb-ifb-content\"><div class=\"uagb-ifb-title-wrap\"><h2 class=\"uagb-ifb-title\">Pourquoi c&#039;est important pour vous<\/h2><\/div><p class=\"uagb-ifb-desc\"><strong>Couverture d&#039;assurance :<\/strong> Ce n&#039;est qu&#039;avec une inspection r\u00e9guli\u00e8re que cela restera enti\u00e8rement intact<br><strong>S\u00e9curit\u00e9 de l&#039;autorit\u00e9 :<\/strong> En cas d&#039;inspections inopin\u00e9es, les rapports d&#039;inspection \u00e0 jour sont obligatoires<br><strong>Protection des employ\u00e9s :<\/strong> Ils prot\u00e8gent les lieux de travail contre les risques \u00e9lectriques<br><strong>S\u00e9curit\u00e9 juridique :<\/strong> Vous remplissez vos obligations d&#039;op\u00e9rateur conform\u00e9ment \u00e0 l&#039;ArbSchG et \u00e0 la BetrSichV<\/p><\/div><\/div>\n\n\n\n<div class=\"wp-block-uagb-container uagb-block-ndowxzi7\"><\/div>\n<\/div><\/div>\n\n\n\n<div class=\"wp-block-uagb-container uagb-block-9caa1a47 alignfull uagb-is-root-container\"><div class=\"uagb-container-inner-blocks-wrap\">\n<div class=\"wp-block-uagb-advanced-heading uagb-block-1ed0e64e\"><div class=\"uagb-heading-text\">Laissez-nous vous aider<\/div><\/div>\n\n\n\n<div class=\"wp-block-uagb-advanced-heading uagb-block-3a57683f\"><h2 class=\"uagb-heading-text\">\ud83d\udcde Conseils personnalis\u00e9s pour votre secteur d&#039;activit\u00e9<\/h2><\/div>\n\n\n\n<div class=\"wp-block-uagb-buttons uagb-buttons__outer-wrap uagb-btn__default-btn uagb-btn-tablet__default-btn uagb-btn-mobile__default-btn uagb-block-9979be0d\"><div class=\"uagb-buttons__wrap uagb-buttons-layout-wrap\">\n<div class=\"wp-block-uagb-buttons-child uagb-buttons__outer-wrap uagb-block-84fd34e5 wp-block-button\"><div class=\"uagb-button__wrapper\"><a class=\"uagb-buttons-repeater wp-block-button__link\" aria-label=\"\" href=\"https:\/\/pruefservice-stuttgart.de\/fr\/contactez-nous\/\" rel=\"follow noopener\" target=\"_self\" role=\"button\"><div class=\"uagb-button__link\">Contactez-nous maintenant<\/div><\/a><\/div><\/div>\n<\/div><\/div>\n\n\n\n<div class=\"wp-block-uagb-advanced-heading uagb-block-838a0a13\"><div class=\"uagb-separator\"><\/div><h3 class=\"uagb-heading-text\">Souhaitez-vous en savoir plus sur les concepts de tests sp\u00e9cifiques \u00e0 l\u2019industrie ? <\/h3><\/div>\n\n\n\n<div class=\"wp-block-uagb-advanced-heading uagb-block-809e7d0a\"><div class=\"uagb-separator\"><\/div><h3 class=\"uagb-heading-text\">+49 177 49 50 635 \u2013 nous vous conseillons individuellement et sans engagement.<\/h3><\/div>\n<\/div><\/div>","protected":false},"excerpt":{"rendered":"<p>Normen &amp; gesetzliche Grundlagen Woran wir pr\u00fcfen \u2013 und warum es gesetzlich notwendig ist Damit elektrische Pr\u00fcfungen nicht nur sinnvoll, sondern auch rechtskonform durchgef\u00fchrt werden, halten wir uns streng an die relevanten Normen, Vorschriften und Gesetze.Hier erkl\u00e4ren wir Ihnen, welche gesetzlichen Grundlagen der DGUV V3 Pr\u00fcfung zugrunde liegen \u2013 und was das f\u00fcr Sie als [&hellip;]<\/p>","protected":false},"author":1,"featured_media":0,"parent":0,"menu_order":0,"comment_status":"closed","ping_status":"closed","template":"","meta":{"_uag_custom_page_level_css":"","site-sidebar-layout":"no-sidebar","site-content-layout":"plain-container","ast-site-content-layout":"full-width-container","site-content-style":"unboxed","site-sidebar-style":"unboxed","ast-global-header-display":"","ast-banner-title-visibility":"","ast-main-header-display":"","ast-hfb-above-header-display":"","ast-hfb-below-header-display":"","ast-hfb-mobile-header-display":"","site-post-title":"disabled","ast-breadcrumbs-content":"","ast-featured-img":"","footer-sml-layout":"","ast-disable-related-posts":"","theme-transparent-header-meta":"","adv-header-id-meta":"","stick-header-meta":"","header-above-stick-meta":"","header-main-stick-meta":"","header-below-stick-meta":"","astra-migrate-meta-layouts":"set","ast-page-background-enabled":"default","ast-page-background-meta":{"desktop":{"background-color":"var(--ast-global-color-4)","background-image":"","background-repeat":"repeat","background-position":"center center","background-size":"auto","background-attachment":"scroll","background-type":"","background-media":"","overlay-type":"","overlay-color":"","overlay-opacity":"","overlay-gradient":""},"tablet":{"background-color":"","background-image":"","background-repeat":"repeat","background-position":"center center","background-size":"auto","background-attachment":"scroll","background-type":"","background-media":"","overlay-type":"","overlay-color":"","overlay-opacity":"","overlay-gradient":""},"mobile":{"background-color":"","background-image":"","background-repeat":"repeat","background-position":"center center","background-size":"auto","background-attachment":"scroll","background-type":"","background-media":"","overlay-type":"","overlay-color":"","overlay-opacity":"","overlay-gradient":""}},"ast-content-background-meta":{"desktop":{"background-color":"var(--ast-global-color-5)","background-image":"","background-repeat":"repeat","background-position":"center center","background-size":"auto","background-attachment":"scroll","background-type":"","background-media":"","overlay-type":"","overlay-color":"","overlay-opacity":"","overlay-gradient":""},"tablet":{"background-color":"var(--ast-global-color-5)","background-image":"","background-repeat":"repeat","background-position":"center center","background-size":"auto","background-attachment":"scroll","background-type":"","background-media":"","overlay-type":"","overlay-color":"","overlay-opacity":"","overlay-gradient":""},"mobile":{"background-color":"var(--ast-global-color-5)","background-image":"","background-repeat":"repeat","background-position":"center center","background-size":"auto","background-attachment":"scroll","background-type":"","background-media":"","overlay-type":"","overlay-color":"","overlay-opacity":"","overlay-gradient":""}},"footnotes":""},"class_list":["post-2188","page","type-page","status-publish","hentry"],"yoast_head":"<!-- This site is optimized with the Yoast SEO plugin v27.4 - https:\/\/yoast.com\/product\/yoast-seo-wordpress\/ -->\n<title>Normen &amp; gesetzliche Grundlagen - pruefservice-stuttgart.de<\/title>\n<meta name=\"robots\" content=\"index, follow, max-snippet:-1, max-image-preview:large, max-video-preview:-1\" \/>\n<link rel=\"canonical\" href=\"https:\/\/pruefservice-stuttgart.de\/fr\/normes-base-juridique\/\" \/>\n<meta property=\"og:locale\" content=\"fr_FR\" \/>\n<meta property=\"og:type\" content=\"article\" \/>\n<meta property=\"og:title\" content=\"Normen &amp; gesetzliche Grundlagen - pruefservice-stuttgart.de\" \/>\n<meta property=\"og:description\" content=\"Normen &amp; gesetzliche Grundlagen Woran wir pr\u00fcfen \u2013 und warum es gesetzlich notwendig ist Damit elektrische Pr\u00fcfungen nicht nur sinnvoll, sondern auch rechtskonform durchgef\u00fchrt werden, halten wir uns streng an die relevanten Normen, Vorschriften und Gesetze.Hier erkl\u00e4ren wir Ihnen, welche gesetzlichen Grundlagen der DGUV V3 Pr\u00fcfung zugrunde liegen \u2013 und was das f\u00fcr Sie als [&hellip;]\" \/>\n<meta property=\"og:url\" content=\"https:\/\/pruefservice-stuttgart.de\/fr\/normes-base-juridique\/\" \/>\n<meta property=\"og:site_name\" content=\"pruefservice-stuttgart.de\" \/>\n<meta property=\"article:modified_time\" content=\"2025-05-05T18:46:22+00:00\" \/>\n<meta property=\"og:image\" content=\"https:\/\/pruefservice-stuttgart.de\/wp-content\/uploads\/2025\/05\/1623043848188882487-1024x482-1.webp\" \/>\n<meta name=\"twitter:card\" content=\"summary_large_image\" \/>\n<meta name=\"twitter:label1\" content=\"Dur\u00e9e de lecture estim\u00e9e\" \/>\n\t<meta name=\"twitter:data1\" content=\"2 minutes\" \/>\n<script type=\"application\/ld+json\" class=\"yoast-schema-graph\">{\"@context\":\"https:\\\/\\\/schema.org\",\"@graph\":[{\"@type\":\"WebPage\",\"@id\":\"https:\\\/\\\/pruefservice-stuttgart.de\\\/normen-gesetzliche-grundlagen\\\/\",\"url\":\"https:\\\/\\\/pruefservice-stuttgart.de\\\/normen-gesetzliche-grundlagen\\\/\",\"name\":\"Normen & gesetzliche Grundlagen - pruefservice-stuttgart.de\",\"isPartOf\":{\"@id\":\"https:\\\/\\\/pruefservice-stuttgart.de\\\/#website\"},\"primaryImageOfPage\":{\"@id\":\"https:\\\/\\\/pruefservice-stuttgart.de\\\/normen-gesetzliche-grundlagen\\\/#primaryimage\"},\"image\":{\"@id\":\"https:\\\/\\\/pruefservice-stuttgart.de\\\/normen-gesetzliche-grundlagen\\\/#primaryimage\"},\"thumbnailUrl\":\"https:\\\/\\\/pruefservice-stuttgart.de\\\/wp-content\\\/uploads\\\/2025\\\/05\\\/1623043848188882487-1024x482-1.webp\",\"datePublished\":\"2025-05-05T17:19:20+00:00\",\"dateModified\":\"2025-05-05T18:46:22+00:00\",\"breadcrumb\":{\"@id\":\"https:\\\/\\\/pruefservice-stuttgart.de\\\/normen-gesetzliche-grundlagen\\\/#breadcrumb\"},\"inLanguage\":\"fr-FR\",\"potentialAction\":[{\"@type\":\"ReadAction\",\"target\":[\"https:\\\/\\\/pruefservice-stuttgart.de\\\/normen-gesetzliche-grundlagen\\\/\"]}]},{\"@type\":\"ImageObject\",\"inLanguage\":\"fr-FR\",\"@id\":\"https:\\\/\\\/pruefservice-stuttgart.de\\\/normen-gesetzliche-grundlagen\\\/#primaryimage\",\"url\":\"https:\\\/\\\/pruefservice-stuttgart.de\\\/wp-content\\\/uploads\\\/2025\\\/05\\\/1623043848188882487-1024x482-1.webp\",\"contentUrl\":\"https:\\\/\\\/pruefservice-stuttgart.de\\\/wp-content\\\/uploads\\\/2025\\\/05\\\/1623043848188882487-1024x482-1.webp\"},{\"@type\":\"BreadcrumbList\",\"@id\":\"https:\\\/\\\/pruefservice-stuttgart.de\\\/normen-gesetzliche-grundlagen\\\/#breadcrumb\",\"itemListElement\":[{\"@type\":\"ListItem\",\"position\":1,\"name\":\"Startseite\",\"item\":\"https:\\\/\\\/pruefservice-stuttgart.de\\\/\"},{\"@type\":\"ListItem\",\"position\":2,\"name\":\"Normen &#038; gesetzliche Grundlagen\"}]},{\"@type\":\"WebSite\",\"@id\":\"https:\\\/\\\/pruefservice-stuttgart.de\\\/#website\",\"url\":\"https:\\\/\\\/pruefservice-stuttgart.de\\\/\",\"name\":\"pruefservice-stuttgart.de\",\"description\":\"\",\"publisher\":{\"@id\":\"https:\\\/\\\/pruefservice-stuttgart.de\\\/#organization\"},\"potentialAction\":[{\"@type\":\"SearchAction\",\"target\":{\"@type\":\"EntryPoint\",\"urlTemplate\":\"https:\\\/\\\/pruefservice-stuttgart.de\\\/?s={search_term_string}\"},\"query-input\":{\"@type\":\"PropertyValueSpecification\",\"valueRequired\":true,\"valueName\":\"search_term_string\"}}],\"inLanguage\":\"fr-FR\"},{\"@type\":\"Organization\",\"@id\":\"https:\\\/\\\/pruefservice-stuttgart.de\\\/#organization\",\"name\":\"pruefservice-stuttgart.de\",\"url\":\"https:\\\/\\\/pruefservice-stuttgart.de\\\/\",\"logo\":{\"@type\":\"ImageObject\",\"inLanguage\":\"fr-FR\",\"@id\":\"https:\\\/\\\/pruefservice-stuttgart.de\\\/#\\\/schema\\\/logo\\\/image\\\/\",\"url\":\"https:\\\/\\\/pruefservice-stuttgart.de\\\/wp-content\\\/uploads\\\/2025\\\/05\\\/cropped-pruefservice-stuttgart-4-300x300-1.webp\",\"contentUrl\":\"https:\\\/\\\/pruefservice-stuttgart.de\\\/wp-content\\\/uploads\\\/2025\\\/05\\\/cropped-pruefservice-stuttgart-4-300x300-1.webp\",\"width\":300,\"height\":100,\"caption\":\"pruefservice-stuttgart.de\"},\"image\":{\"@id\":\"https:\\\/\\\/pruefservice-stuttgart.de\\\/#\\\/schema\\\/logo\\\/image\\\/\"}}]}<\/script>\n<!-- \/ Yoast SEO plugin. -->","yoast_head_json":{"title":"Normes et bases juridiques - pruefservice-stuttgart.de","robots":{"index":"index","follow":"follow","max-snippet":"max-snippet:-1","max-image-preview":"max-image-preview:large","max-video-preview":"max-video-preview:-1"},"canonical":"https:\/\/pruefservice-stuttgart.de\/fr\/normes-base-juridique\/","og_locale":"fr_FR","og_type":"article","og_title":"Normen & gesetzliche Grundlagen - pruefservice-stuttgart.de","og_description":"Normen &amp; gesetzliche Grundlagen Woran wir pr\u00fcfen \u2013 und warum es gesetzlich notwendig ist Damit elektrische Pr\u00fcfungen nicht nur sinnvoll, sondern auch rechtskonform durchgef\u00fchrt werden, halten wir uns streng an die relevanten Normen, Vorschriften und Gesetze.Hier erkl\u00e4ren wir Ihnen, welche gesetzlichen Grundlagen der DGUV V3 Pr\u00fcfung zugrunde liegen \u2013 und was das f\u00fcr Sie als [&hellip;]","og_url":"https:\/\/pruefservice-stuttgart.de\/fr\/normes-base-juridique\/","og_site_name":"pruefservice-stuttgart.de","article_modified_time":"2025-05-05T18:46:22+00:00","og_image":[{"url":"https:\/\/pruefservice-stuttgart.de\/wp-content\/uploads\/2025\/05\/1623043848188882487-1024x482-1.webp","type":"","width":"","height":""}],"twitter_card":"summary_large_image","twitter_misc":{"Dur\u00e9e de lecture estim\u00e9e":"2 minutes"},"schema":{"@context":"https:\/\/schema.org","@graph":[{"@type":"WebPage","@id":"https:\/\/pruefservice-stuttgart.de\/normen-gesetzliche-grundlagen\/","url":"https:\/\/pruefservice-stuttgart.de\/normen-gesetzliche-grundlagen\/","name":"Normes et bases juridiques - pruefservice-stuttgart.de","isPartOf":{"@id":"https:\/\/pruefservice-stuttgart.de\/#website"},"primaryImageOfPage":{"@id":"https:\/\/pruefservice-stuttgart.de\/normen-gesetzliche-grundlagen\/#primaryimage"},"image":{"@id":"https:\/\/pruefservice-stuttgart.de\/normen-gesetzliche-grundlagen\/#primaryimage"},"thumbnailUrl":"https:\/\/pruefservice-stuttgart.de\/wp-content\/uploads\/2025\/05\/1623043848188882487-1024x482-1.webp","datePublished":"2025-05-05T17:19:20+00:00","dateModified":"2025-05-05T18:46:22+00:00","breadcrumb":{"@id":"https:\/\/pruefservice-stuttgart.de\/normen-gesetzliche-grundlagen\/#breadcrumb"},"inLanguage":"fr-FR","potentialAction":[{"@type":"ReadAction","target":["https:\/\/pruefservice-stuttgart.de\/normen-gesetzliche-grundlagen\/"]}]},{"@type":"ImageObject","inLanguage":"fr-FR","@id":"https:\/\/pruefservice-stuttgart.de\/normen-gesetzliche-grundlagen\/#primaryimage","url":"https:\/\/pruefservice-stuttgart.de\/wp-content\/uploads\/2025\/05\/1623043848188882487-1024x482-1.webp","contentUrl":"https:\/\/pruefservice-stuttgart.de\/wp-content\/uploads\/2025\/05\/1623043848188882487-1024x482-1.webp"},{"@type":"BreadcrumbList","@id":"https:\/\/pruefservice-stuttgart.de\/normen-gesetzliche-grundlagen\/#breadcrumb","itemListElement":[{"@type":"ListItem","position":1,"name":"Startseite","item":"https:\/\/pruefservice-stuttgart.de\/"},{"@type":"ListItem","position":2,"name":"Normen &#038; gesetzliche Grundlagen"}]},{"@type":"WebSite","@id":"https:\/\/pruefservice-stuttgart.de\/#website","url":"https:\/\/pruefservice-stuttgart.de\/","name":"pruefservice-stuttgart.de","description":"","publisher":{"@id":"https:\/\/pruefservice-stuttgart.de\/#organization"},"potentialAction":[{"@type":"SearchAction","target":{"@type":"EntryPoint","urlTemplate":"https:\/\/pruefservice-stuttgart.de\/?s={search_term_string}"},"query-input":{"@type":"PropertyValueSpecification","valueRequired":true,"valueName":"search_term_string"}}],"inLanguage":"fr-FR"},{"@type":"Organization","@id":"https:\/\/pruefservice-stuttgart.de\/#organization","name":"pruefservice-stuttgart.de","url":"https:\/\/pruefservice-stuttgart.de\/","logo":{"@type":"ImageObject","inLanguage":"fr-FR","@id":"https:\/\/pruefservice-stuttgart.de\/#\/schema\/logo\/image\/","url":"https:\/\/pruefservice-stuttgart.de\/wp-content\/uploads\/2025\/05\/cropped-pruefservice-stuttgart-4-300x300-1.webp","contentUrl":"https:\/\/pruefservice-stuttgart.de\/wp-content\/uploads\/2025\/05\/cropped-pruefservice-stuttgart-4-300x300-1.webp","width":300,"height":100,"caption":"pruefservice-stuttgart.de"},"image":{"@id":"https:\/\/pruefservice-stuttgart.de\/#\/schema\/logo\/image\/"}}]}},"uagb_featured_image_src":{"full":false,"thumbnail":false,"medium":false,"medium_large":false,"large":false,"1536x1536":false,"2048x2048":false,"trp-custom-language-flag":false},"uagb_author_info":{"display_name":"emilkemal4@gmail.com","author_link":"https:\/\/pruefservice-stuttgart.de\/fr\/author\/emilkemal4gmail-com\/"},"uagb_comment_info":0,"uagb_excerpt":"Normen &amp; gesetzliche Grundlagen Woran wir pr\u00fcfen \u2013 und warum es gesetzlich notwendig ist Damit elektrische Pr\u00fcfungen nicht nur sinnvoll, sondern auch rechtskonform durchgef\u00fchrt werden, halten wir uns streng an die relevanten Normen, Vorschriften und Gesetze.Hier erkl\u00e4ren wir Ihnen, welche gesetzlichen Grundlagen der DGUV V3 Pr\u00fcfung zugrunde liegen \u2013 und was das f\u00fcr Sie als\u2026","_links":{"self":[{"href":"https:\/\/pruefservice-stuttgart.de\/fr\/wp-json\/wp\/v2\/pages\/2188","targetHints":{"allow":["GET"]}}],"collection":[{"href":"https:\/\/pruefservice-stuttgart.de\/fr\/wp-json\/wp\/v2\/pages"}],"about":[{"href":"https:\/\/pruefservice-stuttgart.de\/fr\/wp-json\/wp\/v2\/types\/page"}],"author":[{"embeddable":true,"href":"https:\/\/pruefservice-stuttgart.de\/fr\/wp-json\/wp\/v2\/users\/1"}],"replies":[{"embeddable":true,"href":"https:\/\/pruefservice-stuttgart.de\/fr\/wp-json\/wp\/v2\/comments?post=2188"}],"version-history":[{"count":6,"href":"https:\/\/pruefservice-stuttgart.de\/fr\/wp-json\/wp\/v2\/pages\/2188\/revisions"}],"predecessor-version":[{"id":2256,"href":"https:\/\/pruefservice-stuttgart.de\/fr\/wp-json\/wp\/v2\/pages\/2188\/revisions\/2256"}],"wp:attachment":[{"href":"https:\/\/pruefservice-stuttgart.de\/fr\/wp-json\/wp\/v2\/media?parent=2188"}],"curies":[{"name":"wp","href":"https:\/\/api.w.org\/{rel}","templated":true}]}}