{"id":2273,"date":"2025-05-05T19:07:54","date_gmt":"2025-05-05T19:07:54","guid":{"rendered":"https:\/\/pruefservice-stuttgart.de\/?page_id=2273"},"modified":"2025-05-05T19:07:54","modified_gmt":"2025-05-05T19:07:54","slug":"staedte-und-kommunen","status":"publish","type":"page","link":"https:\/\/pruefservice-stuttgart.de\/fr\/villes-et-municipalites\/","title":{"rendered":"Villes et municipalit\u00e9s"},"content":{"rendered":"<div class=\"wp-block-uagb-container uagb-block-4c3875af alignfull uagb-is-root-container\"><div class=\"uagb-container-inner-blocks-wrap\">\n<div class=\"wp-block-uagb-advanced-heading uagb-block-36237826\"><h1 class=\"uagb-heading-text\">Villes et municipalit\u00e9s<\/h1><\/div>\n<\/div><\/div>\n\n\n\n<div class=\"wp-block-uagb-container uagb-block-5cf03063 alignfull uagb-is-root-container\"><div class=\"uagb-container-inner-blocks-wrap\">\n<div class=\"wp-block-uagb-image alignleft uagb-block-6d75d68d wp-block-uagb-image--layout-default wp-block-uagb-image--effect-static wp-block-uagb-image--align-left\"><figure class=\"wp-block-uagb-image__figure\"><img decoding=\"async\" srcset=\"https:\/\/pruefservice-stuttgart.de\/wp-content\/uploads\/2025\/05\/1623043848188882487-1024x482-1.webp ,https:\/\/pruefservice-stuttgart.de\/wp-content\/uploads\/2025\/05\/1623043848188882487-1024x482-1.webp 780w, https:\/\/pruefservice-stuttgart.de\/wp-content\/uploads\/2025\/05\/1623043848188882487-1024x482-1.webp 360w\" sizes=\"auto, (max-width: 480px) 150px\" src=\"https:\/\/pruefservice-stuttgart.de\/wp-content\/uploads\/2025\/05\/1623043848188882487-1024x482-1.webp\" alt=\"\" class=\"uag-image-1991\" width=\"575\" height=\"480\" title=\"1623043848188882487-1024x482\" loading=\"lazy\" role=\"img\"\/><\/figure><\/div>\n\n\n\n<div class=\"wp-block-uagb-container uagb-block-05150e62\">\n<div class=\"wp-block-uagb-advanced-heading uagb-block-a2b3848d\"><h2 class=\"uagb-heading-text\">S\u00e9curit\u00e9 \u00e9lectrique pour les villes et les municipalit\u00e9s<\/h2><p class=\"uagb-desc-text\"><strong>Audits conformes \u00e0 la loi pour les institutions publiques<br><\/strong>Les institutions publiques ont une responsabilit\u00e9 particuli\u00e8re, tant envers leurs employ\u00e9s qu\u2019envers les citoyens.<br>Gr\u00e2ce \u00e0 nos tests d&#039;\u00e9quipements \u00e9lectriques conformes \u00e0 la norme DGUV V3, nous garantissons <strong>s\u00e9curit\u00e9 op\u00e9rationnelle, s\u00e9curit\u00e9 juridique et transparence maximales<\/strong> dans les b\u00e2timents et installations municipaux.<\/p><\/div>\n<\/div>\n<\/div><\/div>\n\n\n\n<div class=\"wp-block-uagb-container uagb-block-qd2taihi alignfull uagb-is-root-container\"><div class=\"uagb-container-inner-blocks-wrap\">\n<div class=\"wp-block-uagb-info-box uagb-block-iz8lz3nx uagb-infobox__content-wrap  uagb-infobox-icon-above-title uagb-infobox-image-valign-top\"><div class=\"uagb-ifb-content\"><div class=\"uagb-ifb-title-wrap\"><h2 class=\"uagb-ifb-title\">Emplacements typiques dans la pratique municipale :<\/h2><\/div><p class=\"uagb-ifb-desc\">Administrations municipales et municipales<br>Chantiers de construction, autorit\u00e9s de construction et centres de contr\u00f4le de la construction<br>Jardins d&#039;enfants, \u00e9coles et centres d&#039;\u00e9ducation pour adultes<br>Casernes de pompiers, THW et services de secours<br>Salles de sport, centres communautaires et centres culturels<br>Centres de recyclage, stations d&#039;\u00e9puration et op\u00e9rations techniques<\/p><\/div><\/div>\n\n\n\n<div class=\"wp-block-uagb-info-box uagb-block-7471a508 uagb-infobox__content-wrap  uagb-infobox-icon-above-title uagb-infobox-image-valign-top\"><div class=\"uagb-ifb-content\"><div class=\"uagb-ifb-title-wrap\"><h2 class=\"uagb-ifb-title\">Ce que nous v\u00e9rifions pour les villes et les municipalit\u00e9s :<\/h2><\/div><p class=\"uagb-ifb-desc\">Appareils portables dans les bureaux et les espaces sociaux<br>Distributions et sous-distributions install\u00e9es en permanence<br>G\u00e9n\u00e9rateurs d&#039;\u00e9lectricit\u00e9 et distributeurs d&#039;\u00e9lectricit\u00e9 sur chantier<br>Machines dans les ateliers et les chantiers de construction<br>Infrastructure informatique, serveurs et technologie scolaire<br>Lits de soins et technologie m\u00e9dicale dans les \u00e9tablissements de soins pour personnes \u00e2g\u00e9es<\/p><\/div><\/div>\n\n\n\n<div class=\"wp-block-uagb-info-box uagb-block-b57d6510 uagb-infobox__content-wrap  uagb-infobox-icon-above-title uagb-infobox-image-valign-top\"><div class=\"uagb-ifb-content\"><div class=\"uagb-ifb-title-wrap\"><h2 class=\"uagb-ifb-title\">Vos avantages avec pruefservice-stuttgart.de<\/h2><\/div><p class=\"uagb-ifb-desc\">Exp\u00e9rience des processus d\u2019approvisionnement municipaux<br>Pr\u00e9paration des offres selon la structure conforme \u00e0 la VOB<br>Contact personnel pour l&#039;administration et la technologie<br>Peut \u00e9galement \u00eatre r\u00e9alis\u00e9 pendant les vacances ou les week-ends<br>Protocoles et badges num\u00e9riques \u2013 100 % \u00e0 l&#039;\u00e9preuve des audits<\/p><\/div><\/div>\n\n\n\n<div class=\"wp-block-uagb-info-box uagb-block-0afd4945 uagb-infobox__content-wrap  uagb-infobox-icon-above-title uagb-infobox-image-valign-top\"><div class=\"uagb-ifb-content\"><div class=\"uagb-ifb-title-wrap\"><h2 class=\"uagb-ifb-title\">D\u00e9lais et planification juridiquement s\u00e9curis\u00e9s<\/h2><\/div><p class=\"uagb-ifb-desc\">Nous coordonnons de mani\u00e8re flexible nos dates de test avec vos processus organisationnels et vous rappelons \u00e0 l&#039;avance les tests r\u00e9p\u00e9t\u00e9s \u00e0 venir.<br>\ud83d\udca1 Sur demande, nous pouvons vous accompagner dans la cr\u00e9ation d&#039;un plan d&#039;inspection central pour tous les biens de votre commune.<\/p><\/div><\/div>\n\n\n\n<div class=\"wp-block-uagb-container uagb-block-ndowxzi7\"><\/div>\n<\/div><\/div>\n\n\n\n<div class=\"wp-block-uagb-container uagb-block-9caa1a47 alignfull uagb-is-root-container\"><div class=\"uagb-container-inner-blocks-wrap\">\n<div class=\"wp-block-uagb-advanced-heading uagb-block-1ed0e64e\"><div class=\"uagb-heading-text\">Laissez-nous vous aider<\/div><\/div>\n\n\n\n<div class=\"wp-block-uagb-advanced-heading uagb-block-3a57683f\"><h2 class=\"uagb-heading-text\">\ud83d\udcde Conseils personnalis\u00e9s pour votre secteur d&#039;activit\u00e9<\/h2><\/div>\n\n\n\n<div class=\"wp-block-uagb-buttons uagb-buttons__outer-wrap uagb-btn__default-btn uagb-btn-tablet__default-btn uagb-btn-mobile__default-btn uagb-block-9979be0d\"><div class=\"uagb-buttons__wrap uagb-buttons-layout-wrap\">\n<div class=\"wp-block-uagb-buttons-child uagb-buttons__outer-wrap uagb-block-84fd34e5 wp-block-button\"><div class=\"uagb-button__wrapper\"><a class=\"uagb-buttons-repeater wp-block-button__link\" aria-label=\"\" href=\"https:\/\/pruefservice-stuttgart.de\/fr\/contactez-nous\/\" rel=\"follow noopener\" target=\"_self\" role=\"button\"><div class=\"uagb-button__link\">Contactez-nous maintenant<\/div><\/a><\/div><\/div>\n<\/div><\/div>\n\n\n\n<div class=\"wp-block-uagb-advanced-heading uagb-block-838a0a13\"><div class=\"uagb-separator\"><\/div><h3 class=\"uagb-heading-text\">Souhaitez-vous en savoir plus sur les concepts de tests sp\u00e9cifiques \u00e0 l\u2019industrie ? <\/h3><\/div>\n\n\n\n<div class=\"wp-block-uagb-advanced-heading uagb-block-809e7d0a\"><div class=\"uagb-separator\"><\/div><h3 class=\"uagb-heading-text\">+49 177 49 50 635 \u2013 nous vous conseillons individuellement et sans engagement.<\/h3><\/div>\n<\/div><\/div>","protected":false},"excerpt":{"rendered":"<p>Villes et communes S\u00e9curit\u00e9 \u00e9lectrique pour les villes et les communes Inspections conformes \u00e0 la loi pour les institutions publiques Les institutions publiques ont une responsabilit\u00e9 particuli\u00e8re, tant envers leurs employ\u00e9s qu&#039;envers les citoyens. Gr\u00e2ce \u00e0 notre inspection des \u00e9quipements \u00e9lectriques conforme \u00e0 la norme DGUV V3, nous garantissons les plus hauts niveaux de s\u00e9curit\u00e9 op\u00e9rationnelle, de s\u00e9curit\u00e9 juridique et de transparence dans les b\u00e2timents et installations municipaux.<\/p>","protected":false},"author":1,"featured_media":0,"parent":0,"menu_order":0,"comment_status":"closed","ping_status":"closed","template":"","meta":{"_uag_custom_page_level_css":"","site-sidebar-layout":"no-sidebar","site-content-layout":"plain-container","ast-site-content-layout":"full-width-container","site-content-style":"unboxed","site-sidebar-style":"unboxed","ast-global-header-display":"","ast-banner-title-visibility":"","ast-main-header-display":"","ast-hfb-above-header-display":"","ast-hfb-below-header-display":"","ast-hfb-mobile-header-display":"","site-post-title":"disabled","ast-breadcrumbs-content":"","ast-featured-img":"","footer-sml-layout":"","ast-disable-related-posts":"","theme-transparent-header-meta":"","adv-header-id-meta":"","stick-header-meta":"","header-above-stick-meta":"","header-main-stick-meta":"","header-below-stick-meta":"","astra-migrate-meta-layouts":"set","ast-page-background-enabled":"default","ast-page-background-meta":{"desktop":{"background-color":"var(--ast-global-color-4)","background-image":"","background-repeat":"repeat","background-position":"center center","background-size":"auto","background-attachment":"scroll","background-type":"","background-media":"","overlay-type":"","overlay-color":"","overlay-opacity":"","overlay-gradient":""},"tablet":{"background-color":"","background-image":"","background-repeat":"repeat","background-position":"center center","background-size":"auto","background-attachment":"scroll","background-type":"","background-media":"","overlay-type":"","overlay-color":"","overlay-opacity":"","overlay-gradient":""},"mobile":{"background-color":"","background-image":"","background-repeat":"repeat","background-position":"center center","background-size":"auto","background-attachment":"scroll","background-type":"","background-media":"","overlay-type":"","overlay-color":"","overlay-opacity":"","overlay-gradient":""}},"ast-content-background-meta":{"desktop":{"background-color":"var(--ast-global-color-5)","background-image":"","background-repeat":"repeat","background-position":"center center","background-size":"auto","background-attachment":"scroll","background-type":"","background-media":"","overlay-type":"","overlay-color":"","overlay-opacity":"","overlay-gradient":""},"tablet":{"background-color":"var(--ast-global-color-5)","background-image":"","background-repeat":"repeat","background-position":"center center","background-size":"auto","background-attachment":"scroll","background-type":"","background-media":"","overlay-type":"","overlay-color":"","overlay-opacity":"","overlay-gradient":""},"mobile":{"background-color":"var(--ast-global-color-5)","background-image":"","background-repeat":"repeat","background-position":"center center","background-size":"auto","background-attachment":"scroll","background-type":"","background-media":"","overlay-type":"","overlay-color":"","overlay-opacity":"","overlay-gradient":""}},"footnotes":""},"class_list":["post-2273","page","type-page","status-publish","hentry"],"yoast_head":"<!-- This site is optimized with the Yoast SEO plugin v27.4 - https:\/\/yoast.com\/product\/yoast-seo-wordpress\/ -->\n<title>St\u00e4dte und Kommunen - pruefservice-stuttgart.de<\/title>\n<meta name=\"robots\" content=\"index, follow, max-snippet:-1, max-image-preview:large, max-video-preview:-1\" \/>\n<link rel=\"canonical\" href=\"https:\/\/pruefservice-stuttgart.de\/fr\/villes-et-municipalites\/\" \/>\n<meta property=\"og:locale\" content=\"fr_FR\" \/>\n<meta property=\"og:type\" content=\"article\" \/>\n<meta property=\"og:title\" content=\"St\u00e4dte und Kommunen - pruefservice-stuttgart.de\" \/>\n<meta property=\"og:description\" content=\"St\u00e4dte und Kommunen Elektrosicherheit f\u00fcr St\u00e4dte und Kommunen Gesetzeskonforme Pr\u00fcfungen f\u00fcr \u00f6ffentliche Einrichtungen\u00d6ffentliche Einrichtungen stehen in besonderer Verantwortung \u2013 sowohl gegen\u00fcber Mitarbeitenden als auch B\u00fcrgerinnen und B\u00fcrgern.Mit unserer DGUV V3-konformen Pr\u00fcfung elektrischer Betriebsmittel sorgen wir f\u00fcr h\u00f6chste Betriebssicherheit, Rechtssicherheit und Transparenz in kommunalen Geb\u00e4uden und Anlagen.\" \/>\n<meta property=\"og:url\" content=\"https:\/\/pruefservice-stuttgart.de\/fr\/villes-et-municipalites\/\" \/>\n<meta property=\"og:site_name\" content=\"pruefservice-stuttgart.de\" \/>\n<meta property=\"og:image\" content=\"https:\/\/pruefservice-stuttgart.de\/wp-content\/uploads\/2025\/05\/1623043848188882487-1024x482-1.webp\" \/>\n<meta name=\"twitter:card\" content=\"summary_large_image\" \/>\n<meta name=\"twitter:label1\" content=\"Dur\u00e9e de lecture estim\u00e9e\" \/>\n\t<meta name=\"twitter:data1\" content=\"2 minutes\" \/>\n<script type=\"application\/ld+json\" class=\"yoast-schema-graph\">{\"@context\":\"https:\\\/\\\/schema.org\",\"@graph\":[{\"@type\":\"WebPage\",\"@id\":\"https:\\\/\\\/pruefservice-stuttgart.de\\\/staedte-und-kommunen\\\/\",\"url\":\"https:\\\/\\\/pruefservice-stuttgart.de\\\/staedte-und-kommunen\\\/\",\"name\":\"St\u00e4dte und Kommunen - pruefservice-stuttgart.de\",\"isPartOf\":{\"@id\":\"https:\\\/\\\/pruefservice-stuttgart.de\\\/#website\"},\"primaryImageOfPage\":{\"@id\":\"https:\\\/\\\/pruefservice-stuttgart.de\\\/staedte-und-kommunen\\\/#primaryimage\"},\"image\":{\"@id\":\"https:\\\/\\\/pruefservice-stuttgart.de\\\/staedte-und-kommunen\\\/#primaryimage\"},\"thumbnailUrl\":\"https:\\\/\\\/pruefservice-stuttgart.de\\\/wp-content\\\/uploads\\\/2025\\\/05\\\/1623043848188882487-1024x482-1.webp\",\"datePublished\":\"2025-05-05T19:07:54+00:00\",\"breadcrumb\":{\"@id\":\"https:\\\/\\\/pruefservice-stuttgart.de\\\/staedte-und-kommunen\\\/#breadcrumb\"},\"inLanguage\":\"fr-FR\",\"potentialAction\":[{\"@type\":\"ReadAction\",\"target\":[\"https:\\\/\\\/pruefservice-stuttgart.de\\\/staedte-und-kommunen\\\/\"]}]},{\"@type\":\"ImageObject\",\"inLanguage\":\"fr-FR\",\"@id\":\"https:\\\/\\\/pruefservice-stuttgart.de\\\/staedte-und-kommunen\\\/#primaryimage\",\"url\":\"https:\\\/\\\/pruefservice-stuttgart.de\\\/wp-content\\\/uploads\\\/2025\\\/05\\\/1623043848188882487-1024x482-1.webp\",\"contentUrl\":\"https:\\\/\\\/pruefservice-stuttgart.de\\\/wp-content\\\/uploads\\\/2025\\\/05\\\/1623043848188882487-1024x482-1.webp\"},{\"@type\":\"BreadcrumbList\",\"@id\":\"https:\\\/\\\/pruefservice-stuttgart.de\\\/staedte-und-kommunen\\\/#breadcrumb\",\"itemListElement\":[{\"@type\":\"ListItem\",\"position\":1,\"name\":\"Startseite\",\"item\":\"https:\\\/\\\/pruefservice-stuttgart.de\\\/\"},{\"@type\":\"ListItem\",\"position\":2,\"name\":\"St\u00e4dte und Kommunen\"}]},{\"@type\":\"WebSite\",\"@id\":\"https:\\\/\\\/pruefservice-stuttgart.de\\\/#website\",\"url\":\"https:\\\/\\\/pruefservice-stuttgart.de\\\/\",\"name\":\"pruefservice-stuttgart.de\",\"description\":\"\",\"publisher\":{\"@id\":\"https:\\\/\\\/pruefservice-stuttgart.de\\\/#organization\"},\"potentialAction\":[{\"@type\":\"SearchAction\",\"target\":{\"@type\":\"EntryPoint\",\"urlTemplate\":\"https:\\\/\\\/pruefservice-stuttgart.de\\\/?s={search_term_string}\"},\"query-input\":{\"@type\":\"PropertyValueSpecification\",\"valueRequired\":true,\"valueName\":\"search_term_string\"}}],\"inLanguage\":\"fr-FR\"},{\"@type\":\"Organization\",\"@id\":\"https:\\\/\\\/pruefservice-stuttgart.de\\\/#organization\",\"name\":\"pruefservice-stuttgart.de\",\"url\":\"https:\\\/\\\/pruefservice-stuttgart.de\\\/\",\"logo\":{\"@type\":\"ImageObject\",\"inLanguage\":\"fr-FR\",\"@id\":\"https:\\\/\\\/pruefservice-stuttgart.de\\\/#\\\/schema\\\/logo\\\/image\\\/\",\"url\":\"https:\\\/\\\/pruefservice-stuttgart.de\\\/wp-content\\\/uploads\\\/2025\\\/05\\\/cropped-pruefservice-stuttgart-4-300x300-1.webp\",\"contentUrl\":\"https:\\\/\\\/pruefservice-stuttgart.de\\\/wp-content\\\/uploads\\\/2025\\\/05\\\/cropped-pruefservice-stuttgart-4-300x300-1.webp\",\"width\":300,\"height\":100,\"caption\":\"pruefservice-stuttgart.de\"},\"image\":{\"@id\":\"https:\\\/\\\/pruefservice-stuttgart.de\\\/#\\\/schema\\\/logo\\\/image\\\/\"}}]}<\/script>\n<!-- \/ Yoast SEO plugin. -->","yoast_head_json":{"title":"Villes et communes - pruefservice-stuttgart.de","robots":{"index":"index","follow":"follow","max-snippet":"max-snippet:-1","max-image-preview":"max-image-preview:large","max-video-preview":"max-video-preview:-1"},"canonical":"https:\/\/pruefservice-stuttgart.de\/fr\/villes-et-municipalites\/","og_locale":"fr_FR","og_type":"article","og_title":"St\u00e4dte und Kommunen - pruefservice-stuttgart.de","og_description":"St\u00e4dte und Kommunen Elektrosicherheit f\u00fcr St\u00e4dte und Kommunen Gesetzeskonforme Pr\u00fcfungen f\u00fcr \u00f6ffentliche Einrichtungen\u00d6ffentliche Einrichtungen stehen in besonderer Verantwortung \u2013 sowohl gegen\u00fcber Mitarbeitenden als auch B\u00fcrgerinnen und B\u00fcrgern.Mit unserer DGUV V3-konformen Pr\u00fcfung elektrischer Betriebsmittel sorgen wir f\u00fcr h\u00f6chste Betriebssicherheit, Rechtssicherheit und Transparenz in kommunalen Geb\u00e4uden und Anlagen.","og_url":"https:\/\/pruefservice-stuttgart.de\/fr\/villes-et-municipalites\/","og_site_name":"pruefservice-stuttgart.de","og_image":[{"url":"https:\/\/pruefservice-stuttgart.de\/wp-content\/uploads\/2025\/05\/1623043848188882487-1024x482-1.webp","type":"","width":"","height":""}],"twitter_card":"summary_large_image","twitter_misc":{"Dur\u00e9e de lecture estim\u00e9e":"2 minutes"},"schema":{"@context":"https:\/\/schema.org","@graph":[{"@type":"WebPage","@id":"https:\/\/pruefservice-stuttgart.de\/staedte-und-kommunen\/","url":"https:\/\/pruefservice-stuttgart.de\/staedte-und-kommunen\/","name":"Villes et communes - pruefservice-stuttgart.de","isPartOf":{"@id":"https:\/\/pruefservice-stuttgart.de\/#website"},"primaryImageOfPage":{"@id":"https:\/\/pruefservice-stuttgart.de\/staedte-und-kommunen\/#primaryimage"},"image":{"@id":"https:\/\/pruefservice-stuttgart.de\/staedte-und-kommunen\/#primaryimage"},"thumbnailUrl":"https:\/\/pruefservice-stuttgart.de\/wp-content\/uploads\/2025\/05\/1623043848188882487-1024x482-1.webp","datePublished":"2025-05-05T19:07:54+00:00","breadcrumb":{"@id":"https:\/\/pruefservice-stuttgart.de\/staedte-und-kommunen\/#breadcrumb"},"inLanguage":"fr-FR","potentialAction":[{"@type":"ReadAction","target":["https:\/\/pruefservice-stuttgart.de\/staedte-und-kommunen\/"]}]},{"@type":"ImageObject","inLanguage":"fr-FR","@id":"https:\/\/pruefservice-stuttgart.de\/staedte-und-kommunen\/#primaryimage","url":"https:\/\/pruefservice-stuttgart.de\/wp-content\/uploads\/2025\/05\/1623043848188882487-1024x482-1.webp","contentUrl":"https:\/\/pruefservice-stuttgart.de\/wp-content\/uploads\/2025\/05\/1623043848188882487-1024x482-1.webp"},{"@type":"BreadcrumbList","@id":"https:\/\/pruefservice-stuttgart.de\/staedte-und-kommunen\/#breadcrumb","itemListElement":[{"@type":"ListItem","position":1,"name":"Startseite","item":"https:\/\/pruefservice-stuttgart.de\/"},{"@type":"ListItem","position":2,"name":"St\u00e4dte und Kommunen"}]},{"@type":"WebSite","@id":"https:\/\/pruefservice-stuttgart.de\/#website","url":"https:\/\/pruefservice-stuttgart.de\/","name":"pruefservice-stuttgart.de","description":"","publisher":{"@id":"https:\/\/pruefservice-stuttgart.de\/#organization"},"potentialAction":[{"@type":"SearchAction","target":{"@type":"EntryPoint","urlTemplate":"https:\/\/pruefservice-stuttgart.de\/?s={search_term_string}"},"query-input":{"@type":"PropertyValueSpecification","valueRequired":true,"valueName":"search_term_string"}}],"inLanguage":"fr-FR"},{"@type":"Organization","@id":"https:\/\/pruefservice-stuttgart.de\/#organization","name":"pruefservice-stuttgart.de","url":"https:\/\/pruefservice-stuttgart.de\/","logo":{"@type":"ImageObject","inLanguage":"fr-FR","@id":"https:\/\/pruefservice-stuttgart.de\/#\/schema\/logo\/image\/","url":"https:\/\/pruefservice-stuttgart.de\/wp-content\/uploads\/2025\/05\/cropped-pruefservice-stuttgart-4-300x300-1.webp","contentUrl":"https:\/\/pruefservice-stuttgart.de\/wp-content\/uploads\/2025\/05\/cropped-pruefservice-stuttgart-4-300x300-1.webp","width":300,"height":100,"caption":"pruefservice-stuttgart.de"},"image":{"@id":"https:\/\/pruefservice-stuttgart.de\/#\/schema\/logo\/image\/"}}]}},"uagb_featured_image_src":{"full":false,"thumbnail":false,"medium":false,"medium_large":false,"large":false,"1536x1536":false,"2048x2048":false,"trp-custom-language-flag":false},"uagb_author_info":{"display_name":"emilkemal4@gmail.com","author_link":"https:\/\/pruefservice-stuttgart.de\/fr\/author\/emilkemal4gmail-com\/"},"uagb_comment_info":0,"uagb_excerpt":"St\u00e4dte und Kommunen Elektrosicherheit f\u00fcr St\u00e4dte und Kommunen Gesetzeskonforme Pr\u00fcfungen f\u00fcr \u00f6ffentliche Einrichtungen\u00d6ffentliche Einrichtungen stehen in besonderer Verantwortung \u2013 sowohl gegen\u00fcber Mitarbeitenden als auch B\u00fcrgerinnen und B\u00fcrgern.Mit unserer DGUV V3-konformen Pr\u00fcfung elektrischer Betriebsmittel sorgen wir f\u00fcr h\u00f6chste Betriebssicherheit, Rechtssicherheit und Transparenz in kommunalen Geb\u00e4uden und Anlagen.","_links":{"self":[{"href":"https:\/\/pruefservice-stuttgart.de\/fr\/wp-json\/wp\/v2\/pages\/2273","targetHints":{"allow":["GET"]}}],"collection":[{"href":"https:\/\/pruefservice-stuttgart.de\/fr\/wp-json\/wp\/v2\/pages"}],"about":[{"href":"https:\/\/pruefservice-stuttgart.de\/fr\/wp-json\/wp\/v2\/types\/page"}],"author":[{"embeddable":true,"href":"https:\/\/pruefservice-stuttgart.de\/fr\/wp-json\/wp\/v2\/users\/1"}],"replies":[{"embeddable":true,"href":"https:\/\/pruefservice-stuttgart.de\/fr\/wp-json\/wp\/v2\/comments?post=2273"}],"version-history":[{"count":2,"href":"https:\/\/pruefservice-stuttgart.de\/fr\/wp-json\/wp\/v2\/pages\/2273\/revisions"}],"predecessor-version":[{"id":2276,"href":"https:\/\/pruefservice-stuttgart.de\/fr\/wp-json\/wp\/v2\/pages\/2273\/revisions\/2276"}],"wp:attachment":[{"href":"https:\/\/pruefservice-stuttgart.de\/fr\/wp-json\/wp\/v2\/media?parent=2273"}],"curies":[{"name":"wp","href":"https:\/\/api.w.org\/{rel}","templated":true}]}}