{"id":2298,"date":"2025-05-05T19:41:41","date_gmt":"2025-05-05T19:41:41","guid":{"rendered":"https:\/\/pruefservice-stuttgart.de\/?page_id=2298"},"modified":"2025-05-05T19:47:47","modified_gmt":"2025-05-05T19:47:47","slug":"dguv-v3-prueffristen","status":"publish","type":"page","link":"https:\/\/pruefservice-stuttgart.de\/fr\/periodes-dinspection-dguv-v3\/","title":{"rendered":"P\u00e9riodes d&#039;inspection DGUV V3"},"content":{"rendered":"<div class=\"wp-block-uagb-container uagb-block-4c3875af alignfull uagb-is-root-container\"><div class=\"uagb-container-inner-blocks-wrap\">\n<div class=\"wp-block-uagb-advanced-heading uagb-block-36237826\"><h1 class=\"uagb-heading-text\">P\u00e9riodes d&#039;inspection DGUV V3<\/h1><\/div>\n<\/div><\/div>\n\n\n\n<div class=\"wp-block-uagb-container uagb-block-5cf03063 alignfull uagb-is-root-container\"><div class=\"uagb-container-inner-blocks-wrap\">\n<div class=\"wp-block-uagb-image alignleft uagb-block-6d75d68d wp-block-uagb-image--layout-default wp-block-uagb-image--effect-static wp-block-uagb-image--align-left\"><figure class=\"wp-block-uagb-image__figure\"><img decoding=\"async\" srcset=\"https:\/\/pruefservice-stuttgart.de\/wp-content\/uploads\/2025\/05\/1623043848188882487-1024x482-1.webp ,https:\/\/pruefservice-stuttgart.de\/wp-content\/uploads\/2025\/05\/1623043848188882487-1024x482-1.webp 780w, https:\/\/pruefservice-stuttgart.de\/wp-content\/uploads\/2025\/05\/1623043848188882487-1024x482-1.webp 360w\" sizes=\"auto, (max-width: 480px) 150px\" src=\"https:\/\/pruefservice-stuttgart.de\/wp-content\/uploads\/2025\/05\/1623043848188882487-1024x482-1.webp\" alt=\"\" class=\"uag-image-1991\" width=\"575\" height=\"480\" title=\"1623043848188882487-1024x482\" loading=\"lazy\" role=\"img\"\/><\/figure><\/div>\n\n\n\n<div class=\"wp-block-uagb-container uagb-block-05150e62\">\n<div class=\"wp-block-uagb-advanced-heading uagb-block-a2b3848d\"><h2 class=\"uagb-heading-text\">\u00c0 quelle fr\u00e9quence les appareils et syst\u00e8mes \u00e9lectriques doivent-ils \u00eatre v\u00e9rifi\u00e9s ?<\/h2><p class=\"uagb-desc-text\">Le r\u00e8glement DGUV 3 stipule que les \u00e9quipements et syst\u00e8mes \u00e9lectriques <strong>v\u00e9rifi\u00e9 r\u00e9guli\u00e8rement<\/strong> doit \u00eatre.<br>Mais que signifie exactement \u00ab r\u00e9guli\u00e8rement \u00bb ? La r\u00e9ponse d\u00e9pend de plusieurs facteurs, par exemple : B. le lieu d\u2019utilisation, la fr\u00e9quence d\u2019utilisation et le potentiel de danger.<br>Sur cette page, vous trouverez un aper\u00e7u de <strong>intervalles d&#039;inspection recommand\u00e9s<\/strong> pour diff\u00e9rentes cat\u00e9gories d&#039;appareils.<\/p><\/div>\n<\/div>\n<\/div><\/div>\n\n\n\n<div class=\"wp-block-uagb-container uagb-block-qd2taihi alignfull uagb-is-root-container\"><div class=\"uagb-container-inner-blocks-wrap\">\n<div class=\"wp-block-uagb-info-box uagb-block-iz8lz3nx uagb-infobox__content-wrap  uagb-infobox-icon-above-title uagb-infobox-image-valign-top\"><div class=\"uagb-ifb-content\"><div class=\"uagb-ifb-title-wrap\"><h2 class=\"uagb-ifb-title\">P\u00e9riodes d&#039;inspection des appareils portables<\/h2><\/div><p class=\"uagb-ifb-desc\">Ces appareils sont r\u00e9guli\u00e8rement d\u00e9plac\u00e9s, connect\u00e9s ou transport\u00e9s. Le risque de d\u00e9fauts est donc \u00e9lev\u00e9.<\/p><\/div><\/div>\n\n\n\n<figure class=\"wp-block-table\"><table class=\"has-fixed-layout\"><thead><tr><th>Domaine d&#039;application<\/th><th>Exemples<\/th><th>P\u00e9riode d&#039;inspection recommand\u00e9e<\/th><\/tr><\/thead><tbody><tr><td>Bureau \/ Administration<\/td><td>PC, imprimantes, \u00e9crans<\/td><td>tous <strong>24 mois<\/strong><\/td><\/tr><tr><td>Atelier \/ Production<\/td><td>Perceuses, outils \u00e0 main<\/td><td>tous <strong>12 mois<\/strong><\/td><\/tr><tr><td>Chantier de construction<\/td><td>Broyeurs, enrouleurs de c\u00e2bles<\/td><td>tous <strong>3 mois<\/strong><\/td><\/tr><tr><td>Nettoyage \/ Cuisine<\/td><td>Aspirateur, bouilloire<\/td><td>tous <strong>6 mois<\/strong><\/td><\/tr><\/tbody><\/table><\/figure>\n\n\n\n<div class=\"wp-block-uagb-info-box uagb-block-c947cb30 uagb-infobox__content-wrap  uagb-infobox-icon-above-title uagb-infobox-image-valign-top\"><div class=\"uagb-ifb-content\"><div class=\"uagb-ifb-title-wrap\"><h2 class=\"uagb-ifb-title\">Intervalles d&#039;inspection des \u00e9quipements fixes<\/h2><\/div><p class=\"uagb-ifb-desc\">Ces appareils sont install\u00e9s de fa\u00e7on permanente et sont rarement d\u00e9plac\u00e9s.<\/p><\/div><\/div>\n\n\n\n<figure class=\"wp-block-table\"><table class=\"has-fixed-layout\"><thead><tr><th>Domaine d&#039;application<\/th><th>Exemples<\/th><th>P\u00e9riode d&#039;inspection recommand\u00e9e<\/th><\/tr><\/thead><tbody><tr><td>Technologie du b\u00e2timent<\/td><td>Chauffage, climatisation<\/td><td>tous <strong>48 mois<\/strong><\/td><\/tr><tr><td>Industrie \/ Atelier<\/td><td>Machines, technologie de contr\u00f4le<\/td><td>tous <strong>12 mois<\/strong><\/td><\/tr><tr><td>\u00c9coles \/ \u00e9tablissements d&#039;enseignement<\/td><td>Appareils encastrables, \u00e9quipements de laboratoire<\/td><td>tous <strong>24 mois<\/strong><\/td><\/tr><\/tbody><\/table><\/figure>\n\n\n\n<div class=\"wp-block-uagb-info-box uagb-block-85b90919 uagb-infobox__content-wrap  uagb-infobox-icon-above-title uagb-infobox-image-valign-top\"><div class=\"uagb-ifb-content\"><div class=\"uagb-ifb-title-wrap\"><h2 class=\"uagb-ifb-title\">P\u00e9riodes d&#039;inspection des dispositifs m\u00e9dicaux et des \u00e9tablissements de soins<\/h2><\/div><\/div><\/div>\n\n\n\n<figure class=\"wp-block-table\"><table class=\"has-fixed-layout\"><thead><tr><th>Type d&#039;appareil<\/th><th>Exemple d&#039;utilisation<\/th><th>P\u00e9riode d&#039;inspection recommand\u00e9e<\/th><\/tr><\/thead><tbody><tr><td>Lits de soins<\/td><td>Maisons de retraite, cliniques<\/td><td>tous <strong>12 mois<\/strong><\/td><\/tr><tr><td>Dispositifs m\u00e9dicaux<\/td><td>cabinet m\u00e9dical, centre de r\u00e9\u00e9ducation<\/td><td>tous <strong>6 \u00e0 12 mois<\/strong><\/td><\/tr><tr><td>Dispositifs en contact avec le patient<\/td><td>ECG, pompes \u00e0 perfusion<\/td><td>tous <strong>6 mois<\/strong><\/td><\/tr><\/tbody><\/table><\/figure>\n\n\n\n<div class=\"wp-block-uagb-info-box uagb-block-306af5d4 uagb-infobox__content-wrap  uagb-infobox-icon-above-title uagb-infobox-image-valign-top\"><div class=\"uagb-ifb-content\"><div class=\"uagb-ifb-title-wrap\"><h2 class=\"uagb-ifb-title\">Intervalles d&#039;inspection des syst\u00e8mes \u00e9lectriques et des syst\u00e8mes de protection<\/h2><\/div><\/div><\/div>\n\n\n\n<figure class=\"wp-block-table\"><table class=\"has-fixed-layout\"><thead><tr><th>Type de syst\u00e8me<\/th><th>Exemples<\/th><th>P\u00e9riode d&#039;inspection recommand\u00e9e<\/th><\/tr><\/thead><tbody><tr><td>Disjoncteur diff\u00e9rentiel \/ RCD<\/td><td>utilis\u00e9 partout<\/td><td>tous <strong>6 mois<\/strong><\/td><\/tr><tr><td>Distributions principales et sous-distributions<\/td><td>Industrie, bureaux, \u00e9coles<\/td><td>tous <strong>4 ans<\/strong><\/td><\/tr><tr><td>Distribution d&#039;\u00e9nergie sur les chantiers de construction<\/td><td>Chantiers de construction<\/td><td>tous <strong>3 mois<\/strong><\/td><\/tr><tr><td>G\u00e9n\u00e9rateurs d&#039;\u00e9lectricit\u00e9<\/td><td>Alimentation \u00e9lectrique de secours, \u00e9v\u00e9nements<\/td><td>tous <strong>6 \u00e0 12 mois<\/strong><\/td><\/tr><tr><td>Thermographie<\/td><td>Inspection par imagerie thermique des tableaux de distribution<\/td><td>tous <strong>12 mois<\/strong><\/td><\/tr><\/tbody><\/table><\/figure>\n\n\n\n<div class=\"wp-block-uagb-info-box uagb-block-7471a508 uagb-infobox__content-wrap  uagb-infobox-icon-above-title uagb-infobox-image-valign-top\"><div class=\"uagb-ifb-content\"><div class=\"uagb-ifb-title-wrap\"><h2 class=\"uagb-ifb-title\">\u26a0\ufe0f Important : L&#039;\u00e9valuation des risques comme base<\/h2><\/div><p class=\"uagb-ifb-desc\">La p\u00e9riode d\u2019inspection r\u00e9elle doit toujours \u00eatre bas\u00e9e sur une <strong>\u00e9valuation individuelle des risques<\/strong> \u00eatre d\u00e9termin\u00e9.<br>La fr\u00e9quence d&#039;utilisation, les conditions environnementales et les r\u00e9sultats des tests pr\u00e9c\u00e9dents sont pris en compte.<br>\ud83d\udca1 Nous sommes heureux de vous aider \u00e0 cr\u00e9er ou \u00e0 mettre \u00e0 jour votre \u00e9valuation des risques.<\/p><\/div><\/div>\n\n\n\n<div class=\"wp-block-uagb-container uagb-block-ndowxzi7\"><\/div>\n<\/div><\/div>\n\n\n\n<div class=\"wp-block-uagb-container uagb-block-9caa1a47 alignfull uagb-is-root-container\"><div class=\"uagb-container-inner-blocks-wrap\">\n<div class=\"wp-block-uagb-advanced-heading uagb-block-1ed0e64e\"><div class=\"uagb-heading-text\">Laissez-nous vous aider<\/div><\/div>\n\n\n\n<div class=\"wp-block-uagb-advanced-heading uagb-block-3a57683f\"><h2 class=\"uagb-heading-text\">\ud83d\udcde Conseils personnalis\u00e9s pour votre secteur d&#039;activit\u00e9<\/h2><\/div>\n\n\n\n<div class=\"wp-block-uagb-buttons uagb-buttons__outer-wrap uagb-btn__default-btn uagb-btn-tablet__default-btn uagb-btn-mobile__default-btn uagb-block-9979be0d\"><div class=\"uagb-buttons__wrap uagb-buttons-layout-wrap\">\n<div class=\"wp-block-uagb-buttons-child uagb-buttons__outer-wrap uagb-block-84fd34e5 wp-block-button\"><div class=\"uagb-button__wrapper\"><a class=\"uagb-buttons-repeater wp-block-button__link\" aria-label=\"\" href=\"https:\/\/pruefservice-stuttgart.de\/fr\/contactez-nous\/\" rel=\"follow noopener\" target=\"_self\" role=\"button\"><div class=\"uagb-button__link\">Contactez-nous maintenant<\/div><\/a><\/div><\/div>\n<\/div><\/div>\n\n\n\n<div class=\"wp-block-uagb-advanced-heading uagb-block-838a0a13\"><div class=\"uagb-separator\"><\/div><h3 class=\"uagb-heading-text\">Souhaitez-vous en savoir plus sur les concepts de tests sp\u00e9cifiques \u00e0 l\u2019industrie ? <\/h3><\/div>\n\n\n\n<div class=\"wp-block-uagb-advanced-heading uagb-block-809e7d0a\"><div class=\"uagb-separator\"><\/div><h3 class=\"uagb-heading-text\">+49 177 49 50 635 \u2013 nous vous conseillons individuellement et sans engagement.<\/h3><\/div>\n<\/div><\/div>","protected":false},"excerpt":{"rendered":"<p>DGUV V3 Pr\u00fcffristen Wie oft m\u00fcssen elektrische Ger\u00e4te und Anlagen gepr\u00fcft werden? Die DGUV Vorschrift 3 schreibt vor, dass elektrische Betriebsmittel und Anlagen regelm\u00e4\u00dfig gepr\u00fcft werden m\u00fcssen.Doch was bedeutet \u201eregelm\u00e4\u00dfig\u201c genau? Die Antwort h\u00e4ngt von mehreren Faktoren ab \u2013 z.\u202fB. dem Einsatzort, der Nutzungsh\u00e4ufigkeit und dem Gef\u00e4hrdungspotenzial.Auf dieser Seite finden Sie eine \u00dcbersicht \u00fcber empfohlene [&hellip;]<\/p>","protected":false},"author":1,"featured_media":0,"parent":0,"menu_order":0,"comment_status":"closed","ping_status":"closed","template":"","meta":{"_uag_custom_page_level_css":"","site-sidebar-layout":"no-sidebar","site-content-layout":"plain-container","ast-site-content-layout":"full-width-container","site-content-style":"unboxed","site-sidebar-style":"unboxed","ast-global-header-display":"","ast-banner-title-visibility":"","ast-main-header-display":"","ast-hfb-above-header-display":"","ast-hfb-below-header-display":"","ast-hfb-mobile-header-display":"","site-post-title":"disabled","ast-breadcrumbs-content":"","ast-featured-img":"","footer-sml-layout":"","ast-disable-related-posts":"","theme-transparent-header-meta":"","adv-header-id-meta":"","stick-header-meta":"","header-above-stick-meta":"","header-main-stick-meta":"","header-below-stick-meta":"","astra-migrate-meta-layouts":"set","ast-page-background-enabled":"default","ast-page-background-meta":{"desktop":{"background-color":"var(--ast-global-color-4)","background-image":"","background-repeat":"repeat","background-position":"center center","background-size":"auto","background-attachment":"scroll","background-type":"","background-media":"","overlay-type":"","overlay-color":"","overlay-opacity":"","overlay-gradient":""},"tablet":{"background-color":"","background-image":"","background-repeat":"repeat","background-position":"center center","background-size":"auto","background-attachment":"scroll","background-type":"","background-media":"","overlay-type":"","overlay-color":"","overlay-opacity":"","overlay-gradient":""},"mobile":{"background-color":"","background-image":"","background-repeat":"repeat","background-position":"center center","background-size":"auto","background-attachment":"scroll","background-type":"","background-media":"","overlay-type":"","overlay-color":"","overlay-opacity":"","overlay-gradient":""}},"ast-content-background-meta":{"desktop":{"background-color":"var(--ast-global-color-5)","background-image":"","background-repeat":"repeat","background-position":"center center","background-size":"auto","background-attachment":"scroll","background-type":"","background-media":"","overlay-type":"","overlay-color":"","overlay-opacity":"","overlay-gradient":""},"tablet":{"background-color":"var(--ast-global-color-5)","background-image":"","background-repeat":"repeat","background-position":"center center","background-size":"auto","background-attachment":"scroll","background-type":"","background-media":"","overlay-type":"","overlay-color":"","overlay-opacity":"","overlay-gradient":""},"mobile":{"background-color":"var(--ast-global-color-5)","background-image":"","background-repeat":"repeat","background-position":"center center","background-size":"auto","background-attachment":"scroll","background-type":"","background-media":"","overlay-type":"","overlay-color":"","overlay-opacity":"","overlay-gradient":""}},"footnotes":""},"class_list":["post-2298","page","type-page","status-publish","hentry"],"yoast_head":"<!-- This site is optimized with the Yoast SEO plugin v27.4 - https:\/\/yoast.com\/product\/yoast-seo-wordpress\/ -->\n<title>DGUV V3 Pr\u00fcffristen - pruefservice-stuttgart.de<\/title>\n<meta name=\"robots\" content=\"index, follow, max-snippet:-1, max-image-preview:large, max-video-preview:-1\" \/>\n<link rel=\"canonical\" href=\"https:\/\/pruefservice-stuttgart.de\/fr\/periodes-dinspection-dguv-v3\/\" \/>\n<meta property=\"og:locale\" content=\"fr_FR\" \/>\n<meta property=\"og:type\" content=\"article\" \/>\n<meta property=\"og:title\" content=\"DGUV V3 Pr\u00fcffristen - pruefservice-stuttgart.de\" \/>\n<meta property=\"og:description\" content=\"DGUV V3 Pr\u00fcffristen Wie oft m\u00fcssen elektrische Ger\u00e4te und Anlagen gepr\u00fcft werden? Die DGUV Vorschrift 3 schreibt vor, dass elektrische Betriebsmittel und Anlagen regelm\u00e4\u00dfig gepr\u00fcft werden m\u00fcssen.Doch was bedeutet \u201eregelm\u00e4\u00dfig\u201c genau? Die Antwort h\u00e4ngt von mehreren Faktoren ab \u2013 z.\u202fB. dem Einsatzort, der Nutzungsh\u00e4ufigkeit und dem Gef\u00e4hrdungspotenzial.Auf dieser Seite finden Sie eine \u00dcbersicht \u00fcber empfohlene [&hellip;]\" \/>\n<meta property=\"og:url\" content=\"https:\/\/pruefservice-stuttgart.de\/fr\/periodes-dinspection-dguv-v3\/\" \/>\n<meta property=\"og:site_name\" content=\"pruefservice-stuttgart.de\" \/>\n<meta property=\"article:modified_time\" content=\"2025-05-05T19:47:47+00:00\" \/>\n<meta property=\"og:image\" content=\"https:\/\/pruefservice-stuttgart.de\/wp-content\/uploads\/2025\/05\/1623043848188882487-1024x482-1.webp\" \/>\n<meta name=\"twitter:card\" content=\"summary_large_image\" \/>\n<meta name=\"twitter:label1\" content=\"Dur\u00e9e de lecture estim\u00e9e\" \/>\n\t<meta name=\"twitter:data1\" content=\"2 minutes\" \/>\n<script type=\"application\/ld+json\" class=\"yoast-schema-graph\">{\"@context\":\"https:\\\/\\\/schema.org\",\"@graph\":[{\"@type\":\"WebPage\",\"@id\":\"https:\\\/\\\/pruefservice-stuttgart.de\\\/dguv-v3-prueffristen\\\/\",\"url\":\"https:\\\/\\\/pruefservice-stuttgart.de\\\/dguv-v3-prueffristen\\\/\",\"name\":\"DGUV V3 Pr\u00fcffristen - pruefservice-stuttgart.de\",\"isPartOf\":{\"@id\":\"https:\\\/\\\/pruefservice-stuttgart.de\\\/#website\"},\"primaryImageOfPage\":{\"@id\":\"https:\\\/\\\/pruefservice-stuttgart.de\\\/dguv-v3-prueffristen\\\/#primaryimage\"},\"image\":{\"@id\":\"https:\\\/\\\/pruefservice-stuttgart.de\\\/dguv-v3-prueffristen\\\/#primaryimage\"},\"thumbnailUrl\":\"https:\\\/\\\/pruefservice-stuttgart.de\\\/wp-content\\\/uploads\\\/2025\\\/05\\\/1623043848188882487-1024x482-1.webp\",\"datePublished\":\"2025-05-05T19:41:41+00:00\",\"dateModified\":\"2025-05-05T19:47:47+00:00\",\"breadcrumb\":{\"@id\":\"https:\\\/\\\/pruefservice-stuttgart.de\\\/dguv-v3-prueffristen\\\/#breadcrumb\"},\"inLanguage\":\"fr-FR\",\"potentialAction\":[{\"@type\":\"ReadAction\",\"target\":[\"https:\\\/\\\/pruefservice-stuttgart.de\\\/dguv-v3-prueffristen\\\/\"]}]},{\"@type\":\"ImageObject\",\"inLanguage\":\"fr-FR\",\"@id\":\"https:\\\/\\\/pruefservice-stuttgart.de\\\/dguv-v3-prueffristen\\\/#primaryimage\",\"url\":\"https:\\\/\\\/pruefservice-stuttgart.de\\\/wp-content\\\/uploads\\\/2025\\\/05\\\/1623043848188882487-1024x482-1.webp\",\"contentUrl\":\"https:\\\/\\\/pruefservice-stuttgart.de\\\/wp-content\\\/uploads\\\/2025\\\/05\\\/1623043848188882487-1024x482-1.webp\"},{\"@type\":\"BreadcrumbList\",\"@id\":\"https:\\\/\\\/pruefservice-stuttgart.de\\\/dguv-v3-prueffristen\\\/#breadcrumb\",\"itemListElement\":[{\"@type\":\"ListItem\",\"position\":1,\"name\":\"Startseite\",\"item\":\"https:\\\/\\\/pruefservice-stuttgart.de\\\/\"},{\"@type\":\"ListItem\",\"position\":2,\"name\":\"DGUV V3 Pr\u00fcffristen\"}]},{\"@type\":\"WebSite\",\"@id\":\"https:\\\/\\\/pruefservice-stuttgart.de\\\/#website\",\"url\":\"https:\\\/\\\/pruefservice-stuttgart.de\\\/\",\"name\":\"pruefservice-stuttgart.de\",\"description\":\"\",\"publisher\":{\"@id\":\"https:\\\/\\\/pruefservice-stuttgart.de\\\/#organization\"},\"potentialAction\":[{\"@type\":\"SearchAction\",\"target\":{\"@type\":\"EntryPoint\",\"urlTemplate\":\"https:\\\/\\\/pruefservice-stuttgart.de\\\/?s={search_term_string}\"},\"query-input\":{\"@type\":\"PropertyValueSpecification\",\"valueRequired\":true,\"valueName\":\"search_term_string\"}}],\"inLanguage\":\"fr-FR\"},{\"@type\":\"Organization\",\"@id\":\"https:\\\/\\\/pruefservice-stuttgart.de\\\/#organization\",\"name\":\"pruefservice-stuttgart.de\",\"url\":\"https:\\\/\\\/pruefservice-stuttgart.de\\\/\",\"logo\":{\"@type\":\"ImageObject\",\"inLanguage\":\"fr-FR\",\"@id\":\"https:\\\/\\\/pruefservice-stuttgart.de\\\/#\\\/schema\\\/logo\\\/image\\\/\",\"url\":\"https:\\\/\\\/pruefservice-stuttgart.de\\\/wp-content\\\/uploads\\\/2025\\\/05\\\/cropped-pruefservice-stuttgart-4-300x300-1.webp\",\"contentUrl\":\"https:\\\/\\\/pruefservice-stuttgart.de\\\/wp-content\\\/uploads\\\/2025\\\/05\\\/cropped-pruefservice-stuttgart-4-300x300-1.webp\",\"width\":300,\"height\":100,\"caption\":\"pruefservice-stuttgart.de\"},\"image\":{\"@id\":\"https:\\\/\\\/pruefservice-stuttgart.de\\\/#\\\/schema\\\/logo\\\/image\\\/\"}}]}<\/script>\n<!-- \/ Yoast SEO plugin. -->","yoast_head_json":{"title":"Intervalles d&#039;inspection DGUV V3 - pruefservice-stuttgart.de","robots":{"index":"index","follow":"follow","max-snippet":"max-snippet:-1","max-image-preview":"max-image-preview:large","max-video-preview":"max-video-preview:-1"},"canonical":"https:\/\/pruefservice-stuttgart.de\/fr\/periodes-dinspection-dguv-v3\/","og_locale":"fr_FR","og_type":"article","og_title":"DGUV V3 Pr\u00fcffristen - pruefservice-stuttgart.de","og_description":"DGUV V3 Pr\u00fcffristen Wie oft m\u00fcssen elektrische Ger\u00e4te und Anlagen gepr\u00fcft werden? Die DGUV Vorschrift 3 schreibt vor, dass elektrische Betriebsmittel und Anlagen regelm\u00e4\u00dfig gepr\u00fcft werden m\u00fcssen.Doch was bedeutet \u201eregelm\u00e4\u00dfig\u201c genau? Die Antwort h\u00e4ngt von mehreren Faktoren ab \u2013 z.\u202fB. dem Einsatzort, der Nutzungsh\u00e4ufigkeit und dem Gef\u00e4hrdungspotenzial.Auf dieser Seite finden Sie eine \u00dcbersicht \u00fcber empfohlene [&hellip;]","og_url":"https:\/\/pruefservice-stuttgart.de\/fr\/periodes-dinspection-dguv-v3\/","og_site_name":"pruefservice-stuttgart.de","article_modified_time":"2025-05-05T19:47:47+00:00","og_image":[{"url":"https:\/\/pruefservice-stuttgart.de\/wp-content\/uploads\/2025\/05\/1623043848188882487-1024x482-1.webp","type":"","width":"","height":""}],"twitter_card":"summary_large_image","twitter_misc":{"Dur\u00e9e de lecture estim\u00e9e":"2 minutes"},"schema":{"@context":"https:\/\/schema.org","@graph":[{"@type":"WebPage","@id":"https:\/\/pruefservice-stuttgart.de\/dguv-v3-prueffristen\/","url":"https:\/\/pruefservice-stuttgart.de\/dguv-v3-prueffristen\/","name":"Intervalles d&#039;inspection DGUV V3 - pruefservice-stuttgart.de","isPartOf":{"@id":"https:\/\/pruefservice-stuttgart.de\/#website"},"primaryImageOfPage":{"@id":"https:\/\/pruefservice-stuttgart.de\/dguv-v3-prueffristen\/#primaryimage"},"image":{"@id":"https:\/\/pruefservice-stuttgart.de\/dguv-v3-prueffristen\/#primaryimage"},"thumbnailUrl":"https:\/\/pruefservice-stuttgart.de\/wp-content\/uploads\/2025\/05\/1623043848188882487-1024x482-1.webp","datePublished":"2025-05-05T19:41:41+00:00","dateModified":"2025-05-05T19:47:47+00:00","breadcrumb":{"@id":"https:\/\/pruefservice-stuttgart.de\/dguv-v3-prueffristen\/#breadcrumb"},"inLanguage":"fr-FR","potentialAction":[{"@type":"ReadAction","target":["https:\/\/pruefservice-stuttgart.de\/dguv-v3-prueffristen\/"]}]},{"@type":"ImageObject","inLanguage":"fr-FR","@id":"https:\/\/pruefservice-stuttgart.de\/dguv-v3-prueffristen\/#primaryimage","url":"https:\/\/pruefservice-stuttgart.de\/wp-content\/uploads\/2025\/05\/1623043848188882487-1024x482-1.webp","contentUrl":"https:\/\/pruefservice-stuttgart.de\/wp-content\/uploads\/2025\/05\/1623043848188882487-1024x482-1.webp"},{"@type":"BreadcrumbList","@id":"https:\/\/pruefservice-stuttgart.de\/dguv-v3-prueffristen\/#breadcrumb","itemListElement":[{"@type":"ListItem","position":1,"name":"Startseite","item":"https:\/\/pruefservice-stuttgart.de\/"},{"@type":"ListItem","position":2,"name":"DGUV V3 Pr\u00fcffristen"}]},{"@type":"WebSite","@id":"https:\/\/pruefservice-stuttgart.de\/#website","url":"https:\/\/pruefservice-stuttgart.de\/","name":"pruefservice-stuttgart.de","description":"","publisher":{"@id":"https:\/\/pruefservice-stuttgart.de\/#organization"},"potentialAction":[{"@type":"SearchAction","target":{"@type":"EntryPoint","urlTemplate":"https:\/\/pruefservice-stuttgart.de\/?s={search_term_string}"},"query-input":{"@type":"PropertyValueSpecification","valueRequired":true,"valueName":"search_term_string"}}],"inLanguage":"fr-FR"},{"@type":"Organization","@id":"https:\/\/pruefservice-stuttgart.de\/#organization","name":"pruefservice-stuttgart.de","url":"https:\/\/pruefservice-stuttgart.de\/","logo":{"@type":"ImageObject","inLanguage":"fr-FR","@id":"https:\/\/pruefservice-stuttgart.de\/#\/schema\/logo\/image\/","url":"https:\/\/pruefservice-stuttgart.de\/wp-content\/uploads\/2025\/05\/cropped-pruefservice-stuttgart-4-300x300-1.webp","contentUrl":"https:\/\/pruefservice-stuttgart.de\/wp-content\/uploads\/2025\/05\/cropped-pruefservice-stuttgart-4-300x300-1.webp","width":300,"height":100,"caption":"pruefservice-stuttgart.de"},"image":{"@id":"https:\/\/pruefservice-stuttgart.de\/#\/schema\/logo\/image\/"}}]}},"uagb_featured_image_src":{"full":false,"thumbnail":false,"medium":false,"medium_large":false,"large":false,"1536x1536":false,"2048x2048":false,"trp-custom-language-flag":false},"uagb_author_info":{"display_name":"emilkemal4@gmail.com","author_link":"https:\/\/pruefservice-stuttgart.de\/fr\/author\/emilkemal4gmail-com\/"},"uagb_comment_info":0,"uagb_excerpt":"DGUV V3 Pr\u00fcffristen Wie oft m\u00fcssen elektrische Ger\u00e4te und Anlagen gepr\u00fcft werden? Die DGUV Vorschrift 3 schreibt vor, dass elektrische Betriebsmittel und Anlagen regelm\u00e4\u00dfig gepr\u00fcft werden m\u00fcssen.Doch was bedeutet \u201eregelm\u00e4\u00dfig\u201c genau? Die Antwort h\u00e4ngt von mehreren Faktoren ab \u2013 z.\u202fB. dem Einsatzort, der Nutzungsh\u00e4ufigkeit und dem Gef\u00e4hrdungspotenzial.Auf dieser Seite finden Sie eine \u00dcbersicht \u00fcber empfohlene\u2026","_links":{"self":[{"href":"https:\/\/pruefservice-stuttgart.de\/fr\/wp-json\/wp\/v2\/pages\/2298","targetHints":{"allow":["GET"]}}],"collection":[{"href":"https:\/\/pruefservice-stuttgart.de\/fr\/wp-json\/wp\/v2\/pages"}],"about":[{"href":"https:\/\/pruefservice-stuttgart.de\/fr\/wp-json\/wp\/v2\/types\/page"}],"author":[{"embeddable":true,"href":"https:\/\/pruefservice-stuttgart.de\/fr\/wp-json\/wp\/v2\/users\/1"}],"replies":[{"embeddable":true,"href":"https:\/\/pruefservice-stuttgart.de\/fr\/wp-json\/wp\/v2\/comments?post=2298"}],"version-history":[{"count":4,"href":"https:\/\/pruefservice-stuttgart.de\/fr\/wp-json\/wp\/v2\/pages\/2298\/revisions"}],"predecessor-version":[{"id":2304,"href":"https:\/\/pruefservice-stuttgart.de\/fr\/wp-json\/wp\/v2\/pages\/2298\/revisions\/2304"}],"wp:attachment":[{"href":"https:\/\/pruefservice-stuttgart.de\/fr\/wp-json\/wp\/v2\/media?parent=2298"}],"curies":[{"name":"wp","href":"https:\/\/api.w.org\/{rel}","templated":true}]}}