{"id":2148,"date":"2025-05-05T16:49:35","date_gmt":"2025-05-05T16:49:35","guid":{"rendered":"https:\/\/pruefservice-stuttgart.de\/?page_id=2148"},"modified":"2025-05-05T16:49:35","modified_gmt":"2025-05-05T16:49:35","slug":"fi-schutzschalter","status":"publish","type":"page","link":"https:\/\/pruefservice-stuttgart.de\/nl\/aardlekschakelaar\/","title":{"rendered":"aardlekschakelaar"},"content":{"rendered":"<div class=\"wp-block-uagb-container uagb-block-5451af51 alignfull uagb-is-root-container\"><div class=\"uagb-container-inner-blocks-wrap\">\n<div class=\"wp-block-uagb-advanced-heading uagb-block-f45ed1f8\"><h1 class=\"uagb-heading-text\">aardlekschakelaar<\/h1><\/div>\n<\/div><\/div>\n\n\n\n<div class=\"wp-block-uagb-container uagb-block-wlmazrwo alignfull uagb-is-root-container\"><div class=\"uagb-container-inner-blocks-wrap\">\n<div class=\"wp-block-uagb-info-box uagb-block-iltukphi uagb-infobox__content-wrap  uagb-infobox-icon-above-title uagb-infobox-image-valign-top\"><div class=\"uagb-ifb-content\"><div class=\"uagb-ifb-title-wrap\"><h2 class=\"uagb-ifb-title\">Testen van aardlekschakelaars volgens DGUV-regelgeving 3<\/h2><\/div><\/div><\/div>\n\n\n\n<div class=\"wp-block-uagb-container uagb-block-0btjzulc alignfull uagb-is-root-container\"><div class=\"uagb-container-inner-blocks-wrap\">\n<div class=\"wp-block-uagb-image aligncenter uagb-block-6xnwaqpe wp-block-uagb-image--layout-default wp-block-uagb-image--effect-static wp-block-uagb-image--align-center alignleft\"><figure class=\"wp-block-uagb-image__figure\"><img decoding=\"async\" srcset=\"https:\/\/pruefservice-stuttgart.de\/wp-content\/uploads\/2025\/05\/image_fx-12-1024x559.png ,https:\/\/pruefservice-stuttgart.de\/wp-content\/uploads\/2025\/05\/image_fx-12.png 780w, https:\/\/pruefservice-stuttgart.de\/wp-content\/uploads\/2025\/05\/image_fx-12.png 360w\" sizes=\"auto, (max-width: 480px) 150px\" src=\"https:\/\/pruefservice-stuttgart.de\/wp-content\/uploads\/2025\/05\/image_fx-12-1024x559.png\" alt=\"\" class=\"uag-image-1968\" width=\"400\" height=\"400\" title=\"afbeelding_fx (12)\" loading=\"lazy\" role=\"img\"\/><\/figure><\/div>\n\n\n\n<div class=\"wp-block-uagb-container uagb-block-xrkfcv1q\">\n<div class=\"wp-block-uagb-info-box uagb-block-amettuy1 uagb-infobox__content-wrap  uagb-infobox-icon-above-title uagb-infobox-image-valign-top wp-block-uagb-info-box--has-margin\"><div class=\"uagb-infobox-margin-wrapper\"><div class=\"uagb-ifb-content\"><div class=\"uagb-ifb-title-wrap\"><\/div><p class=\"uagb-ifb-desc\"><strong>FI-schakelaar (aardlekschakelaar)<\/strong> zijn levensreddende componenten in elk elektrisch systeem.<br>Ze beschermen mensen tegen gevaarlijke elektrische ongevallen en zijn in veel gebieden wettelijk verplicht.<br>Om ervoor te zorgen dat ze in noodgevallen betrouwbaar afgaan, moeten ze regelmatig worden gecontroleerd \u2013 wij doen dit voor u na <strong>DGUV-verordening 3<\/strong> En <strong>DIN VDE 0100-600 \/ 0105-100<\/strong>.<\/p><\/div><\/div><\/div>\n<\/div>\n<\/div><\/div>\n<\/div><\/div>\n\n\n\n<div class=\"wp-block-uagb-info-box uagb-block-vxt9lhwy uagb-infobox__content-wrap  uagb-infobox-icon-above-title uagb-infobox-image-valign-top wp-block-uagb-info-box--has-margin\"><div class=\"uagb-infobox-margin-wrapper\"><div class=\"uagb-ifb-content\"><div class=\"uagb-ifb-title-wrap\"><h2 class=\"uagb-ifb-title\">Wat doet een aardlekschakelaar?<\/h2><\/div><p class=\"uagb-ifb-desc\">Een aardlekschakelaar detecteert foutstromen, bijvoorbeeld: B. Wanneer er stroom door het menselijk lichaam naar de aarde stroomt, wordt het circuit binnen milliseconden uitgeschakeld.<br>Toepassingsgebieden:<br>Huishoudens, kantoren, openbare gebouwen<br>Bouwplaatsen en werkplaatsen<br>Ziekenhuizen, verpleeghuizen<br>Industrie &amp; Handel<\/p><\/div><\/div><\/div>\n\n\n\n<div class=\"wp-block-uagb-info-box uagb-block-bfc21e13 uagb-infobox__content-wrap  uagb-infobox-icon-above-title uagb-infobox-image-valign-top\"><div class=\"uagb-ifb-content\"><div class=\"uagb-ifb-title-wrap\"><h2 class=\"uagb-ifb-title\">Waarom is regelmatig testen noodzakelijk?<\/h2><\/div><p class=\"uagb-ifb-desc\">Naar <strong>Risico op elektrische schok<\/strong> betrouwbaar vermijden<br>Naar <strong>wettelijke voorschriften<\/strong> voldoen aan<br>Naar <strong>Verzekeringsmaatschappijen en overheden<\/strong> beschermd worden<br>Om ervoor te zorgen dat de FI in noodgevallen werkt<\/p><\/div><\/div>\n\n\n\n<div class=\"wp-block-uagb-info-box uagb-block-d5aae78c uagb-infobox__content-wrap  uagb-infobox-icon-above-title uagb-infobox-image-valign-top\"><div class=\"uagb-ifb-content\"><div class=\"uagb-ifb-title-wrap\"><h2 class=\"uagb-ifb-title\">Zo werkt de FI-test<\/h2><\/div><p class=\"uagb-ifb-desc\">Onze gekwalificeerde testers voeren de FI-testen uit met behulp van gekalibreerde testapparatuur in overeenstemming met de huidige normen:<br><strong>Visuele inspectie<\/strong><br>Controleer op zichtbare schade, correcte installatie en markering<br><strong>Triggertest<\/strong><br>Testen van de uitschakeltijd en stroom met behulp van een testknop en simulatie<br><strong>documentatie<\/strong><br>Registratie van meetwaarden + aanbrengen van een teststicker met datum<\/p><\/div><\/div>\n\n\n\n<div class=\"wp-block-uagb-info-box uagb-block-a9ab463c uagb-infobox__content-wrap  uagb-infobox-icon-above-title uagb-infobox-image-valign-top\"><div class=\"uagb-ifb-content\"><div class=\"uagb-ifb-title-wrap\"><h2 class=\"uagb-ifb-title\">Inspectie-intervallen voor aardlekschakelaars<\/h2><\/div><p class=\"uagb-ifb-desc\">De testfrequentie is afhankelijk van de locatie:<br><strong>In kantoren en openbare gebouwen:<\/strong> elke 6 tot 12 maanden<br><strong>Op bouwplaatsen:<\/strong> elke 3 maanden<br><strong>Na wijzigingen of reparaties:<\/strong> onmiddellijke hertest<br><strong>Aanbevolen voor particuliere huishoudens:<\/strong> elke 2 jaar<br>Wij adviseren u graag over de optimale inspectietermijn voor uw situatie.<\/p><\/div><\/div>\n\n\n\n<div class=\"wp-block-uagb-info-box uagb-block-35f8dd76 uagb-infobox__content-wrap  uagb-infobox-icon-above-title uagb-infobox-image-valign-top\"><div class=\"uagb-ifb-content\"><div class=\"uagb-ifb-title-wrap\"><h2 class=\"uagb-ifb-title\">Uw voordelen bij pruefservice-stuttgart.de<\/h2><\/div><p class=\"uagb-ifb-desc\">Inspectie door ervaren elektriciens<br>Gebruik van moderne, gekalibreerde testapparatuur<br>Volledige documentatie voor autoriteiten en verzekeraars<br>Flexibele afspraakplanning en herinneringsservice<br>Regionale nabijheid &amp; persoonlijk contact<\/p><\/div><\/div>\n\n\n\n<div class=\"wp-block-uagb-container uagb-block-9caa1a47 alignfull uagb-is-root-container\"><div class=\"uagb-container-inner-blocks-wrap\">\n<div class=\"wp-block-uagb-advanced-heading uagb-block-1ed0e64e\"><div class=\"uagb-heading-text\">Laat ons helpen<\/div><\/div>\n\n\n\n<div class=\"wp-block-uagb-advanced-heading uagb-block-3a57683f\"><h2 class=\"uagb-heading-text\">\ud83d\udcde Persoonlijk advies voor uw branche<\/h2><\/div>\n\n\n\n<div class=\"wp-block-uagb-buttons uagb-buttons__outer-wrap uagb-btn__default-btn uagb-btn-tablet__default-btn uagb-btn-mobile__default-btn uagb-block-9979be0d\"><div class=\"uagb-buttons__wrap uagb-buttons-layout-wrap\">\n<div class=\"wp-block-uagb-buttons-child uagb-buttons__outer-wrap uagb-block-84fd34e5 wp-block-button\"><div class=\"uagb-button__wrapper\"><a class=\"uagb-buttons-repeater wp-block-button__link\" aria-label=\"\" href=\"https:\/\/pruefservice-stuttgart.de\/nl\/neem-contact-met-ons-op\/\" rel=\"follow noopener\" target=\"_self\" role=\"button\"><div class=\"uagb-button__link\">Neem nu contact met ons op<\/div><\/a><\/div><\/div>\n<\/div><\/div>\n\n\n\n<div class=\"wp-block-uagb-advanced-heading uagb-block-838a0a13\"><div class=\"uagb-separator\"><\/div><h3 class=\"uagb-heading-text\">Wilt u meer weten over branchespecifieke testconcepten? <\/h3><\/div>\n\n\n\n<div class=\"wp-block-uagb-advanced-heading uagb-block-809e7d0a\"><div class=\"uagb-separator\"><\/div><h3 class=\"uagb-heading-text\">+49 177 49 50 635 \u2013 wij adviseren u vrijblijvend en individueel.<\/h3><\/div>\n<\/div><\/div>","protected":false},"excerpt":{"rendered":"<p>aardlekschakelaar<\/p>","protected":false},"author":1,"featured_media":0,"parent":0,"menu_order":0,"comment_status":"closed","ping_status":"closed","template":"","meta":{"_uag_custom_page_level_css":"","site-sidebar-layout":"default","site-content-layout":"","ast-site-content-layout":"default","site-content-style":"default","site-sidebar-style":"default","ast-global-header-display":"","ast-banner-title-visibility":"","ast-main-header-display":"","ast-hfb-above-header-display":"","ast-hfb-below-header-display":"","ast-hfb-mobile-header-display":"","site-post-title":"disabled","ast-breadcrumbs-content":"","ast-featured-img":"","footer-sml-layout":"","ast-disable-related-posts":"","theme-transparent-header-meta":"","adv-header-id-meta":"","stick-header-meta":"","header-above-stick-meta":"","header-main-stick-meta":"","header-below-stick-meta":"","astra-migrate-meta-layouts":"set","ast-page-background-enabled":"default","ast-page-background-meta":{"desktop":{"background-color":"var(--ast-global-color-4)","background-image":"","background-repeat":"repeat","background-position":"center center","background-size":"auto","background-attachment":"scroll","background-type":"","background-media":"","overlay-type":"","overlay-color":"","overlay-opacity":"","overlay-gradient":""},"tablet":{"background-color":"","background-image":"","background-repeat":"repeat","background-position":"center center","background-size":"auto","background-attachment":"scroll","background-type":"","background-media":"","overlay-type":"","overlay-color":"","overlay-opacity":"","overlay-gradient":""},"mobile":{"background-color":"","background-image":"","background-repeat":"repeat","background-position":"center center","background-size":"auto","background-attachment":"scroll","background-type":"","background-media":"","overlay-type":"","overlay-color":"","overlay-opacity":"","overlay-gradient":""}},"ast-content-background-meta":{"desktop":{"background-color":"var(--ast-global-color-5)","background-image":"","background-repeat":"repeat","background-position":"center center","background-size":"auto","background-attachment":"scroll","background-type":"","background-media":"","overlay-type":"","overlay-color":"","overlay-opacity":"","overlay-gradient":""},"tablet":{"background-color":"var(--ast-global-color-5)","background-image":"","background-repeat":"repeat","background-position":"center center","background-size":"auto","background-attachment":"scroll","background-type":"","background-media":"","overlay-type":"","overlay-color":"","overlay-opacity":"","overlay-gradient":""},"mobile":{"background-color":"var(--ast-global-color-5)","background-image":"","background-repeat":"repeat","background-position":"center center","background-size":"auto","background-attachment":"scroll","background-type":"","background-media":"","overlay-type":"","overlay-color":"","overlay-opacity":"","overlay-gradient":""}},"footnotes":""},"class_list":["post-2148","page","type-page","status-publish","hentry"],"yoast_head":"<!-- This site is optimized with the Yoast SEO plugin v27.4 - https:\/\/yoast.com\/product\/yoast-seo-wordpress\/ -->\n<title>Entr\u00fcmpelung Berlin | Schnell &amp; Preiswert r\u00e4umen lassen<\/title>\n<meta name=\"description\" content=\"Professionelle Entr\u00fcmpelung in Berlin \u2013 Wohnung, Keller oder Haus leer r\u00e4umen lassen. Jetzt Angebot sichern!\" \/>\n<meta name=\"robots\" content=\"index, follow, max-snippet:-1, max-image-preview:large, max-video-preview:-1\" \/>\n<link rel=\"canonical\" href=\"https:\/\/pruefservice-stuttgart.de\/nl\/aardlekschakelaar\/\" \/>\n<meta property=\"og:locale\" content=\"nl_NL\" \/>\n<meta property=\"og:type\" content=\"article\" \/>\n<meta property=\"og:title\" content=\"Entr\u00fcmpelung Berlin | Schnell &amp; Preiswert r\u00e4umen lassen\" \/>\n<meta property=\"og:description\" content=\"Professionelle Entr\u00fcmpelung in Berlin \u2013 Wohnung, Keller oder Haus leer r\u00e4umen lassen. Jetzt Angebot sichern!\" \/>\n<meta property=\"og:url\" content=\"https:\/\/pruefservice-stuttgart.de\/nl\/aardlekschakelaar\/\" \/>\n<meta property=\"og:site_name\" content=\"pruefservice-stuttgart.de\" \/>\n<meta property=\"og:image\" content=\"https:\/\/pruefservice-stuttgart.de\/wp-content\/uploads\/2025\/05\/image_fx-12-1024x559.png\" \/>\n<meta name=\"twitter:card\" content=\"summary_large_image\" \/>\n<meta name=\"twitter:label1\" content=\"Geschatte leestijd\" \/>\n\t<meta name=\"twitter:data1\" content=\"2 minuten\" \/>\n<script type=\"application\/ld+json\" class=\"yoast-schema-graph\">{\"@context\":\"https:\\\/\\\/schema.org\",\"@graph\":[{\"@type\":\"WebPage\",\"@id\":\"https:\\\/\\\/pruefservice-stuttgart.de\\\/fi-schutzschalter\\\/\",\"url\":\"https:\\\/\\\/pruefservice-stuttgart.de\\\/fi-schutzschalter\\\/\",\"name\":\"Entr\u00fcmpelung Berlin | Schnell & Preiswert r\u00e4umen lassen\",\"isPartOf\":{\"@id\":\"https:\\\/\\\/pruefservice-stuttgart.de\\\/#website\"},\"primaryImageOfPage\":{\"@id\":\"https:\\\/\\\/pruefservice-stuttgart.de\\\/fi-schutzschalter\\\/#primaryimage\"},\"image\":{\"@id\":\"https:\\\/\\\/pruefservice-stuttgart.de\\\/fi-schutzschalter\\\/#primaryimage\"},\"thumbnailUrl\":\"https:\\\/\\\/pruefservice-stuttgart.de\\\/wp-content\\\/uploads\\\/2025\\\/05\\\/image_fx-12-1024x559.png\",\"datePublished\":\"2025-05-05T16:49:35+00:00\",\"description\":\"Professionelle Entr\u00fcmpelung in Berlin \u2013 Wohnung, Keller oder Haus leer r\u00e4umen lassen. Jetzt Angebot sichern!\",\"breadcrumb\":{\"@id\":\"https:\\\/\\\/pruefservice-stuttgart.de\\\/fi-schutzschalter\\\/#breadcrumb\"},\"inLanguage\":\"nl-NL\",\"potentialAction\":[{\"@type\":\"ReadAction\",\"target\":[\"https:\\\/\\\/pruefservice-stuttgart.de\\\/fi-schutzschalter\\\/\"]}]},{\"@type\":\"ImageObject\",\"inLanguage\":\"nl-NL\",\"@id\":\"https:\\\/\\\/pruefservice-stuttgart.de\\\/fi-schutzschalter\\\/#primaryimage\",\"url\":\"https:\\\/\\\/pruefservice-stuttgart.de\\\/wp-content\\\/uploads\\\/2025\\\/05\\\/image_fx-12-1024x559.png\",\"contentUrl\":\"https:\\\/\\\/pruefservice-stuttgart.de\\\/wp-content\\\/uploads\\\/2025\\\/05\\\/image_fx-12-1024x559.png\"},{\"@type\":\"BreadcrumbList\",\"@id\":\"https:\\\/\\\/pruefservice-stuttgart.de\\\/fi-schutzschalter\\\/#breadcrumb\",\"itemListElement\":[{\"@type\":\"ListItem\",\"position\":1,\"name\":\"Startseite\",\"item\":\"https:\\\/\\\/pruefservice-stuttgart.de\\\/\"},{\"@type\":\"ListItem\",\"position\":2,\"name\":\"FI-Schutzschalter\"}]},{\"@type\":\"WebSite\",\"@id\":\"https:\\\/\\\/pruefservice-stuttgart.de\\\/#website\",\"url\":\"https:\\\/\\\/pruefservice-stuttgart.de\\\/\",\"name\":\"pruefservice-stuttgart.de\",\"description\":\"\",\"publisher\":{\"@id\":\"https:\\\/\\\/pruefservice-stuttgart.de\\\/#organization\"},\"potentialAction\":[{\"@type\":\"SearchAction\",\"target\":{\"@type\":\"EntryPoint\",\"urlTemplate\":\"https:\\\/\\\/pruefservice-stuttgart.de\\\/?s={search_term_string}\"},\"query-input\":{\"@type\":\"PropertyValueSpecification\",\"valueRequired\":true,\"valueName\":\"search_term_string\"}}],\"inLanguage\":\"nl-NL\"},{\"@type\":\"Organization\",\"@id\":\"https:\\\/\\\/pruefservice-stuttgart.de\\\/#organization\",\"name\":\"pruefservice-stuttgart.de\",\"url\":\"https:\\\/\\\/pruefservice-stuttgart.de\\\/\",\"logo\":{\"@type\":\"ImageObject\",\"inLanguage\":\"nl-NL\",\"@id\":\"https:\\\/\\\/pruefservice-stuttgart.de\\\/#\\\/schema\\\/logo\\\/image\\\/\",\"url\":\"https:\\\/\\\/pruefservice-stuttgart.de\\\/wp-content\\\/uploads\\\/2025\\\/05\\\/cropped-pruefservice-stuttgart-4-300x300-1.webp\",\"contentUrl\":\"https:\\\/\\\/pruefservice-stuttgart.de\\\/wp-content\\\/uploads\\\/2025\\\/05\\\/cropped-pruefservice-stuttgart-4-300x300-1.webp\",\"width\":300,\"height\":100,\"caption\":\"pruefservice-stuttgart.de\"},\"image\":{\"@id\":\"https:\\\/\\\/pruefservice-stuttgart.de\\\/#\\\/schema\\\/logo\\\/image\\\/\"}}]}<\/script>\n<!-- \/ Yoast SEO plugin. -->","yoast_head_json":{"title":"Opruiming Berlijn | Snel en voordelig opruimen","description":"Professionele ontruiming in Berlijn \u2013 laat uw appartement, kelder of huis leegruimen. Verzeker u nu van een bod!","robots":{"index":"index","follow":"follow","max-snippet":"max-snippet:-1","max-image-preview":"max-image-preview:large","max-video-preview":"max-video-preview:-1"},"canonical":"https:\/\/pruefservice-stuttgart.de\/nl\/aardlekschakelaar\/","og_locale":"nl_NL","og_type":"article","og_title":"Entr\u00fcmpelung Berlin | Schnell & Preiswert r\u00e4umen lassen","og_description":"Professionelle Entr\u00fcmpelung in Berlin \u2013 Wohnung, Keller oder Haus leer r\u00e4umen lassen. Jetzt Angebot sichern!","og_url":"https:\/\/pruefservice-stuttgart.de\/nl\/aardlekschakelaar\/","og_site_name":"pruefservice-stuttgart.de","og_image":[{"url":"https:\/\/pruefservice-stuttgart.de\/wp-content\/uploads\/2025\/05\/image_fx-12-1024x559.png","type":"","width":"","height":""}],"twitter_card":"summary_large_image","twitter_misc":{"Geschatte leestijd":"2 minuten"},"schema":{"@context":"https:\/\/schema.org","@graph":[{"@type":"WebPage","@id":"https:\/\/pruefservice-stuttgart.de\/fi-schutzschalter\/","url":"https:\/\/pruefservice-stuttgart.de\/fi-schutzschalter\/","name":"Opruiming Berlijn | Snel en voordelig opruimen","isPartOf":{"@id":"https:\/\/pruefservice-stuttgart.de\/#website"},"primaryImageOfPage":{"@id":"https:\/\/pruefservice-stuttgart.de\/fi-schutzschalter\/#primaryimage"},"image":{"@id":"https:\/\/pruefservice-stuttgart.de\/fi-schutzschalter\/#primaryimage"},"thumbnailUrl":"https:\/\/pruefservice-stuttgart.de\/wp-content\/uploads\/2025\/05\/image_fx-12-1024x559.png","datePublished":"2025-05-05T16:49:35+00:00","description":"Professionele ontruiming in Berlijn \u2013 laat uw appartement, kelder of huis leegruimen. Verzeker u nu van een bod!","breadcrumb":{"@id":"https:\/\/pruefservice-stuttgart.de\/fi-schutzschalter\/#breadcrumb"},"inLanguage":"nl-NL","potentialAction":[{"@type":"ReadAction","target":["https:\/\/pruefservice-stuttgart.de\/fi-schutzschalter\/"]}]},{"@type":"ImageObject","inLanguage":"nl-NL","@id":"https:\/\/pruefservice-stuttgart.de\/fi-schutzschalter\/#primaryimage","url":"https:\/\/pruefservice-stuttgart.de\/wp-content\/uploads\/2025\/05\/image_fx-12-1024x559.png","contentUrl":"https:\/\/pruefservice-stuttgart.de\/wp-content\/uploads\/2025\/05\/image_fx-12-1024x559.png"},{"@type":"BreadcrumbList","@id":"https:\/\/pruefservice-stuttgart.de\/fi-schutzschalter\/#breadcrumb","itemListElement":[{"@type":"ListItem","position":1,"name":"Startseite","item":"https:\/\/pruefservice-stuttgart.de\/"},{"@type":"ListItem","position":2,"name":"FI-Schutzschalter"}]},{"@type":"WebSite","@id":"https:\/\/pruefservice-stuttgart.de\/#website","url":"https:\/\/pruefservice-stuttgart.de\/","name":"pruefservice-stuttgart.de","description":"","publisher":{"@id":"https:\/\/pruefservice-stuttgart.de\/#organization"},"potentialAction":[{"@type":"SearchAction","target":{"@type":"EntryPoint","urlTemplate":"https:\/\/pruefservice-stuttgart.de\/?s={search_term_string}"},"query-input":{"@type":"PropertyValueSpecification","valueRequired":true,"valueName":"search_term_string"}}],"inLanguage":"nl-NL"},{"@type":"Organization","@id":"https:\/\/pruefservice-stuttgart.de\/#organization","name":"pruefservice-stuttgart.de","url":"https:\/\/pruefservice-stuttgart.de\/","logo":{"@type":"ImageObject","inLanguage":"nl-NL","@id":"https:\/\/pruefservice-stuttgart.de\/#\/schema\/logo\/image\/","url":"https:\/\/pruefservice-stuttgart.de\/wp-content\/uploads\/2025\/05\/cropped-pruefservice-stuttgart-4-300x300-1.webp","contentUrl":"https:\/\/pruefservice-stuttgart.de\/wp-content\/uploads\/2025\/05\/cropped-pruefservice-stuttgart-4-300x300-1.webp","width":300,"height":100,"caption":"pruefservice-stuttgart.de"},"image":{"@id":"https:\/\/pruefservice-stuttgart.de\/#\/schema\/logo\/image\/"}}]}},"uagb_featured_image_src":{"full":false,"thumbnail":false,"medium":false,"medium_large":false,"large":false,"1536x1536":false,"2048x2048":false,"trp-custom-language-flag":false},"uagb_author_info":{"display_name":"emilkemal4@gmail.com","author_link":"https:\/\/pruefservice-stuttgart.de\/nl\/author\/emilkemal4gmail-com\/"},"uagb_comment_info":0,"uagb_excerpt":"FI-Schutzschalter","_links":{"self":[{"href":"https:\/\/pruefservice-stuttgart.de\/nl\/wp-json\/wp\/v2\/pages\/2148","targetHints":{"allow":["GET"]}}],"collection":[{"href":"https:\/\/pruefservice-stuttgart.de\/nl\/wp-json\/wp\/v2\/pages"}],"about":[{"href":"https:\/\/pruefservice-stuttgart.de\/nl\/wp-json\/wp\/v2\/types\/page"}],"author":[{"embeddable":true,"href":"https:\/\/pruefservice-stuttgart.de\/nl\/wp-json\/wp\/v2\/users\/1"}],"replies":[{"embeddable":true,"href":"https:\/\/pruefservice-stuttgart.de\/nl\/wp-json\/wp\/v2\/comments?post=2148"}],"version-history":[{"count":2,"href":"https:\/\/pruefservice-stuttgart.de\/nl\/wp-json\/wp\/v2\/pages\/2148\/revisions"}],"predecessor-version":[{"id":2151,"href":"https:\/\/pruefservice-stuttgart.de\/nl\/wp-json\/wp\/v2\/pages\/2148\/revisions\/2151"}],"wp:attachment":[{"href":"https:\/\/pruefservice-stuttgart.de\/nl\/wp-json\/wp\/v2\/media?parent=2148"}],"curies":[{"name":"wp","href":"https:\/\/api.w.org\/{rel}","templated":true}]}}