{"id":2305,"date":"2025-05-05T19:50:29","date_gmt":"2025-05-05T19:50:29","guid":{"rendered":"https:\/\/pruefservice-stuttgart.de\/?page_id=2305"},"modified":"2025-05-05T19:50:30","modified_gmt":"2025-05-05T19:50:30","slug":"dguv-v3-pruefprotokoll","status":"publish","type":"page","link":"https:\/\/pruefservice-stuttgart.de\/nl\/dguv-v3-testrapport\/","title":{"rendered":"DGUV V3-testrapport"},"content":{"rendered":"<div class=\"wp-block-uagb-container uagb-block-4c3875af alignfull uagb-is-root-container\"><div class=\"uagb-container-inner-blocks-wrap\">\n<div class=\"wp-block-uagb-advanced-heading uagb-block-36237826\"><h1 class=\"uagb-heading-text\">DGUV V3-testrapport<\/h1><\/div>\n<\/div><\/div>\n\n\n\n<div class=\"wp-block-uagb-container uagb-block-5cf03063 alignfull uagb-is-root-container\"><div class=\"uagb-container-inner-blocks-wrap\">\n<div class=\"wp-block-uagb-image alignleft uagb-block-6d75d68d wp-block-uagb-image--layout-default wp-block-uagb-image--effect-static wp-block-uagb-image--align-left\"><figure class=\"wp-block-uagb-image__figure\"><img decoding=\"async\" srcset=\"https:\/\/pruefservice-stuttgart.de\/wp-content\/uploads\/2025\/05\/1623043848188882487-1024x482-1.webp ,https:\/\/pruefservice-stuttgart.de\/wp-content\/uploads\/2025\/05\/1623043848188882487-1024x482-1.webp 780w, https:\/\/pruefservice-stuttgart.de\/wp-content\/uploads\/2025\/05\/1623043848188882487-1024x482-1.webp 360w\" sizes=\"auto, (max-width: 480px) 150px\" src=\"https:\/\/pruefservice-stuttgart.de\/wp-content\/uploads\/2025\/05\/1623043848188882487-1024x482-1.webp\" alt=\"\" class=\"uag-image-1991\" width=\"575\" height=\"480\" title=\"1623043848188882487-1024x482\" loading=\"lazy\" role=\"img\"\/><\/figure><\/div>\n\n\n\n<div class=\"wp-block-uagb-container uagb-block-05150e62\">\n<div class=\"wp-block-uagb-advanced-heading uagb-block-a2b3848d\"><h2 class=\"uagb-heading-text\">Wat staat er in een wettelijk conform testrapport?<\/h2><p class=\"uagb-desc-text\">Na elke test volgens <strong>DGUV-verordening 3<\/strong> je ontvangt een <strong>schriftelijk testrapport<\/strong>, wat als officieel bewijs van de uitgevoerde veiligheidscontrole dient.<br>Het documenteert gedetailleerd, <strong>welke apparaten en systemen werden getest<\/strong>, met welke resultaten en of maatregelen nodig zijn.<\/p><\/div>\n<\/div>\n<\/div><\/div>\n\n\n\n<div class=\"wp-block-uagb-container uagb-block-qd2taihi alignfull uagb-is-root-container\"><div class=\"uagb-container-inner-blocks-wrap\">\n<div class=\"wp-block-uagb-info-box uagb-block-iz8lz3nx uagb-infobox__content-wrap  uagb-infobox-icon-above-title uagb-infobox-image-valign-top\"><div class=\"uagb-ifb-content\"><div class=\"uagb-ifb-title-wrap\"><h2 class=\"uagb-ifb-title\">Wat zegt het testrapport?<\/h2><\/div><p class=\"uagb-ifb-desc\">Een volledig testrapport bevat onder andere de volgende informatie:<br><strong>Apparaatnaam en inventarisnummer<\/strong><br><strong>Werkplek &amp; locatie<\/strong><br><strong>Inspectiedatum &amp; volgende inspectiedatum<\/strong><br><strong>Naam en kwalificatie van de examinator<\/strong><br><strong>Toegepaste normen<\/strong> (bijv. DIN VDE 0701-0702, VDE 0105-100)<br><strong>Gemeten waarden<\/strong> (bijv. weerstand van de beschermingsgeleider, isolatieweerstand, lusimpedantie)<br><strong>Testresultaat<\/strong>: geslaagd \/ gezakt<br><strong>Beschrijving van de gebreken en aanbevolen maatregelen<\/strong> (indien nodig)<\/p><\/div><\/div>\n\n\n\n<div class=\"wp-block-uagb-info-box uagb-block-7471a508 uagb-infobox__content-wrap  uagb-infobox-icon-above-title uagb-infobox-image-valign-top\"><div class=\"uagb-ifb-content\"><div class=\"uagb-ifb-title-wrap\"><h2 class=\"uagb-ifb-title\">Bovendien: Inspectiestickers &amp; overzichten<\/h2><\/div><p class=\"uagb-ifb-desc\">Naast het testrapport ontvangt u:<br><strong>Inspectiestickers<\/strong> direct op het apparaat of systeem<br><strong>Collectief overzicht<\/strong> alle geteste apparaten<br><strong>PDF-bestand voor digitale archivering<\/strong><br>Op verzoek: <strong>Excel-export of cloudgebaseerde overdracht<\/strong><\/p><\/div><\/div>\n\n\n\n<div class=\"wp-block-uagb-info-box uagb-block-b57d6510 uagb-infobox__content-wrap  uagb-infobox-icon-above-title uagb-infobox-image-valign-top\"><div class=\"uagb-ifb-content\"><div class=\"uagb-ifb-title-wrap\"><h2 class=\"uagb-ifb-title\">Wat gebeurt er als er gebreken zijn?<\/h2><\/div><p class=\"uagb-ifb-desc\">Gebreken worden duidelijk in het rapport beschreven<br>Aanbevelingen voor reparatie of buitengebruikstelling<br>Mogelijkheid van <strong>Inspectie na reparatie<\/strong><br>Classificatie: kritisch \/ gemiddeld \/ laag<\/p><\/div><\/div>\n\n\n\n<div class=\"wp-block-uagb-info-box uagb-block-1dbdd423 uagb-infobox__content-wrap  uagb-infobox-icon-above-title uagb-infobox-image-valign-top\"><div class=\"uagb-ifb-content\"><div class=\"uagb-ifb-title-wrap\"><h2 class=\"uagb-ifb-title\">Waarom is het testrapport belangrijk?<\/h2><\/div><p class=\"uagb-ifb-desc\"><strong>Rechtszekerheid<\/strong> tijdens offici\u00eble inspecties<br><strong>Verplichting tot het leveren van bewijs<\/strong> bij verzekeringsclaims<br><strong>Bescherming tegen aansprakelijkheid<\/strong> bij ongevallen of schade<br><strong>transparantie<\/strong> naar interne afdelingen en QM-systemen (bijv. ISO 9001)<\/p><\/div><\/div>\n\n\n\n<div class=\"wp-block-uagb-info-box uagb-block-0107b03a uagb-infobox__content-wrap  uagb-infobox-icon-above-title uagb-infobox-image-valign-top\"><div class=\"uagb-ifb-content\"><div class=\"uagb-ifb-title-wrap\"><h2 class=\"uagb-ifb-title\">\ud83d\udca1 Onze service<\/h2><\/div><p class=\"uagb-ifb-desc\">Bij pruefservice-stuttgart.de ontvangt u <strong>volledig gestructureerde en duidelijk voorbereide protocollen<\/strong> \u2013 met bedrijfslogo of individuele opmaak op aanvraag.<\/p><\/div><\/div>\n\n\n\n<div class=\"wp-block-uagb-container uagb-block-ndowxzi7\"><\/div>\n<\/div><\/div>\n\n\n\n<div class=\"wp-block-uagb-container uagb-block-9caa1a47 alignfull uagb-is-root-container\"><div class=\"uagb-container-inner-blocks-wrap\">\n<div class=\"wp-block-uagb-advanced-heading uagb-block-1ed0e64e\"><div class=\"uagb-heading-text\">Laat ons helpen<\/div><\/div>\n\n\n\n<div class=\"wp-block-uagb-advanced-heading uagb-block-3a57683f\"><h2 class=\"uagb-heading-text\">\ud83d\udcde Persoonlijk advies voor uw branche<\/h2><\/div>\n\n\n\n<div class=\"wp-block-uagb-buttons uagb-buttons__outer-wrap uagb-btn__default-btn uagb-btn-tablet__default-btn uagb-btn-mobile__default-btn uagb-block-9979be0d\"><div class=\"uagb-buttons__wrap uagb-buttons-layout-wrap\">\n<div class=\"wp-block-uagb-buttons-child uagb-buttons__outer-wrap uagb-block-84fd34e5 wp-block-button\"><div class=\"uagb-button__wrapper\"><a class=\"uagb-buttons-repeater wp-block-button__link\" aria-label=\"\" href=\"https:\/\/pruefservice-stuttgart.de\/nl\/neem-contact-met-ons-op\/\" rel=\"follow noopener\" target=\"_self\" role=\"button\"><div class=\"uagb-button__link\">Neem nu contact met ons op<\/div><\/a><\/div><\/div>\n<\/div><\/div>\n\n\n\n<div class=\"wp-block-uagb-advanced-heading uagb-block-838a0a13\"><div class=\"uagb-separator\"><\/div><h3 class=\"uagb-heading-text\">Wilt u meer weten over branchespecifieke testconcepten? <\/h3><\/div>\n\n\n\n<div class=\"wp-block-uagb-advanced-heading uagb-block-809e7d0a\"><div class=\"uagb-separator\"><\/div><h3 class=\"uagb-heading-text\">+49 177 49 50 635 \u2013 wij adviseren u vrijblijvend en individueel.<\/h3><\/div>\n<\/div><\/div>","protected":false},"excerpt":{"rendered":"<p>DGUV V3-testrapport Wat staat er in een wettelijk conform testrapport? Na elke inspectie conform DGUV-regelgeving 3 ontvangt u een schriftelijk inspectierapport dat als officieel bewijs van de uitgevoerde veiligheidsinspectie dient. Er wordt gedetailleerd gedocumenteerd welke apparaten en systemen zijn ge\u00efnspecteerd, met welke resultaten en of er maatregelen nodig zijn.<\/p>","protected":false},"author":1,"featured_media":0,"parent":0,"menu_order":0,"comment_status":"closed","ping_status":"closed","template":"","meta":{"_uag_custom_page_level_css":"","site-sidebar-layout":"no-sidebar","site-content-layout":"plain-container","ast-site-content-layout":"full-width-container","site-content-style":"unboxed","site-sidebar-style":"unboxed","ast-global-header-display":"","ast-banner-title-visibility":"","ast-main-header-display":"","ast-hfb-above-header-display":"","ast-hfb-below-header-display":"","ast-hfb-mobile-header-display":"","site-post-title":"disabled","ast-breadcrumbs-content":"","ast-featured-img":"","footer-sml-layout":"","ast-disable-related-posts":"","theme-transparent-header-meta":"","adv-header-id-meta":"","stick-header-meta":"","header-above-stick-meta":"","header-main-stick-meta":"","header-below-stick-meta":"","astra-migrate-meta-layouts":"set","ast-page-background-enabled":"default","ast-page-background-meta":{"desktop":{"background-color":"var(--ast-global-color-4)","background-image":"","background-repeat":"repeat","background-position":"center center","background-size":"auto","background-attachment":"scroll","background-type":"","background-media":"","overlay-type":"","overlay-color":"","overlay-opacity":"","overlay-gradient":""},"tablet":{"background-color":"","background-image":"","background-repeat":"repeat","background-position":"center center","background-size":"auto","background-attachment":"scroll","background-type":"","background-media":"","overlay-type":"","overlay-color":"","overlay-opacity":"","overlay-gradient":""},"mobile":{"background-color":"","background-image":"","background-repeat":"repeat","background-position":"center center","background-size":"auto","background-attachment":"scroll","background-type":"","background-media":"","overlay-type":"","overlay-color":"","overlay-opacity":"","overlay-gradient":""}},"ast-content-background-meta":{"desktop":{"background-color":"var(--ast-global-color-5)","background-image":"","background-repeat":"repeat","background-position":"center center","background-size":"auto","background-attachment":"scroll","background-type":"","background-media":"","overlay-type":"","overlay-color":"","overlay-opacity":"","overlay-gradient":""},"tablet":{"background-color":"var(--ast-global-color-5)","background-image":"","background-repeat":"repeat","background-position":"center center","background-size":"auto","background-attachment":"scroll","background-type":"","background-media":"","overlay-type":"","overlay-color":"","overlay-opacity":"","overlay-gradient":""},"mobile":{"background-color":"var(--ast-global-color-5)","background-image":"","background-repeat":"repeat","background-position":"center center","background-size":"auto","background-attachment":"scroll","background-type":"","background-media":"","overlay-type":"","overlay-color":"","overlay-opacity":"","overlay-gradient":""}},"footnotes":""},"class_list":["post-2305","page","type-page","status-publish","hentry"],"yoast_head":"<!-- This site is optimized with the Yoast SEO plugin v27.4 - https:\/\/yoast.com\/product\/yoast-seo-wordpress\/ -->\n<title>DGUV V3 Pr\u00fcfprotokoll - pruefservice-stuttgart.de<\/title>\n<meta name=\"robots\" content=\"index, follow, max-snippet:-1, max-image-preview:large, max-video-preview:-1\" \/>\n<link rel=\"canonical\" href=\"https:\/\/pruefservice-stuttgart.de\/nl\/dguv-v3-testrapport\/\" \/>\n<meta property=\"og:locale\" content=\"nl_NL\" \/>\n<meta property=\"og:type\" content=\"article\" \/>\n<meta property=\"og:title\" content=\"DGUV V3 Pr\u00fcfprotokoll - pruefservice-stuttgart.de\" \/>\n<meta property=\"og:description\" content=\"DGUV V3 Pr\u00fcfprotokoll Was beinhaltet ein rechtssicheres Pr\u00fcfprotokoll? Nach jeder Pr\u00fcfung gem\u00e4\u00df DGUV Vorschrift 3 erhalten Sie ein schriftliches Pr\u00fcfprotokoll, das als offizieller Nachweis f\u00fcr die durchgef\u00fchrte Sicherheitskontrolle dient.Es dokumentiert detailliert, welche Ger\u00e4te und Anlagen gepr\u00fcft wurden, mit welchen Ergebnissen und ob Ma\u00dfnahmen erforderlich sind.\" \/>\n<meta property=\"og:url\" content=\"https:\/\/pruefservice-stuttgart.de\/nl\/dguv-v3-testrapport\/\" \/>\n<meta property=\"og:site_name\" content=\"pruefservice-stuttgart.de\" \/>\n<meta property=\"article:modified_time\" content=\"2025-05-05T19:50:30+00:00\" \/>\n<meta property=\"og:image\" content=\"https:\/\/pruefservice-stuttgart.de\/wp-content\/uploads\/2025\/05\/1623043848188882487-1024x482-1.webp\" \/>\n<meta name=\"twitter:card\" content=\"summary_large_image\" \/>\n<meta name=\"twitter:label1\" content=\"Geschatte leestijd\" \/>\n\t<meta name=\"twitter:data1\" content=\"2 minuten\" \/>\n<script type=\"application\/ld+json\" class=\"yoast-schema-graph\">{\"@context\":\"https:\\\/\\\/schema.org\",\"@graph\":[{\"@type\":\"WebPage\",\"@id\":\"https:\\\/\\\/pruefservice-stuttgart.de\\\/dguv-v3-pruefprotokoll\\\/\",\"url\":\"https:\\\/\\\/pruefservice-stuttgart.de\\\/dguv-v3-pruefprotokoll\\\/\",\"name\":\"DGUV V3 Pr\u00fcfprotokoll - pruefservice-stuttgart.de\",\"isPartOf\":{\"@id\":\"https:\\\/\\\/pruefservice-stuttgart.de\\\/#website\"},\"primaryImageOfPage\":{\"@id\":\"https:\\\/\\\/pruefservice-stuttgart.de\\\/dguv-v3-pruefprotokoll\\\/#primaryimage\"},\"image\":{\"@id\":\"https:\\\/\\\/pruefservice-stuttgart.de\\\/dguv-v3-pruefprotokoll\\\/#primaryimage\"},\"thumbnailUrl\":\"https:\\\/\\\/pruefservice-stuttgart.de\\\/wp-content\\\/uploads\\\/2025\\\/05\\\/1623043848188882487-1024x482-1.webp\",\"datePublished\":\"2025-05-05T19:50:29+00:00\",\"dateModified\":\"2025-05-05T19:50:30+00:00\",\"breadcrumb\":{\"@id\":\"https:\\\/\\\/pruefservice-stuttgart.de\\\/dguv-v3-pruefprotokoll\\\/#breadcrumb\"},\"inLanguage\":\"nl-NL\",\"potentialAction\":[{\"@type\":\"ReadAction\",\"target\":[\"https:\\\/\\\/pruefservice-stuttgart.de\\\/dguv-v3-pruefprotokoll\\\/\"]}]},{\"@type\":\"ImageObject\",\"inLanguage\":\"nl-NL\",\"@id\":\"https:\\\/\\\/pruefservice-stuttgart.de\\\/dguv-v3-pruefprotokoll\\\/#primaryimage\",\"url\":\"https:\\\/\\\/pruefservice-stuttgart.de\\\/wp-content\\\/uploads\\\/2025\\\/05\\\/1623043848188882487-1024x482-1.webp\",\"contentUrl\":\"https:\\\/\\\/pruefservice-stuttgart.de\\\/wp-content\\\/uploads\\\/2025\\\/05\\\/1623043848188882487-1024x482-1.webp\"},{\"@type\":\"BreadcrumbList\",\"@id\":\"https:\\\/\\\/pruefservice-stuttgart.de\\\/dguv-v3-pruefprotokoll\\\/#breadcrumb\",\"itemListElement\":[{\"@type\":\"ListItem\",\"position\":1,\"name\":\"Startseite\",\"item\":\"https:\\\/\\\/pruefservice-stuttgart.de\\\/\"},{\"@type\":\"ListItem\",\"position\":2,\"name\":\"DGUV V3 Pr\u00fcfprotokoll\"}]},{\"@type\":\"WebSite\",\"@id\":\"https:\\\/\\\/pruefservice-stuttgart.de\\\/#website\",\"url\":\"https:\\\/\\\/pruefservice-stuttgart.de\\\/\",\"name\":\"pruefservice-stuttgart.de\",\"description\":\"\",\"publisher\":{\"@id\":\"https:\\\/\\\/pruefservice-stuttgart.de\\\/#organization\"},\"potentialAction\":[{\"@type\":\"SearchAction\",\"target\":{\"@type\":\"EntryPoint\",\"urlTemplate\":\"https:\\\/\\\/pruefservice-stuttgart.de\\\/?s={search_term_string}\"},\"query-input\":{\"@type\":\"PropertyValueSpecification\",\"valueRequired\":true,\"valueName\":\"search_term_string\"}}],\"inLanguage\":\"nl-NL\"},{\"@type\":\"Organization\",\"@id\":\"https:\\\/\\\/pruefservice-stuttgart.de\\\/#organization\",\"name\":\"pruefservice-stuttgart.de\",\"url\":\"https:\\\/\\\/pruefservice-stuttgart.de\\\/\",\"logo\":{\"@type\":\"ImageObject\",\"inLanguage\":\"nl-NL\",\"@id\":\"https:\\\/\\\/pruefservice-stuttgart.de\\\/#\\\/schema\\\/logo\\\/image\\\/\",\"url\":\"https:\\\/\\\/pruefservice-stuttgart.de\\\/wp-content\\\/uploads\\\/2025\\\/05\\\/cropped-pruefservice-stuttgart-4-300x300-1.webp\",\"contentUrl\":\"https:\\\/\\\/pruefservice-stuttgart.de\\\/wp-content\\\/uploads\\\/2025\\\/05\\\/cropped-pruefservice-stuttgart-4-300x300-1.webp\",\"width\":300,\"height\":100,\"caption\":\"pruefservice-stuttgart.de\"},\"image\":{\"@id\":\"https:\\\/\\\/pruefservice-stuttgart.de\\\/#\\\/schema\\\/logo\\\/image\\\/\"}}]}<\/script>\n<!-- \/ Yoast SEO plugin. -->","yoast_head_json":{"title":"DGUV V3-testrapport - pruefservice-stuttgart.de","robots":{"index":"index","follow":"follow","max-snippet":"max-snippet:-1","max-image-preview":"max-image-preview:large","max-video-preview":"max-video-preview:-1"},"canonical":"https:\/\/pruefservice-stuttgart.de\/nl\/dguv-v3-testrapport\/","og_locale":"nl_NL","og_type":"article","og_title":"DGUV V3 Pr\u00fcfprotokoll - pruefservice-stuttgart.de","og_description":"DGUV V3 Pr\u00fcfprotokoll Was beinhaltet ein rechtssicheres Pr\u00fcfprotokoll? Nach jeder Pr\u00fcfung gem\u00e4\u00df DGUV Vorschrift 3 erhalten Sie ein schriftliches Pr\u00fcfprotokoll, das als offizieller Nachweis f\u00fcr die durchgef\u00fchrte Sicherheitskontrolle dient.Es dokumentiert detailliert, welche Ger\u00e4te und Anlagen gepr\u00fcft wurden, mit welchen Ergebnissen und ob Ma\u00dfnahmen erforderlich sind.","og_url":"https:\/\/pruefservice-stuttgart.de\/nl\/dguv-v3-testrapport\/","og_site_name":"pruefservice-stuttgart.de","article_modified_time":"2025-05-05T19:50:30+00:00","og_image":[{"url":"https:\/\/pruefservice-stuttgart.de\/wp-content\/uploads\/2025\/05\/1623043848188882487-1024x482-1.webp","type":"","width":"","height":""}],"twitter_card":"summary_large_image","twitter_misc":{"Geschatte leestijd":"2 minuten"},"schema":{"@context":"https:\/\/schema.org","@graph":[{"@type":"WebPage","@id":"https:\/\/pruefservice-stuttgart.de\/dguv-v3-pruefprotokoll\/","url":"https:\/\/pruefservice-stuttgart.de\/dguv-v3-pruefprotokoll\/","name":"DGUV V3-testrapport - pruefservice-stuttgart.de","isPartOf":{"@id":"https:\/\/pruefservice-stuttgart.de\/#website"},"primaryImageOfPage":{"@id":"https:\/\/pruefservice-stuttgart.de\/dguv-v3-pruefprotokoll\/#primaryimage"},"image":{"@id":"https:\/\/pruefservice-stuttgart.de\/dguv-v3-pruefprotokoll\/#primaryimage"},"thumbnailUrl":"https:\/\/pruefservice-stuttgart.de\/wp-content\/uploads\/2025\/05\/1623043848188882487-1024x482-1.webp","datePublished":"2025-05-05T19:50:29+00:00","dateModified":"2025-05-05T19:50:30+00:00","breadcrumb":{"@id":"https:\/\/pruefservice-stuttgart.de\/dguv-v3-pruefprotokoll\/#breadcrumb"},"inLanguage":"nl-NL","potentialAction":[{"@type":"ReadAction","target":["https:\/\/pruefservice-stuttgart.de\/dguv-v3-pruefprotokoll\/"]}]},{"@type":"ImageObject","inLanguage":"nl-NL","@id":"https:\/\/pruefservice-stuttgart.de\/dguv-v3-pruefprotokoll\/#primaryimage","url":"https:\/\/pruefservice-stuttgart.de\/wp-content\/uploads\/2025\/05\/1623043848188882487-1024x482-1.webp","contentUrl":"https:\/\/pruefservice-stuttgart.de\/wp-content\/uploads\/2025\/05\/1623043848188882487-1024x482-1.webp"},{"@type":"BreadcrumbList","@id":"https:\/\/pruefservice-stuttgart.de\/dguv-v3-pruefprotokoll\/#breadcrumb","itemListElement":[{"@type":"ListItem","position":1,"name":"Startseite","item":"https:\/\/pruefservice-stuttgart.de\/"},{"@type":"ListItem","position":2,"name":"DGUV V3 Pr\u00fcfprotokoll"}]},{"@type":"WebSite","@id":"https:\/\/pruefservice-stuttgart.de\/#website","url":"https:\/\/pruefservice-stuttgart.de\/","name":"pruefservice-stuttgart.de","description":"","publisher":{"@id":"https:\/\/pruefservice-stuttgart.de\/#organization"},"potentialAction":[{"@type":"SearchAction","target":{"@type":"EntryPoint","urlTemplate":"https:\/\/pruefservice-stuttgart.de\/?s={search_term_string}"},"query-input":{"@type":"PropertyValueSpecification","valueRequired":true,"valueName":"search_term_string"}}],"inLanguage":"nl-NL"},{"@type":"Organization","@id":"https:\/\/pruefservice-stuttgart.de\/#organization","name":"pruefservice-stuttgart.de","url":"https:\/\/pruefservice-stuttgart.de\/","logo":{"@type":"ImageObject","inLanguage":"nl-NL","@id":"https:\/\/pruefservice-stuttgart.de\/#\/schema\/logo\/image\/","url":"https:\/\/pruefservice-stuttgart.de\/wp-content\/uploads\/2025\/05\/cropped-pruefservice-stuttgart-4-300x300-1.webp","contentUrl":"https:\/\/pruefservice-stuttgart.de\/wp-content\/uploads\/2025\/05\/cropped-pruefservice-stuttgart-4-300x300-1.webp","width":300,"height":100,"caption":"pruefservice-stuttgart.de"},"image":{"@id":"https:\/\/pruefservice-stuttgart.de\/#\/schema\/logo\/image\/"}}]}},"uagb_featured_image_src":{"full":false,"thumbnail":false,"medium":false,"medium_large":false,"large":false,"1536x1536":false,"2048x2048":false,"trp-custom-language-flag":false},"uagb_author_info":{"display_name":"emilkemal4@gmail.com","author_link":"https:\/\/pruefservice-stuttgart.de\/nl\/author\/emilkemal4gmail-com\/"},"uagb_comment_info":0,"uagb_excerpt":"DGUV V3 Pr\u00fcfprotokoll Was beinhaltet ein rechtssicheres Pr\u00fcfprotokoll? Nach jeder Pr\u00fcfung gem\u00e4\u00df DGUV Vorschrift 3 erhalten Sie ein schriftliches Pr\u00fcfprotokoll, das als offizieller Nachweis f\u00fcr die durchgef\u00fchrte Sicherheitskontrolle dient.Es dokumentiert detailliert, welche Ger\u00e4te und Anlagen gepr\u00fcft wurden, mit welchen Ergebnissen und ob Ma\u00dfnahmen erforderlich sind.","_links":{"self":[{"href":"https:\/\/pruefservice-stuttgart.de\/nl\/wp-json\/wp\/v2\/pages\/2305","targetHints":{"allow":["GET"]}}],"collection":[{"href":"https:\/\/pruefservice-stuttgart.de\/nl\/wp-json\/wp\/v2\/pages"}],"about":[{"href":"https:\/\/pruefservice-stuttgart.de\/nl\/wp-json\/wp\/v2\/types\/page"}],"author":[{"embeddable":true,"href":"https:\/\/pruefservice-stuttgart.de\/nl\/wp-json\/wp\/v2\/users\/1"}],"replies":[{"embeddable":true,"href":"https:\/\/pruefservice-stuttgart.de\/nl\/wp-json\/wp\/v2\/comments?post=2305"}],"version-history":[{"count":2,"href":"https:\/\/pruefservice-stuttgart.de\/nl\/wp-json\/wp\/v2\/pages\/2305\/revisions"}],"predecessor-version":[{"id":2307,"href":"https:\/\/pruefservice-stuttgart.de\/nl\/wp-json\/wp\/v2\/pages\/2305\/revisions\/2307"}],"wp:attachment":[{"href":"https:\/\/pruefservice-stuttgart.de\/nl\/wp-json\/wp\/v2\/media?parent=2305"}],"curies":[{"name":"wp","href":"https:\/\/api.w.org\/{rel}","templated":true}]}}