{"id":2321,"date":"2025-05-05T20:07:59","date_gmt":"2025-05-05T20:07:59","guid":{"rendered":"https:\/\/pruefservice-stuttgart.de\/?page_id=2321"},"modified":"2025-05-05T20:07:59","modified_gmt":"2025-05-05T20:07:59","slug":"betriebsmittelpruefung","status":"publish","type":"page","link":"https:\/\/pruefservice-stuttgart.de\/nl\/apparatuur-testen\/","title":{"rendered":"Apparatuur testen"},"content":{"rendered":"<div class=\"wp-block-uagb-container uagb-block-4c3875af alignfull uagb-is-root-container\"><div class=\"uagb-container-inner-blocks-wrap\">\n<div class=\"wp-block-uagb-advanced-heading uagb-block-36237826\"><h1 class=\"uagb-heading-text\">Apparatuur testen<\/h1><\/div>\n<\/div><\/div>\n\n\n\n<div class=\"wp-block-uagb-container uagb-block-5cf03063 alignfull uagb-is-root-container\"><div class=\"uagb-container-inner-blocks-wrap\">\n<div class=\"wp-block-uagb-image alignleft uagb-block-6d75d68d wp-block-uagb-image--layout-default wp-block-uagb-image--effect-static wp-block-uagb-image--align-left\"><figure class=\"wp-block-uagb-image__figure\"><img decoding=\"async\" srcset=\"https:\/\/pruefservice-stuttgart.de\/wp-content\/uploads\/2025\/05\/1623043848188882487-1024x482-1.webp ,https:\/\/pruefservice-stuttgart.de\/wp-content\/uploads\/2025\/05\/1623043848188882487-1024x482-1.webp 780w, https:\/\/pruefservice-stuttgart.de\/wp-content\/uploads\/2025\/05\/1623043848188882487-1024x482-1.webp 360w\" sizes=\"auto, (max-width: 480px) 150px\" src=\"https:\/\/pruefservice-stuttgart.de\/wp-content\/uploads\/2025\/05\/1623043848188882487-1024x482-1.webp\" alt=\"\" class=\"uag-image-1991\" width=\"575\" height=\"480\" title=\"1623043848188882487-1024x482\" loading=\"lazy\" role=\"img\"\/><\/figure><\/div>\n\n\n\n<div class=\"wp-block-uagb-container uagb-block-05150e62\">\n<div class=\"wp-block-uagb-advanced-heading uagb-block-a2b3848d\"><h2 class=\"uagb-heading-text\">Verplichte inspectie op veiligheid, functionaliteit en aansprakelijkheid<\/h2><p class=\"uagb-desc-text\">De <strong>Apparatuur testen<\/strong> is een centraal onderdeel van DGUV-verordening 3.<br>Alle elektrische apparaten en systemen die binnen het bedrijf worden gebruikt, moeten regelmatig worden gecontroleerd. Het maakt daarbij niet uit of het om vast ge\u00efnstalleerde machines of mobiele kantoorapparatuur gaat.<br>Het doel is om <strong>Het vermijden van elektrische gevaren, storingen en aansprakelijkheidsrisico&#039;s<\/strong>.<\/p><\/div>\n<\/div>\n<\/div><\/div>\n\n\n\n<div class=\"wp-block-uagb-container uagb-block-qd2taihi alignfull uagb-is-root-container\"><div class=\"uagb-container-inner-blocks-wrap\">\n<div class=\"wp-block-uagb-info-box uagb-block-iz8lz3nx uagb-infobox__content-wrap  uagb-infobox-icon-above-title uagb-infobox-image-valign-top\"><div class=\"uagb-ifb-content\"><div class=\"uagb-ifb-title-wrap\"><h2 class=\"uagb-ifb-title\">Wat is elektrische apparatuur?<\/h2><\/div><p class=\"uagb-ifb-desc\">Tot de operationele middelen behoren:<br>Alle elektrische apparaten met een netaansluiting (stekker of vast ge\u00efnstalleerd)<br>Verlengkabels, stekkerdozen, opladers<br>Machines, gereedschappen, medische apparatuur<br>IT-apparaten zoals printers, pc&#039;s en monitoren<br>Stroomverdelers, lampen, verwarming en nog veel meer. M.<br>Doorslaggevend is: zodra het apparaat in gebruik wordt genomen, moet het worden getest.<\/p><\/div><\/div>\n\n\n\n<div class=\"wp-block-uagb-info-box uagb-block-7471a508 uagb-infobox__content-wrap  uagb-infobox-icon-above-title uagb-infobox-image-valign-top\"><div class=\"uagb-ifb-content\"><div class=\"uagb-ifb-title-wrap\"><h2 class=\"uagb-ifb-title\">Wat houdt de apparatuurinspectie in?<\/h2><\/div><p class=\"uagb-ifb-desc\">Afhankelijk van het type apparaat wordt de test uitgevoerd volgens DIN VDE 0701-0702, DIN VDE 0105-100 of VDE 0751 (voor medische hulpmiddelen):<br><strong>Visuele inspectie:<\/strong> externe schade, etikettering, stekkers, behuizing<br><strong>Elektrische metingen:<\/strong> Weerstand van beschermende geleider, isolatieweerstand, lekstromen<br><strong>Functionele test:<\/strong> Apparaatstart, displays, veiligheidsvoorzieningen<br><strong>Documentatie:<\/strong> Protocol, teststicker, bewijslijst<\/p><\/div><\/div>\n\n\n\n<div class=\"wp-block-uagb-info-box uagb-block-b57d6510 uagb-infobox__content-wrap  uagb-infobox-icon-above-title uagb-infobox-image-valign-top\"><div class=\"uagb-ifb-content\"><div class=\"uagb-ifb-title-wrap\"><h2 class=\"uagb-ifb-title\">Hoe vaak moet ik controleren?<\/h2><\/div><p class=\"uagb-ifb-desc\">De inspectie-intervallen zijn afhankelijk van de locatie, de gebruiksfrequentie en het mogelijke gevaar. Voorbeelden:<br><\/p><\/div><\/div>\n\n\n\n<figure class=\"wp-block-table\"><table class=\"has-fixed-layout\"><thead><tr><th>Toepassingsgebied<\/th><th>Aanbevolen inspectieperiode<\/th><\/tr><\/thead><tbody><tr><td>Kantoorapparatuur<\/td><td>alle <strong>24 maanden<\/strong><\/td><\/tr><tr><td>Werkplaatsuitrusting<\/td><td>alle <strong>12 maanden<\/strong><\/td><\/tr><tr><td>Uitrusting op bouwplaatsen<\/td><td>alle <strong>3 maanden<\/strong><\/td><\/tr><tr><td>Zorgvoorzieningen<\/td><td>alle <strong>6\u201312 maanden<\/strong><\/td><\/tr><\/tbody><\/table><\/figure>\n\n\n\n<div class=\"wp-block-uagb-info-box uagb-block-a05a4b8e uagb-infobox__content-wrap  uagb-infobox-icon-above-title uagb-infobox-image-valign-top\"><div class=\"uagb-ifb-content\"><div class=\"uagb-ifb-title-wrap\"><h2 class=\"uagb-ifb-title\">Uw voordelen bij een professionele apparatuurkeuring<\/h2><\/div><p class=\"uagb-ifb-desc\">Maximale veiligheid voor medewerkers en bedrijfsvoering<br>Bescherming tegen storingen, kortsluiting en brand<br>Naleving van wettelijke vereisten (ArbSchG, BetrSichV, DGUV)<br>Bewijsbeveiliging voor verzekeringen en beroepsverenigingen<br>Uniforme protocollen voor alle locaties en apparaatklassen<\/p><\/div><\/div>\n<\/div><\/div>\n\n\n\n<div class=\"wp-block-uagb-container uagb-block-9caa1a47 alignfull uagb-is-root-container\"><div class=\"uagb-container-inner-blocks-wrap\">\n<div class=\"wp-block-uagb-advanced-heading uagb-block-1ed0e64e\"><div class=\"uagb-heading-text\">Laat ons helpen<\/div><\/div>\n\n\n\n<div class=\"wp-block-uagb-advanced-heading uagb-block-3a57683f\"><h2 class=\"uagb-heading-text\">\ud83d\udcde Persoonlijk advies voor uw branche<\/h2><\/div>\n\n\n\n<div class=\"wp-block-uagb-buttons uagb-buttons__outer-wrap uagb-btn__default-btn uagb-btn-tablet__default-btn uagb-btn-mobile__default-btn uagb-block-9979be0d\"><div class=\"uagb-buttons__wrap uagb-buttons-layout-wrap\">\n<div class=\"wp-block-uagb-buttons-child uagb-buttons__outer-wrap uagb-block-84fd34e5 wp-block-button\"><div class=\"uagb-button__wrapper\"><a class=\"uagb-buttons-repeater wp-block-button__link\" aria-label=\"\" href=\"https:\/\/pruefservice-stuttgart.de\/nl\/neem-contact-met-ons-op\/\" rel=\"follow noopener\" target=\"_self\" role=\"button\"><div class=\"uagb-button__link\">Neem nu contact met ons op<\/div><\/a><\/div><\/div>\n<\/div><\/div>\n\n\n\n<div class=\"wp-block-uagb-advanced-heading uagb-block-838a0a13\"><div class=\"uagb-separator\"><\/div><h3 class=\"uagb-heading-text\">Wilt u meer weten over branchespecifieke testconcepten? <\/h3><\/div>\n\n\n\n<div class=\"wp-block-uagb-advanced-heading uagb-block-809e7d0a\"><div class=\"uagb-separator\"><\/div><h3 class=\"uagb-heading-text\">+49 177 49 50 635 \u2013 wij adviseren u vrijblijvend en individueel.<\/h3><\/div>\n<\/div><\/div>","protected":false},"excerpt":{"rendered":"<p>Betriebsmittelpr\u00fcfung Pflichtpr\u00fcfung f\u00fcr Sicherheit, Funktion &amp; Haftung Die Betriebsmittelpr\u00fcfung ist ein zentraler Bestandteil der DGUV Vorschrift 3.Alle elektrischen Ger\u00e4te und Anlagen, die im Unternehmen verwendet werden, m\u00fcssen regelm\u00e4\u00dfig gepr\u00fcft werden \u2013 unabh\u00e4ngig davon, ob es sich um fest installierte Maschinen oder um mobile B\u00fcroger\u00e4te handelt.Ziel ist die Vermeidung von elektrischen Gefahren, Ausf\u00e4llen und Haftungsrisiken. Einsatzbereich [&hellip;]<\/p>","protected":false},"author":1,"featured_media":0,"parent":0,"menu_order":0,"comment_status":"closed","ping_status":"closed","template":"","meta":{"_uag_custom_page_level_css":"","site-sidebar-layout":"no-sidebar","site-content-layout":"plain-container","ast-site-content-layout":"full-width-container","site-content-style":"unboxed","site-sidebar-style":"unboxed","ast-global-header-display":"","ast-banner-title-visibility":"","ast-main-header-display":"","ast-hfb-above-header-display":"","ast-hfb-below-header-display":"","ast-hfb-mobile-header-display":"","site-post-title":"disabled","ast-breadcrumbs-content":"","ast-featured-img":"","footer-sml-layout":"","ast-disable-related-posts":"","theme-transparent-header-meta":"","adv-header-id-meta":"","stick-header-meta":"","header-above-stick-meta":"","header-main-stick-meta":"","header-below-stick-meta":"","astra-migrate-meta-layouts":"set","ast-page-background-enabled":"default","ast-page-background-meta":{"desktop":{"background-color":"var(--ast-global-color-4)","background-image":"","background-repeat":"repeat","background-position":"center center","background-size":"auto","background-attachment":"scroll","background-type":"","background-media":"","overlay-type":"","overlay-color":"","overlay-opacity":"","overlay-gradient":""},"tablet":{"background-color":"","background-image":"","background-repeat":"repeat","background-position":"center center","background-size":"auto","background-attachment":"scroll","background-type":"","background-media":"","overlay-type":"","overlay-color":"","overlay-opacity":"","overlay-gradient":""},"mobile":{"background-color":"","background-image":"","background-repeat":"repeat","background-position":"center center","background-size":"auto","background-attachment":"scroll","background-type":"","background-media":"","overlay-type":"","overlay-color":"","overlay-opacity":"","overlay-gradient":""}},"ast-content-background-meta":{"desktop":{"background-color":"var(--ast-global-color-5)","background-image":"","background-repeat":"repeat","background-position":"center center","background-size":"auto","background-attachment":"scroll","background-type":"","background-media":"","overlay-type":"","overlay-color":"","overlay-opacity":"","overlay-gradient":""},"tablet":{"background-color":"var(--ast-global-color-5)","background-image":"","background-repeat":"repeat","background-position":"center center","background-size":"auto","background-attachment":"scroll","background-type":"","background-media":"","overlay-type":"","overlay-color":"","overlay-opacity":"","overlay-gradient":""},"mobile":{"background-color":"var(--ast-global-color-5)","background-image":"","background-repeat":"repeat","background-position":"center center","background-size":"auto","background-attachment":"scroll","background-type":"","background-media":"","overlay-type":"","overlay-color":"","overlay-opacity":"","overlay-gradient":""}},"footnotes":""},"class_list":["post-2321","page","type-page","status-publish","hentry"],"yoast_head":"<!-- This site is optimized with the Yoast SEO plugin v27.4 - https:\/\/yoast.com\/product\/yoast-seo-wordpress\/ -->\n<title>Betriebsmittelpr\u00fcfung - pruefservice-stuttgart.de<\/title>\n<meta name=\"robots\" content=\"index, follow, max-snippet:-1, max-image-preview:large, max-video-preview:-1\" \/>\n<link rel=\"canonical\" href=\"https:\/\/pruefservice-stuttgart.de\/nl\/apparatuur-testen\/\" \/>\n<meta property=\"og:locale\" content=\"nl_NL\" \/>\n<meta property=\"og:type\" content=\"article\" \/>\n<meta property=\"og:title\" content=\"Betriebsmittelpr\u00fcfung - pruefservice-stuttgart.de\" \/>\n<meta property=\"og:description\" content=\"Betriebsmittelpr\u00fcfung Pflichtpr\u00fcfung f\u00fcr Sicherheit, Funktion &amp; Haftung Die Betriebsmittelpr\u00fcfung ist ein zentraler Bestandteil der DGUV Vorschrift 3.Alle elektrischen Ger\u00e4te und Anlagen, die im Unternehmen verwendet werden, m\u00fcssen regelm\u00e4\u00dfig gepr\u00fcft werden \u2013 unabh\u00e4ngig davon, ob es sich um fest installierte Maschinen oder um mobile B\u00fcroger\u00e4te handelt.Ziel ist die Vermeidung von elektrischen Gefahren, Ausf\u00e4llen und Haftungsrisiken. Einsatzbereich [&hellip;]\" \/>\n<meta property=\"og:url\" content=\"https:\/\/pruefservice-stuttgart.de\/nl\/apparatuur-testen\/\" \/>\n<meta property=\"og:site_name\" content=\"pruefservice-stuttgart.de\" \/>\n<meta property=\"og:image\" content=\"https:\/\/pruefservice-stuttgart.de\/wp-content\/uploads\/2025\/05\/1623043848188882487-1024x482-1.webp\" \/>\n<meta name=\"twitter:card\" content=\"summary_large_image\" \/>\n<meta name=\"twitter:label1\" content=\"Geschatte leestijd\" \/>\n\t<meta name=\"twitter:data1\" content=\"2 minuten\" \/>\n<script type=\"application\/ld+json\" class=\"yoast-schema-graph\">{\"@context\":\"https:\\\/\\\/schema.org\",\"@graph\":[{\"@type\":\"WebPage\",\"@id\":\"https:\\\/\\\/pruefservice-stuttgart.de\\\/betriebsmittelpruefung\\\/\",\"url\":\"https:\\\/\\\/pruefservice-stuttgart.de\\\/betriebsmittelpruefung\\\/\",\"name\":\"Betriebsmittelpr\u00fcfung - pruefservice-stuttgart.de\",\"isPartOf\":{\"@id\":\"https:\\\/\\\/pruefservice-stuttgart.de\\\/#website\"},\"primaryImageOfPage\":{\"@id\":\"https:\\\/\\\/pruefservice-stuttgart.de\\\/betriebsmittelpruefung\\\/#primaryimage\"},\"image\":{\"@id\":\"https:\\\/\\\/pruefservice-stuttgart.de\\\/betriebsmittelpruefung\\\/#primaryimage\"},\"thumbnailUrl\":\"https:\\\/\\\/pruefservice-stuttgart.de\\\/wp-content\\\/uploads\\\/2025\\\/05\\\/1623043848188882487-1024x482-1.webp\",\"datePublished\":\"2025-05-05T20:07:59+00:00\",\"breadcrumb\":{\"@id\":\"https:\\\/\\\/pruefservice-stuttgart.de\\\/betriebsmittelpruefung\\\/#breadcrumb\"},\"inLanguage\":\"nl-NL\",\"potentialAction\":[{\"@type\":\"ReadAction\",\"target\":[\"https:\\\/\\\/pruefservice-stuttgart.de\\\/betriebsmittelpruefung\\\/\"]}]},{\"@type\":\"ImageObject\",\"inLanguage\":\"nl-NL\",\"@id\":\"https:\\\/\\\/pruefservice-stuttgart.de\\\/betriebsmittelpruefung\\\/#primaryimage\",\"url\":\"https:\\\/\\\/pruefservice-stuttgart.de\\\/wp-content\\\/uploads\\\/2025\\\/05\\\/1623043848188882487-1024x482-1.webp\",\"contentUrl\":\"https:\\\/\\\/pruefservice-stuttgart.de\\\/wp-content\\\/uploads\\\/2025\\\/05\\\/1623043848188882487-1024x482-1.webp\"},{\"@type\":\"BreadcrumbList\",\"@id\":\"https:\\\/\\\/pruefservice-stuttgart.de\\\/betriebsmittelpruefung\\\/#breadcrumb\",\"itemListElement\":[{\"@type\":\"ListItem\",\"position\":1,\"name\":\"Startseite\",\"item\":\"https:\\\/\\\/pruefservice-stuttgart.de\\\/\"},{\"@type\":\"ListItem\",\"position\":2,\"name\":\"Betriebsmittelpr\u00fcfung\"}]},{\"@type\":\"WebSite\",\"@id\":\"https:\\\/\\\/pruefservice-stuttgart.de\\\/#website\",\"url\":\"https:\\\/\\\/pruefservice-stuttgart.de\\\/\",\"name\":\"pruefservice-stuttgart.de\",\"description\":\"\",\"publisher\":{\"@id\":\"https:\\\/\\\/pruefservice-stuttgart.de\\\/#organization\"},\"potentialAction\":[{\"@type\":\"SearchAction\",\"target\":{\"@type\":\"EntryPoint\",\"urlTemplate\":\"https:\\\/\\\/pruefservice-stuttgart.de\\\/?s={search_term_string}\"},\"query-input\":{\"@type\":\"PropertyValueSpecification\",\"valueRequired\":true,\"valueName\":\"search_term_string\"}}],\"inLanguage\":\"nl-NL\"},{\"@type\":\"Organization\",\"@id\":\"https:\\\/\\\/pruefservice-stuttgart.de\\\/#organization\",\"name\":\"pruefservice-stuttgart.de\",\"url\":\"https:\\\/\\\/pruefservice-stuttgart.de\\\/\",\"logo\":{\"@type\":\"ImageObject\",\"inLanguage\":\"nl-NL\",\"@id\":\"https:\\\/\\\/pruefservice-stuttgart.de\\\/#\\\/schema\\\/logo\\\/image\\\/\",\"url\":\"https:\\\/\\\/pruefservice-stuttgart.de\\\/wp-content\\\/uploads\\\/2025\\\/05\\\/cropped-pruefservice-stuttgart-4-300x300-1.webp\",\"contentUrl\":\"https:\\\/\\\/pruefservice-stuttgart.de\\\/wp-content\\\/uploads\\\/2025\\\/05\\\/cropped-pruefservice-stuttgart-4-300x300-1.webp\",\"width\":300,\"height\":100,\"caption\":\"pruefservice-stuttgart.de\"},\"image\":{\"@id\":\"https:\\\/\\\/pruefservice-stuttgart.de\\\/#\\\/schema\\\/logo\\\/image\\\/\"}}]}<\/script>\n<!-- \/ Yoast SEO plugin. -->","yoast_head_json":{"title":"Apparatuurtesten - pruefservice-stuttgart.de","robots":{"index":"index","follow":"follow","max-snippet":"max-snippet:-1","max-image-preview":"max-image-preview:large","max-video-preview":"max-video-preview:-1"},"canonical":"https:\/\/pruefservice-stuttgart.de\/nl\/apparatuur-testen\/","og_locale":"nl_NL","og_type":"article","og_title":"Betriebsmittelpr\u00fcfung - pruefservice-stuttgart.de","og_description":"Betriebsmittelpr\u00fcfung Pflichtpr\u00fcfung f\u00fcr Sicherheit, Funktion &amp; Haftung Die Betriebsmittelpr\u00fcfung ist ein zentraler Bestandteil der DGUV Vorschrift 3.Alle elektrischen Ger\u00e4te und Anlagen, die im Unternehmen verwendet werden, m\u00fcssen regelm\u00e4\u00dfig gepr\u00fcft werden \u2013 unabh\u00e4ngig davon, ob es sich um fest installierte Maschinen oder um mobile B\u00fcroger\u00e4te handelt.Ziel ist die Vermeidung von elektrischen Gefahren, Ausf\u00e4llen und Haftungsrisiken. Einsatzbereich [&hellip;]","og_url":"https:\/\/pruefservice-stuttgart.de\/nl\/apparatuur-testen\/","og_site_name":"pruefservice-stuttgart.de","og_image":[{"url":"https:\/\/pruefservice-stuttgart.de\/wp-content\/uploads\/2025\/05\/1623043848188882487-1024x482-1.webp","type":"","width":"","height":""}],"twitter_card":"summary_large_image","twitter_misc":{"Geschatte leestijd":"2 minuten"},"schema":{"@context":"https:\/\/schema.org","@graph":[{"@type":"WebPage","@id":"https:\/\/pruefservice-stuttgart.de\/betriebsmittelpruefung\/","url":"https:\/\/pruefservice-stuttgart.de\/betriebsmittelpruefung\/","name":"Apparatuurtesten - pruefservice-stuttgart.de","isPartOf":{"@id":"https:\/\/pruefservice-stuttgart.de\/#website"},"primaryImageOfPage":{"@id":"https:\/\/pruefservice-stuttgart.de\/betriebsmittelpruefung\/#primaryimage"},"image":{"@id":"https:\/\/pruefservice-stuttgart.de\/betriebsmittelpruefung\/#primaryimage"},"thumbnailUrl":"https:\/\/pruefservice-stuttgart.de\/wp-content\/uploads\/2025\/05\/1623043848188882487-1024x482-1.webp","datePublished":"2025-05-05T20:07:59+00:00","breadcrumb":{"@id":"https:\/\/pruefservice-stuttgart.de\/betriebsmittelpruefung\/#breadcrumb"},"inLanguage":"nl-NL","potentialAction":[{"@type":"ReadAction","target":["https:\/\/pruefservice-stuttgart.de\/betriebsmittelpruefung\/"]}]},{"@type":"ImageObject","inLanguage":"nl-NL","@id":"https:\/\/pruefservice-stuttgart.de\/betriebsmittelpruefung\/#primaryimage","url":"https:\/\/pruefservice-stuttgart.de\/wp-content\/uploads\/2025\/05\/1623043848188882487-1024x482-1.webp","contentUrl":"https:\/\/pruefservice-stuttgart.de\/wp-content\/uploads\/2025\/05\/1623043848188882487-1024x482-1.webp"},{"@type":"BreadcrumbList","@id":"https:\/\/pruefservice-stuttgart.de\/betriebsmittelpruefung\/#breadcrumb","itemListElement":[{"@type":"ListItem","position":1,"name":"Startseite","item":"https:\/\/pruefservice-stuttgart.de\/"},{"@type":"ListItem","position":2,"name":"Betriebsmittelpr\u00fcfung"}]},{"@type":"WebSite","@id":"https:\/\/pruefservice-stuttgart.de\/#website","url":"https:\/\/pruefservice-stuttgart.de\/","name":"pruefservice-stuttgart.de","description":"","publisher":{"@id":"https:\/\/pruefservice-stuttgart.de\/#organization"},"potentialAction":[{"@type":"SearchAction","target":{"@type":"EntryPoint","urlTemplate":"https:\/\/pruefservice-stuttgart.de\/?s={search_term_string}"},"query-input":{"@type":"PropertyValueSpecification","valueRequired":true,"valueName":"search_term_string"}}],"inLanguage":"nl-NL"},{"@type":"Organization","@id":"https:\/\/pruefservice-stuttgart.de\/#organization","name":"pruefservice-stuttgart.de","url":"https:\/\/pruefservice-stuttgart.de\/","logo":{"@type":"ImageObject","inLanguage":"nl-NL","@id":"https:\/\/pruefservice-stuttgart.de\/#\/schema\/logo\/image\/","url":"https:\/\/pruefservice-stuttgart.de\/wp-content\/uploads\/2025\/05\/cropped-pruefservice-stuttgart-4-300x300-1.webp","contentUrl":"https:\/\/pruefservice-stuttgart.de\/wp-content\/uploads\/2025\/05\/cropped-pruefservice-stuttgart-4-300x300-1.webp","width":300,"height":100,"caption":"pruefservice-stuttgart.de"},"image":{"@id":"https:\/\/pruefservice-stuttgart.de\/#\/schema\/logo\/image\/"}}]}},"uagb_featured_image_src":{"full":false,"thumbnail":false,"medium":false,"medium_large":false,"large":false,"1536x1536":false,"2048x2048":false,"trp-custom-language-flag":false},"uagb_author_info":{"display_name":"emilkemal4@gmail.com","author_link":"https:\/\/pruefservice-stuttgart.de\/nl\/author\/emilkemal4gmail-com\/"},"uagb_comment_info":0,"uagb_excerpt":"Betriebsmittelpr\u00fcfung Pflichtpr\u00fcfung f\u00fcr Sicherheit, Funktion &amp; Haftung Die Betriebsmittelpr\u00fcfung ist ein zentraler Bestandteil der DGUV Vorschrift 3.Alle elektrischen Ger\u00e4te und Anlagen, die im Unternehmen verwendet werden, m\u00fcssen regelm\u00e4\u00dfig gepr\u00fcft werden \u2013 unabh\u00e4ngig davon, ob es sich um fest installierte Maschinen oder um mobile B\u00fcroger\u00e4te handelt.Ziel ist die Vermeidung von elektrischen Gefahren, Ausf\u00e4llen und Haftungsrisiken. Einsatzbereich&hellip;","_links":{"self":[{"href":"https:\/\/pruefservice-stuttgart.de\/nl\/wp-json\/wp\/v2\/pages\/2321","targetHints":{"allow":["GET"]}}],"collection":[{"href":"https:\/\/pruefservice-stuttgart.de\/nl\/wp-json\/wp\/v2\/pages"}],"about":[{"href":"https:\/\/pruefservice-stuttgart.de\/nl\/wp-json\/wp\/v2\/types\/page"}],"author":[{"embeddable":true,"href":"https:\/\/pruefservice-stuttgart.de\/nl\/wp-json\/wp\/v2\/users\/1"}],"replies":[{"embeddable":true,"href":"https:\/\/pruefservice-stuttgart.de\/nl\/wp-json\/wp\/v2\/comments?post=2321"}],"version-history":[{"count":2,"href":"https:\/\/pruefservice-stuttgart.de\/nl\/wp-json\/wp\/v2\/pages\/2321\/revisions"}],"predecessor-version":[{"id":2323,"href":"https:\/\/pruefservice-stuttgart.de\/nl\/wp-json\/wp\/v2\/pages\/2321\/revisions\/2323"}],"wp:attachment":[{"href":"https:\/\/pruefservice-stuttgart.de\/nl\/wp-json\/wp\/v2\/media?parent=2321"}],"curies":[{"name":"wp","href":"https:\/\/api.w.org\/{rel}","templated":true}]}}