{"id":1588,"date":"2025-04-24T16:13:45","date_gmt":"2025-04-24T16:13:45","guid":{"rendered":"https:\/\/pruefservice-stuttgart.de\/?page_id=1588"},"modified":"2025-05-05T15:43:00","modified_gmt":"2025-05-05T15:43:00","slug":"ortsveraenderliche-geraete","status":"publish","type":"page","link":"https:\/\/pruefservice-stuttgart.de\/tr\/tasinabilir-cihazlar\/","title":{"rendered":"Ta\u015f\u0131nabilir cihazlar"},"content":{"rendered":"<div class=\"wp-block-uagb-container uagb-block-5451af51 alignfull uagb-is-root-container\"><div class=\"uagb-container-inner-blocks-wrap\">\n<div class=\"wp-block-uagb-advanced-heading uagb-block-f45ed1f8\"><h1 class=\"uagb-heading-text\">Ta\u015f\u0131nabilir cihazlar<\/h1><\/div>\n<\/div><\/div>\n\n\n\n<div class=\"wp-block-uagb-container uagb-block-wlmazrwo alignfull uagb-is-root-container\"><div class=\"uagb-container-inner-blocks-wrap\">\n<div class=\"wp-block-uagb-info-box uagb-block-iltukphi uagb-infobox__content-wrap  uagb-infobox-icon-above-title uagb-infobox-image-valign-top\"><div class=\"uagb-ifb-content\"><div class=\"uagb-ifb-title-wrap\"><h2 class=\"uagb-ifb-title\">Ta\u015f\u0131nabilir elektrikli cihazlar\u0131n DGUV V3&#039;e g\u00f6re test edilmesi<\/h2><\/div><\/div><\/div>\n\n\n\n<div class=\"wp-block-uagb-container uagb-block-0btjzulc alignfull uagb-is-root-container\"><div class=\"uagb-container-inner-blocks-wrap\">\n<div class=\"wp-block-uagb-image aligncenter uagb-block-6xnwaqpe wp-block-uagb-image--layout-default wp-block-uagb-image--effect-static wp-block-uagb-image--align-center alignleft\"><figure class=\"wp-block-uagb-image__figure\"><img decoding=\"async\" srcset=\"https:\/\/pruefservice-stuttgart.de\/wp-content\/uploads\/2025\/05\/image_fx-5-300x300.png ,https:\/\/pruefservice-stuttgart.de\/wp-content\/uploads\/2025\/05\/image_fx-5.png 780w, https:\/\/pruefservice-stuttgart.de\/wp-content\/uploads\/2025\/05\/image_fx-5.png 360w\" sizes=\"auto, (max-width: 480px) 150px\" src=\"https:\/\/pruefservice-stuttgart.de\/wp-content\/uploads\/2025\/05\/image_fx-5-300x300.png\" alt=\"\" class=\"uag-image-1925\" width=\"400\" height=\"400\" title=\"g\u00f6r\u00fcnt\u00fc_efekti (5)\" loading=\"lazy\" role=\"img\"\/><\/figure><\/div>\n\n\n\n<div class=\"wp-block-uagb-container uagb-block-xrkfcv1q\">\n<div class=\"wp-block-uagb-info-box uagb-block-amettuy1 uagb-infobox__content-wrap  uagb-infobox-icon-above-title uagb-infobox-image-valign-top wp-block-uagb-info-box--has-margin\"><div class=\"uagb-infobox-margin-wrapper\"><div class=\"uagb-ifb-content\"><div class=\"uagb-ifb-title-wrap\"><\/div><p class=\"uagb-ifb-desc\">Elektriksel g\u00fcvenlik bir tesad\u00fcf de\u011fil, d\u00fczenli ve profesyonel testlerin sonucudur. Buna g\u00f6re <strong>DGUV Y\u00f6netmeli\u011fi 3<\/strong> \u015eirketler ta\u015f\u0131nabilir elektrikli ekipmanlar\u0131n\u0131n g\u00fcvenlik ve i\u015flevselli\u011fini d\u00fczenli olarak kontrol etmekle y\u00fck\u00fcml\u00fcd\u00fcr. Kapsaml\u0131 test hizmetimizle sizi destekliyoruz.<\/p><\/div><\/div><\/div>\n<\/div>\n<\/div><\/div>\n<\/div><\/div>\n\n\n\n<div class=\"wp-block-uagb-info-box uagb-block-vxt9lhwy uagb-infobox__content-wrap  uagb-infobox-icon-above-title uagb-infobox-image-valign-top wp-block-uagb-info-box--has-margin\"><div class=\"uagb-infobox-margin-wrapper\"><div class=\"uagb-ifb-content\"><div class=\"uagb-ifb-title-wrap\"><h2 class=\"uagb-ifb-title\">Ta\u015f\u0131nabilir elektrikli cihazlar nelerdir?<\/h2><\/div><p class=\"uagb-ifb-desc\">Ta\u015f\u0131nabilir elektrikli ekipmanlar, \u00e7al\u0131\u015fma s\u0131ras\u0131nda hareket ettirilebilen veya bir yerden ba\u015fka bir yere kolayca ta\u015f\u0131nabilen ekipmanlard\u0131r. \u00d6rnekler \u015funlar\u0131 i\u00e7erir:<br>Kablolu elektrikli aletler<br>Uzatma kablolar\u0131 ve \u00e7oklu prizler<br>Yaz\u0131c\u0131lar, monit\u00f6rler ve bilgisayarlar gibi ofis ekipmanlar\u0131<br>Kahve makineleri ve su \u0131s\u0131t\u0131c\u0131lar\u0131 gibi ev aletleri<br>Bak\u0131m tesislerindeki t\u0131bbi cihazlar<\/p><\/div><\/div><\/div>\n\n\n\n<div class=\"wp-block-uagb-info-box uagb-block-bfc21e13 uagb-infobox__content-wrap  uagb-infobox-icon-above-title uagb-infobox-image-valign-top\"><div class=\"uagb-ifb-content\"><div class=\"uagb-ifb-title-wrap\"><h2 class=\"uagb-ifb-title\">Test prosed\u00fcr\u00fcm\u00fcz<\/h2><\/div><p class=\"uagb-ifb-desc\">Ta\u015f\u0131nabilir cihazlar\u0131n\u0131z\u0131n testini kalifiye elektrik\u00e7ilerimiz a\u015fa\u011f\u0131daki ad\u0131mlarda ger\u00e7ekle\u015ftirir:<br><strong>G\u00f6rsel inceleme<\/strong>: Ba\u011flant\u0131 kablolar\u0131n\u0131n d\u0131\u015f hasarlar\u0131n\u0131, do\u011fru etiketlemeyi ve uygun durumda olup olmad\u0131\u011f\u0131n\u0131 kontrol edin.<br><strong>Koruyucu iletken direncinin \u00f6l\u00e7\u00fcm\u00fc<\/strong>: Koruyucu iletkenin etkinli\u011finin sa\u011flanmas\u0131.<br><strong>Yal\u0131t\u0131m testi<\/strong>: Elektrik kazalar\u0131n\u0131 \u00f6nlemek amac\u0131yla yal\u0131t\u0131m direncinin \u00f6l\u00e7\u00fclmesi.<br><strong>Fonksiyonel test<\/strong>:Cihaz\u0131n \u00e7al\u0131\u015fma ko\u015fullar\u0131 alt\u0131nda fonksiyonlar\u0131n\u0131n test edilmesi.<br><strong>belgeleme<\/strong>:S\u0131nav raporunun haz\u0131rlanmas\u0131 ve bir sonraki s\u0131nav tarihinin yaz\u0131l\u0131 oldu\u011fu s\u0131nav etiketinin yap\u0131\u015ft\u0131r\u0131lmas\u0131.<\/p><\/div><\/div>\n\n\n\n<div class=\"wp-block-uagb-info-box uagb-block-d5aae78c uagb-infobox__content-wrap  uagb-infobox-icon-above-title uagb-infobox-image-valign-top\"><div class=\"uagb-ifb-content\"><div class=\"uagb-ifb-title-wrap\"><h2 class=\"uagb-ifb-title\">DGUV V3&#039;e g\u00f6re muayene aral\u0131klar\u0131<\/h2><\/div><p class=\"uagb-ifb-desc\">Test s\u0131kl\u0131\u011f\u0131 cihaz\u0131n t\u00fcr\u00fcne ve \u00e7al\u0131\u015fma ko\u015fullar\u0131na g\u00f6re de\u011fi\u015fmektedir. Genel kurallar \u015funlard\u0131r:<br><strong>Ofis ekipmanlar\u0131<\/strong>: her 2 y\u0131lda bir<br><strong>\u00dcretim alanlar\u0131ndaki ekipmanlar<\/strong>: y\u0131ll\u0131k<br><strong>\u0130n\u015faat sahas\u0131 ekipmanlar\u0131<\/strong>: her 3 ayda bir<br>Kesin aral\u0131klar risk de\u011ferlendirmesinin bir par\u00e7as\u0131 olarak belirlenmelidir.<\/p><\/div><\/div>\n\n\n\n<div class=\"wp-block-uagb-info-box uagb-block-a9ab463c uagb-infobox__content-wrap  uagb-infobox-icon-above-title uagb-infobox-image-valign-top\"><div class=\"uagb-ifb-content\"><div class=\"uagb-ifb-title-wrap\"><h2 class=\"uagb-ifb-title\">PruefService-Stuttgart.de ile avantajlar\u0131n\u0131z<\/h2><\/div><p class=\"uagb-ifb-desc\"><strong>Hukuki kesinlik<\/strong>: DGUV V3 ve DIN VDE&#039;ye g\u00f6re t\u00fcm yasal gerekliliklere uygunluk.<br><strong>Mesleki yeterlilik<\/strong>: Deneyimli ve e\u011fitimli elektrik\u00e7iler.<br><strong>esneklik<\/strong>:Mesai saatleri d\u0131\u015f\u0131nda da iste\u011finize g\u00f6re randevu imkan\u0131.<br><strong>\u015feffafl\u0131k<\/strong>: Net dok\u00fcmantasyon ve anla\u015f\u0131l\u0131r test raporlar\u0131.<br><strong>M\u00fc\u015fteri yak\u0131nl\u0131\u011f\u0131<\/strong>: Ki\u015fisel ileti\u015fim ve bireysel dan\u0131\u015fmanl\u0131k.<\/p><\/div><\/div>\n\n\n\n<div class=\"wp-block-uagb-info-box uagb-block-35f8dd76 uagb-infobox__content-wrap  uagb-infobox-icon-above-title uagb-infobox-image-valign-top\"><div class=\"uagb-ifb-content\"><div class=\"uagb-ifb-title-wrap\"><h2 class=\"uagb-ifb-title\">PruefService-Stuttgart.de ile avantajlar\u0131n\u0131z<\/h2><\/div><p class=\"uagb-ifb-desc\"><strong>Hukuki kesinlik<\/strong>: DGUV V3 ve DIN VDE&#039;ye g\u00f6re t\u00fcm yasal gerekliliklere uygunluk.<br><strong>Mesleki yeterlilik<\/strong>: Deneyimli ve e\u011fitimli elektrik\u00e7iler.<br><strong>esneklik<\/strong>:Mesai saatleri d\u0131\u015f\u0131nda da iste\u011finize g\u00f6re randevu imkan\u0131.<br><strong>\u015feffafl\u0131k<\/strong>: Net dok\u00fcmantasyon ve anla\u015f\u0131l\u0131r test raporlar\u0131.<br><strong>M\u00fc\u015fteri yak\u0131nl\u0131\u011f\u0131<\/strong>: Ki\u015fisel ileti\u015fim ve bireysel dan\u0131\u015fmanl\u0131k.<\/p><\/div><\/div>\n\n\n\n<div class=\"wp-block-uagb-container uagb-block-9caa1a47 alignfull uagb-is-root-container\"><div class=\"uagb-container-inner-blocks-wrap\">\n<div class=\"wp-block-uagb-advanced-heading uagb-block-1ed0e64e\"><div class=\"uagb-heading-text\">Yard\u0131m edelim<\/div><\/div>\n\n\n\n<div class=\"wp-block-uagb-advanced-heading uagb-block-3a57683f\"><h2 class=\"uagb-heading-text\">\ud83d\udcde Sekt\u00f6r\u00fcn\u00fcze \u00f6zel ki\u015fisel tavsiyeler<\/h2><\/div>\n\n\n\n<div class=\"wp-block-uagb-buttons uagb-buttons__outer-wrap uagb-btn__default-btn uagb-btn-tablet__default-btn uagb-btn-mobile__default-btn uagb-block-9979be0d\"><div class=\"uagb-buttons__wrap uagb-buttons-layout-wrap\">\n<div class=\"wp-block-uagb-buttons-child uagb-buttons__outer-wrap uagb-block-84fd34e5 wp-block-button\"><div class=\"uagb-button__wrapper\"><a class=\"uagb-buttons-repeater wp-block-button__link\" aria-label=\"\" href=\"https:\/\/pruefservice-stuttgart.de\/tr\/bize-ulasin\/\" rel=\"follow noopener\" target=\"_self\" role=\"button\"><div class=\"uagb-button__link\">\u015eimdi bizimle ileti\u015fime ge\u00e7in<\/div><\/a><\/div><\/div>\n<\/div><\/div>\n\n\n\n<div class=\"wp-block-uagb-advanced-heading uagb-block-838a0a13\"><div class=\"uagb-separator\"><\/div><h3 class=\"uagb-heading-text\">Sekt\u00f6re \u00f6zel test konseptleri hakk\u0131nda daha fazla bilgi edinmek ister misiniz? <\/h3><\/div>\n\n\n\n<div class=\"wp-block-uagb-advanced-heading uagb-block-809e7d0a\"><div class=\"uagb-separator\"><\/div><h3 class=\"uagb-heading-text\">+49 177 49 50 635 \u2013 Size bireysel olarak ve hi\u00e7bir y\u00fck\u00fcml\u00fcl\u00fck alt\u0131na girmeden dan\u0131\u015fmanl\u0131k hizmeti sunaca\u011f\u0131z.<\/h3><\/div>\n<\/div><\/div>","protected":false},"excerpt":{"rendered":"<p>Ta\u015f\u0131nabilir cihazlar<\/p>","protected":false},"author":1,"featured_media":0,"parent":0,"menu_order":0,"comment_status":"closed","ping_status":"closed","template":"","meta":{"_uag_custom_page_level_css":"","site-sidebar-layout":"default","site-content-layout":"","ast-site-content-layout":"default","site-content-style":"default","site-sidebar-style":"default","ast-global-header-display":"","ast-banner-title-visibility":"","ast-main-header-display":"","ast-hfb-above-header-display":"","ast-hfb-below-header-display":"","ast-hfb-mobile-header-display":"","site-post-title":"disabled","ast-breadcrumbs-content":"","ast-featured-img":"","footer-sml-layout":"","ast-disable-related-posts":"","theme-transparent-header-meta":"","adv-header-id-meta":"","stick-header-meta":"","header-above-stick-meta":"","header-main-stick-meta":"","header-below-stick-meta":"","astra-migrate-meta-layouts":"set","ast-page-background-enabled":"default","ast-page-background-meta":{"desktop":{"background-color":"var(--ast-global-color-4)","background-image":"","background-repeat":"repeat","background-position":"center center","background-size":"auto","background-attachment":"scroll","background-type":"","background-media":"","overlay-type":"","overlay-color":"","overlay-opacity":"","overlay-gradient":""},"tablet":{"background-color":"","background-image":"","background-repeat":"repeat","background-position":"center center","background-size":"auto","background-attachment":"scroll","background-type":"","background-media":"","overlay-type":"","overlay-color":"","overlay-opacity":"","overlay-gradient":""},"mobile":{"background-color":"","background-image":"","background-repeat":"repeat","background-position":"center center","background-size":"auto","background-attachment":"scroll","background-type":"","background-media":"","overlay-type":"","overlay-color":"","overlay-opacity":"","overlay-gradient":""}},"ast-content-background-meta":{"desktop":{"background-color":"var(--ast-global-color-5)","background-image":"","background-repeat":"repeat","background-position":"center center","background-size":"auto","background-attachment":"scroll","background-type":"","background-media":"","overlay-type":"","overlay-color":"","overlay-opacity":"","overlay-gradient":""},"tablet":{"background-color":"var(--ast-global-color-5)","background-image":"","background-repeat":"repeat","background-position":"center center","background-size":"auto","background-attachment":"scroll","background-type":"","background-media":"","overlay-type":"","overlay-color":"","overlay-opacity":"","overlay-gradient":""},"mobile":{"background-color":"var(--ast-global-color-5)","background-image":"","background-repeat":"repeat","background-position":"center center","background-size":"auto","background-attachment":"scroll","background-type":"","background-media":"","overlay-type":"","overlay-color":"","overlay-opacity":"","overlay-gradient":""}},"footnotes":""},"class_list":["post-1588","page","type-page","status-publish","hentry"],"yoast_head":"<!-- This site is optimized with the Yoast SEO plugin v27.4 - https:\/\/yoast.com\/product\/yoast-seo-wordpress\/ -->\n<title>Entr\u00fcmpelung Berlin | Schnell &amp; Preiswert r\u00e4umen lassen<\/title>\n<meta name=\"description\" content=\"Professionelle Entr\u00fcmpelung in Berlin \u2013 Wohnung, Keller oder Haus leer r\u00e4umen lassen. Jetzt Angebot sichern!\" \/>\n<meta name=\"robots\" content=\"index, follow, max-snippet:-1, max-image-preview:large, max-video-preview:-1\" \/>\n<link rel=\"canonical\" href=\"https:\/\/pruefservice-stuttgart.de\/tr\/tasinabilir-cihazlar\/\" \/>\n<meta property=\"og:locale\" content=\"tr_TR\" \/>\n<meta property=\"og:type\" content=\"article\" \/>\n<meta property=\"og:title\" content=\"Entr\u00fcmpelung Berlin | Schnell &amp; Preiswert r\u00e4umen lassen\" \/>\n<meta property=\"og:description\" content=\"Professionelle Entr\u00fcmpelung in Berlin \u2013 Wohnung, Keller oder Haus leer r\u00e4umen lassen. Jetzt Angebot sichern!\" \/>\n<meta property=\"og:url\" content=\"https:\/\/pruefservice-stuttgart.de\/tr\/tasinabilir-cihazlar\/\" \/>\n<meta property=\"og:site_name\" content=\"pruefservice-stuttgart.de\" \/>\n<meta property=\"article:modified_time\" content=\"2025-05-05T15:43:00+00:00\" \/>\n<meta property=\"og:image\" content=\"https:\/\/pruefservice-stuttgart.de\/wp-content\/uploads\/2025\/05\/image_fx-5-300x300.png\" \/>\n<meta name=\"twitter:card\" content=\"summary_large_image\" \/>\n<meta name=\"twitter:label1\" content=\"Tahmini okuma s\u00fcresi\" \/>\n\t<meta name=\"twitter:data1\" content=\"2 dakika\" \/>\n<script type=\"application\/ld+json\" class=\"yoast-schema-graph\">{\"@context\":\"https:\\\/\\\/schema.org\",\"@graph\":[{\"@type\":\"WebPage\",\"@id\":\"https:\\\/\\\/pruefservice-stuttgart.de\\\/ortsveraenderliche-geraete\\\/\",\"url\":\"https:\\\/\\\/pruefservice-stuttgart.de\\\/ortsveraenderliche-geraete\\\/\",\"name\":\"Entr\u00fcmpelung Berlin | Schnell & Preiswert r\u00e4umen lassen\",\"isPartOf\":{\"@id\":\"https:\\\/\\\/pruefservice-stuttgart.de\\\/#website\"},\"primaryImageOfPage\":{\"@id\":\"https:\\\/\\\/pruefservice-stuttgart.de\\\/ortsveraenderliche-geraete\\\/#primaryimage\"},\"image\":{\"@id\":\"https:\\\/\\\/pruefservice-stuttgart.de\\\/ortsveraenderliche-geraete\\\/#primaryimage\"},\"thumbnailUrl\":\"https:\\\/\\\/pruefservice-stuttgart.de\\\/wp-content\\\/uploads\\\/2025\\\/05\\\/image_fx-5-300x300.png\",\"datePublished\":\"2025-04-24T16:13:45+00:00\",\"dateModified\":\"2025-05-05T15:43:00+00:00\",\"description\":\"Professionelle Entr\u00fcmpelung in Berlin \u2013 Wohnung, Keller oder Haus leer r\u00e4umen lassen. Jetzt Angebot sichern!\",\"breadcrumb\":{\"@id\":\"https:\\\/\\\/pruefservice-stuttgart.de\\\/ortsveraenderliche-geraete\\\/#breadcrumb\"},\"inLanguage\":\"tr\",\"potentialAction\":[{\"@type\":\"ReadAction\",\"target\":[\"https:\\\/\\\/pruefservice-stuttgart.de\\\/ortsveraenderliche-geraete\\\/\"]}]},{\"@type\":\"ImageObject\",\"inLanguage\":\"tr\",\"@id\":\"https:\\\/\\\/pruefservice-stuttgart.de\\\/ortsveraenderliche-geraete\\\/#primaryimage\",\"url\":\"https:\\\/\\\/pruefservice-stuttgart.de\\\/wp-content\\\/uploads\\\/2025\\\/05\\\/image_fx-5-300x300.png\",\"contentUrl\":\"https:\\\/\\\/pruefservice-stuttgart.de\\\/wp-content\\\/uploads\\\/2025\\\/05\\\/image_fx-5-300x300.png\"},{\"@type\":\"BreadcrumbList\",\"@id\":\"https:\\\/\\\/pruefservice-stuttgart.de\\\/ortsveraenderliche-geraete\\\/#breadcrumb\",\"itemListElement\":[{\"@type\":\"ListItem\",\"position\":1,\"name\":\"Startseite\",\"item\":\"https:\\\/\\\/pruefservice-stuttgart.de\\\/\"},{\"@type\":\"ListItem\",\"position\":2,\"name\":\"Ortsver\u00e4nderliche Ger\u00e4te\"}]},{\"@type\":\"WebSite\",\"@id\":\"https:\\\/\\\/pruefservice-stuttgart.de\\\/#website\",\"url\":\"https:\\\/\\\/pruefservice-stuttgart.de\\\/\",\"name\":\"pruefservice-stuttgart.de\",\"description\":\"\",\"publisher\":{\"@id\":\"https:\\\/\\\/pruefservice-stuttgart.de\\\/#organization\"},\"potentialAction\":[{\"@type\":\"SearchAction\",\"target\":{\"@type\":\"EntryPoint\",\"urlTemplate\":\"https:\\\/\\\/pruefservice-stuttgart.de\\\/?s={search_term_string}\"},\"query-input\":{\"@type\":\"PropertyValueSpecification\",\"valueRequired\":true,\"valueName\":\"search_term_string\"}}],\"inLanguage\":\"tr\"},{\"@type\":\"Organization\",\"@id\":\"https:\\\/\\\/pruefservice-stuttgart.de\\\/#organization\",\"name\":\"pruefservice-stuttgart.de\",\"url\":\"https:\\\/\\\/pruefservice-stuttgart.de\\\/\",\"logo\":{\"@type\":\"ImageObject\",\"inLanguage\":\"tr\",\"@id\":\"https:\\\/\\\/pruefservice-stuttgart.de\\\/#\\\/schema\\\/logo\\\/image\\\/\",\"url\":\"https:\\\/\\\/pruefservice-stuttgart.de\\\/wp-content\\\/uploads\\\/2025\\\/05\\\/cropped-pruefservice-stuttgart-4-300x300-1.webp\",\"contentUrl\":\"https:\\\/\\\/pruefservice-stuttgart.de\\\/wp-content\\\/uploads\\\/2025\\\/05\\\/cropped-pruefservice-stuttgart-4-300x300-1.webp\",\"width\":300,\"height\":100,\"caption\":\"pruefservice-stuttgart.de\"},\"image\":{\"@id\":\"https:\\\/\\\/pruefservice-stuttgart.de\\\/#\\\/schema\\\/logo\\\/image\\\/\"}}]}<\/script>\n<!-- \/ Yoast SEO plugin. -->","yoast_head_json":{"title":"Berlin&#039;de Tasfiye | H\u0131zl\u0131 ve uygun fiyatl\u0131 bir \u015fekilde temizleyin","description":"Berlin&#039;de profesyonel temizlik \u2013 dairenizi, bodrum kat\u0131n\u0131z\u0131 veya evinizi bo\u015falt\u0131n. Teklifinizi hemen g\u00fcvenceye al\u0131n!","robots":{"index":"index","follow":"follow","max-snippet":"max-snippet:-1","max-image-preview":"max-image-preview:large","max-video-preview":"max-video-preview:-1"},"canonical":"https:\/\/pruefservice-stuttgart.de\/tr\/tasinabilir-cihazlar\/","og_locale":"tr_TR","og_type":"article","og_title":"Entr\u00fcmpelung Berlin | Schnell & Preiswert r\u00e4umen lassen","og_description":"Professionelle Entr\u00fcmpelung in Berlin \u2013 Wohnung, Keller oder Haus leer r\u00e4umen lassen. Jetzt Angebot sichern!","og_url":"https:\/\/pruefservice-stuttgart.de\/tr\/tasinabilir-cihazlar\/","og_site_name":"pruefservice-stuttgart.de","article_modified_time":"2025-05-05T15:43:00+00:00","og_image":[{"url":"https:\/\/pruefservice-stuttgart.de\/wp-content\/uploads\/2025\/05\/image_fx-5-300x300.png","type":"","width":"","height":""}],"twitter_card":"summary_large_image","twitter_misc":{"Tahmini okuma s\u00fcresi":"2 dakika"},"schema":{"@context":"https:\/\/schema.org","@graph":[{"@type":"WebPage","@id":"https:\/\/pruefservice-stuttgart.de\/ortsveraenderliche-geraete\/","url":"https:\/\/pruefservice-stuttgart.de\/ortsveraenderliche-geraete\/","name":"Berlin&#039;de Tasfiye | H\u0131zl\u0131 ve uygun fiyatl\u0131 bir \u015fekilde temizleyin","isPartOf":{"@id":"https:\/\/pruefservice-stuttgart.de\/#website"},"primaryImageOfPage":{"@id":"https:\/\/pruefservice-stuttgart.de\/ortsveraenderliche-geraete\/#primaryimage"},"image":{"@id":"https:\/\/pruefservice-stuttgart.de\/ortsveraenderliche-geraete\/#primaryimage"},"thumbnailUrl":"https:\/\/pruefservice-stuttgart.de\/wp-content\/uploads\/2025\/05\/image_fx-5-300x300.png","datePublished":"2025-04-24T16:13:45+00:00","dateModified":"2025-05-05T15:43:00+00:00","description":"Berlin&#039;de profesyonel temizlik \u2013 dairenizi, bodrum kat\u0131n\u0131z\u0131 veya evinizi bo\u015falt\u0131n. Teklifinizi hemen g\u00fcvenceye al\u0131n!","breadcrumb":{"@id":"https:\/\/pruefservice-stuttgart.de\/ortsveraenderliche-geraete\/#breadcrumb"},"inLanguage":"tr","potentialAction":[{"@type":"ReadAction","target":["https:\/\/pruefservice-stuttgart.de\/ortsveraenderliche-geraete\/"]}]},{"@type":"ImageObject","inLanguage":"tr","@id":"https:\/\/pruefservice-stuttgart.de\/ortsveraenderliche-geraete\/#primaryimage","url":"https:\/\/pruefservice-stuttgart.de\/wp-content\/uploads\/2025\/05\/image_fx-5-300x300.png","contentUrl":"https:\/\/pruefservice-stuttgart.de\/wp-content\/uploads\/2025\/05\/image_fx-5-300x300.png"},{"@type":"BreadcrumbList","@id":"https:\/\/pruefservice-stuttgart.de\/ortsveraenderliche-geraete\/#breadcrumb","itemListElement":[{"@type":"ListItem","position":1,"name":"Startseite","item":"https:\/\/pruefservice-stuttgart.de\/"},{"@type":"ListItem","position":2,"name":"Ortsver\u00e4nderliche Ger\u00e4te"}]},{"@type":"WebSite","@id":"https:\/\/pruefservice-stuttgart.de\/#website","url":"https:\/\/pruefservice-stuttgart.de\/","name":"pruefservice-stuttgart.de","description":"","publisher":{"@id":"https:\/\/pruefservice-stuttgart.de\/#organization"},"potentialAction":[{"@type":"SearchAction","target":{"@type":"EntryPoint","urlTemplate":"https:\/\/pruefservice-stuttgart.de\/?s={search_term_string}"},"query-input":{"@type":"PropertyValueSpecification","valueRequired":true,"valueName":"search_term_string"}}],"inLanguage":"tr"},{"@type":"Organization","@id":"https:\/\/pruefservice-stuttgart.de\/#organization","name":"pruefservice-stuttgart.de","url":"https:\/\/pruefservice-stuttgart.de\/","logo":{"@type":"ImageObject","inLanguage":"tr","@id":"https:\/\/pruefservice-stuttgart.de\/#\/schema\/logo\/image\/","url":"https:\/\/pruefservice-stuttgart.de\/wp-content\/uploads\/2025\/05\/cropped-pruefservice-stuttgart-4-300x300-1.webp","contentUrl":"https:\/\/pruefservice-stuttgart.de\/wp-content\/uploads\/2025\/05\/cropped-pruefservice-stuttgart-4-300x300-1.webp","width":300,"height":100,"caption":"pruefservice-stuttgart.de"},"image":{"@id":"https:\/\/pruefservice-stuttgart.de\/#\/schema\/logo\/image\/"}}]}},"uagb_featured_image_src":{"full":false,"thumbnail":false,"medium":false,"medium_large":false,"large":false,"1536x1536":false,"2048x2048":false,"trp-custom-language-flag":false},"uagb_author_info":{"display_name":"emilkemal4@gmail.com","author_link":"https:\/\/pruefservice-stuttgart.de\/tr\/author\/emilkemal4gmail-com\/"},"uagb_comment_info":0,"uagb_excerpt":"Ortsver\u00e4nderliche Ger\u00e4te","_links":{"self":[{"href":"https:\/\/pruefservice-stuttgart.de\/tr\/wp-json\/wp\/v2\/pages\/1588","targetHints":{"allow":["GET"]}}],"collection":[{"href":"https:\/\/pruefservice-stuttgart.de\/tr\/wp-json\/wp\/v2\/pages"}],"about":[{"href":"https:\/\/pruefservice-stuttgart.de\/tr\/wp-json\/wp\/v2\/types\/page"}],"author":[{"embeddable":true,"href":"https:\/\/pruefservice-stuttgart.de\/tr\/wp-json\/wp\/v2\/users\/1"}],"replies":[{"embeddable":true,"href":"https:\/\/pruefservice-stuttgart.de\/tr\/wp-json\/wp\/v2\/comments?post=1588"}],"version-history":[{"count":51,"href":"https:\/\/pruefservice-stuttgart.de\/tr\/wp-json\/wp\/v2\/pages\/1588\/revisions"}],"predecessor-version":[{"id":2096,"href":"https:\/\/pruefservice-stuttgart.de\/tr\/wp-json\/wp\/v2\/pages\/1588\/revisions\/2096"}],"wp:attachment":[{"href":"https:\/\/pruefservice-stuttgart.de\/tr\/wp-json\/wp\/v2\/media?parent=1588"}],"curies":[{"name":"wp","href":"https:\/\/api.w.org\/{rel}","templated":true}]}}