{"id":2188,"date":"2025-05-05T17:19:20","date_gmt":"2025-05-05T17:19:20","guid":{"rendered":"https:\/\/pruefservice-stuttgart.de\/?page_id=2188"},"modified":"2025-05-05T18:46:22","modified_gmt":"2025-05-05T18:46:22","slug":"normen-gesetzliche-grundlagen","status":"publish","type":"page","link":"https:\/\/pruefservice-stuttgart.de\/tr\/standartlarin-yasal-dayanagi\/","title":{"rendered":"Standartlar ve yasal dayanak"},"content":{"rendered":"<div class=\"wp-block-uagb-container uagb-block-4c3875af alignfull uagb-is-root-container\"><div class=\"uagb-container-inner-blocks-wrap\">\n<div class=\"wp-block-uagb-advanced-heading uagb-block-36237826\"><h1 class=\"uagb-heading-text\">Standartlar ve yasal dayanak<\/h1><\/div>\n<\/div><\/div>\n\n\n\n<div class=\"wp-block-uagb-container uagb-block-5cf03063 alignfull uagb-is-root-container\"><div class=\"uagb-container-inner-blocks-wrap\">\n<div class=\"wp-block-uagb-image alignleft uagb-block-6d75d68d wp-block-uagb-image--layout-default wp-block-uagb-image--effect-static wp-block-uagb-image--align-left\"><figure class=\"wp-block-uagb-image__figure\"><img decoding=\"async\" srcset=\"https:\/\/pruefservice-stuttgart.de\/wp-content\/uploads\/2025\/05\/1623043848188882487-1024x482-1.webp ,https:\/\/pruefservice-stuttgart.de\/wp-content\/uploads\/2025\/05\/1623043848188882487-1024x482-1.webp 780w, https:\/\/pruefservice-stuttgart.de\/wp-content\/uploads\/2025\/05\/1623043848188882487-1024x482-1.webp 360w\" sizes=\"auto, (max-width: 480px) 150px\" src=\"https:\/\/pruefservice-stuttgart.de\/wp-content\/uploads\/2025\/05\/1623043848188882487-1024x482-1.webp\" alt=\"\" class=\"uag-image-1991\" width=\"575\" height=\"480\" title=\"1623043848188882487-1024x482\" loading=\"lazy\" role=\"img\"\/><\/figure><\/div>\n\n\n\n<div class=\"wp-block-uagb-container uagb-block-05150e62\">\n<div class=\"wp-block-uagb-advanced-heading uagb-block-a2b3848d\"><h2 class=\"uagb-heading-text\">Neyi kontrol ediyoruz ve neden yasal olarak gerekli?<\/h2><p class=\"uagb-desc-text\">Elektrik testlerinin yaln\u0131zca yararl\u0131 de\u011fil ayn\u0131 zamanda g\u00fcvenli olmas\u0131n\u0131 sa\u011flamak i\u00e7in <strong>yasalara uygun<\/strong> \u0130lgili standartlara, d\u00fczenlemelere ve yasalara s\u0131k\u0131 s\u0131k\u0131ya ba\u011fl\u0131 kal\u0131yoruz.<br>\u0130\u015fte size a\u00e7\u0131kl\u0131yoruz, <strong>hangi yasal dayanak<\/strong> DGUV V3 testi neye dayanmaktad\u0131r ve bu sizin bir operat\u00f6r olarak ne anlama gelmektedir.<\/p><\/div>\n<\/div>\n<\/div><\/div>\n\n\n\n<div class=\"wp-block-uagb-container uagb-block-qd2taihi alignfull uagb-is-root-container\"><div class=\"uagb-container-inner-blocks-wrap\">\n<div class=\"wp-block-uagb-info-box uagb-block-iz8lz3nx uagb-infobox__content-wrap  uagb-infobox-icon-above-title uagb-infobox-image-valign-top\"><div class=\"uagb-ifb-content\"><div class=\"uagb-ifb-title-wrap\"><h2 class=\"uagb-ifb-title\">DGUV Y\u00f6netmeli\u011fi 3 (eski ad\u0131yla BGV A3)<\/h2><\/div><p class=\"uagb-ifb-desc\">The <strong>DGUV Y\u00f6netmeli\u011fi 3<\/strong> Elektrikli ekipmanlar\u0131n test edilmesinin en \u00f6nemli yasal dayana\u011f\u0131d\u0131r. Almanya&#039;daki t\u00fcm ticari ve kamusal kurulu\u015flar i\u00e7in ge\u00e7erlidir.<br><strong>Ana mesajlar:<\/strong><br>T\u00fcm elektrik sistemleri ve cihazlar\u0131 <strong>d\u00fczenli olarak kontrol edilmelidir<\/strong><br>S\u0131nav olabilir <strong>sadece kalifiye elektrik\u00e7iler taraf\u0131ndan veya onlar\u0131n g\u00f6zetimi alt\u0131nda<\/strong> yer almak<br>Operat\u00f6r, g\u00fcvenlik ve dok\u00fcmantasyondan sorumludur<br>\u0130hlaller para cezas\u0131, sigorta kayb\u0131 veya cezai kovu\u015fturma ile sonu\u00e7lanabilir<\/p><\/div><\/div>\n\n\n\n<div class=\"wp-block-uagb-info-box uagb-block-7471a508 uagb-infobox__content-wrap  uagb-infobox-icon-above-title uagb-infobox-image-valign-top\"><div class=\"uagb-ifb-content\"><div class=\"uagb-ifb-title-wrap\"><h2 class=\"uagb-ifb-title\">DIN VDE standartlar\u0131 \u2013 teknik test standartlar\u0131<\/h2><\/div><p class=\"uagb-ifb-desc\">\u015eu anda ge\u00e7erli olan standartlara g\u00f6re test ediyoruz. <strong>VDE (Alman Elektrik M\u00fchendisleri Derne\u011fi)<\/strong>. En \u00f6nemlisi:<br>standart<br>Tan\u0131m<br><strong>DIN VDE 0701-0702<\/strong><br>Ta\u015f\u0131nabilir elektrikli ekipmanlar\u0131n test edilmesi<br><strong>DIN VDE 0105-100<\/strong><br>Elektrik sistemlerinin i\u015fletilmesi<br><strong>DIN VDE 0100-600<\/strong><br>Yeni veya de\u011fi\u015ftirilmi\u015f tesislerin ilk testleri<br><strong>DIN VDE 0113 \/ EN 60204-1<\/strong><br>Makinelerin g\u00fcvenli\u011fi<br><strong>DIN VDE 0751-1<\/strong><br>T\u0131bbi elektrikli cihazlar<br><br>\ud83d\udca1 Cihaz t\u00fcr\u00fcne, uygulama alan\u0131na ve sekt\u00f6re g\u00f6re uygun standart kombinasyonunu uyguluyoruz.<\/p><\/div><\/div>\n\n\n\n<div class=\"wp-block-uagb-info-box uagb-block-b57d6510 uagb-infobox__content-wrap  uagb-infobox-icon-above-title uagb-infobox-image-valign-top\"><div class=\"uagb-ifb-content\"><div class=\"uagb-ifb-title-wrap\"><h2 class=\"uagb-ifb-title\">Di\u011fer yasal dayanaklar<\/h2><\/div><p class=\"uagb-ifb-desc\"><strong>End\u00fcstriyel G\u00fcvenlik T\u00fcz\u00fc\u011f\u00fc (BetrSichV)<\/strong><br><strong>Mesleki G\u00fcvenlik ve Sa\u011fl\u0131k Yasas\u0131 (ArbSchG)<\/strong><br><strong>TRBS1201 \/ 1203<\/strong> (\u0130\u015fletme g\u00fcvenli\u011fi i\u00e7in teknik kurallar)<br><strong>MPBetreibV<\/strong> (T\u0131bbi Cihaz Operat\u00f6r\u00fc Y\u00f6netmeli\u011fi)<br><strong>\u00dcr\u00fcn G\u00fcvenli\u011fi Yasas\u0131 (ProdSG)<\/strong><\/p><\/div><\/div>\n\n\n\n<div class=\"wp-block-uagb-info-box uagb-block-0d8eda3a uagb-infobox__content-wrap  uagb-infobox-icon-above-title uagb-infobox-image-valign-top\"><div class=\"uagb-ifb-content\"><div class=\"uagb-ifb-title-wrap\"><h2 class=\"uagb-ifb-title\">Bu sizin i\u00e7in neden \u00f6nemli?<\/h2><\/div><p class=\"uagb-ifb-desc\"><strong>Sigorta kapsam\u0131:<\/strong> Sadece d\u00fczenli bir denetimle bu tamamen sa\u011flam kalabilir<br><strong>Yetki g\u00fcvenli\u011fi:<\/strong> Habersiz denetimlerde g\u00fcncel denetim raporlar\u0131n\u0131n sunulmas\u0131 zorunludur.<br><strong>\u00c7al\u0131\u015fanlar\u0131n korunmas\u0131:<\/strong> \u0130\u015fyerlerini elektrik tehlikelerine kar\u015f\u0131 korurlar<br><strong>Hukuki kesinlik:<\/strong> ArbSchG ve BetrSichV uyar\u0131nca operat\u00f6r y\u00fck\u00fcml\u00fcl\u00fcklerinizi yerine getiriyorsunuz<\/p><\/div><\/div>\n\n\n\n<div class=\"wp-block-uagb-container uagb-block-ndowxzi7\"><\/div>\n<\/div><\/div>\n\n\n\n<div class=\"wp-block-uagb-container uagb-block-9caa1a47 alignfull uagb-is-root-container\"><div class=\"uagb-container-inner-blocks-wrap\">\n<div class=\"wp-block-uagb-advanced-heading uagb-block-1ed0e64e\"><div class=\"uagb-heading-text\">Yard\u0131m edelim<\/div><\/div>\n\n\n\n<div class=\"wp-block-uagb-advanced-heading uagb-block-3a57683f\"><h2 class=\"uagb-heading-text\">\ud83d\udcde Sekt\u00f6r\u00fcn\u00fcze \u00f6zel ki\u015fisel tavsiyeler<\/h2><\/div>\n\n\n\n<div class=\"wp-block-uagb-buttons uagb-buttons__outer-wrap uagb-btn__default-btn uagb-btn-tablet__default-btn uagb-btn-mobile__default-btn uagb-block-9979be0d\"><div class=\"uagb-buttons__wrap uagb-buttons-layout-wrap\">\n<div class=\"wp-block-uagb-buttons-child uagb-buttons__outer-wrap uagb-block-84fd34e5 wp-block-button\"><div class=\"uagb-button__wrapper\"><a class=\"uagb-buttons-repeater wp-block-button__link\" aria-label=\"\" href=\"https:\/\/pruefservice-stuttgart.de\/tr\/bize-ulasin\/\" rel=\"follow noopener\" target=\"_self\" role=\"button\"><div class=\"uagb-button__link\">\u015eimdi bizimle ileti\u015fime ge\u00e7in<\/div><\/a><\/div><\/div>\n<\/div><\/div>\n\n\n\n<div class=\"wp-block-uagb-advanced-heading uagb-block-838a0a13\"><div class=\"uagb-separator\"><\/div><h3 class=\"uagb-heading-text\">Sekt\u00f6re \u00f6zel test konseptleri hakk\u0131nda daha fazla bilgi edinmek ister misiniz? <\/h3><\/div>\n\n\n\n<div class=\"wp-block-uagb-advanced-heading uagb-block-809e7d0a\"><div class=\"uagb-separator\"><\/div><h3 class=\"uagb-heading-text\">+49 177 49 50 635 \u2013 Size bireysel olarak ve hi\u00e7bir y\u00fck\u00fcml\u00fcl\u00fck alt\u0131na girmeden dan\u0131\u015fmanl\u0131k hizmeti sunaca\u011f\u0131z.<\/h3><\/div>\n<\/div><\/div>","protected":false},"excerpt":{"rendered":"<p>Normen &amp; gesetzliche Grundlagen Woran wir pr\u00fcfen \u2013 und warum es gesetzlich notwendig ist Damit elektrische Pr\u00fcfungen nicht nur sinnvoll, sondern auch rechtskonform durchgef\u00fchrt werden, halten wir uns streng an die relevanten Normen, Vorschriften und Gesetze.Hier erkl\u00e4ren wir Ihnen, welche gesetzlichen Grundlagen der DGUV V3 Pr\u00fcfung zugrunde liegen \u2013 und was das f\u00fcr Sie als [&hellip;]<\/p>","protected":false},"author":1,"featured_media":0,"parent":0,"menu_order":0,"comment_status":"closed","ping_status":"closed","template":"","meta":{"_uag_custom_page_level_css":"","site-sidebar-layout":"no-sidebar","site-content-layout":"plain-container","ast-site-content-layout":"full-width-container","site-content-style":"unboxed","site-sidebar-style":"unboxed","ast-global-header-display":"","ast-banner-title-visibility":"","ast-main-header-display":"","ast-hfb-above-header-display":"","ast-hfb-below-header-display":"","ast-hfb-mobile-header-display":"","site-post-title":"disabled","ast-breadcrumbs-content":"","ast-featured-img":"","footer-sml-layout":"","ast-disable-related-posts":"","theme-transparent-header-meta":"","adv-header-id-meta":"","stick-header-meta":"","header-above-stick-meta":"","header-main-stick-meta":"","header-below-stick-meta":"","astra-migrate-meta-layouts":"set","ast-page-background-enabled":"default","ast-page-background-meta":{"desktop":{"background-color":"var(--ast-global-color-4)","background-image":"","background-repeat":"repeat","background-position":"center center","background-size":"auto","background-attachment":"scroll","background-type":"","background-media":"","overlay-type":"","overlay-color":"","overlay-opacity":"","overlay-gradient":""},"tablet":{"background-color":"","background-image":"","background-repeat":"repeat","background-position":"center center","background-size":"auto","background-attachment":"scroll","background-type":"","background-media":"","overlay-type":"","overlay-color":"","overlay-opacity":"","overlay-gradient":""},"mobile":{"background-color":"","background-image":"","background-repeat":"repeat","background-position":"center center","background-size":"auto","background-attachment":"scroll","background-type":"","background-media":"","overlay-type":"","overlay-color":"","overlay-opacity":"","overlay-gradient":""}},"ast-content-background-meta":{"desktop":{"background-color":"var(--ast-global-color-5)","background-image":"","background-repeat":"repeat","background-position":"center center","background-size":"auto","background-attachment":"scroll","background-type":"","background-media":"","overlay-type":"","overlay-color":"","overlay-opacity":"","overlay-gradient":""},"tablet":{"background-color":"var(--ast-global-color-5)","background-image":"","background-repeat":"repeat","background-position":"center center","background-size":"auto","background-attachment":"scroll","background-type":"","background-media":"","overlay-type":"","overlay-color":"","overlay-opacity":"","overlay-gradient":""},"mobile":{"background-color":"var(--ast-global-color-5)","background-image":"","background-repeat":"repeat","background-position":"center center","background-size":"auto","background-attachment":"scroll","background-type":"","background-media":"","overlay-type":"","overlay-color":"","overlay-opacity":"","overlay-gradient":""}},"footnotes":""},"class_list":["post-2188","page","type-page","status-publish","hentry"],"yoast_head":"<!-- This site is optimized with the Yoast SEO plugin v27.4 - https:\/\/yoast.com\/product\/yoast-seo-wordpress\/ -->\n<title>Normen &amp; gesetzliche Grundlagen - pruefservice-stuttgart.de<\/title>\n<meta name=\"robots\" content=\"index, follow, max-snippet:-1, max-image-preview:large, max-video-preview:-1\" \/>\n<link rel=\"canonical\" href=\"https:\/\/pruefservice-stuttgart.de\/tr\/standartlarin-yasal-dayanagi\/\" \/>\n<meta property=\"og:locale\" content=\"tr_TR\" \/>\n<meta property=\"og:type\" content=\"article\" \/>\n<meta property=\"og:title\" content=\"Normen &amp; gesetzliche Grundlagen - pruefservice-stuttgart.de\" \/>\n<meta property=\"og:description\" content=\"Normen &amp; gesetzliche Grundlagen Woran wir pr\u00fcfen \u2013 und warum es gesetzlich notwendig ist Damit elektrische Pr\u00fcfungen nicht nur sinnvoll, sondern auch rechtskonform durchgef\u00fchrt werden, halten wir uns streng an die relevanten Normen, Vorschriften und Gesetze.Hier erkl\u00e4ren wir Ihnen, welche gesetzlichen Grundlagen der DGUV V3 Pr\u00fcfung zugrunde liegen \u2013 und was das f\u00fcr Sie als [&hellip;]\" \/>\n<meta property=\"og:url\" content=\"https:\/\/pruefservice-stuttgart.de\/tr\/standartlarin-yasal-dayanagi\/\" \/>\n<meta property=\"og:site_name\" content=\"pruefservice-stuttgart.de\" \/>\n<meta property=\"article:modified_time\" content=\"2025-05-05T18:46:22+00:00\" \/>\n<meta property=\"og:image\" content=\"https:\/\/pruefservice-stuttgart.de\/wp-content\/uploads\/2025\/05\/1623043848188882487-1024x482-1.webp\" \/>\n<meta name=\"twitter:card\" content=\"summary_large_image\" \/>\n<meta name=\"twitter:label1\" content=\"Tahmini okuma s\u00fcresi\" \/>\n\t<meta name=\"twitter:data1\" content=\"2 dakika\" \/>\n<script type=\"application\/ld+json\" class=\"yoast-schema-graph\">{\"@context\":\"https:\\\/\\\/schema.org\",\"@graph\":[{\"@type\":\"WebPage\",\"@id\":\"https:\\\/\\\/pruefservice-stuttgart.de\\\/normen-gesetzliche-grundlagen\\\/\",\"url\":\"https:\\\/\\\/pruefservice-stuttgart.de\\\/normen-gesetzliche-grundlagen\\\/\",\"name\":\"Normen & gesetzliche Grundlagen - pruefservice-stuttgart.de\",\"isPartOf\":{\"@id\":\"https:\\\/\\\/pruefservice-stuttgart.de\\\/#website\"},\"primaryImageOfPage\":{\"@id\":\"https:\\\/\\\/pruefservice-stuttgart.de\\\/normen-gesetzliche-grundlagen\\\/#primaryimage\"},\"image\":{\"@id\":\"https:\\\/\\\/pruefservice-stuttgart.de\\\/normen-gesetzliche-grundlagen\\\/#primaryimage\"},\"thumbnailUrl\":\"https:\\\/\\\/pruefservice-stuttgart.de\\\/wp-content\\\/uploads\\\/2025\\\/05\\\/1623043848188882487-1024x482-1.webp\",\"datePublished\":\"2025-05-05T17:19:20+00:00\",\"dateModified\":\"2025-05-05T18:46:22+00:00\",\"breadcrumb\":{\"@id\":\"https:\\\/\\\/pruefservice-stuttgart.de\\\/normen-gesetzliche-grundlagen\\\/#breadcrumb\"},\"inLanguage\":\"tr\",\"potentialAction\":[{\"@type\":\"ReadAction\",\"target\":[\"https:\\\/\\\/pruefservice-stuttgart.de\\\/normen-gesetzliche-grundlagen\\\/\"]}]},{\"@type\":\"ImageObject\",\"inLanguage\":\"tr\",\"@id\":\"https:\\\/\\\/pruefservice-stuttgart.de\\\/normen-gesetzliche-grundlagen\\\/#primaryimage\",\"url\":\"https:\\\/\\\/pruefservice-stuttgart.de\\\/wp-content\\\/uploads\\\/2025\\\/05\\\/1623043848188882487-1024x482-1.webp\",\"contentUrl\":\"https:\\\/\\\/pruefservice-stuttgart.de\\\/wp-content\\\/uploads\\\/2025\\\/05\\\/1623043848188882487-1024x482-1.webp\"},{\"@type\":\"BreadcrumbList\",\"@id\":\"https:\\\/\\\/pruefservice-stuttgart.de\\\/normen-gesetzliche-grundlagen\\\/#breadcrumb\",\"itemListElement\":[{\"@type\":\"ListItem\",\"position\":1,\"name\":\"Startseite\",\"item\":\"https:\\\/\\\/pruefservice-stuttgart.de\\\/\"},{\"@type\":\"ListItem\",\"position\":2,\"name\":\"Normen &#038; gesetzliche Grundlagen\"}]},{\"@type\":\"WebSite\",\"@id\":\"https:\\\/\\\/pruefservice-stuttgart.de\\\/#website\",\"url\":\"https:\\\/\\\/pruefservice-stuttgart.de\\\/\",\"name\":\"pruefservice-stuttgart.de\",\"description\":\"\",\"publisher\":{\"@id\":\"https:\\\/\\\/pruefservice-stuttgart.de\\\/#organization\"},\"potentialAction\":[{\"@type\":\"SearchAction\",\"target\":{\"@type\":\"EntryPoint\",\"urlTemplate\":\"https:\\\/\\\/pruefservice-stuttgart.de\\\/?s={search_term_string}\"},\"query-input\":{\"@type\":\"PropertyValueSpecification\",\"valueRequired\":true,\"valueName\":\"search_term_string\"}}],\"inLanguage\":\"tr\"},{\"@type\":\"Organization\",\"@id\":\"https:\\\/\\\/pruefservice-stuttgart.de\\\/#organization\",\"name\":\"pruefservice-stuttgart.de\",\"url\":\"https:\\\/\\\/pruefservice-stuttgart.de\\\/\",\"logo\":{\"@type\":\"ImageObject\",\"inLanguage\":\"tr\",\"@id\":\"https:\\\/\\\/pruefservice-stuttgart.de\\\/#\\\/schema\\\/logo\\\/image\\\/\",\"url\":\"https:\\\/\\\/pruefservice-stuttgart.de\\\/wp-content\\\/uploads\\\/2025\\\/05\\\/cropped-pruefservice-stuttgart-4-300x300-1.webp\",\"contentUrl\":\"https:\\\/\\\/pruefservice-stuttgart.de\\\/wp-content\\\/uploads\\\/2025\\\/05\\\/cropped-pruefservice-stuttgart-4-300x300-1.webp\",\"width\":300,\"height\":100,\"caption\":\"pruefservice-stuttgart.de\"},\"image\":{\"@id\":\"https:\\\/\\\/pruefservice-stuttgart.de\\\/#\\\/schema\\\/logo\\\/image\\\/\"}}]}<\/script>\n<!-- \/ Yoast SEO plugin. -->","yoast_head_json":{"title":"Standartlar ve yasal temeller - pruefservice-stuttgart.de","robots":{"index":"index","follow":"follow","max-snippet":"max-snippet:-1","max-image-preview":"max-image-preview:large","max-video-preview":"max-video-preview:-1"},"canonical":"https:\/\/pruefservice-stuttgart.de\/tr\/standartlarin-yasal-dayanagi\/","og_locale":"tr_TR","og_type":"article","og_title":"Normen & gesetzliche Grundlagen - pruefservice-stuttgart.de","og_description":"Normen &amp; gesetzliche Grundlagen Woran wir pr\u00fcfen \u2013 und warum es gesetzlich notwendig ist Damit elektrische Pr\u00fcfungen nicht nur sinnvoll, sondern auch rechtskonform durchgef\u00fchrt werden, halten wir uns streng an die relevanten Normen, Vorschriften und Gesetze.Hier erkl\u00e4ren wir Ihnen, welche gesetzlichen Grundlagen der DGUV V3 Pr\u00fcfung zugrunde liegen \u2013 und was das f\u00fcr Sie als [&hellip;]","og_url":"https:\/\/pruefservice-stuttgart.de\/tr\/standartlarin-yasal-dayanagi\/","og_site_name":"pruefservice-stuttgart.de","article_modified_time":"2025-05-05T18:46:22+00:00","og_image":[{"url":"https:\/\/pruefservice-stuttgart.de\/wp-content\/uploads\/2025\/05\/1623043848188882487-1024x482-1.webp","type":"","width":"","height":""}],"twitter_card":"summary_large_image","twitter_misc":{"Tahmini okuma s\u00fcresi":"2 dakika"},"schema":{"@context":"https:\/\/schema.org","@graph":[{"@type":"WebPage","@id":"https:\/\/pruefservice-stuttgart.de\/normen-gesetzliche-grundlagen\/","url":"https:\/\/pruefservice-stuttgart.de\/normen-gesetzliche-grundlagen\/","name":"Standartlar ve yasal temeller - pruefservice-stuttgart.de","isPartOf":{"@id":"https:\/\/pruefservice-stuttgart.de\/#website"},"primaryImageOfPage":{"@id":"https:\/\/pruefservice-stuttgart.de\/normen-gesetzliche-grundlagen\/#primaryimage"},"image":{"@id":"https:\/\/pruefservice-stuttgart.de\/normen-gesetzliche-grundlagen\/#primaryimage"},"thumbnailUrl":"https:\/\/pruefservice-stuttgart.de\/wp-content\/uploads\/2025\/05\/1623043848188882487-1024x482-1.webp","datePublished":"2025-05-05T17:19:20+00:00","dateModified":"2025-05-05T18:46:22+00:00","breadcrumb":{"@id":"https:\/\/pruefservice-stuttgart.de\/normen-gesetzliche-grundlagen\/#breadcrumb"},"inLanguage":"tr","potentialAction":[{"@type":"ReadAction","target":["https:\/\/pruefservice-stuttgart.de\/normen-gesetzliche-grundlagen\/"]}]},{"@type":"ImageObject","inLanguage":"tr","@id":"https:\/\/pruefservice-stuttgart.de\/normen-gesetzliche-grundlagen\/#primaryimage","url":"https:\/\/pruefservice-stuttgart.de\/wp-content\/uploads\/2025\/05\/1623043848188882487-1024x482-1.webp","contentUrl":"https:\/\/pruefservice-stuttgart.de\/wp-content\/uploads\/2025\/05\/1623043848188882487-1024x482-1.webp"},{"@type":"BreadcrumbList","@id":"https:\/\/pruefservice-stuttgart.de\/normen-gesetzliche-grundlagen\/#breadcrumb","itemListElement":[{"@type":"ListItem","position":1,"name":"Startseite","item":"https:\/\/pruefservice-stuttgart.de\/"},{"@type":"ListItem","position":2,"name":"Normen &#038; gesetzliche Grundlagen"}]},{"@type":"WebSite","@id":"https:\/\/pruefservice-stuttgart.de\/#website","url":"https:\/\/pruefservice-stuttgart.de\/","name":"pruefservice-stuttgart.de","description":"","publisher":{"@id":"https:\/\/pruefservice-stuttgart.de\/#organization"},"potentialAction":[{"@type":"SearchAction","target":{"@type":"EntryPoint","urlTemplate":"https:\/\/pruefservice-stuttgart.de\/?s={search_term_string}"},"query-input":{"@type":"PropertyValueSpecification","valueRequired":true,"valueName":"search_term_string"}}],"inLanguage":"tr"},{"@type":"Organization","@id":"https:\/\/pruefservice-stuttgart.de\/#organization","name":"pruefservice-stuttgart.de","url":"https:\/\/pruefservice-stuttgart.de\/","logo":{"@type":"ImageObject","inLanguage":"tr","@id":"https:\/\/pruefservice-stuttgart.de\/#\/schema\/logo\/image\/","url":"https:\/\/pruefservice-stuttgart.de\/wp-content\/uploads\/2025\/05\/cropped-pruefservice-stuttgart-4-300x300-1.webp","contentUrl":"https:\/\/pruefservice-stuttgart.de\/wp-content\/uploads\/2025\/05\/cropped-pruefservice-stuttgart-4-300x300-1.webp","width":300,"height":100,"caption":"pruefservice-stuttgart.de"},"image":{"@id":"https:\/\/pruefservice-stuttgart.de\/#\/schema\/logo\/image\/"}}]}},"uagb_featured_image_src":{"full":false,"thumbnail":false,"medium":false,"medium_large":false,"large":false,"1536x1536":false,"2048x2048":false,"trp-custom-language-flag":false},"uagb_author_info":{"display_name":"emilkemal4@gmail.com","author_link":"https:\/\/pruefservice-stuttgart.de\/tr\/author\/emilkemal4gmail-com\/"},"uagb_comment_info":0,"uagb_excerpt":"Normen &amp; gesetzliche Grundlagen Woran wir pr\u00fcfen \u2013 und warum es gesetzlich notwendig ist Damit elektrische Pr\u00fcfungen nicht nur sinnvoll, sondern auch rechtskonform durchgef\u00fchrt werden, halten wir uns streng an die relevanten Normen, Vorschriften und Gesetze.Hier erkl\u00e4ren wir Ihnen, welche gesetzlichen Grundlagen der DGUV V3 Pr\u00fcfung zugrunde liegen \u2013 und was das f\u00fcr Sie als&hellip;","_links":{"self":[{"href":"https:\/\/pruefservice-stuttgart.de\/tr\/wp-json\/wp\/v2\/pages\/2188","targetHints":{"allow":["GET"]}}],"collection":[{"href":"https:\/\/pruefservice-stuttgart.de\/tr\/wp-json\/wp\/v2\/pages"}],"about":[{"href":"https:\/\/pruefservice-stuttgart.de\/tr\/wp-json\/wp\/v2\/types\/page"}],"author":[{"embeddable":true,"href":"https:\/\/pruefservice-stuttgart.de\/tr\/wp-json\/wp\/v2\/users\/1"}],"replies":[{"embeddable":true,"href":"https:\/\/pruefservice-stuttgart.de\/tr\/wp-json\/wp\/v2\/comments?post=2188"}],"version-history":[{"count":6,"href":"https:\/\/pruefservice-stuttgart.de\/tr\/wp-json\/wp\/v2\/pages\/2188\/revisions"}],"predecessor-version":[{"id":2256,"href":"https:\/\/pruefservice-stuttgart.de\/tr\/wp-json\/wp\/v2\/pages\/2188\/revisions\/2256"}],"wp:attachment":[{"href":"https:\/\/pruefservice-stuttgart.de\/tr\/wp-json\/wp\/v2\/media?parent=2188"}],"curies":[{"name":"wp","href":"https:\/\/api.w.org\/{rel}","templated":true}]}}