{"id":2194,"date":"2025-05-05T17:24:03","date_gmt":"2025-05-05T17:24:03","guid":{"rendered":"https:\/\/pruefservice-stuttgart.de\/?page_id=2194"},"modified":"2025-05-05T17:31:32","modified_gmt":"2025-05-05T17:31:32","slug":"branchenloesungen","status":"publish","type":"page","link":"https:\/\/pruefservice-stuttgart.de\/tr\/enduestri-coezuemleri\/","title":{"rendered":"End\u00fcstri \u00e7\u00f6z\u00fcmleri"},"content":{"rendered":"<div class=\"wp-block-uagb-container uagb-block-4c3875af alignfull uagb-is-root-container\"><div class=\"uagb-container-inner-blocks-wrap\">\n<div class=\"wp-block-uagb-advanced-heading uagb-block-36237826\"><h1 class=\"uagb-heading-text\">End\u00fcstri \u00e7\u00f6z\u00fcmleri<\/h1><\/div>\n<\/div><\/div>\n\n\n\n<div class=\"wp-block-uagb-container uagb-block-5cf03063 alignfull uagb-is-root-container\"><div class=\"uagb-container-inner-blocks-wrap\">\n<div class=\"wp-block-uagb-image alignleft uagb-block-6d75d68d wp-block-uagb-image--layout-default wp-block-uagb-image--effect-static wp-block-uagb-image--align-left\"><figure class=\"wp-block-uagb-image__figure\"><img decoding=\"async\" srcset=\"https:\/\/pruefservice-stuttgart.de\/wp-content\/uploads\/2025\/05\/1623043848188882487-1024x482-1.webp ,https:\/\/pruefservice-stuttgart.de\/wp-content\/uploads\/2025\/05\/1623043848188882487-1024x482-1.webp 780w, https:\/\/pruefservice-stuttgart.de\/wp-content\/uploads\/2025\/05\/1623043848188882487-1024x482-1.webp 360w\" sizes=\"auto, (max-width: 480px) 150px\" src=\"https:\/\/pruefservice-stuttgart.de\/wp-content\/uploads\/2025\/05\/1623043848188882487-1024x482-1.webp\" alt=\"\" class=\"uag-image-1991\" width=\"575\" height=\"480\" title=\"1623043848188882487-1024x482\" loading=\"lazy\" role=\"img\"\/><\/figure><\/div>\n\n\n\n<div class=\"wp-block-uagb-container uagb-block-05150e62\">\n<div class=\"wp-block-uagb-advanced-heading uagb-block-a2b3848d\"><h2 class=\"uagb-heading-text\">End\u00fcstri \u00e7\u00f6z\u00fcmleri \u2013 her end\u00fcstri i\u00e7in elektrik g\u00fcvenli\u011fi<\/h2><p class=\"uagb-desc-text\">Her sekt\u00f6r\u00fcn g\u00fcvenlik, dok\u00fcmantasyon ve s\u00fcre\u00e7ler a\u00e7\u0131s\u0131ndan kendine \u00f6zg\u00fc gereksinimleri vard\u0131r.<br>Geni\u015f bir yelpazedeki alanlardaki deneyimimizle size sunuyoruz <strong>ki\u015fiye \u00f6zel test konseptleri<\/strong> \u2013 ihtiya\u00e7lar\u0131n\u0131za, s\u00fcre\u00e7lerinize ve yasal gerekliliklerinize g\u00f6re uyarlanm\u0131\u015ft\u0131r.<br>\u0130ster sanayi, ister zanaat, ister kamu hizmeti olsun: <strong>Denetimlerimizi yasalara uygun, \u015feffaf bir \u015fekilde ve ki\u015fisel destekle ger\u00e7ekle\u015ftiriyoruz.<\/strong><\/p><\/div>\n<\/div>\n<\/div><\/div>\n\n\n\n<div class=\"wp-block-uagb-container uagb-block-qd2taihi alignfull uagb-is-root-container\"><div class=\"uagb-container-inner-blocks-wrap\">\n<div class=\"wp-block-uagb-info-box uagb-block-iz8lz3nx uagb-infobox__content-wrap  uagb-infobox-icon-above-title uagb-infobox-image-valign-top\"><div class=\"uagb-ifb-content\"><div class=\"uagb-ifb-title-wrap\"><h2 class=\"uagb-ifb-title\">Kamu kurumlar\u0131 ve belediyeler<\/h2><\/div><p class=\"uagb-ifb-desc\">Ofis ekipmanlar\u0131, merdivenler, hem\u015fire yataklar\u0131, acil durum g\u00fc\u00e7 kaynaklar\u0131n\u0131n test edilmesi<br>A\u00e7\u0131l\u0131\u015f saatleri d\u0131\u015f\u0131nda bile randevu esnekli\u011fi<br>\u0130haleler ve denetim makamlar\u0131 i\u00e7in denetime dayan\u0131kl\u0131 protokoller<\/p><\/div><\/div>\n\n\n\n<div class=\"wp-block-uagb-info-box uagb-block-7471a508 uagb-infobox__content-wrap  uagb-infobox-icon-above-title uagb-infobox-image-valign-top\"><div class=\"uagb-ifb-content\"><div class=\"uagb-ifb-title-wrap\"><h2 class=\"uagb-ifb-title\">Sanayi ve El Sanatlar\u0131<\/h2><\/div><p class=\"uagb-ifb-desc\">Makinelerin, \u015fantiye g\u00fc\u00e7 da\u011f\u0131t\u0131m panolar\u0131n\u0131n, sabit ve mobil sistemlerin test edilmesi<br>Devam eden \u00fcretim veya bak\u0131m pencereleri s\u0131ras\u0131nda test etme<br>Risk de\u011ferlendirmeleri ve denetim y\u00f6netimi konusunda destek<\/p><\/div><\/div>\n\n\n\n<div class=\"wp-block-uagb-info-box uagb-block-b57d6510 uagb-infobox__content-wrap  uagb-infobox-icon-above-title uagb-infobox-image-valign-top\"><div class=\"uagb-ifb-content\"><div class=\"uagb-ifb-title-wrap\"><h2 class=\"uagb-ifb-title\">T\u0131p ve Bak\u0131m<\/h2><\/div><p class=\"uagb-ifb-desc\">T\u0131bbi cihazlar\u0131n, hem\u015firelik yataklar\u0131n\u0131n ve acil durum g\u00fc\u00e7 kaynaklar\u0131n\u0131n DGUV uyumlu testleri<br>Hassas ortamlar i\u00e7in gizli yakla\u015f\u0131m, e\u011fitimli personel<br>MPBetreibV ve VDE 0751 gerekliliklerine uygunluk<\/p><\/div><\/div>\n\n\n\n<div class=\"wp-block-uagb-info-box uagb-block-84c85d42 uagb-infobox__content-wrap  uagb-infobox-icon-above-title uagb-infobox-image-valign-top\"><div class=\"uagb-ifb-content\"><div class=\"uagb-ifb-title-wrap\"><h2 class=\"uagb-ifb-title\">Okullar, kre\u015fler ve e\u011fitim kurumlar\u0131<\/h2><\/div><p class=\"uagb-ifb-desc\">S\u0131n\u0131flar, at\u00f6lyeler ve idari odalardaki t\u00fcm elektrikli ekipmanlar\u0131n test edilmesi<br>Tatil d\u00f6nemlerinde randevu m\u00fcmk\u00fcnd\u00fcr<br>Test yetkilileri ve ta\u015f\u0131y\u0131c\u0131lar i\u00e7in dok\u00fcmantasyon<\/p><\/div><\/div>\n\n\n\n<div class=\"wp-block-uagb-info-box uagb-block-e641e605 uagb-infobox__content-wrap  uagb-infobox-icon-above-title uagb-infobox-image-valign-top\"><div class=\"uagb-ifb-content\"><div class=\"uagb-ifb-title-wrap\"><h2 class=\"uagb-ifb-title\">Ofisler ve BT \u015firketleri<\/h2><\/div><p class=\"uagb-ifb-desc\">Bilgisayarlar\u0131n, yaz\u0131c\u0131lar\u0131n, sunucular\u0131n ve kesintisiz g\u00fc\u00e7 kaynaklar\u0131n\u0131n (UPS) test edilmesi<br>G\u00fcnl\u00fck ofis hayat\u0131n\u0131z\u0131 aksatmadan esnek kullan\u0131m<br>Tekrar \u00e7ekimlerinin hat\u0131rlat\u0131lmas\u0131 dahil<\/p><\/div><\/div>\n\n\n\n<div class=\"wp-block-uagb-info-box uagb-block-8fb61c21 uagb-infobox__content-wrap  uagb-infobox-icon-above-title uagb-infobox-image-valign-top\"><div class=\"uagb-ifb-content\"><div class=\"uagb-ifb-title-wrap\"><h2 class=\"uagb-ifb-title\">Di\u011fer end\u00fcstriler<\/h2><\/div><p class=\"uagb-ifb-desc\">Etkinlikler ve Etkinlik Teknolojisi<br>Gastronomi ve Otelcilik End\u00fcstrisi<br>Tar\u0131m ve Ormanc\u0131l\u0131k<br>Ta\u015f\u0131mac\u0131l\u0131k \u015firketleri ve lojistik<br>Burada listelenmeyen bir sekt\u00f6rde mi \u00e7al\u0131\u015f\u0131yorsunuz? Sorun de\u011fil - <strong>Size \u00f6zel bir konsept olu\u015fturmaktan mutluluk duyar\u0131z.<\/strong><\/p><\/div><\/div>\n\n\n\n<div class=\"wp-block-uagb-container uagb-block-ndowxzi7\"><\/div>\n<\/div><\/div>\n\n\n\n<div class=\"wp-block-uagb-container uagb-block-9caa1a47 alignfull uagb-is-root-container\"><div class=\"uagb-container-inner-blocks-wrap\">\n<div class=\"wp-block-uagb-advanced-heading uagb-block-1ed0e64e\"><div class=\"uagb-heading-text\">Yard\u0131m edelim<\/div><\/div>\n\n\n\n<div class=\"wp-block-uagb-advanced-heading uagb-block-3a57683f\"><h2 class=\"uagb-heading-text\">\ud83d\udcde Sekt\u00f6r\u00fcn\u00fcze \u00f6zel ki\u015fisel tavsiyeler<\/h2><\/div>\n\n\n\n<div class=\"wp-block-uagb-buttons uagb-buttons__outer-wrap uagb-btn__default-btn uagb-btn-tablet__default-btn uagb-btn-mobile__default-btn uagb-block-9979be0d\"><div class=\"uagb-buttons__wrap uagb-buttons-layout-wrap\">\n<div class=\"wp-block-uagb-buttons-child uagb-buttons__outer-wrap uagb-block-84fd34e5 wp-block-button\"><div class=\"uagb-button__wrapper\"><a class=\"uagb-buttons-repeater wp-block-button__link\" aria-label=\"\" href=\"https:\/\/pruefservice-stuttgart.de\/tr\/bize-ulasin\/\" rel=\"follow noopener\" target=\"_self\" role=\"button\"><div class=\"uagb-button__link\">\u015eimdi bizimle ileti\u015fime ge\u00e7in<\/div><\/a><\/div><\/div>\n<\/div><\/div>\n\n\n\n<div class=\"wp-block-uagb-advanced-heading uagb-block-838a0a13\"><div class=\"uagb-separator\"><\/div><h3 class=\"uagb-heading-text\">Sekt\u00f6re \u00f6zel test konseptleri hakk\u0131nda daha fazla bilgi edinmek ister misiniz? <\/h3><\/div>\n\n\n\n<div class=\"wp-block-uagb-advanced-heading uagb-block-809e7d0a\"><div class=\"uagb-separator\"><\/div><h3 class=\"uagb-heading-text\">+49 177 49 50 635 \u2013 Size bireysel olarak ve hi\u00e7bir y\u00fck\u00fcml\u00fcl\u00fck alt\u0131na girmeden dan\u0131\u015fmanl\u0131k hizmeti sunaca\u011f\u0131z.<\/h3><\/div>\n<\/div><\/div>","protected":false},"excerpt":{"rendered":"<p>End\u00fcstri \u00e7\u00f6z\u00fcmleri End\u00fcstri \u00e7\u00f6z\u00fcmleri \u2013 her end\u00fcstri i\u00e7in elektrik g\u00fcvenli\u011fi Her end\u00fcstrinin g\u00fcvenlik, dok\u00fcmantasyon ve s\u00fcre\u00e7ler a\u00e7\u0131s\u0131ndan kendine \u00f6zg\u00fc gereksinimleri vard\u0131r. \u00c7ok \u00e7e\u015fitli alanlardaki deneyimimizle, ihtiya\u00e7lar\u0131n\u0131za, s\u00fcre\u00e7lerinize ve yasal gerekliliklerinize g\u00f6re uyarlanm\u0131\u015f, \u00f6zelle\u015ftirilmi\u015f test konseptleri sunuyoruz. \u0130ster sanayi, ister ticaret, ister kamu hizmeti olsun: Yasalara uygun, \u015feffaf bir \u015fekilde ve ki\u015fisel destekle test yap\u0131yoruz.<\/p>","protected":false},"author":1,"featured_media":0,"parent":0,"menu_order":0,"comment_status":"closed","ping_status":"closed","template":"","meta":{"_uag_custom_page_level_css":"","site-sidebar-layout":"no-sidebar","site-content-layout":"plain-container","ast-site-content-layout":"full-width-container","site-content-style":"unboxed","site-sidebar-style":"unboxed","ast-global-header-display":"","ast-banner-title-visibility":"","ast-main-header-display":"","ast-hfb-above-header-display":"","ast-hfb-below-header-display":"","ast-hfb-mobile-header-display":"","site-post-title":"disabled","ast-breadcrumbs-content":"","ast-featured-img":"","footer-sml-layout":"","ast-disable-related-posts":"","theme-transparent-header-meta":"","adv-header-id-meta":"","stick-header-meta":"","header-above-stick-meta":"","header-main-stick-meta":"","header-below-stick-meta":"","astra-migrate-meta-layouts":"set","ast-page-background-enabled":"default","ast-page-background-meta":{"desktop":{"background-color":"var(--ast-global-color-4)","background-image":"","background-repeat":"repeat","background-position":"center center","background-size":"auto","background-attachment":"scroll","background-type":"","background-media":"","overlay-type":"","overlay-color":"","overlay-opacity":"","overlay-gradient":""},"tablet":{"background-color":"","background-image":"","background-repeat":"repeat","background-position":"center center","background-size":"auto","background-attachment":"scroll","background-type":"","background-media":"","overlay-type":"","overlay-color":"","overlay-opacity":"","overlay-gradient":""},"mobile":{"background-color":"","background-image":"","background-repeat":"repeat","background-position":"center center","background-size":"auto","background-attachment":"scroll","background-type":"","background-media":"","overlay-type":"","overlay-color":"","overlay-opacity":"","overlay-gradient":""}},"ast-content-background-meta":{"desktop":{"background-color":"var(--ast-global-color-5)","background-image":"","background-repeat":"repeat","background-position":"center center","background-size":"auto","background-attachment":"scroll","background-type":"","background-media":"","overlay-type":"","overlay-color":"","overlay-opacity":"","overlay-gradient":""},"tablet":{"background-color":"var(--ast-global-color-5)","background-image":"","background-repeat":"repeat","background-position":"center center","background-size":"auto","background-attachment":"scroll","background-type":"","background-media":"","overlay-type":"","overlay-color":"","overlay-opacity":"","overlay-gradient":""},"mobile":{"background-color":"var(--ast-global-color-5)","background-image":"","background-repeat":"repeat","background-position":"center center","background-size":"auto","background-attachment":"scroll","background-type":"","background-media":"","overlay-type":"","overlay-color":"","overlay-opacity":"","overlay-gradient":""}},"footnotes":""},"class_list":["post-2194","page","type-page","status-publish","hentry"],"yoast_head":"<!-- This site is optimized with the Yoast SEO plugin v27.4 - https:\/\/yoast.com\/product\/yoast-seo-wordpress\/ -->\n<title>Branchenl\u00f6sungen - pruefservice-stuttgart.de<\/title>\n<meta name=\"robots\" content=\"index, follow, max-snippet:-1, max-image-preview:large, max-video-preview:-1\" \/>\n<link rel=\"canonical\" href=\"https:\/\/pruefservice-stuttgart.de\/tr\/enduestri-coezuemleri\/\" \/>\n<meta property=\"og:locale\" content=\"tr_TR\" \/>\n<meta property=\"og:type\" content=\"article\" \/>\n<meta property=\"og:title\" content=\"Branchenl\u00f6sungen - pruefservice-stuttgart.de\" \/>\n<meta property=\"og:description\" content=\"Branchenl\u00f6sungen Branchenl\u00f6sungen \u2013 Elektrosicherheit f\u00fcr jede Branche Jede Branche hat ihre eigenen Anforderungen an Sicherheit, Dokumentation und Abl\u00e4ufe.Mit unserer Erfahrung in unterschiedlichsten Einsatzfeldern bieten wir Ihnen ma\u00dfgeschneiderte Pr\u00fcfkonzepte \u2013 abgestimmt auf Ihren Bedarf, Ihre Prozesse und Ihre gesetzlichen Vorgaben.Ob Industrie, Handwerk oder \u00f6ffentlicher Dienst: Wir pr\u00fcfen rechtskonform, nachvollziehbar und mit pers\u00f6nlicher Betreuung.\" \/>\n<meta property=\"og:url\" content=\"https:\/\/pruefservice-stuttgart.de\/tr\/enduestri-coezuemleri\/\" \/>\n<meta property=\"og:site_name\" content=\"pruefservice-stuttgart.de\" \/>\n<meta property=\"article:modified_time\" content=\"2025-05-05T17:31:32+00:00\" \/>\n<meta property=\"og:image\" content=\"https:\/\/pruefservice-stuttgart.de\/wp-content\/uploads\/2025\/05\/1623043848188882487-1024x482-1.webp\" \/>\n<meta name=\"twitter:card\" content=\"summary_large_image\" \/>\n<meta name=\"twitter:label1\" content=\"Tahmini okuma s\u00fcresi\" \/>\n\t<meta name=\"twitter:data1\" content=\"3 dakika\" \/>\n<script type=\"application\/ld+json\" class=\"yoast-schema-graph\">{\"@context\":\"https:\\\/\\\/schema.org\",\"@graph\":[{\"@type\":\"WebPage\",\"@id\":\"https:\\\/\\\/pruefservice-stuttgart.de\\\/branchenloesungen\\\/\",\"url\":\"https:\\\/\\\/pruefservice-stuttgart.de\\\/branchenloesungen\\\/\",\"name\":\"Branchenl\u00f6sungen - pruefservice-stuttgart.de\",\"isPartOf\":{\"@id\":\"https:\\\/\\\/pruefservice-stuttgart.de\\\/#website\"},\"primaryImageOfPage\":{\"@id\":\"https:\\\/\\\/pruefservice-stuttgart.de\\\/branchenloesungen\\\/#primaryimage\"},\"image\":{\"@id\":\"https:\\\/\\\/pruefservice-stuttgart.de\\\/branchenloesungen\\\/#primaryimage\"},\"thumbnailUrl\":\"https:\\\/\\\/pruefservice-stuttgart.de\\\/wp-content\\\/uploads\\\/2025\\\/05\\\/1623043848188882487-1024x482-1.webp\",\"datePublished\":\"2025-05-05T17:24:03+00:00\",\"dateModified\":\"2025-05-05T17:31:32+00:00\",\"breadcrumb\":{\"@id\":\"https:\\\/\\\/pruefservice-stuttgart.de\\\/branchenloesungen\\\/#breadcrumb\"},\"inLanguage\":\"tr\",\"potentialAction\":[{\"@type\":\"ReadAction\",\"target\":[\"https:\\\/\\\/pruefservice-stuttgart.de\\\/branchenloesungen\\\/\"]}]},{\"@type\":\"ImageObject\",\"inLanguage\":\"tr\",\"@id\":\"https:\\\/\\\/pruefservice-stuttgart.de\\\/branchenloesungen\\\/#primaryimage\",\"url\":\"https:\\\/\\\/pruefservice-stuttgart.de\\\/wp-content\\\/uploads\\\/2025\\\/05\\\/1623043848188882487-1024x482-1.webp\",\"contentUrl\":\"https:\\\/\\\/pruefservice-stuttgart.de\\\/wp-content\\\/uploads\\\/2025\\\/05\\\/1623043848188882487-1024x482-1.webp\"},{\"@type\":\"BreadcrumbList\",\"@id\":\"https:\\\/\\\/pruefservice-stuttgart.de\\\/branchenloesungen\\\/#breadcrumb\",\"itemListElement\":[{\"@type\":\"ListItem\",\"position\":1,\"name\":\"Startseite\",\"item\":\"https:\\\/\\\/pruefservice-stuttgart.de\\\/\"},{\"@type\":\"ListItem\",\"position\":2,\"name\":\"Branchenl\u00f6sungen\"}]},{\"@type\":\"WebSite\",\"@id\":\"https:\\\/\\\/pruefservice-stuttgart.de\\\/#website\",\"url\":\"https:\\\/\\\/pruefservice-stuttgart.de\\\/\",\"name\":\"pruefservice-stuttgart.de\",\"description\":\"\",\"publisher\":{\"@id\":\"https:\\\/\\\/pruefservice-stuttgart.de\\\/#organization\"},\"potentialAction\":[{\"@type\":\"SearchAction\",\"target\":{\"@type\":\"EntryPoint\",\"urlTemplate\":\"https:\\\/\\\/pruefservice-stuttgart.de\\\/?s={search_term_string}\"},\"query-input\":{\"@type\":\"PropertyValueSpecification\",\"valueRequired\":true,\"valueName\":\"search_term_string\"}}],\"inLanguage\":\"tr\"},{\"@type\":\"Organization\",\"@id\":\"https:\\\/\\\/pruefservice-stuttgart.de\\\/#organization\",\"name\":\"pruefservice-stuttgart.de\",\"url\":\"https:\\\/\\\/pruefservice-stuttgart.de\\\/\",\"logo\":{\"@type\":\"ImageObject\",\"inLanguage\":\"tr\",\"@id\":\"https:\\\/\\\/pruefservice-stuttgart.de\\\/#\\\/schema\\\/logo\\\/image\\\/\",\"url\":\"https:\\\/\\\/pruefservice-stuttgart.de\\\/wp-content\\\/uploads\\\/2025\\\/05\\\/cropped-pruefservice-stuttgart-4-300x300-1.webp\",\"contentUrl\":\"https:\\\/\\\/pruefservice-stuttgart.de\\\/wp-content\\\/uploads\\\/2025\\\/05\\\/cropped-pruefservice-stuttgart-4-300x300-1.webp\",\"width\":300,\"height\":100,\"caption\":\"pruefservice-stuttgart.de\"},\"image\":{\"@id\":\"https:\\\/\\\/pruefservice-stuttgart.de\\\/#\\\/schema\\\/logo\\\/image\\\/\"}}]}<\/script>\n<!-- \/ Yoast SEO plugin. -->","yoast_head_json":{"title":"End\u00fcstri \u00e7\u00f6z\u00fcmleri - pruefservice-stuttgart.de","robots":{"index":"index","follow":"follow","max-snippet":"max-snippet:-1","max-image-preview":"max-image-preview:large","max-video-preview":"max-video-preview:-1"},"canonical":"https:\/\/pruefservice-stuttgart.de\/tr\/enduestri-coezuemleri\/","og_locale":"tr_TR","og_type":"article","og_title":"Branchenl\u00f6sungen - pruefservice-stuttgart.de","og_description":"Branchenl\u00f6sungen Branchenl\u00f6sungen \u2013 Elektrosicherheit f\u00fcr jede Branche Jede Branche hat ihre eigenen Anforderungen an Sicherheit, Dokumentation und Abl\u00e4ufe.Mit unserer Erfahrung in unterschiedlichsten Einsatzfeldern bieten wir Ihnen ma\u00dfgeschneiderte Pr\u00fcfkonzepte \u2013 abgestimmt auf Ihren Bedarf, Ihre Prozesse und Ihre gesetzlichen Vorgaben.Ob Industrie, Handwerk oder \u00f6ffentlicher Dienst: Wir pr\u00fcfen rechtskonform, nachvollziehbar und mit pers\u00f6nlicher Betreuung.","og_url":"https:\/\/pruefservice-stuttgart.de\/tr\/enduestri-coezuemleri\/","og_site_name":"pruefservice-stuttgart.de","article_modified_time":"2025-05-05T17:31:32+00:00","og_image":[{"url":"https:\/\/pruefservice-stuttgart.de\/wp-content\/uploads\/2025\/05\/1623043848188882487-1024x482-1.webp","type":"","width":"","height":""}],"twitter_card":"summary_large_image","twitter_misc":{"Tahmini okuma s\u00fcresi":"3 dakika"},"schema":{"@context":"https:\/\/schema.org","@graph":[{"@type":"WebPage","@id":"https:\/\/pruefservice-stuttgart.de\/branchenloesungen\/","url":"https:\/\/pruefservice-stuttgart.de\/branchenloesungen\/","name":"End\u00fcstri \u00e7\u00f6z\u00fcmleri - pruefservice-stuttgart.de","isPartOf":{"@id":"https:\/\/pruefservice-stuttgart.de\/#website"},"primaryImageOfPage":{"@id":"https:\/\/pruefservice-stuttgart.de\/branchenloesungen\/#primaryimage"},"image":{"@id":"https:\/\/pruefservice-stuttgart.de\/branchenloesungen\/#primaryimage"},"thumbnailUrl":"https:\/\/pruefservice-stuttgart.de\/wp-content\/uploads\/2025\/05\/1623043848188882487-1024x482-1.webp","datePublished":"2025-05-05T17:24:03+00:00","dateModified":"2025-05-05T17:31:32+00:00","breadcrumb":{"@id":"https:\/\/pruefservice-stuttgart.de\/branchenloesungen\/#breadcrumb"},"inLanguage":"tr","potentialAction":[{"@type":"ReadAction","target":["https:\/\/pruefservice-stuttgart.de\/branchenloesungen\/"]}]},{"@type":"ImageObject","inLanguage":"tr","@id":"https:\/\/pruefservice-stuttgart.de\/branchenloesungen\/#primaryimage","url":"https:\/\/pruefservice-stuttgart.de\/wp-content\/uploads\/2025\/05\/1623043848188882487-1024x482-1.webp","contentUrl":"https:\/\/pruefservice-stuttgart.de\/wp-content\/uploads\/2025\/05\/1623043848188882487-1024x482-1.webp"},{"@type":"BreadcrumbList","@id":"https:\/\/pruefservice-stuttgart.de\/branchenloesungen\/#breadcrumb","itemListElement":[{"@type":"ListItem","position":1,"name":"Startseite","item":"https:\/\/pruefservice-stuttgart.de\/"},{"@type":"ListItem","position":2,"name":"Branchenl\u00f6sungen"}]},{"@type":"WebSite","@id":"https:\/\/pruefservice-stuttgart.de\/#website","url":"https:\/\/pruefservice-stuttgart.de\/","name":"pruefservice-stuttgart.de","description":"","publisher":{"@id":"https:\/\/pruefservice-stuttgart.de\/#organization"},"potentialAction":[{"@type":"SearchAction","target":{"@type":"EntryPoint","urlTemplate":"https:\/\/pruefservice-stuttgart.de\/?s={search_term_string}"},"query-input":{"@type":"PropertyValueSpecification","valueRequired":true,"valueName":"search_term_string"}}],"inLanguage":"tr"},{"@type":"Organization","@id":"https:\/\/pruefservice-stuttgart.de\/#organization","name":"pruefservice-stuttgart.de","url":"https:\/\/pruefservice-stuttgart.de\/","logo":{"@type":"ImageObject","inLanguage":"tr","@id":"https:\/\/pruefservice-stuttgart.de\/#\/schema\/logo\/image\/","url":"https:\/\/pruefservice-stuttgart.de\/wp-content\/uploads\/2025\/05\/cropped-pruefservice-stuttgart-4-300x300-1.webp","contentUrl":"https:\/\/pruefservice-stuttgart.de\/wp-content\/uploads\/2025\/05\/cropped-pruefservice-stuttgart-4-300x300-1.webp","width":300,"height":100,"caption":"pruefservice-stuttgart.de"},"image":{"@id":"https:\/\/pruefservice-stuttgart.de\/#\/schema\/logo\/image\/"}}]}},"uagb_featured_image_src":{"full":false,"thumbnail":false,"medium":false,"medium_large":false,"large":false,"1536x1536":false,"2048x2048":false,"trp-custom-language-flag":false},"uagb_author_info":{"display_name":"emilkemal4@gmail.com","author_link":"https:\/\/pruefservice-stuttgart.de\/tr\/author\/emilkemal4gmail-com\/"},"uagb_comment_info":0,"uagb_excerpt":"Branchenl\u00f6sungen Branchenl\u00f6sungen \u2013 Elektrosicherheit f\u00fcr jede Branche Jede Branche hat ihre eigenen Anforderungen an Sicherheit, Dokumentation und Abl\u00e4ufe.Mit unserer Erfahrung in unterschiedlichsten Einsatzfeldern bieten wir Ihnen ma\u00dfgeschneiderte Pr\u00fcfkonzepte \u2013 abgestimmt auf Ihren Bedarf, Ihre Prozesse und Ihre gesetzlichen Vorgaben.Ob Industrie, Handwerk oder \u00f6ffentlicher Dienst: Wir pr\u00fcfen rechtskonform, nachvollziehbar und mit pers\u00f6nlicher Betreuung.","_links":{"self":[{"href":"https:\/\/pruefservice-stuttgart.de\/tr\/wp-json\/wp\/v2\/pages\/2194","targetHints":{"allow":["GET"]}}],"collection":[{"href":"https:\/\/pruefservice-stuttgart.de\/tr\/wp-json\/wp\/v2\/pages"}],"about":[{"href":"https:\/\/pruefservice-stuttgart.de\/tr\/wp-json\/wp\/v2\/types\/page"}],"author":[{"embeddable":true,"href":"https:\/\/pruefservice-stuttgart.de\/tr\/wp-json\/wp\/v2\/users\/1"}],"replies":[{"embeddable":true,"href":"https:\/\/pruefservice-stuttgart.de\/tr\/wp-json\/wp\/v2\/comments?post=2194"}],"version-history":[{"count":4,"href":"https:\/\/pruefservice-stuttgart.de\/tr\/wp-json\/wp\/v2\/pages\/2194\/revisions"}],"predecessor-version":[{"id":2205,"href":"https:\/\/pruefservice-stuttgart.de\/tr\/wp-json\/wp\/v2\/pages\/2194\/revisions\/2205"}],"wp:attachment":[{"href":"https:\/\/pruefservice-stuttgart.de\/tr\/wp-json\/wp\/v2\/media?parent=2194"}],"curies":[{"name":"wp","href":"https:\/\/api.w.org\/{rel}","templated":true}]}}