{"id":2273,"date":"2025-05-05T19:07:54","date_gmt":"2025-05-05T19:07:54","guid":{"rendered":"https:\/\/pruefservice-stuttgart.de\/?page_id=2273"},"modified":"2025-05-05T19:07:54","modified_gmt":"2025-05-05T19:07:54","slug":"staedte-und-kommunen","status":"publish","type":"page","link":"https:\/\/pruefservice-stuttgart.de\/tr\/sehirler-ve-belediyeler\/","title":{"rendered":"\u015eehirler ve belediyeler"},"content":{"rendered":"<div class=\"wp-block-uagb-container uagb-block-4c3875af alignfull uagb-is-root-container\"><div class=\"uagb-container-inner-blocks-wrap\">\n<div class=\"wp-block-uagb-advanced-heading uagb-block-36237826\"><h1 class=\"uagb-heading-text\">\u015eehirler ve belediyeler<\/h1><\/div>\n<\/div><\/div>\n\n\n\n<div class=\"wp-block-uagb-container uagb-block-5cf03063 alignfull uagb-is-root-container\"><div class=\"uagb-container-inner-blocks-wrap\">\n<div class=\"wp-block-uagb-image alignleft uagb-block-6d75d68d wp-block-uagb-image--layout-default wp-block-uagb-image--effect-static wp-block-uagb-image--align-left\"><figure class=\"wp-block-uagb-image__figure\"><img decoding=\"async\" srcset=\"https:\/\/pruefservice-stuttgart.de\/wp-content\/uploads\/2025\/05\/1623043848188882487-1024x482-1.webp ,https:\/\/pruefservice-stuttgart.de\/wp-content\/uploads\/2025\/05\/1623043848188882487-1024x482-1.webp 780w, https:\/\/pruefservice-stuttgart.de\/wp-content\/uploads\/2025\/05\/1623043848188882487-1024x482-1.webp 360w\" sizes=\"auto, (max-width: 480px) 150px\" src=\"https:\/\/pruefservice-stuttgart.de\/wp-content\/uploads\/2025\/05\/1623043848188882487-1024x482-1.webp\" alt=\"\" class=\"uag-image-1991\" width=\"575\" height=\"480\" title=\"1623043848188882487-1024x482\" loading=\"lazy\" role=\"img\"\/><\/figure><\/div>\n\n\n\n<div class=\"wp-block-uagb-container uagb-block-05150e62\">\n<div class=\"wp-block-uagb-advanced-heading uagb-block-a2b3848d\"><h2 class=\"uagb-heading-text\">\u015eehirler ve belediyeler i\u00e7in elektrik g\u00fcvenli\u011fi<\/h2><p class=\"uagb-desc-text\"><strong>Kamu kurumlar\u0131na y\u00f6nelik hukuka uygun denetimler<br><\/strong>Kamu kurulu\u015flar\u0131n\u0131n hem \u00e7al\u0131\u015fanlar\u0131na hem de vatanda\u015flara kar\u015f\u0131 \u00f6zel bir sorumlulu\u011fu vard\u0131r.<br>Elektrikli ekipmanlar\u0131n DGUV V3 uyumlu testlerimizle, <strong>en y\u00fcksek operasyonel g\u00fcvenlik, hukuki kesinlik ve \u015feffafl\u0131k<\/strong> Belediye bina ve tesislerinde.<\/p><\/div>\n<\/div>\n<\/div><\/div>\n\n\n\n<div class=\"wp-block-uagb-container uagb-block-qd2taihi alignfull uagb-is-root-container\"><div class=\"uagb-container-inner-blocks-wrap\">\n<div class=\"wp-block-uagb-info-box uagb-block-iz8lz3nx uagb-infobox__content-wrap  uagb-infobox-icon-above-title uagb-infobox-image-valign-top\"><div class=\"uagb-ifb-content\"><div class=\"uagb-ifb-title-wrap\"><h2 class=\"uagb-ifb-title\">Belediye uygulamalar\u0131nda tipik yerle\u015fim yerleri:<\/h2><\/div><p class=\"uagb-ifb-desc\">\u015eehir ve belediye idareleri<br>\u0130n\u015faat sahalar\u0131, yap\u0131 yetkilileri ve in\u015faat kontrol merkezleri<br>Anaokullar\u0131, okullar ve yeti\u015fkin e\u011fitim merkezleri<br>\u0130tfaiye istasyonlar\u0131, THW ve kurtarma hizmetleri<br>Spor salonlar\u0131, toplum merkezleri ve k\u00fclt\u00fcr merkezleri<br>Geri d\u00f6n\u00fc\u015f\u00fcm merkezleri, at\u0131k su ar\u0131tma tesisleri ve teknik operasyonlar<\/p><\/div><\/div>\n\n\n\n<div class=\"wp-block-uagb-info-box uagb-block-7471a508 uagb-infobox__content-wrap  uagb-infobox-icon-above-title uagb-infobox-image-valign-top\"><div class=\"uagb-ifb-content\"><div class=\"uagb-ifb-title-wrap\"><h2 class=\"uagb-ifb-title\">\u015eehirler ve belediyeler i\u00e7in kontrol ettiklerimiz:<\/h2><\/div><p class=\"uagb-ifb-desc\">Ofislerde ve sosyal alanlarda ta\u015f\u0131nabilir cihazlar<br>Kal\u0131c\u0131 olarak kurulan da\u011f\u0131t\u0131mlar ve alt da\u011f\u0131t\u0131mlar<br>G\u00fc\u00e7 jenerat\u00f6rleri ve \u015fantiye g\u00fc\u00e7 da\u011f\u0131t\u0131m cihazlar\u0131<br>At\u00f6lyeler ve in\u015faat alanlar\u0131ndaki makineler<br>BT altyap\u0131s\u0131, sunucular ve okul teknolojisi<br>Ya\u015fl\u0131 bak\u0131m tesislerinde hem\u015firelik yataklar\u0131 ve t\u0131bbi teknoloji<\/p><\/div><\/div>\n\n\n\n<div class=\"wp-block-uagb-info-box uagb-block-b57d6510 uagb-infobox__content-wrap  uagb-infobox-icon-above-title uagb-infobox-image-valign-top\"><div class=\"uagb-ifb-content\"><div class=\"uagb-ifb-title-wrap\"><h2 class=\"uagb-ifb-title\">pruefservice-stuttgart.de ile avantajlar\u0131n\u0131z<\/h2><\/div><p class=\"uagb-ifb-desc\">Belediye sat\u0131n alma s\u00fcre\u00e7lerinde deneyim<br>VOB uyumlu yap\u0131ya g\u00f6re tekliflerin haz\u0131rlanmas\u0131<br>Y\u00f6netim ve teknoloji i\u00e7in ki\u015fisel ileti\u015fim<br>Tatil g\u00fcnlerinde veya hafta sonlar\u0131nda da yap\u0131labilir<br>Dijital protokoller ve rozetler \u2013 100 % denetime dayan\u0131kl\u0131<\/p><\/div><\/div>\n\n\n\n<div class=\"wp-block-uagb-info-box uagb-block-0afd4945 uagb-infobox__content-wrap  uagb-infobox-icon-above-title uagb-infobox-image-valign-top\"><div class=\"uagb-ifb-content\"><div class=\"uagb-ifb-title-wrap\"><h2 class=\"uagb-ifb-title\">Yasal olarak g\u00fcvenli son tarihler ve planlama<\/h2><\/div><p class=\"uagb-ifb-desc\">S\u0131nav tarihlerimizi kurumsal s\u00fcre\u00e7lerinizle esnek bir \u015fekilde koordine ediyoruz ve yakla\u015fan tekrar s\u0131navlar\u0131n\u0131 size \u00f6nceden hat\u0131rlat\u0131yoruz.<br>\ud83d\udca1 Talebiniz halinde belediyenizdeki t\u00fcm gayrimenkuller i\u00e7in merkezi bir denetim plan\u0131 olu\u015fturulmas\u0131nda size destek olabiliriz.<\/p><\/div><\/div>\n\n\n\n<div class=\"wp-block-uagb-container uagb-block-ndowxzi7\"><\/div>\n<\/div><\/div>\n\n\n\n<div class=\"wp-block-uagb-container uagb-block-9caa1a47 alignfull uagb-is-root-container\"><div class=\"uagb-container-inner-blocks-wrap\">\n<div class=\"wp-block-uagb-advanced-heading uagb-block-1ed0e64e\"><div class=\"uagb-heading-text\">Yard\u0131m edelim<\/div><\/div>\n\n\n\n<div class=\"wp-block-uagb-advanced-heading uagb-block-3a57683f\"><h2 class=\"uagb-heading-text\">\ud83d\udcde Sekt\u00f6r\u00fcn\u00fcze \u00f6zel ki\u015fisel tavsiyeler<\/h2><\/div>\n\n\n\n<div class=\"wp-block-uagb-buttons uagb-buttons__outer-wrap uagb-btn__default-btn uagb-btn-tablet__default-btn uagb-btn-mobile__default-btn uagb-block-9979be0d\"><div class=\"uagb-buttons__wrap uagb-buttons-layout-wrap\">\n<div class=\"wp-block-uagb-buttons-child uagb-buttons__outer-wrap uagb-block-84fd34e5 wp-block-button\"><div class=\"uagb-button__wrapper\"><a class=\"uagb-buttons-repeater wp-block-button__link\" aria-label=\"\" href=\"https:\/\/pruefservice-stuttgart.de\/tr\/bize-ulasin\/\" rel=\"follow noopener\" target=\"_self\" role=\"button\"><div class=\"uagb-button__link\">\u015eimdi bizimle ileti\u015fime ge\u00e7in<\/div><\/a><\/div><\/div>\n<\/div><\/div>\n\n\n\n<div class=\"wp-block-uagb-advanced-heading uagb-block-838a0a13\"><div class=\"uagb-separator\"><\/div><h3 class=\"uagb-heading-text\">Sekt\u00f6re \u00f6zel test konseptleri hakk\u0131nda daha fazla bilgi edinmek ister misiniz? <\/h3><\/div>\n\n\n\n<div class=\"wp-block-uagb-advanced-heading uagb-block-809e7d0a\"><div class=\"uagb-separator\"><\/div><h3 class=\"uagb-heading-text\">+49 177 49 50 635 \u2013 Size bireysel olarak ve hi\u00e7bir y\u00fck\u00fcml\u00fcl\u00fck alt\u0131na girmeden dan\u0131\u015fmanl\u0131k hizmeti sunaca\u011f\u0131z.<\/h3><\/div>\n<\/div><\/div>","protected":false},"excerpt":{"rendered":"<p>Kentler ve Belediyeler Kentler ve Belediyeler i\u00e7in Elektrik G\u00fcvenli\u011fi Kamu Kurulu\u015flar\u0131n\u0131n Yasalara Uygun Denetimleri Kamu kurulu\u015flar\u0131n\u0131n hem \u00e7al\u0131\u015fanlar\u0131na hem de vatanda\u015flara kar\u015f\u0131 \u00f6zel bir sorumlulu\u011fu vard\u0131r. DGUV V3 uyumlu elektrik ekipmanlar\u0131 muayenemizle, belediye binalar\u0131 ve tesislerinde en \u00fcst d\u00fczeyde operasyonel g\u00fcvenli\u011fi, hukuki kesinli\u011fi ve \u015feffafl\u0131\u011f\u0131 sa\u011fl\u0131yoruz.<\/p>","protected":false},"author":1,"featured_media":0,"parent":0,"menu_order":0,"comment_status":"closed","ping_status":"closed","template":"","meta":{"_uag_custom_page_level_css":"","site-sidebar-layout":"no-sidebar","site-content-layout":"plain-container","ast-site-content-layout":"full-width-container","site-content-style":"unboxed","site-sidebar-style":"unboxed","ast-global-header-display":"","ast-banner-title-visibility":"","ast-main-header-display":"","ast-hfb-above-header-display":"","ast-hfb-below-header-display":"","ast-hfb-mobile-header-display":"","site-post-title":"disabled","ast-breadcrumbs-content":"","ast-featured-img":"","footer-sml-layout":"","ast-disable-related-posts":"","theme-transparent-header-meta":"","adv-header-id-meta":"","stick-header-meta":"","header-above-stick-meta":"","header-main-stick-meta":"","header-below-stick-meta":"","astra-migrate-meta-layouts":"set","ast-page-background-enabled":"default","ast-page-background-meta":{"desktop":{"background-color":"var(--ast-global-color-4)","background-image":"","background-repeat":"repeat","background-position":"center center","background-size":"auto","background-attachment":"scroll","background-type":"","background-media":"","overlay-type":"","overlay-color":"","overlay-opacity":"","overlay-gradient":""},"tablet":{"background-color":"","background-image":"","background-repeat":"repeat","background-position":"center center","background-size":"auto","background-attachment":"scroll","background-type":"","background-media":"","overlay-type":"","overlay-color":"","overlay-opacity":"","overlay-gradient":""},"mobile":{"background-color":"","background-image":"","background-repeat":"repeat","background-position":"center center","background-size":"auto","background-attachment":"scroll","background-type":"","background-media":"","overlay-type":"","overlay-color":"","overlay-opacity":"","overlay-gradient":""}},"ast-content-background-meta":{"desktop":{"background-color":"var(--ast-global-color-5)","background-image":"","background-repeat":"repeat","background-position":"center center","background-size":"auto","background-attachment":"scroll","background-type":"","background-media":"","overlay-type":"","overlay-color":"","overlay-opacity":"","overlay-gradient":""},"tablet":{"background-color":"var(--ast-global-color-5)","background-image":"","background-repeat":"repeat","background-position":"center center","background-size":"auto","background-attachment":"scroll","background-type":"","background-media":"","overlay-type":"","overlay-color":"","overlay-opacity":"","overlay-gradient":""},"mobile":{"background-color":"var(--ast-global-color-5)","background-image":"","background-repeat":"repeat","background-position":"center center","background-size":"auto","background-attachment":"scroll","background-type":"","background-media":"","overlay-type":"","overlay-color":"","overlay-opacity":"","overlay-gradient":""}},"footnotes":""},"class_list":["post-2273","page","type-page","status-publish","hentry"],"yoast_head":"<!-- This site is optimized with the Yoast SEO plugin v27.4 - https:\/\/yoast.com\/product\/yoast-seo-wordpress\/ -->\n<title>St\u00e4dte und Kommunen - pruefservice-stuttgart.de<\/title>\n<meta name=\"robots\" content=\"index, follow, max-snippet:-1, max-image-preview:large, max-video-preview:-1\" \/>\n<link rel=\"canonical\" href=\"https:\/\/pruefservice-stuttgart.de\/tr\/sehirler-ve-belediyeler\/\" \/>\n<meta property=\"og:locale\" content=\"tr_TR\" \/>\n<meta property=\"og:type\" content=\"article\" \/>\n<meta property=\"og:title\" content=\"St\u00e4dte und Kommunen - pruefservice-stuttgart.de\" \/>\n<meta property=\"og:description\" content=\"St\u00e4dte und Kommunen Elektrosicherheit f\u00fcr St\u00e4dte und Kommunen Gesetzeskonforme Pr\u00fcfungen f\u00fcr \u00f6ffentliche Einrichtungen\u00d6ffentliche Einrichtungen stehen in besonderer Verantwortung \u2013 sowohl gegen\u00fcber Mitarbeitenden als auch B\u00fcrgerinnen und B\u00fcrgern.Mit unserer DGUV V3-konformen Pr\u00fcfung elektrischer Betriebsmittel sorgen wir f\u00fcr h\u00f6chste Betriebssicherheit, Rechtssicherheit und Transparenz in kommunalen Geb\u00e4uden und Anlagen.\" \/>\n<meta property=\"og:url\" content=\"https:\/\/pruefservice-stuttgart.de\/tr\/sehirler-ve-belediyeler\/\" \/>\n<meta property=\"og:site_name\" content=\"pruefservice-stuttgart.de\" \/>\n<meta property=\"og:image\" content=\"https:\/\/pruefservice-stuttgart.de\/wp-content\/uploads\/2025\/05\/1623043848188882487-1024x482-1.webp\" \/>\n<meta name=\"twitter:card\" content=\"summary_large_image\" \/>\n<meta name=\"twitter:label1\" content=\"Tahmini okuma s\u00fcresi\" \/>\n\t<meta name=\"twitter:data1\" content=\"2 dakika\" \/>\n<script type=\"application\/ld+json\" class=\"yoast-schema-graph\">{\"@context\":\"https:\\\/\\\/schema.org\",\"@graph\":[{\"@type\":\"WebPage\",\"@id\":\"https:\\\/\\\/pruefservice-stuttgart.de\\\/staedte-und-kommunen\\\/\",\"url\":\"https:\\\/\\\/pruefservice-stuttgart.de\\\/staedte-und-kommunen\\\/\",\"name\":\"St\u00e4dte und Kommunen - pruefservice-stuttgart.de\",\"isPartOf\":{\"@id\":\"https:\\\/\\\/pruefservice-stuttgart.de\\\/#website\"},\"primaryImageOfPage\":{\"@id\":\"https:\\\/\\\/pruefservice-stuttgart.de\\\/staedte-und-kommunen\\\/#primaryimage\"},\"image\":{\"@id\":\"https:\\\/\\\/pruefservice-stuttgart.de\\\/staedte-und-kommunen\\\/#primaryimage\"},\"thumbnailUrl\":\"https:\\\/\\\/pruefservice-stuttgart.de\\\/wp-content\\\/uploads\\\/2025\\\/05\\\/1623043848188882487-1024x482-1.webp\",\"datePublished\":\"2025-05-05T19:07:54+00:00\",\"breadcrumb\":{\"@id\":\"https:\\\/\\\/pruefservice-stuttgart.de\\\/staedte-und-kommunen\\\/#breadcrumb\"},\"inLanguage\":\"tr\",\"potentialAction\":[{\"@type\":\"ReadAction\",\"target\":[\"https:\\\/\\\/pruefservice-stuttgart.de\\\/staedte-und-kommunen\\\/\"]}]},{\"@type\":\"ImageObject\",\"inLanguage\":\"tr\",\"@id\":\"https:\\\/\\\/pruefservice-stuttgart.de\\\/staedte-und-kommunen\\\/#primaryimage\",\"url\":\"https:\\\/\\\/pruefservice-stuttgart.de\\\/wp-content\\\/uploads\\\/2025\\\/05\\\/1623043848188882487-1024x482-1.webp\",\"contentUrl\":\"https:\\\/\\\/pruefservice-stuttgart.de\\\/wp-content\\\/uploads\\\/2025\\\/05\\\/1623043848188882487-1024x482-1.webp\"},{\"@type\":\"BreadcrumbList\",\"@id\":\"https:\\\/\\\/pruefservice-stuttgart.de\\\/staedte-und-kommunen\\\/#breadcrumb\",\"itemListElement\":[{\"@type\":\"ListItem\",\"position\":1,\"name\":\"Startseite\",\"item\":\"https:\\\/\\\/pruefservice-stuttgart.de\\\/\"},{\"@type\":\"ListItem\",\"position\":2,\"name\":\"St\u00e4dte und Kommunen\"}]},{\"@type\":\"WebSite\",\"@id\":\"https:\\\/\\\/pruefservice-stuttgart.de\\\/#website\",\"url\":\"https:\\\/\\\/pruefservice-stuttgart.de\\\/\",\"name\":\"pruefservice-stuttgart.de\",\"description\":\"\",\"publisher\":{\"@id\":\"https:\\\/\\\/pruefservice-stuttgart.de\\\/#organization\"},\"potentialAction\":[{\"@type\":\"SearchAction\",\"target\":{\"@type\":\"EntryPoint\",\"urlTemplate\":\"https:\\\/\\\/pruefservice-stuttgart.de\\\/?s={search_term_string}\"},\"query-input\":{\"@type\":\"PropertyValueSpecification\",\"valueRequired\":true,\"valueName\":\"search_term_string\"}}],\"inLanguage\":\"tr\"},{\"@type\":\"Organization\",\"@id\":\"https:\\\/\\\/pruefservice-stuttgart.de\\\/#organization\",\"name\":\"pruefservice-stuttgart.de\",\"url\":\"https:\\\/\\\/pruefservice-stuttgart.de\\\/\",\"logo\":{\"@type\":\"ImageObject\",\"inLanguage\":\"tr\",\"@id\":\"https:\\\/\\\/pruefservice-stuttgart.de\\\/#\\\/schema\\\/logo\\\/image\\\/\",\"url\":\"https:\\\/\\\/pruefservice-stuttgart.de\\\/wp-content\\\/uploads\\\/2025\\\/05\\\/cropped-pruefservice-stuttgart-4-300x300-1.webp\",\"contentUrl\":\"https:\\\/\\\/pruefservice-stuttgart.de\\\/wp-content\\\/uploads\\\/2025\\\/05\\\/cropped-pruefservice-stuttgart-4-300x300-1.webp\",\"width\":300,\"height\":100,\"caption\":\"pruefservice-stuttgart.de\"},\"image\":{\"@id\":\"https:\\\/\\\/pruefservice-stuttgart.de\\\/#\\\/schema\\\/logo\\\/image\\\/\"}}]}<\/script>\n<!-- \/ Yoast SEO plugin. -->","yoast_head_json":{"title":"\u015eehirler ve belediyeler - pruefservice-stuttgart.de","robots":{"index":"index","follow":"follow","max-snippet":"max-snippet:-1","max-image-preview":"max-image-preview:large","max-video-preview":"max-video-preview:-1"},"canonical":"https:\/\/pruefservice-stuttgart.de\/tr\/sehirler-ve-belediyeler\/","og_locale":"tr_TR","og_type":"article","og_title":"St\u00e4dte und Kommunen - pruefservice-stuttgart.de","og_description":"St\u00e4dte und Kommunen Elektrosicherheit f\u00fcr St\u00e4dte und Kommunen Gesetzeskonforme Pr\u00fcfungen f\u00fcr \u00f6ffentliche Einrichtungen\u00d6ffentliche Einrichtungen stehen in besonderer Verantwortung \u2013 sowohl gegen\u00fcber Mitarbeitenden als auch B\u00fcrgerinnen und B\u00fcrgern.Mit unserer DGUV V3-konformen Pr\u00fcfung elektrischer Betriebsmittel sorgen wir f\u00fcr h\u00f6chste Betriebssicherheit, Rechtssicherheit und Transparenz in kommunalen Geb\u00e4uden und Anlagen.","og_url":"https:\/\/pruefservice-stuttgart.de\/tr\/sehirler-ve-belediyeler\/","og_site_name":"pruefservice-stuttgart.de","og_image":[{"url":"https:\/\/pruefservice-stuttgart.de\/wp-content\/uploads\/2025\/05\/1623043848188882487-1024x482-1.webp","type":"","width":"","height":""}],"twitter_card":"summary_large_image","twitter_misc":{"Tahmini okuma s\u00fcresi":"2 dakika"},"schema":{"@context":"https:\/\/schema.org","@graph":[{"@type":"WebPage","@id":"https:\/\/pruefservice-stuttgart.de\/staedte-und-kommunen\/","url":"https:\/\/pruefservice-stuttgart.de\/staedte-und-kommunen\/","name":"\u015eehirler ve belediyeler - pruefservice-stuttgart.de","isPartOf":{"@id":"https:\/\/pruefservice-stuttgart.de\/#website"},"primaryImageOfPage":{"@id":"https:\/\/pruefservice-stuttgart.de\/staedte-und-kommunen\/#primaryimage"},"image":{"@id":"https:\/\/pruefservice-stuttgart.de\/staedte-und-kommunen\/#primaryimage"},"thumbnailUrl":"https:\/\/pruefservice-stuttgart.de\/wp-content\/uploads\/2025\/05\/1623043848188882487-1024x482-1.webp","datePublished":"2025-05-05T19:07:54+00:00","breadcrumb":{"@id":"https:\/\/pruefservice-stuttgart.de\/staedte-und-kommunen\/#breadcrumb"},"inLanguage":"tr","potentialAction":[{"@type":"ReadAction","target":["https:\/\/pruefservice-stuttgart.de\/staedte-und-kommunen\/"]}]},{"@type":"ImageObject","inLanguage":"tr","@id":"https:\/\/pruefservice-stuttgart.de\/staedte-und-kommunen\/#primaryimage","url":"https:\/\/pruefservice-stuttgart.de\/wp-content\/uploads\/2025\/05\/1623043848188882487-1024x482-1.webp","contentUrl":"https:\/\/pruefservice-stuttgart.de\/wp-content\/uploads\/2025\/05\/1623043848188882487-1024x482-1.webp"},{"@type":"BreadcrumbList","@id":"https:\/\/pruefservice-stuttgart.de\/staedte-und-kommunen\/#breadcrumb","itemListElement":[{"@type":"ListItem","position":1,"name":"Startseite","item":"https:\/\/pruefservice-stuttgart.de\/"},{"@type":"ListItem","position":2,"name":"St\u00e4dte und Kommunen"}]},{"@type":"WebSite","@id":"https:\/\/pruefservice-stuttgart.de\/#website","url":"https:\/\/pruefservice-stuttgart.de\/","name":"pruefservice-stuttgart.de","description":"","publisher":{"@id":"https:\/\/pruefservice-stuttgart.de\/#organization"},"potentialAction":[{"@type":"SearchAction","target":{"@type":"EntryPoint","urlTemplate":"https:\/\/pruefservice-stuttgart.de\/?s={search_term_string}"},"query-input":{"@type":"PropertyValueSpecification","valueRequired":true,"valueName":"search_term_string"}}],"inLanguage":"tr"},{"@type":"Organization","@id":"https:\/\/pruefservice-stuttgart.de\/#organization","name":"pruefservice-stuttgart.de","url":"https:\/\/pruefservice-stuttgart.de\/","logo":{"@type":"ImageObject","inLanguage":"tr","@id":"https:\/\/pruefservice-stuttgart.de\/#\/schema\/logo\/image\/","url":"https:\/\/pruefservice-stuttgart.de\/wp-content\/uploads\/2025\/05\/cropped-pruefservice-stuttgart-4-300x300-1.webp","contentUrl":"https:\/\/pruefservice-stuttgart.de\/wp-content\/uploads\/2025\/05\/cropped-pruefservice-stuttgart-4-300x300-1.webp","width":300,"height":100,"caption":"pruefservice-stuttgart.de"},"image":{"@id":"https:\/\/pruefservice-stuttgart.de\/#\/schema\/logo\/image\/"}}]}},"uagb_featured_image_src":{"full":false,"thumbnail":false,"medium":false,"medium_large":false,"large":false,"1536x1536":false,"2048x2048":false,"trp-custom-language-flag":false},"uagb_author_info":{"display_name":"emilkemal4@gmail.com","author_link":"https:\/\/pruefservice-stuttgart.de\/tr\/author\/emilkemal4gmail-com\/"},"uagb_comment_info":0,"uagb_excerpt":"St\u00e4dte und Kommunen Elektrosicherheit f\u00fcr St\u00e4dte und Kommunen Gesetzeskonforme Pr\u00fcfungen f\u00fcr \u00f6ffentliche Einrichtungen\u00d6ffentliche Einrichtungen stehen in besonderer Verantwortung \u2013 sowohl gegen\u00fcber Mitarbeitenden als auch B\u00fcrgerinnen und B\u00fcrgern.Mit unserer DGUV V3-konformen Pr\u00fcfung elektrischer Betriebsmittel sorgen wir f\u00fcr h\u00f6chste Betriebssicherheit, Rechtssicherheit und Transparenz in kommunalen Geb\u00e4uden und Anlagen.","_links":{"self":[{"href":"https:\/\/pruefservice-stuttgart.de\/tr\/wp-json\/wp\/v2\/pages\/2273","targetHints":{"allow":["GET"]}}],"collection":[{"href":"https:\/\/pruefservice-stuttgart.de\/tr\/wp-json\/wp\/v2\/pages"}],"about":[{"href":"https:\/\/pruefservice-stuttgart.de\/tr\/wp-json\/wp\/v2\/types\/page"}],"author":[{"embeddable":true,"href":"https:\/\/pruefservice-stuttgart.de\/tr\/wp-json\/wp\/v2\/users\/1"}],"replies":[{"embeddable":true,"href":"https:\/\/pruefservice-stuttgart.de\/tr\/wp-json\/wp\/v2\/comments?post=2273"}],"version-history":[{"count":2,"href":"https:\/\/pruefservice-stuttgart.de\/tr\/wp-json\/wp\/v2\/pages\/2273\/revisions"}],"predecessor-version":[{"id":2276,"href":"https:\/\/pruefservice-stuttgart.de\/tr\/wp-json\/wp\/v2\/pages\/2273\/revisions\/2276"}],"wp:attachment":[{"href":"https:\/\/pruefservice-stuttgart.de\/tr\/wp-json\/wp\/v2\/media?parent=2273"}],"curies":[{"name":"wp","href":"https:\/\/api.w.org\/{rel}","templated":true}]}}