{"id":2281,"date":"2025-05-05T19:26:43","date_gmt":"2025-05-05T19:26:43","guid":{"rendered":"https:\/\/pruefservice-stuttgart.de\/?page_id=2281"},"modified":"2025-05-05T19:26:43","modified_gmt":"2025-05-05T19:26:43","slug":"banken-und-kreditinstitute","status":"publish","type":"page","link":"https:\/\/pruefservice-stuttgart.de\/tr\/bankalar-ve-kredi-kuruluslari\/","title":{"rendered":"Bankalar ve kredi kurulu\u015flar\u0131"},"content":{"rendered":"<div class=\"wp-block-uagb-container uagb-block-4c3875af alignfull uagb-is-root-container\"><div class=\"uagb-container-inner-blocks-wrap\">\n<div class=\"wp-block-uagb-advanced-heading uagb-block-36237826\"><h1 class=\"uagb-heading-text\">Bankalar ve kredi kurulu\u015flar\u0131<\/h1><\/div>\n<\/div><\/div>\n\n\n\n<div class=\"wp-block-uagb-container uagb-block-5cf03063 alignfull uagb-is-root-container\"><div class=\"uagb-container-inner-blocks-wrap\">\n<div class=\"wp-block-uagb-image alignleft uagb-block-6d75d68d wp-block-uagb-image--layout-default wp-block-uagb-image--effect-static wp-block-uagb-image--align-left\"><figure class=\"wp-block-uagb-image__figure\"><img decoding=\"async\" srcset=\"https:\/\/pruefservice-stuttgart.de\/wp-content\/uploads\/2025\/05\/1623043848188882487-1024x482-1.webp ,https:\/\/pruefservice-stuttgart.de\/wp-content\/uploads\/2025\/05\/1623043848188882487-1024x482-1.webp 780w, https:\/\/pruefservice-stuttgart.de\/wp-content\/uploads\/2025\/05\/1623043848188882487-1024x482-1.webp 360w\" sizes=\"auto, (max-width: 480px) 150px\" src=\"https:\/\/pruefservice-stuttgart.de\/wp-content\/uploads\/2025\/05\/1623043848188882487-1024x482-1.webp\" alt=\"\" class=\"uag-image-1991\" width=\"575\" height=\"480\" title=\"1623043848188882487-1024x482\" loading=\"lazy\" role=\"img\"\/><\/figure><\/div>\n\n\n\n<div class=\"wp-block-uagb-container uagb-block-05150e62\">\n<div class=\"wp-block-uagb-advanced-heading uagb-block-a2b3848d\"><h2 class=\"uagb-heading-text\">Hassas finansal ortamlar i\u00e7in yasalara uygun denetimler<\/h2><p class=\"uagb-desc-text\">Bankalarda ve finans kurulu\u015flar\u0131nda <strong>Kullan\u0131labilirlik, gizlilik ve g\u00fcvenlik<\/strong> En y\u00fcksek \u00f6ncelik \u2013 bu durum elektrik sistemleri i\u00e7in de ge\u00e7erlidir.<br>Bizimle <strong>DGUV V3 uyumlu test<\/strong> Finansal kurulu\u015funuzun t\u00fcm alanlar\u0131nda g\u00fcvenilir g\u00fc\u00e7 kayna\u011f\u0131 ve yasalara uygun dok\u00fcmantasyon sa\u011fl\u0131yoruz.<\/p><\/div>\n<\/div>\n<\/div><\/div>\n\n\n\n<div class=\"wp-block-uagb-container uagb-block-qd2taihi alignfull uagb-is-root-container\"><div class=\"uagb-container-inner-blocks-wrap\">\n<div class=\"wp-block-uagb-info-box uagb-block-iz8lz3nx uagb-infobox__content-wrap  uagb-infobox-icon-above-title uagb-infobox-image-valign-top\"><div class=\"uagb-ifb-content\"><div class=\"uagb-ifb-title-wrap\"><h2 class=\"uagb-ifb-title\">Tipik uygulama alanlar\u0131:<\/h2><\/div><p class=\"uagb-ifb-desc\">Genel M\u00fcd\u00fcrl\u00fckler ve \u015eubeler<br>ATM alanlar\u0131 ve self-servis b\u00f6lgeleri<br>Veri merkezleri ve sunucu odalar\u0131<br>E\u011fitim odalar\u0131 ve idari ofisler<br>G\u00fcvenli alanlar ve g\u00fcvenlik b\u00f6lgeleri<\/p><\/div><\/div>\n\n\n\n<div class=\"wp-block-uagb-info-box uagb-block-7471a508 uagb-infobox__content-wrap  uagb-infobox-icon-above-title uagb-infobox-image-valign-top\"><div class=\"uagb-ifb-content\"><div class=\"uagb-ifb-title-wrap\"><h2 class=\"uagb-ifb-title\">Bankalarda neler kontrol ediyoruz:<\/h2><\/div><p class=\"uagb-ifb-desc\">Ofis ve tezgah alanlar\u0131nda ta\u015f\u0131nabilir cihazlar<br>BT bile\u015fenleri, monit\u00f6rler, yaz\u0131c\u0131lar, kasa teknolojisi<br>Ka\u00e7ak ak\u0131m koruma \u015falterleri, ana ve alt da\u011f\u0131t\u0131m panolar\u0131<br>Acil g\u00fc\u00e7 sistemleri ve UPS sistemleri<br>Sunucu sistemleri ve a\u011f da\u011f\u0131t\u0131m\u0131<br>Kritik sistemlerin termografik analizi<\/p><\/div><\/div>\n\n\n\n<div class=\"wp-block-uagb-info-box uagb-block-b57d6510 uagb-infobox__content-wrap  uagb-infobox-icon-above-title uagb-infobox-image-valign-top\"><div class=\"uagb-ifb-content\"><div class=\"uagb-ifb-title-wrap\"><h2 class=\"uagb-ifb-title\">pruefservice-stuttgart.de ile avantajlar\u0131n\u0131z<\/h2><\/div><p class=\"uagb-ifb-desc\">E\u011fitimli personel taraf\u0131ndan gizli, veri koruma uyumlu \u00e7al\u0131\u015fma<br>\u00c7al\u0131\u015fma saatleri d\u0131\u015f\u0131nda veya gece s\u0131nav<br>G\u00fcvenlik a\u00e7\u0131s\u0131ndan kritik alanlarda deneyim<br>Dahili ve harici denetimler i\u00e7in eksiksiz dok\u00fcmantasyon<br>GDPR uyumlu protokoller ve rozetler<\/p><\/div><\/div>\n\n\n\n<div class=\"wp-block-uagb-info-box uagb-block-0e809d05 uagb-infobox__content-wrap  uagb-infobox-icon-above-title uagb-infobox-image-valign-top\"><div class=\"uagb-ifb-content\"><div class=\"uagb-ifb-title-wrap\"><h2 class=\"uagb-ifb-title\">Kesintisiz planlama<\/h2><\/div><p class=\"uagb-ifb-desc\">Denetimlerimizi, devam eden operasyonlar s\u0131ras\u0131nda da ger\u00e7ekle\u015ftiriyoruz; istenirse a\u015famal\u0131 olarak veya saha baz\u0131nda da ger\u00e7ekle\u015ftirebiliyoruz. Bu sayede g\u00fcnl\u00fck i\u015fleriniz aksamadan devam eder.<\/p><\/div><\/div>\n\n\n\n<div class=\"wp-block-uagb-container uagb-block-ndowxzi7\"><\/div>\n<\/div><\/div>\n\n\n\n<div class=\"wp-block-uagb-container uagb-block-9caa1a47 alignfull uagb-is-root-container\"><div class=\"uagb-container-inner-blocks-wrap\">\n<div class=\"wp-block-uagb-advanced-heading uagb-block-1ed0e64e\"><div class=\"uagb-heading-text\">Yard\u0131m edelim<\/div><\/div>\n\n\n\n<div class=\"wp-block-uagb-advanced-heading uagb-block-3a57683f\"><h2 class=\"uagb-heading-text\">\ud83d\udcde Sekt\u00f6r\u00fcn\u00fcze \u00f6zel ki\u015fisel tavsiyeler<\/h2><\/div>\n\n\n\n<div class=\"wp-block-uagb-buttons uagb-buttons__outer-wrap uagb-btn__default-btn uagb-btn-tablet__default-btn uagb-btn-mobile__default-btn uagb-block-9979be0d\"><div class=\"uagb-buttons__wrap uagb-buttons-layout-wrap\">\n<div class=\"wp-block-uagb-buttons-child uagb-buttons__outer-wrap uagb-block-84fd34e5 wp-block-button\"><div class=\"uagb-button__wrapper\"><a class=\"uagb-buttons-repeater wp-block-button__link\" aria-label=\"\" href=\"https:\/\/pruefservice-stuttgart.de\/tr\/bize-ulasin\/\" rel=\"follow noopener\" target=\"_self\" role=\"button\"><div class=\"uagb-button__link\">\u015eimdi bizimle ileti\u015fime ge\u00e7in<\/div><\/a><\/div><\/div>\n<\/div><\/div>\n\n\n\n<div class=\"wp-block-uagb-advanced-heading uagb-block-838a0a13\"><div class=\"uagb-separator\"><\/div><h3 class=\"uagb-heading-text\">Sekt\u00f6re \u00f6zel test konseptleri hakk\u0131nda daha fazla bilgi edinmek ister misiniz? <\/h3><\/div>\n\n\n\n<div class=\"wp-block-uagb-advanced-heading uagb-block-809e7d0a\"><div class=\"uagb-separator\"><\/div><h3 class=\"uagb-heading-text\">+49 177 49 50 635 \u2013 Size bireysel olarak ve hi\u00e7bir y\u00fck\u00fcml\u00fcl\u00fck alt\u0131na girmeden dan\u0131\u015fmanl\u0131k hizmeti sunaca\u011f\u0131z.<\/h3><\/div>\n<\/div><\/div>","protected":false},"excerpt":{"rendered":"<p>Bankalar ve kredi kurulu\u015flar\u0131: Hassas finansal ortamlar i\u00e7in yasalara uygun denetimler. Bankalarda ve finans kurulu\u015flar\u0131nda eri\u015filebilirlik, gizlilik ve g\u00fcvenlik en \u00f6nemli unsurlard\u0131r; bu durum elektrik sistemleri i\u00e7in de ge\u00e7erlidir. DGUV V3 uyumlu denetimimizle, finansal kurulu\u015funuzun t\u00fcm alanlar\u0131nda g\u00fcvenilir g\u00fc\u00e7 kayna\u011f\u0131 ve yasalara uygun dok\u00fcmantasyon sa\u011fl\u0131yoruz.<\/p>","protected":false},"author":1,"featured_media":0,"parent":0,"menu_order":0,"comment_status":"closed","ping_status":"closed","template":"","meta":{"_uag_custom_page_level_css":"","site-sidebar-layout":"no-sidebar","site-content-layout":"plain-container","ast-site-content-layout":"full-width-container","site-content-style":"unboxed","site-sidebar-style":"unboxed","ast-global-header-display":"","ast-banner-title-visibility":"","ast-main-header-display":"","ast-hfb-above-header-display":"","ast-hfb-below-header-display":"","ast-hfb-mobile-header-display":"","site-post-title":"disabled","ast-breadcrumbs-content":"","ast-featured-img":"","footer-sml-layout":"","ast-disable-related-posts":"","theme-transparent-header-meta":"","adv-header-id-meta":"","stick-header-meta":"","header-above-stick-meta":"","header-main-stick-meta":"","header-below-stick-meta":"","astra-migrate-meta-layouts":"set","ast-page-background-enabled":"default","ast-page-background-meta":{"desktop":{"background-color":"var(--ast-global-color-4)","background-image":"","background-repeat":"repeat","background-position":"center center","background-size":"auto","background-attachment":"scroll","background-type":"","background-media":"","overlay-type":"","overlay-color":"","overlay-opacity":"","overlay-gradient":""},"tablet":{"background-color":"","background-image":"","background-repeat":"repeat","background-position":"center center","background-size":"auto","background-attachment":"scroll","background-type":"","background-media":"","overlay-type":"","overlay-color":"","overlay-opacity":"","overlay-gradient":""},"mobile":{"background-color":"","background-image":"","background-repeat":"repeat","background-position":"center center","background-size":"auto","background-attachment":"scroll","background-type":"","background-media":"","overlay-type":"","overlay-color":"","overlay-opacity":"","overlay-gradient":""}},"ast-content-background-meta":{"desktop":{"background-color":"var(--ast-global-color-5)","background-image":"","background-repeat":"repeat","background-position":"center center","background-size":"auto","background-attachment":"scroll","background-type":"","background-media":"","overlay-type":"","overlay-color":"","overlay-opacity":"","overlay-gradient":""},"tablet":{"background-color":"var(--ast-global-color-5)","background-image":"","background-repeat":"repeat","background-position":"center center","background-size":"auto","background-attachment":"scroll","background-type":"","background-media":"","overlay-type":"","overlay-color":"","overlay-opacity":"","overlay-gradient":""},"mobile":{"background-color":"var(--ast-global-color-5)","background-image":"","background-repeat":"repeat","background-position":"center center","background-size":"auto","background-attachment":"scroll","background-type":"","background-media":"","overlay-type":"","overlay-color":"","overlay-opacity":"","overlay-gradient":""}},"footnotes":""},"class_list":["post-2281","page","type-page","status-publish","hentry"],"yoast_head":"<!-- This site is optimized with the Yoast SEO plugin v27.4 - https:\/\/yoast.com\/product\/yoast-seo-wordpress\/ -->\n<title>Banken und Kreditinstitute - pruefservice-stuttgart.de<\/title>\n<meta name=\"robots\" content=\"index, follow, max-snippet:-1, max-image-preview:large, max-video-preview:-1\" \/>\n<link rel=\"canonical\" href=\"https:\/\/pruefservice-stuttgart.de\/tr\/bankalar-ve-kredi-kuruluslari\/\" \/>\n<meta property=\"og:locale\" content=\"tr_TR\" \/>\n<meta property=\"og:type\" content=\"article\" \/>\n<meta property=\"og:title\" content=\"Banken und Kreditinstitute - pruefservice-stuttgart.de\" \/>\n<meta property=\"og:description\" content=\"Banken und Kreditinstitute Rechtssichere Pr\u00fcfungen f\u00fcr sensible Finanzumgebungen In Banken und Finanzinstituten stehen Verf\u00fcgbarkeit, Diskretion und Sicherheit an oberster Stelle \u2013 das gilt auch f\u00fcr die elektrischen Anlagen.Mit unserer DGUV V3 konformen Pr\u00fcfung sorgen wir f\u00fcr zuverl\u00e4ssige Stromversorgung und rechtssichere Dokumentation in allen Bereichen Ihres Finanzinstituts.\" \/>\n<meta property=\"og:url\" content=\"https:\/\/pruefservice-stuttgart.de\/tr\/bankalar-ve-kredi-kuruluslari\/\" \/>\n<meta property=\"og:site_name\" content=\"pruefservice-stuttgart.de\" \/>\n<meta property=\"og:image\" content=\"https:\/\/pruefservice-stuttgart.de\/wp-content\/uploads\/2025\/05\/1623043848188882487-1024x482-1.webp\" \/>\n<meta name=\"twitter:card\" content=\"summary_large_image\" \/>\n<meta name=\"twitter:label1\" content=\"Tahmini okuma s\u00fcresi\" \/>\n\t<meta name=\"twitter:data1\" content=\"2 dakika\" \/>\n<script type=\"application\/ld+json\" class=\"yoast-schema-graph\">{\"@context\":\"https:\\\/\\\/schema.org\",\"@graph\":[{\"@type\":\"WebPage\",\"@id\":\"https:\\\/\\\/pruefservice-stuttgart.de\\\/banken-und-kreditinstitute\\\/\",\"url\":\"https:\\\/\\\/pruefservice-stuttgart.de\\\/banken-und-kreditinstitute\\\/\",\"name\":\"Banken und Kreditinstitute - pruefservice-stuttgart.de\",\"isPartOf\":{\"@id\":\"https:\\\/\\\/pruefservice-stuttgart.de\\\/#website\"},\"primaryImageOfPage\":{\"@id\":\"https:\\\/\\\/pruefservice-stuttgart.de\\\/banken-und-kreditinstitute\\\/#primaryimage\"},\"image\":{\"@id\":\"https:\\\/\\\/pruefservice-stuttgart.de\\\/banken-und-kreditinstitute\\\/#primaryimage\"},\"thumbnailUrl\":\"https:\\\/\\\/pruefservice-stuttgart.de\\\/wp-content\\\/uploads\\\/2025\\\/05\\\/1623043848188882487-1024x482-1.webp\",\"datePublished\":\"2025-05-05T19:26:43+00:00\",\"breadcrumb\":{\"@id\":\"https:\\\/\\\/pruefservice-stuttgart.de\\\/banken-und-kreditinstitute\\\/#breadcrumb\"},\"inLanguage\":\"tr\",\"potentialAction\":[{\"@type\":\"ReadAction\",\"target\":[\"https:\\\/\\\/pruefservice-stuttgart.de\\\/banken-und-kreditinstitute\\\/\"]}]},{\"@type\":\"ImageObject\",\"inLanguage\":\"tr\",\"@id\":\"https:\\\/\\\/pruefservice-stuttgart.de\\\/banken-und-kreditinstitute\\\/#primaryimage\",\"url\":\"https:\\\/\\\/pruefservice-stuttgart.de\\\/wp-content\\\/uploads\\\/2025\\\/05\\\/1623043848188882487-1024x482-1.webp\",\"contentUrl\":\"https:\\\/\\\/pruefservice-stuttgart.de\\\/wp-content\\\/uploads\\\/2025\\\/05\\\/1623043848188882487-1024x482-1.webp\"},{\"@type\":\"BreadcrumbList\",\"@id\":\"https:\\\/\\\/pruefservice-stuttgart.de\\\/banken-und-kreditinstitute\\\/#breadcrumb\",\"itemListElement\":[{\"@type\":\"ListItem\",\"position\":1,\"name\":\"Startseite\",\"item\":\"https:\\\/\\\/pruefservice-stuttgart.de\\\/\"},{\"@type\":\"ListItem\",\"position\":2,\"name\":\"Banken und Kreditinstitute\"}]},{\"@type\":\"WebSite\",\"@id\":\"https:\\\/\\\/pruefservice-stuttgart.de\\\/#website\",\"url\":\"https:\\\/\\\/pruefservice-stuttgart.de\\\/\",\"name\":\"pruefservice-stuttgart.de\",\"description\":\"\",\"publisher\":{\"@id\":\"https:\\\/\\\/pruefservice-stuttgart.de\\\/#organization\"},\"potentialAction\":[{\"@type\":\"SearchAction\",\"target\":{\"@type\":\"EntryPoint\",\"urlTemplate\":\"https:\\\/\\\/pruefservice-stuttgart.de\\\/?s={search_term_string}\"},\"query-input\":{\"@type\":\"PropertyValueSpecification\",\"valueRequired\":true,\"valueName\":\"search_term_string\"}}],\"inLanguage\":\"tr\"},{\"@type\":\"Organization\",\"@id\":\"https:\\\/\\\/pruefservice-stuttgart.de\\\/#organization\",\"name\":\"pruefservice-stuttgart.de\",\"url\":\"https:\\\/\\\/pruefservice-stuttgart.de\\\/\",\"logo\":{\"@type\":\"ImageObject\",\"inLanguage\":\"tr\",\"@id\":\"https:\\\/\\\/pruefservice-stuttgart.de\\\/#\\\/schema\\\/logo\\\/image\\\/\",\"url\":\"https:\\\/\\\/pruefservice-stuttgart.de\\\/wp-content\\\/uploads\\\/2025\\\/05\\\/cropped-pruefservice-stuttgart-4-300x300-1.webp\",\"contentUrl\":\"https:\\\/\\\/pruefservice-stuttgart.de\\\/wp-content\\\/uploads\\\/2025\\\/05\\\/cropped-pruefservice-stuttgart-4-300x300-1.webp\",\"width\":300,\"height\":100,\"caption\":\"pruefservice-stuttgart.de\"},\"image\":{\"@id\":\"https:\\\/\\\/pruefservice-stuttgart.de\\\/#\\\/schema\\\/logo\\\/image\\\/\"}}]}<\/script>\n<!-- \/ Yoast SEO plugin. -->","yoast_head_json":{"title":"Bankalar ve kredi kurulu\u015flar\u0131 - pruefservice-stuttgart.de","robots":{"index":"index","follow":"follow","max-snippet":"max-snippet:-1","max-image-preview":"max-image-preview:large","max-video-preview":"max-video-preview:-1"},"canonical":"https:\/\/pruefservice-stuttgart.de\/tr\/bankalar-ve-kredi-kuruluslari\/","og_locale":"tr_TR","og_type":"article","og_title":"Banken und Kreditinstitute - pruefservice-stuttgart.de","og_description":"Banken und Kreditinstitute Rechtssichere Pr\u00fcfungen f\u00fcr sensible Finanzumgebungen In Banken und Finanzinstituten stehen Verf\u00fcgbarkeit, Diskretion und Sicherheit an oberster Stelle \u2013 das gilt auch f\u00fcr die elektrischen Anlagen.Mit unserer DGUV V3 konformen Pr\u00fcfung sorgen wir f\u00fcr zuverl\u00e4ssige Stromversorgung und rechtssichere Dokumentation in allen Bereichen Ihres Finanzinstituts.","og_url":"https:\/\/pruefservice-stuttgart.de\/tr\/bankalar-ve-kredi-kuruluslari\/","og_site_name":"pruefservice-stuttgart.de","og_image":[{"url":"https:\/\/pruefservice-stuttgart.de\/wp-content\/uploads\/2025\/05\/1623043848188882487-1024x482-1.webp","type":"","width":"","height":""}],"twitter_card":"summary_large_image","twitter_misc":{"Tahmini okuma s\u00fcresi":"2 dakika"},"schema":{"@context":"https:\/\/schema.org","@graph":[{"@type":"WebPage","@id":"https:\/\/pruefservice-stuttgart.de\/banken-und-kreditinstitute\/","url":"https:\/\/pruefservice-stuttgart.de\/banken-und-kreditinstitute\/","name":"Bankalar ve kredi kurulu\u015flar\u0131 - pruefservice-stuttgart.de","isPartOf":{"@id":"https:\/\/pruefservice-stuttgart.de\/#website"},"primaryImageOfPage":{"@id":"https:\/\/pruefservice-stuttgart.de\/banken-und-kreditinstitute\/#primaryimage"},"image":{"@id":"https:\/\/pruefservice-stuttgart.de\/banken-und-kreditinstitute\/#primaryimage"},"thumbnailUrl":"https:\/\/pruefservice-stuttgart.de\/wp-content\/uploads\/2025\/05\/1623043848188882487-1024x482-1.webp","datePublished":"2025-05-05T19:26:43+00:00","breadcrumb":{"@id":"https:\/\/pruefservice-stuttgart.de\/banken-und-kreditinstitute\/#breadcrumb"},"inLanguage":"tr","potentialAction":[{"@type":"ReadAction","target":["https:\/\/pruefservice-stuttgart.de\/banken-und-kreditinstitute\/"]}]},{"@type":"ImageObject","inLanguage":"tr","@id":"https:\/\/pruefservice-stuttgart.de\/banken-und-kreditinstitute\/#primaryimage","url":"https:\/\/pruefservice-stuttgart.de\/wp-content\/uploads\/2025\/05\/1623043848188882487-1024x482-1.webp","contentUrl":"https:\/\/pruefservice-stuttgart.de\/wp-content\/uploads\/2025\/05\/1623043848188882487-1024x482-1.webp"},{"@type":"BreadcrumbList","@id":"https:\/\/pruefservice-stuttgart.de\/banken-und-kreditinstitute\/#breadcrumb","itemListElement":[{"@type":"ListItem","position":1,"name":"Startseite","item":"https:\/\/pruefservice-stuttgart.de\/"},{"@type":"ListItem","position":2,"name":"Banken und Kreditinstitute"}]},{"@type":"WebSite","@id":"https:\/\/pruefservice-stuttgart.de\/#website","url":"https:\/\/pruefservice-stuttgart.de\/","name":"pruefservice-stuttgart.de","description":"","publisher":{"@id":"https:\/\/pruefservice-stuttgart.de\/#organization"},"potentialAction":[{"@type":"SearchAction","target":{"@type":"EntryPoint","urlTemplate":"https:\/\/pruefservice-stuttgart.de\/?s={search_term_string}"},"query-input":{"@type":"PropertyValueSpecification","valueRequired":true,"valueName":"search_term_string"}}],"inLanguage":"tr"},{"@type":"Organization","@id":"https:\/\/pruefservice-stuttgart.de\/#organization","name":"pruefservice-stuttgart.de","url":"https:\/\/pruefservice-stuttgart.de\/","logo":{"@type":"ImageObject","inLanguage":"tr","@id":"https:\/\/pruefservice-stuttgart.de\/#\/schema\/logo\/image\/","url":"https:\/\/pruefservice-stuttgart.de\/wp-content\/uploads\/2025\/05\/cropped-pruefservice-stuttgart-4-300x300-1.webp","contentUrl":"https:\/\/pruefservice-stuttgart.de\/wp-content\/uploads\/2025\/05\/cropped-pruefservice-stuttgart-4-300x300-1.webp","width":300,"height":100,"caption":"pruefservice-stuttgart.de"},"image":{"@id":"https:\/\/pruefservice-stuttgart.de\/#\/schema\/logo\/image\/"}}]}},"uagb_featured_image_src":{"full":false,"thumbnail":false,"medium":false,"medium_large":false,"large":false,"1536x1536":false,"2048x2048":false,"trp-custom-language-flag":false},"uagb_author_info":{"display_name":"emilkemal4@gmail.com","author_link":"https:\/\/pruefservice-stuttgart.de\/tr\/author\/emilkemal4gmail-com\/"},"uagb_comment_info":0,"uagb_excerpt":"Banken und Kreditinstitute Rechtssichere Pr\u00fcfungen f\u00fcr sensible Finanzumgebungen In Banken und Finanzinstituten stehen Verf\u00fcgbarkeit, Diskretion und Sicherheit an oberster Stelle \u2013 das gilt auch f\u00fcr die elektrischen Anlagen.Mit unserer DGUV V3 konformen Pr\u00fcfung sorgen wir f\u00fcr zuverl\u00e4ssige Stromversorgung und rechtssichere Dokumentation in allen Bereichen Ihres Finanzinstituts.","_links":{"self":[{"href":"https:\/\/pruefservice-stuttgart.de\/tr\/wp-json\/wp\/v2\/pages\/2281","targetHints":{"allow":["GET"]}}],"collection":[{"href":"https:\/\/pruefservice-stuttgart.de\/tr\/wp-json\/wp\/v2\/pages"}],"about":[{"href":"https:\/\/pruefservice-stuttgart.de\/tr\/wp-json\/wp\/v2\/types\/page"}],"author":[{"embeddable":true,"href":"https:\/\/pruefservice-stuttgart.de\/tr\/wp-json\/wp\/v2\/users\/1"}],"replies":[{"embeddable":true,"href":"https:\/\/pruefservice-stuttgart.de\/tr\/wp-json\/wp\/v2\/comments?post=2281"}],"version-history":[{"count":2,"href":"https:\/\/pruefservice-stuttgart.de\/tr\/wp-json\/wp\/v2\/pages\/2281\/revisions"}],"predecessor-version":[{"id":2283,"href":"https:\/\/pruefservice-stuttgart.de\/tr\/wp-json\/wp\/v2\/pages\/2281\/revisions\/2283"}],"wp:attachment":[{"href":"https:\/\/pruefservice-stuttgart.de\/tr\/wp-json\/wp\/v2\/media?parent=2281"}],"curies":[{"name":"wp","href":"https:\/\/api.w.org\/{rel}","templated":true}]}}