{"id":2290,"date":"2025-05-05T19:33:28","date_gmt":"2025-05-05T19:33:28","guid":{"rendered":"https:\/\/pruefservice-stuttgart.de\/?page_id=2290"},"modified":"2025-05-05T19:33:28","modified_gmt":"2025-05-05T19:33:28","slug":"bildungswesen-und-behoerden","status":"publish","type":"page","link":"https:\/\/pruefservice-stuttgart.de\/tr\/egitim-ve-yetkililer\/","title":{"rendered":"E\u011fitim ve kamu otoriteleri"},"content":{"rendered":"<div class=\"wp-block-uagb-container uagb-block-4c3875af alignfull uagb-is-root-container\"><div class=\"uagb-container-inner-blocks-wrap\">\n<div class=\"wp-block-uagb-advanced-heading uagb-block-36237826\"><h1 class=\"uagb-heading-text\">E\u011fitim ve kamu otoriteleri<\/h1><\/div>\n<\/div><\/div>\n\n\n\n<div class=\"wp-block-uagb-container uagb-block-5cf03063 alignfull uagb-is-root-container\"><div class=\"uagb-container-inner-blocks-wrap\">\n<div class=\"wp-block-uagb-image alignleft uagb-block-6d75d68d wp-block-uagb-image--layout-default wp-block-uagb-image--effect-static wp-block-uagb-image--align-left\"><figure class=\"wp-block-uagb-image__figure\"><img decoding=\"async\" srcset=\"https:\/\/pruefservice-stuttgart.de\/wp-content\/uploads\/2025\/05\/1623043848188882487-1024x482-1.webp ,https:\/\/pruefservice-stuttgart.de\/wp-content\/uploads\/2025\/05\/1623043848188882487-1024x482-1.webp 780w, https:\/\/pruefservice-stuttgart.de\/wp-content\/uploads\/2025\/05\/1623043848188882487-1024x482-1.webp 360w\" sizes=\"auto, (max-width: 480px) 150px\" src=\"https:\/\/pruefservice-stuttgart.de\/wp-content\/uploads\/2025\/05\/1623043848188882487-1024x482-1.webp\" alt=\"\" class=\"uag-image-1991\" width=\"575\" height=\"480\" title=\"1623043848188882487-1024x482\" loading=\"lazy\" role=\"img\"\/><\/figure><\/div>\n\n\n\n<div class=\"wp-block-uagb-container uagb-block-05150e62\">\n<div class=\"wp-block-uagb-advanced-heading uagb-block-a2b3848d\"><h2 class=\"uagb-heading-text\">Kamu e\u011fitim kurumlar\u0131 ve idareleri i\u00e7in g\u00fcvenilir DGUV V3 testleri<\/h2><p class=\"uagb-desc-text\">E\u011fitim kurumlar\u0131 ve kamu kurumlar\u0131nda \u00e7al\u0131\u015fanlar\u0131, \u00f6\u011frencileri, \u00f6\u011frencileri ve vatanda\u015flar\u0131 korumak i\u00e7in g\u00fcvenlik ve eri\u015filebilirlik esast\u0131r.<br>Profesyonel elektrik testlerimiz ile <strong>DGUV Y\u00f6netmeli\u011fi 3<\/strong> biz bir <strong>p\u00fcr\u00fczs\u00fcz, yasalara uygun operasyon<\/strong> okullarda, ofislerde ve idari binalarda.<\/p><\/div>\n<\/div>\n<\/div><\/div>\n\n\n\n<div class=\"wp-block-uagb-container uagb-block-qd2taihi alignfull uagb-is-root-container\"><div class=\"uagb-container-inner-blocks-wrap\">\n<div class=\"wp-block-uagb-info-box uagb-block-iz8lz3nx uagb-infobox__content-wrap  uagb-infobox-icon-above-title uagb-infobox-image-valign-top\"><div class=\"uagb-ifb-content\"><div class=\"uagb-ifb-title-wrap\"><h2 class=\"uagb-ifb-title\">Tipik uygulama alanlar\u0131:<\/h2><\/div><p class=\"uagb-ifb-desc\">\u0130lkokul ve ortaokullar<br>Meslek okullar\u0131 ve \u00fcniversiteler<br>Kre\u015fler ve okul sonras\u0131 bak\u0131m merkezleri<br>Yeti\u015fkin e\u011fitim merkezleri ve e\u011fitim kurumlar\u0131<br>\u015eehir ve \u0130l\u00e7e Ofisleri<br>Yarg\u0131sal ve d\u00fczenleyici otoriteler<br>Kamu y\u00f6netim binalar\u0131 ve ar\u015fivleri<\/p><\/div><\/div>\n\n\n\n<div class=\"wp-block-uagb-info-box uagb-block-7471a508 uagb-infobox__content-wrap  uagb-infobox-icon-above-title uagb-infobox-image-valign-top\"><div class=\"uagb-ifb-content\"><div class=\"uagb-ifb-title-wrap\"><h2 class=\"uagb-ifb-title\">Neleri kontrol ediyoruz:<\/h2><\/div><p class=\"uagb-ifb-desc\">Ta\u015f\u0131nabilir cihazlar (\u00f6rne\u011fin projekt\u00f6rler, bilgisayarlar, yaz\u0131c\u0131lar, mutfak aletleri)<br>Okul a\u011flar\u0131 ve medya odalar\u0131ndaki BT altyap\u0131s\u0131<br>Laboratuvar ve at\u00f6lye teknolojisi (\u00f6rne\u011fin CNC, freze, elektrik konstr\u00fcksiyon kitleri)<br>Ana ve alt da\u011f\u0131t\u0131mlar<br>G\u00fcvenlik ayd\u0131nlatma ve alarm teknolojisi<br>Erken te\u015fhis i\u00e7in termografik analizler<\/p><\/div><\/div>\n\n\n\n<div class=\"wp-block-uagb-info-box uagb-block-b57d6510 uagb-infobox__content-wrap  uagb-infobox-icon-above-title uagb-infobox-image-valign-top\"><div class=\"uagb-ifb-content\"><div class=\"uagb-ifb-title-wrap\"><h2 class=\"uagb-ifb-title\">pruefservice-stuttgart.de ile avantajlar\u0131n\u0131z<\/h2><\/div><p class=\"uagb-ifb-desc\">Devlet kurumlar\u0131 ve fonlama projeleri konusunda deneyim<br>Tatillerde veya okul tatil d\u00f6nemlerinde esnek uygulama<br>GDPR ve okul yasalar\u0131na uygun protokoller<br>\u015eeffaf maliyet yap\u0131s\u0131 \u2013 b\u00fct\u00e7e k\u0131s\u0131tlamalar\u0131 olan sa\u011flay\u0131c\u0131lar i\u00e7in de<br>Bak\u0131c\u0131lar ve idari y\u00f6netim i\u00e7in e\u011fitim teklifleri (talep \u00fczerine)<\/p><\/div><\/div>\n\n\n\n<div class=\"wp-block-uagb-info-box uagb-block-233dd36f uagb-infobox__content-wrap  uagb-infobox-icon-above-title uagb-infobox-image-valign-top\"><div class=\"uagb-ifb-content\"><div class=\"uagb-ifb-title-wrap\"><h2 class=\"uagb-ifb-title\">Planlanabilir tekrar testleri<\/h2><\/div><p class=\"uagb-ifb-desc\">E\u011fitim kurumlar\u0131n\u0131 destekliyoruz <strong>y\u0131ll\u0131k planlama ve hat\u0131rlatma<\/strong> muayene periyotlar\u0131nda \u2013 lokasyona ba\u011fl\u0131 olarak merkezi veya merkezi olmayan \u015fekilde.<\/p><\/div><\/div>\n\n\n\n<div class=\"wp-block-uagb-container uagb-block-ndowxzi7\"><\/div>\n<\/div><\/div>\n\n\n\n<div class=\"wp-block-uagb-container uagb-block-9caa1a47 alignfull uagb-is-root-container\"><div class=\"uagb-container-inner-blocks-wrap\">\n<div class=\"wp-block-uagb-advanced-heading uagb-block-1ed0e64e\"><div class=\"uagb-heading-text\">Yard\u0131m edelim<\/div><\/div>\n\n\n\n<div class=\"wp-block-uagb-advanced-heading uagb-block-3a57683f\"><h2 class=\"uagb-heading-text\">\ud83d\udcde Sekt\u00f6r\u00fcn\u00fcze \u00f6zel ki\u015fisel tavsiyeler<\/h2><\/div>\n\n\n\n<div class=\"wp-block-uagb-buttons uagb-buttons__outer-wrap uagb-btn__default-btn uagb-btn-tablet__default-btn uagb-btn-mobile__default-btn uagb-block-9979be0d\"><div class=\"uagb-buttons__wrap uagb-buttons-layout-wrap\">\n<div class=\"wp-block-uagb-buttons-child uagb-buttons__outer-wrap uagb-block-84fd34e5 wp-block-button\"><div class=\"uagb-button__wrapper\"><a class=\"uagb-buttons-repeater wp-block-button__link\" aria-label=\"\" href=\"https:\/\/pruefservice-stuttgart.de\/tr\/bize-ulasin\/\" rel=\"follow noopener\" target=\"_self\" role=\"button\"><div class=\"uagb-button__link\">\u015eimdi bizimle ileti\u015fime ge\u00e7in<\/div><\/a><\/div><\/div>\n<\/div><\/div>\n\n\n\n<div class=\"wp-block-uagb-advanced-heading uagb-block-838a0a13\"><div class=\"uagb-separator\"><\/div><h3 class=\"uagb-heading-text\">Sekt\u00f6re \u00f6zel test konseptleri hakk\u0131nda daha fazla bilgi edinmek ister misiniz? <\/h3><\/div>\n\n\n\n<div class=\"wp-block-uagb-advanced-heading uagb-block-809e7d0a\"><div class=\"uagb-separator\"><\/div><h3 class=\"uagb-heading-text\">+49 177 49 50 635 \u2013 Size bireysel olarak ve hi\u00e7bir y\u00fck\u00fcml\u00fcl\u00fck alt\u0131na girmeden dan\u0131\u015fmanl\u0131k hizmeti sunaca\u011f\u0131z.<\/h3><\/div>\n<\/div><\/div>","protected":false},"excerpt":{"rendered":"<p>E\u011fitim ve Kamu Otoriteleri Kamu e\u011fitim kurumlar\u0131 ve idareleri i\u00e7in g\u00fcvenilir DGUV V3 testleri E\u011fitim kurumlar\u0131 ve kamu otoritelerinde g\u00fcvenlik ve ula\u015f\u0131labilirlik esast\u0131r; \u00e7al\u0131\u015fanlar\u0131n, \u00f6\u011frencilerin, \u00f6\u011frencilerin ve vatanda\u015flar\u0131n korunmas\u0131 i\u00e7in. DGUV Y\u00f6netmeli\u011fi 3&#039;e g\u00f6re profesyonel elektrik testlerimizle okullarda, ofislerde ve idari binalarda sorunsuz, yasalara uygun bir \u015fekilde \u00e7al\u0131\u015fmay\u0131 sa\u011fl\u0131yoruz.<\/p>","protected":false},"author":1,"featured_media":0,"parent":0,"menu_order":0,"comment_status":"closed","ping_status":"closed","template":"","meta":{"_uag_custom_page_level_css":"","site-sidebar-layout":"no-sidebar","site-content-layout":"plain-container","ast-site-content-layout":"full-width-container","site-content-style":"unboxed","site-sidebar-style":"unboxed","ast-global-header-display":"","ast-banner-title-visibility":"","ast-main-header-display":"","ast-hfb-above-header-display":"","ast-hfb-below-header-display":"","ast-hfb-mobile-header-display":"","site-post-title":"disabled","ast-breadcrumbs-content":"","ast-featured-img":"","footer-sml-layout":"","ast-disable-related-posts":"","theme-transparent-header-meta":"","adv-header-id-meta":"","stick-header-meta":"","header-above-stick-meta":"","header-main-stick-meta":"","header-below-stick-meta":"","astra-migrate-meta-layouts":"set","ast-page-background-enabled":"default","ast-page-background-meta":{"desktop":{"background-color":"var(--ast-global-color-4)","background-image":"","background-repeat":"repeat","background-position":"center center","background-size":"auto","background-attachment":"scroll","background-type":"","background-media":"","overlay-type":"","overlay-color":"","overlay-opacity":"","overlay-gradient":""},"tablet":{"background-color":"","background-image":"","background-repeat":"repeat","background-position":"center center","background-size":"auto","background-attachment":"scroll","background-type":"","background-media":"","overlay-type":"","overlay-color":"","overlay-opacity":"","overlay-gradient":""},"mobile":{"background-color":"","background-image":"","background-repeat":"repeat","background-position":"center center","background-size":"auto","background-attachment":"scroll","background-type":"","background-media":"","overlay-type":"","overlay-color":"","overlay-opacity":"","overlay-gradient":""}},"ast-content-background-meta":{"desktop":{"background-color":"var(--ast-global-color-5)","background-image":"","background-repeat":"repeat","background-position":"center center","background-size":"auto","background-attachment":"scroll","background-type":"","background-media":"","overlay-type":"","overlay-color":"","overlay-opacity":"","overlay-gradient":""},"tablet":{"background-color":"var(--ast-global-color-5)","background-image":"","background-repeat":"repeat","background-position":"center center","background-size":"auto","background-attachment":"scroll","background-type":"","background-media":"","overlay-type":"","overlay-color":"","overlay-opacity":"","overlay-gradient":""},"mobile":{"background-color":"var(--ast-global-color-5)","background-image":"","background-repeat":"repeat","background-position":"center center","background-size":"auto","background-attachment":"scroll","background-type":"","background-media":"","overlay-type":"","overlay-color":"","overlay-opacity":"","overlay-gradient":""}},"footnotes":""},"class_list":["post-2290","page","type-page","status-publish","hentry"],"yoast_head":"<!-- This site is optimized with the Yoast SEO plugin v27.4 - https:\/\/yoast.com\/product\/yoast-seo-wordpress\/ -->\n<title>Bildungswesen und Beh\u00f6rden - pruefservice-stuttgart.de<\/title>\n<meta name=\"robots\" content=\"index, follow, max-snippet:-1, max-image-preview:large, max-video-preview:-1\" \/>\n<link rel=\"canonical\" href=\"https:\/\/pruefservice-stuttgart.de\/tr\/egitim-ve-yetkililer\/\" \/>\n<meta property=\"og:locale\" content=\"tr_TR\" \/>\n<meta property=\"og:type\" content=\"article\" \/>\n<meta property=\"og:title\" content=\"Bildungswesen und Beh\u00f6rden - pruefservice-stuttgart.de\" \/>\n<meta property=\"og:description\" content=\"Bildungswesen und Beh\u00f6rden Zuverl\u00e4ssige DGUV V3 Pr\u00fcfungen f\u00fcr \u00f6ffentliche Bildungseinrichtungen und Verwaltungen Sicherheit und Verf\u00fcgbarkeit sind in Bildungseinrichtungen und Beh\u00f6rden unerl\u00e4sslich \u2013 f\u00fcr den Schutz von Mitarbeitenden, Sch\u00fclern, Studierenden und B\u00fcrgern.Mit unserer professionellen Elektropr\u00fcfung nach DGUV Vorschrift 3 sorgen wir f\u00fcr einen reibungslosen, rechtssicheren Betrieb in Schulen, \u00c4mtern und Verwaltungsgeb\u00e4uden.\" \/>\n<meta property=\"og:url\" content=\"https:\/\/pruefservice-stuttgart.de\/tr\/egitim-ve-yetkililer\/\" \/>\n<meta property=\"og:site_name\" content=\"pruefservice-stuttgart.de\" \/>\n<meta property=\"og:image\" content=\"https:\/\/pruefservice-stuttgart.de\/wp-content\/uploads\/2025\/05\/1623043848188882487-1024x482-1.webp\" \/>\n<meta name=\"twitter:card\" content=\"summary_large_image\" \/>\n<meta name=\"twitter:label1\" content=\"Tahmini okuma s\u00fcresi\" \/>\n\t<meta name=\"twitter:data1\" content=\"2 dakika\" \/>\n<script type=\"application\/ld+json\" class=\"yoast-schema-graph\">{\"@context\":\"https:\\\/\\\/schema.org\",\"@graph\":[{\"@type\":\"WebPage\",\"@id\":\"https:\\\/\\\/pruefservice-stuttgart.de\\\/bildungswesen-und-behoerden\\\/\",\"url\":\"https:\\\/\\\/pruefservice-stuttgart.de\\\/bildungswesen-und-behoerden\\\/\",\"name\":\"Bildungswesen und Beh\u00f6rden - pruefservice-stuttgart.de\",\"isPartOf\":{\"@id\":\"https:\\\/\\\/pruefservice-stuttgart.de\\\/#website\"},\"primaryImageOfPage\":{\"@id\":\"https:\\\/\\\/pruefservice-stuttgart.de\\\/bildungswesen-und-behoerden\\\/#primaryimage\"},\"image\":{\"@id\":\"https:\\\/\\\/pruefservice-stuttgart.de\\\/bildungswesen-und-behoerden\\\/#primaryimage\"},\"thumbnailUrl\":\"https:\\\/\\\/pruefservice-stuttgart.de\\\/wp-content\\\/uploads\\\/2025\\\/05\\\/1623043848188882487-1024x482-1.webp\",\"datePublished\":\"2025-05-05T19:33:28+00:00\",\"breadcrumb\":{\"@id\":\"https:\\\/\\\/pruefservice-stuttgart.de\\\/bildungswesen-und-behoerden\\\/#breadcrumb\"},\"inLanguage\":\"tr\",\"potentialAction\":[{\"@type\":\"ReadAction\",\"target\":[\"https:\\\/\\\/pruefservice-stuttgart.de\\\/bildungswesen-und-behoerden\\\/\"]}]},{\"@type\":\"ImageObject\",\"inLanguage\":\"tr\",\"@id\":\"https:\\\/\\\/pruefservice-stuttgart.de\\\/bildungswesen-und-behoerden\\\/#primaryimage\",\"url\":\"https:\\\/\\\/pruefservice-stuttgart.de\\\/wp-content\\\/uploads\\\/2025\\\/05\\\/1623043848188882487-1024x482-1.webp\",\"contentUrl\":\"https:\\\/\\\/pruefservice-stuttgart.de\\\/wp-content\\\/uploads\\\/2025\\\/05\\\/1623043848188882487-1024x482-1.webp\"},{\"@type\":\"BreadcrumbList\",\"@id\":\"https:\\\/\\\/pruefservice-stuttgart.de\\\/bildungswesen-und-behoerden\\\/#breadcrumb\",\"itemListElement\":[{\"@type\":\"ListItem\",\"position\":1,\"name\":\"Startseite\",\"item\":\"https:\\\/\\\/pruefservice-stuttgart.de\\\/\"},{\"@type\":\"ListItem\",\"position\":2,\"name\":\"Bildungswesen und Beh\u00f6rden\"}]},{\"@type\":\"WebSite\",\"@id\":\"https:\\\/\\\/pruefservice-stuttgart.de\\\/#website\",\"url\":\"https:\\\/\\\/pruefservice-stuttgart.de\\\/\",\"name\":\"pruefservice-stuttgart.de\",\"description\":\"\",\"publisher\":{\"@id\":\"https:\\\/\\\/pruefservice-stuttgart.de\\\/#organization\"},\"potentialAction\":[{\"@type\":\"SearchAction\",\"target\":{\"@type\":\"EntryPoint\",\"urlTemplate\":\"https:\\\/\\\/pruefservice-stuttgart.de\\\/?s={search_term_string}\"},\"query-input\":{\"@type\":\"PropertyValueSpecification\",\"valueRequired\":true,\"valueName\":\"search_term_string\"}}],\"inLanguage\":\"tr\"},{\"@type\":\"Organization\",\"@id\":\"https:\\\/\\\/pruefservice-stuttgart.de\\\/#organization\",\"name\":\"pruefservice-stuttgart.de\",\"url\":\"https:\\\/\\\/pruefservice-stuttgart.de\\\/\",\"logo\":{\"@type\":\"ImageObject\",\"inLanguage\":\"tr\",\"@id\":\"https:\\\/\\\/pruefservice-stuttgart.de\\\/#\\\/schema\\\/logo\\\/image\\\/\",\"url\":\"https:\\\/\\\/pruefservice-stuttgart.de\\\/wp-content\\\/uploads\\\/2025\\\/05\\\/cropped-pruefservice-stuttgart-4-300x300-1.webp\",\"contentUrl\":\"https:\\\/\\\/pruefservice-stuttgart.de\\\/wp-content\\\/uploads\\\/2025\\\/05\\\/cropped-pruefservice-stuttgart-4-300x300-1.webp\",\"width\":300,\"height\":100,\"caption\":\"pruefservice-stuttgart.de\"},\"image\":{\"@id\":\"https:\\\/\\\/pruefservice-stuttgart.de\\\/#\\\/schema\\\/logo\\\/image\\\/\"}}]}<\/script>\n<!-- \/ Yoast SEO plugin. -->","yoast_head_json":{"title":"E\u011fitim ve kamu otoriteleri - pruefservice-stuttgart.de","robots":{"index":"index","follow":"follow","max-snippet":"max-snippet:-1","max-image-preview":"max-image-preview:large","max-video-preview":"max-video-preview:-1"},"canonical":"https:\/\/pruefservice-stuttgart.de\/tr\/egitim-ve-yetkililer\/","og_locale":"tr_TR","og_type":"article","og_title":"Bildungswesen und Beh\u00f6rden - pruefservice-stuttgart.de","og_description":"Bildungswesen und Beh\u00f6rden Zuverl\u00e4ssige DGUV V3 Pr\u00fcfungen f\u00fcr \u00f6ffentliche Bildungseinrichtungen und Verwaltungen Sicherheit und Verf\u00fcgbarkeit sind in Bildungseinrichtungen und Beh\u00f6rden unerl\u00e4sslich \u2013 f\u00fcr den Schutz von Mitarbeitenden, Sch\u00fclern, Studierenden und B\u00fcrgern.Mit unserer professionellen Elektropr\u00fcfung nach DGUV Vorschrift 3 sorgen wir f\u00fcr einen reibungslosen, rechtssicheren Betrieb in Schulen, \u00c4mtern und Verwaltungsgeb\u00e4uden.","og_url":"https:\/\/pruefservice-stuttgart.de\/tr\/egitim-ve-yetkililer\/","og_site_name":"pruefservice-stuttgart.de","og_image":[{"url":"https:\/\/pruefservice-stuttgart.de\/wp-content\/uploads\/2025\/05\/1623043848188882487-1024x482-1.webp","type":"","width":"","height":""}],"twitter_card":"summary_large_image","twitter_misc":{"Tahmini okuma s\u00fcresi":"2 dakika"},"schema":{"@context":"https:\/\/schema.org","@graph":[{"@type":"WebPage","@id":"https:\/\/pruefservice-stuttgart.de\/bildungswesen-und-behoerden\/","url":"https:\/\/pruefservice-stuttgart.de\/bildungswesen-und-behoerden\/","name":"E\u011fitim ve kamu otoriteleri - pruefservice-stuttgart.de","isPartOf":{"@id":"https:\/\/pruefservice-stuttgart.de\/#website"},"primaryImageOfPage":{"@id":"https:\/\/pruefservice-stuttgart.de\/bildungswesen-und-behoerden\/#primaryimage"},"image":{"@id":"https:\/\/pruefservice-stuttgart.de\/bildungswesen-und-behoerden\/#primaryimage"},"thumbnailUrl":"https:\/\/pruefservice-stuttgart.de\/wp-content\/uploads\/2025\/05\/1623043848188882487-1024x482-1.webp","datePublished":"2025-05-05T19:33:28+00:00","breadcrumb":{"@id":"https:\/\/pruefservice-stuttgart.de\/bildungswesen-und-behoerden\/#breadcrumb"},"inLanguage":"tr","potentialAction":[{"@type":"ReadAction","target":["https:\/\/pruefservice-stuttgart.de\/bildungswesen-und-behoerden\/"]}]},{"@type":"ImageObject","inLanguage":"tr","@id":"https:\/\/pruefservice-stuttgart.de\/bildungswesen-und-behoerden\/#primaryimage","url":"https:\/\/pruefservice-stuttgart.de\/wp-content\/uploads\/2025\/05\/1623043848188882487-1024x482-1.webp","contentUrl":"https:\/\/pruefservice-stuttgart.de\/wp-content\/uploads\/2025\/05\/1623043848188882487-1024x482-1.webp"},{"@type":"BreadcrumbList","@id":"https:\/\/pruefservice-stuttgart.de\/bildungswesen-und-behoerden\/#breadcrumb","itemListElement":[{"@type":"ListItem","position":1,"name":"Startseite","item":"https:\/\/pruefservice-stuttgart.de\/"},{"@type":"ListItem","position":2,"name":"Bildungswesen und Beh\u00f6rden"}]},{"@type":"WebSite","@id":"https:\/\/pruefservice-stuttgart.de\/#website","url":"https:\/\/pruefservice-stuttgart.de\/","name":"pruefservice-stuttgart.de","description":"","publisher":{"@id":"https:\/\/pruefservice-stuttgart.de\/#organization"},"potentialAction":[{"@type":"SearchAction","target":{"@type":"EntryPoint","urlTemplate":"https:\/\/pruefservice-stuttgart.de\/?s={search_term_string}"},"query-input":{"@type":"PropertyValueSpecification","valueRequired":true,"valueName":"search_term_string"}}],"inLanguage":"tr"},{"@type":"Organization","@id":"https:\/\/pruefservice-stuttgart.de\/#organization","name":"pruefservice-stuttgart.de","url":"https:\/\/pruefservice-stuttgart.de\/","logo":{"@type":"ImageObject","inLanguage":"tr","@id":"https:\/\/pruefservice-stuttgart.de\/#\/schema\/logo\/image\/","url":"https:\/\/pruefservice-stuttgart.de\/wp-content\/uploads\/2025\/05\/cropped-pruefservice-stuttgart-4-300x300-1.webp","contentUrl":"https:\/\/pruefservice-stuttgart.de\/wp-content\/uploads\/2025\/05\/cropped-pruefservice-stuttgart-4-300x300-1.webp","width":300,"height":100,"caption":"pruefservice-stuttgart.de"},"image":{"@id":"https:\/\/pruefservice-stuttgart.de\/#\/schema\/logo\/image\/"}}]}},"uagb_featured_image_src":{"full":false,"thumbnail":false,"medium":false,"medium_large":false,"large":false,"1536x1536":false,"2048x2048":false,"trp-custom-language-flag":false},"uagb_author_info":{"display_name":"emilkemal4@gmail.com","author_link":"https:\/\/pruefservice-stuttgart.de\/tr\/author\/emilkemal4gmail-com\/"},"uagb_comment_info":0,"uagb_excerpt":"Bildungswesen und Beh\u00f6rden Zuverl\u00e4ssige DGUV V3 Pr\u00fcfungen f\u00fcr \u00f6ffentliche Bildungseinrichtungen und Verwaltungen Sicherheit und Verf\u00fcgbarkeit sind in Bildungseinrichtungen und Beh\u00f6rden unerl\u00e4sslich \u2013 f\u00fcr den Schutz von Mitarbeitenden, Sch\u00fclern, Studierenden und B\u00fcrgern.Mit unserer professionellen Elektropr\u00fcfung nach DGUV Vorschrift 3 sorgen wir f\u00fcr einen reibungslosen, rechtssicheren Betrieb in Schulen, \u00c4mtern und Verwaltungsgeb\u00e4uden.","_links":{"self":[{"href":"https:\/\/pruefservice-stuttgart.de\/tr\/wp-json\/wp\/v2\/pages\/2290","targetHints":{"allow":["GET"]}}],"collection":[{"href":"https:\/\/pruefservice-stuttgart.de\/tr\/wp-json\/wp\/v2\/pages"}],"about":[{"href":"https:\/\/pruefservice-stuttgart.de\/tr\/wp-json\/wp\/v2\/types\/page"}],"author":[{"embeddable":true,"href":"https:\/\/pruefservice-stuttgart.de\/tr\/wp-json\/wp\/v2\/users\/1"}],"replies":[{"embeddable":true,"href":"https:\/\/pruefservice-stuttgart.de\/tr\/wp-json\/wp\/v2\/comments?post=2290"}],"version-history":[{"count":2,"href":"https:\/\/pruefservice-stuttgart.de\/tr\/wp-json\/wp\/v2\/pages\/2290\/revisions"}],"predecessor-version":[{"id":2292,"href":"https:\/\/pruefservice-stuttgart.de\/tr\/wp-json\/wp\/v2\/pages\/2290\/revisions\/2292"}],"wp:attachment":[{"href":"https:\/\/pruefservice-stuttgart.de\/tr\/wp-json\/wp\/v2\/media?parent=2290"}],"curies":[{"name":"wp","href":"https:\/\/api.w.org\/{rel}","templated":true}]}}