{"id":2293,"date":"2025-05-05T19:37:42","date_gmt":"2025-05-05T19:37:42","guid":{"rendered":"https:\/\/pruefservice-stuttgart.de\/?page_id=2293"},"modified":"2025-05-05T19:38:21","modified_gmt":"2025-05-05T19:38:21","slug":"dguv-v3-pruefung","status":"publish","type":"page","link":"https:\/\/pruefservice-stuttgart.de\/tr\/dguv-v3-testi\/","title":{"rendered":"DGUV V3 testi"},"content":{"rendered":"<div class=\"wp-block-uagb-container uagb-block-4c3875af alignfull uagb-is-root-container\"><div class=\"uagb-container-inner-blocks-wrap\">\n<div class=\"wp-block-uagb-advanced-heading uagb-block-36237826\"><h1 class=\"uagb-heading-text\">DGUV V3 testi<\/h1><\/div>\n<\/div><\/div>\n\n\n\n<div class=\"wp-block-uagb-container uagb-block-5cf03063 alignfull uagb-is-root-container\"><div class=\"uagb-container-inner-blocks-wrap\">\n<div class=\"wp-block-uagb-image alignleft uagb-block-6d75d68d wp-block-uagb-image--layout-default wp-block-uagb-image--effect-static wp-block-uagb-image--align-left\"><figure class=\"wp-block-uagb-image__figure\"><img decoding=\"async\" srcset=\"https:\/\/pruefservice-stuttgart.de\/wp-content\/uploads\/2025\/05\/1623043848188882487-1024x482-1.webp ,https:\/\/pruefservice-stuttgart.de\/wp-content\/uploads\/2025\/05\/1623043848188882487-1024x482-1.webp 780w, https:\/\/pruefservice-stuttgart.de\/wp-content\/uploads\/2025\/05\/1623043848188882487-1024x482-1.webp 360w\" sizes=\"auto, (max-width: 480px) 150px\" src=\"https:\/\/pruefservice-stuttgart.de\/wp-content\/uploads\/2025\/05\/1623043848188882487-1024x482-1.webp\" alt=\"\" class=\"uag-image-1991\" width=\"575\" height=\"480\" title=\"1623043848188882487-1024x482\" loading=\"lazy\" role=\"img\"\/><\/figure><\/div>\n\n\n\n<div class=\"wp-block-uagb-container uagb-block-05150e62\">\n<div class=\"wp-block-uagb-advanced-heading uagb-block-a2b3848d\"><h2 class=\"uagb-heading-text\">\u0130nsanlar, cihazlar ve \u015firketler i\u00e7in g\u00fcvenlik<\/h2><p class=\"uagb-desc-text\">The <strong>DGUV Y\u00f6netmeli\u011fi 3<\/strong> Elektrik g\u00fcvenli\u011fi alan\u0131nda en \u00f6nemli kaza \u00f6nleme y\u00f6netmeli\u011fidir.<br>\u015eirketleri ve kurumlar\u0131, elektrikli ekipman ve sistemlerin g\u00fcvenli\u011fini sa\u011flamakla y\u00fck\u00fcml\u00fc k\u0131lar. <strong>d\u00fczenli olarak uygun durumlar\u0131n\u0131 kontrol edin<\/strong> kontrol edilmesi \u2013 i\u015f kazalar\u0131, yang\u0131nlar ve hukuki risklerin \u00f6nlenmesi i\u00e7in.<\/p><\/div>\n<\/div>\n<\/div><\/div>\n\n\n\n<div class=\"wp-block-uagb-container uagb-block-qd2taihi alignfull uagb-is-root-container\"><div class=\"uagb-container-inner-blocks-wrap\">\n<div class=\"wp-block-uagb-info-box uagb-block-iz8lz3nx uagb-infobox__content-wrap  uagb-infobox-icon-above-title uagb-infobox-image-valign-top\"><div class=\"uagb-ifb-content\"><div class=\"uagb-ifb-title-wrap\"><h2 class=\"uagb-ifb-title\">Arka Plan: DGUV Y\u00f6netmeli\u011fi 3 neyi d\u00fczenler?<\/h2><\/div><p class=\"uagb-ifb-desc\">DGUV Y\u00f6netmeli\u011fi 3 (eski ad\u0131yla: BGV A3), Alman Sosyal Kaza Sigortas\u0131 Kurumu (DGUV) taraf\u0131ndan d\u00fczenlenmi\u015ftir.<br>\u015eunlara uygulan\u0131r:<br>\u015eirketler ve Serbest Meslek Sahipleri<br>Kamu kurumlar\u0131 ve otoriteleri<br>E\u011fitim kurumlar\u0131 ve t\u0131bbi tesisler<br>Dernekler, vak\u0131flar, kiliseler ve daha fazlas\u0131. M.<br>Ama\u00e7 \u015fudur: <strong>\u0130nsanlar\u0131n elektrik tehlikelerinden korunmas\u0131<\/strong>Ar\u0131zal\u0131 ekipmandan, yanl\u0131\u015f kurulumdan veya eksik testlerden kaynaklanabilecek.<\/p><\/div><\/div>\n\n\n\n<div class=\"wp-block-uagb-info-box uagb-block-7471a508 uagb-infobox__content-wrap  uagb-infobox-icon-above-title uagb-infobox-image-valign-top\"><div class=\"uagb-ifb-content\"><div class=\"uagb-ifb-title-wrap\"><h2 class=\"uagb-ifb-title\">Nelerin kontrol edilmesi gerekiyor?<\/h2><\/div><p class=\"uagb-ifb-desc\">DGUV V3&#039;e g\u00f6re a\u015fa\u011f\u0131daki elektrikli ekipman ve sistemler muayeneye tabidir:<br><strong>Ta\u015f\u0131nabilir cihazlar:<\/strong> \u00d6rn. \u00d6rn. Bilgisayarlar, yaz\u0131c\u0131lar, makineler, ara\u00e7lar<br><strong>Sabit cihazlar:<\/strong> \u00d6rn. B. Is\u0131t\u0131c\u0131lar, klima sistemleri, ankastre cihazlar<br><strong>Elektrik sistemleri:<\/strong> Da\u011f\u0131t\u0131m panolar\u0131, kontrol dolaplar\u0131, ayd\u0131nlatma<br><strong>Ka\u00e7ak ak\u0131m koruma \u015falterleri ve PRCD cihazlar\u0131<\/strong><br><strong>Acil g\u00fc\u00e7 kayna\u011f\u0131, UPS sistemleri, g\u00fc\u00e7 jenerat\u00f6rleri<\/strong><br><strong>T\u0131bbi cihazlar ve hem\u015firelik yataklar\u0131<\/strong><\/p><\/div><\/div>\n\n\n\n<div class=\"wp-block-uagb-info-box uagb-block-b57d6510 uagb-infobox__content-wrap  uagb-infobox-icon-above-title uagb-infobox-image-valign-top\"><div class=\"uagb-ifb-content\"><div class=\"uagb-ifb-title-wrap\"><h2 class=\"uagb-ifb-title\">Kimler kontrol edebilir?<\/h2><\/div><p class=\"uagb-ifb-desc\">Test yaln\u0131zca a\u015fa\u011f\u0131dakiler taraf\u0131ndan ger\u00e7ekle\u015ftirilebilir:<br>Elektrik\u00e7iler<br>Kalifiye bir elektrik\u00e7inin g\u00f6zetimi alt\u0131nda kalifiye ki\u015filer<br>Pruefservice-stuttgart.de gibi sertifikal\u0131 test hizmeti sa\u011flay\u0131c\u0131lar\u0131<\/p><\/div><\/div>\n\n\n\n<div class=\"wp-block-uagb-info-box uagb-block-1dbdd423 uagb-infobox__content-wrap  uagb-infobox-icon-above-title uagb-infobox-image-valign-top\"><div class=\"uagb-ifb-content\"><div class=\"uagb-ifb-title-wrap\"><h2 class=\"uagb-ifb-title\">Ne s\u0131kl\u0131kla kontrol edilmesi gerekiyor?<\/h2><\/div><p class=\"uagb-ifb-desc\">Muayene periyotlar\u0131 a\u015fa\u011f\u0131dakilere ba\u011fl\u0131d\u0131r:<br>Cihaz kategorisi (mobil \/ sabit)<br>Uygulama alan\u0131 (\u00d6rne\u011fin \u015fantiye, ofis, klinik)<br>Kullan\u0131m yo\u011funlu\u011fu<br>Risk de\u011ferlendirmesinin sonucu<\/p><\/div><\/div>\n\n\n\n<div class=\"wp-block-uagb-info-box uagb-block-0dd3aa8a uagb-infobox__content-wrap  uagb-infobox-icon-above-title uagb-infobox-image-valign-top\"><div class=\"uagb-ifb-content\"><div class=\"uagb-ifb-title-wrap\"><h2 class=\"uagb-ifb-title\">\u00d6rnek son tarihler:<\/h2><\/div><\/div><\/div>\n\n\n\n<div class=\"wp-block-uagb-container uagb-block-ndowxzi7\">\n<figure class=\"wp-block-table\"><table class=\"has-fixed-layout\"><thead><tr><th>Cihaz t\u00fcr\u00fc<\/th><th>\u00d6nerilen muayene s\u00fcresi<\/th><\/tr><\/thead><tbody><tr><td>Ofis ekipmanlar\u0131<\/td><td>her 24 ayda bir<\/td><\/tr><tr><td>At\u00f6lye ekipmanlar\u0131<\/td><td>her 12 ayda bir<\/td><\/tr><tr><td>\u0130n\u015faat sahas\u0131 ekipmanlar\u0131<\/td><td>her 3 ayda bir<\/td><\/tr><tr><td>Hem\u015firelik yataklar\u0131 ve t\u0131bbi cihazlar<\/td><td>her 6-12 ayda bir<\/td><\/tr><\/tbody><\/table><\/figure>\n<\/div>\n\n\n\n<div class=\"wp-block-uagb-info-box uagb-block-a05a4b8e uagb-infobox__content-wrap  uagb-infobox-icon-above-title uagb-infobox-image-valign-top\"><div class=\"uagb-ifb-content\"><div class=\"uagb-ifb-title-wrap\"><h2 class=\"uagb-ifb-title\">S\u0131navdan sonra neler olacak?<\/h2><\/div><p class=\"uagb-ifb-desc\">Ald\u0131\u011f\u0131n\u0131z:<br>\u00d6l\u00e7\u00fclen de\u011ferler ve de\u011ferlendirme i\u00e7eren dijital test raporu<br>Son teslim tarihi olan muayene etiketleri<br>Test edilen t\u00fcm cihazlar\u0131n genel bak\u0131\u015f listesi<br>Talep \u00fczerine: Risk de\u011ferlendirmesi ve test plan\u0131<\/p><\/div><\/div>\n<\/div><\/div>\n\n\n\n<div class=\"wp-block-uagb-container uagb-block-9caa1a47 alignfull uagb-is-root-container\"><div class=\"uagb-container-inner-blocks-wrap\">\n<div class=\"wp-block-uagb-advanced-heading uagb-block-1ed0e64e\"><div class=\"uagb-heading-text\">Yard\u0131m edelim<\/div><\/div>\n\n\n\n<div class=\"wp-block-uagb-advanced-heading uagb-block-3a57683f\"><h2 class=\"uagb-heading-text\">\ud83d\udcde Sekt\u00f6r\u00fcn\u00fcze \u00f6zel ki\u015fisel tavsiyeler<\/h2><\/div>\n\n\n\n<div class=\"wp-block-uagb-buttons uagb-buttons__outer-wrap uagb-btn__default-btn uagb-btn-tablet__default-btn uagb-btn-mobile__default-btn uagb-block-9979be0d\"><div class=\"uagb-buttons__wrap uagb-buttons-layout-wrap\">\n<div class=\"wp-block-uagb-buttons-child uagb-buttons__outer-wrap uagb-block-84fd34e5 wp-block-button\"><div class=\"uagb-button__wrapper\"><a class=\"uagb-buttons-repeater wp-block-button__link\" aria-label=\"\" href=\"https:\/\/pruefservice-stuttgart.de\/tr\/bize-ulasin\/\" rel=\"follow noopener\" target=\"_self\" role=\"button\"><div class=\"uagb-button__link\">\u015eimdi bizimle ileti\u015fime ge\u00e7in<\/div><\/a><\/div><\/div>\n<\/div><\/div>\n\n\n\n<div class=\"wp-block-uagb-advanced-heading uagb-block-838a0a13\"><div class=\"uagb-separator\"><\/div><h3 class=\"uagb-heading-text\">Sekt\u00f6re \u00f6zel test konseptleri hakk\u0131nda daha fazla bilgi edinmek ister misiniz? <\/h3><\/div>\n\n\n\n<div class=\"wp-block-uagb-advanced-heading uagb-block-809e7d0a\"><div class=\"uagb-separator\"><\/div><h3 class=\"uagb-heading-text\">+49 177 49 50 635 \u2013 Size bireysel olarak ve hi\u00e7bir y\u00fck\u00fcml\u00fcl\u00fck alt\u0131na girmeden dan\u0131\u015fmanl\u0131k hizmeti sunaca\u011f\u0131z.<\/h3><\/div>\n<\/div><\/div>","protected":false},"excerpt":{"rendered":"<p>DGUV V3 Pr\u00fcfung Sicherheit f\u00fcr Menschen, Ger\u00e4te und Unternehmen Die DGUV Vorschrift 3 ist die wichtigste Unfallverh\u00fctungsvorschrift im Bereich der Elektrosicherheit.Sie verpflichtet Unternehmen und Einrichtungen dazu, elektrische Betriebsmittel und Anlagen regelm\u00e4\u00dfig auf ihren ordnungsgem\u00e4\u00dfen Zustand pr\u00fcfen zu lassen \u2013 um Arbeitsunf\u00e4lle, Br\u00e4nde und rechtliche Risiken zu vermeiden. Ger\u00e4tetyp Empfohlene Pr\u00fcffrist B\u00fcroger\u00e4te alle 24 Monate Werkstattger\u00e4te [&hellip;]<\/p>","protected":false},"author":1,"featured_media":0,"parent":0,"menu_order":0,"comment_status":"closed","ping_status":"closed","template":"","meta":{"_uag_custom_page_level_css":"","site-sidebar-layout":"no-sidebar","site-content-layout":"plain-container","ast-site-content-layout":"full-width-container","site-content-style":"unboxed","site-sidebar-style":"unboxed","ast-global-header-display":"","ast-banner-title-visibility":"","ast-main-header-display":"","ast-hfb-above-header-display":"","ast-hfb-below-header-display":"","ast-hfb-mobile-header-display":"","site-post-title":"disabled","ast-breadcrumbs-content":"","ast-featured-img":"","footer-sml-layout":"","ast-disable-related-posts":"","theme-transparent-header-meta":"","adv-header-id-meta":"","stick-header-meta":"","header-above-stick-meta":"","header-main-stick-meta":"","header-below-stick-meta":"","astra-migrate-meta-layouts":"set","ast-page-background-enabled":"default","ast-page-background-meta":{"desktop":{"background-color":"var(--ast-global-color-4)","background-image":"","background-repeat":"repeat","background-position":"center center","background-size":"auto","background-attachment":"scroll","background-type":"","background-media":"","overlay-type":"","overlay-color":"","overlay-opacity":"","overlay-gradient":""},"tablet":{"background-color":"","background-image":"","background-repeat":"repeat","background-position":"center center","background-size":"auto","background-attachment":"scroll","background-type":"","background-media":"","overlay-type":"","overlay-color":"","overlay-opacity":"","overlay-gradient":""},"mobile":{"background-color":"","background-image":"","background-repeat":"repeat","background-position":"center center","background-size":"auto","background-attachment":"scroll","background-type":"","background-media":"","overlay-type":"","overlay-color":"","overlay-opacity":"","overlay-gradient":""}},"ast-content-background-meta":{"desktop":{"background-color":"var(--ast-global-color-5)","background-image":"","background-repeat":"repeat","background-position":"center center","background-size":"auto","background-attachment":"scroll","background-type":"","background-media":"","overlay-type":"","overlay-color":"","overlay-opacity":"","overlay-gradient":""},"tablet":{"background-color":"var(--ast-global-color-5)","background-image":"","background-repeat":"repeat","background-position":"center center","background-size":"auto","background-attachment":"scroll","background-type":"","background-media":"","overlay-type":"","overlay-color":"","overlay-opacity":"","overlay-gradient":""},"mobile":{"background-color":"var(--ast-global-color-5)","background-image":"","background-repeat":"repeat","background-position":"center center","background-size":"auto","background-attachment":"scroll","background-type":"","background-media":"","overlay-type":"","overlay-color":"","overlay-opacity":"","overlay-gradient":""}},"footnotes":""},"class_list":["post-2293","page","type-page","status-publish","hentry"],"yoast_head":"<!-- This site is optimized with the Yoast SEO plugin v27.4 - https:\/\/yoast.com\/product\/yoast-seo-wordpress\/ -->\n<title>DGUV V3 Pr\u00fcfung - pruefservice-stuttgart.de<\/title>\n<meta name=\"robots\" content=\"index, follow, max-snippet:-1, max-image-preview:large, max-video-preview:-1\" \/>\n<link rel=\"canonical\" href=\"https:\/\/pruefservice-stuttgart.de\/tr\/dguv-v3-testi\/\" \/>\n<meta property=\"og:locale\" content=\"tr_TR\" \/>\n<meta property=\"og:type\" content=\"article\" \/>\n<meta property=\"og:title\" content=\"DGUV V3 Pr\u00fcfung - pruefservice-stuttgart.de\" \/>\n<meta property=\"og:description\" content=\"DGUV V3 Pr\u00fcfung Sicherheit f\u00fcr Menschen, Ger\u00e4te und Unternehmen Die DGUV Vorschrift 3 ist die wichtigste Unfallverh\u00fctungsvorschrift im Bereich der Elektrosicherheit.Sie verpflichtet Unternehmen und Einrichtungen dazu, elektrische Betriebsmittel und Anlagen regelm\u00e4\u00dfig auf ihren ordnungsgem\u00e4\u00dfen Zustand pr\u00fcfen zu lassen \u2013 um Arbeitsunf\u00e4lle, Br\u00e4nde und rechtliche Risiken zu vermeiden. Ger\u00e4tetyp Empfohlene Pr\u00fcffrist B\u00fcroger\u00e4te alle 24 Monate Werkstattger\u00e4te [&hellip;]\" \/>\n<meta property=\"og:url\" content=\"https:\/\/pruefservice-stuttgart.de\/tr\/dguv-v3-testi\/\" \/>\n<meta property=\"og:site_name\" content=\"pruefservice-stuttgart.de\" \/>\n<meta property=\"article:modified_time\" content=\"2025-05-05T19:38:21+00:00\" \/>\n<meta property=\"og:image\" content=\"https:\/\/pruefservice-stuttgart.de\/wp-content\/uploads\/2025\/05\/1623043848188882487-1024x482-1.webp\" \/>\n<meta name=\"twitter:card\" content=\"summary_large_image\" \/>\n<meta name=\"twitter:label1\" content=\"Tahmini okuma s\u00fcresi\" \/>\n\t<meta name=\"twitter:data1\" content=\"2 dakika\" \/>\n<script type=\"application\/ld+json\" class=\"yoast-schema-graph\">{\"@context\":\"https:\\\/\\\/schema.org\",\"@graph\":[{\"@type\":\"WebPage\",\"@id\":\"https:\\\/\\\/pruefservice-stuttgart.de\\\/dguv-v3-pruefung\\\/\",\"url\":\"https:\\\/\\\/pruefservice-stuttgart.de\\\/dguv-v3-pruefung\\\/\",\"name\":\"DGUV V3 Pr\u00fcfung - pruefservice-stuttgart.de\",\"isPartOf\":{\"@id\":\"https:\\\/\\\/pruefservice-stuttgart.de\\\/#website\"},\"primaryImageOfPage\":{\"@id\":\"https:\\\/\\\/pruefservice-stuttgart.de\\\/dguv-v3-pruefung\\\/#primaryimage\"},\"image\":{\"@id\":\"https:\\\/\\\/pruefservice-stuttgart.de\\\/dguv-v3-pruefung\\\/#primaryimage\"},\"thumbnailUrl\":\"https:\\\/\\\/pruefservice-stuttgart.de\\\/wp-content\\\/uploads\\\/2025\\\/05\\\/1623043848188882487-1024x482-1.webp\",\"datePublished\":\"2025-05-05T19:37:42+00:00\",\"dateModified\":\"2025-05-05T19:38:21+00:00\",\"breadcrumb\":{\"@id\":\"https:\\\/\\\/pruefservice-stuttgart.de\\\/dguv-v3-pruefung\\\/#breadcrumb\"},\"inLanguage\":\"tr\",\"potentialAction\":[{\"@type\":\"ReadAction\",\"target\":[\"https:\\\/\\\/pruefservice-stuttgart.de\\\/dguv-v3-pruefung\\\/\"]}]},{\"@type\":\"ImageObject\",\"inLanguage\":\"tr\",\"@id\":\"https:\\\/\\\/pruefservice-stuttgart.de\\\/dguv-v3-pruefung\\\/#primaryimage\",\"url\":\"https:\\\/\\\/pruefservice-stuttgart.de\\\/wp-content\\\/uploads\\\/2025\\\/05\\\/1623043848188882487-1024x482-1.webp\",\"contentUrl\":\"https:\\\/\\\/pruefservice-stuttgart.de\\\/wp-content\\\/uploads\\\/2025\\\/05\\\/1623043848188882487-1024x482-1.webp\"},{\"@type\":\"BreadcrumbList\",\"@id\":\"https:\\\/\\\/pruefservice-stuttgart.de\\\/dguv-v3-pruefung\\\/#breadcrumb\",\"itemListElement\":[{\"@type\":\"ListItem\",\"position\":1,\"name\":\"Startseite\",\"item\":\"https:\\\/\\\/pruefservice-stuttgart.de\\\/\"},{\"@type\":\"ListItem\",\"position\":2,\"name\":\"DGUV V3 Pr\u00fcfung\"}]},{\"@type\":\"WebSite\",\"@id\":\"https:\\\/\\\/pruefservice-stuttgart.de\\\/#website\",\"url\":\"https:\\\/\\\/pruefservice-stuttgart.de\\\/\",\"name\":\"pruefservice-stuttgart.de\",\"description\":\"\",\"publisher\":{\"@id\":\"https:\\\/\\\/pruefservice-stuttgart.de\\\/#organization\"},\"potentialAction\":[{\"@type\":\"SearchAction\",\"target\":{\"@type\":\"EntryPoint\",\"urlTemplate\":\"https:\\\/\\\/pruefservice-stuttgart.de\\\/?s={search_term_string}\"},\"query-input\":{\"@type\":\"PropertyValueSpecification\",\"valueRequired\":true,\"valueName\":\"search_term_string\"}}],\"inLanguage\":\"tr\"},{\"@type\":\"Organization\",\"@id\":\"https:\\\/\\\/pruefservice-stuttgart.de\\\/#organization\",\"name\":\"pruefservice-stuttgart.de\",\"url\":\"https:\\\/\\\/pruefservice-stuttgart.de\\\/\",\"logo\":{\"@type\":\"ImageObject\",\"inLanguage\":\"tr\",\"@id\":\"https:\\\/\\\/pruefservice-stuttgart.de\\\/#\\\/schema\\\/logo\\\/image\\\/\",\"url\":\"https:\\\/\\\/pruefservice-stuttgart.de\\\/wp-content\\\/uploads\\\/2025\\\/05\\\/cropped-pruefservice-stuttgart-4-300x300-1.webp\",\"contentUrl\":\"https:\\\/\\\/pruefservice-stuttgart.de\\\/wp-content\\\/uploads\\\/2025\\\/05\\\/cropped-pruefservice-stuttgart-4-300x300-1.webp\",\"width\":300,\"height\":100,\"caption\":\"pruefservice-stuttgart.de\"},\"image\":{\"@id\":\"https:\\\/\\\/pruefservice-stuttgart.de\\\/#\\\/schema\\\/logo\\\/image\\\/\"}}]}<\/script>\n<!-- \/ Yoast SEO plugin. -->","yoast_head_json":{"title":"DGUV V3 testi - pruefservice-stuttgart.de","robots":{"index":"index","follow":"follow","max-snippet":"max-snippet:-1","max-image-preview":"max-image-preview:large","max-video-preview":"max-video-preview:-1"},"canonical":"https:\/\/pruefservice-stuttgart.de\/tr\/dguv-v3-testi\/","og_locale":"tr_TR","og_type":"article","og_title":"DGUV V3 Pr\u00fcfung - pruefservice-stuttgart.de","og_description":"DGUV V3 Pr\u00fcfung Sicherheit f\u00fcr Menschen, Ger\u00e4te und Unternehmen Die DGUV Vorschrift 3 ist die wichtigste Unfallverh\u00fctungsvorschrift im Bereich der Elektrosicherheit.Sie verpflichtet Unternehmen und Einrichtungen dazu, elektrische Betriebsmittel und Anlagen regelm\u00e4\u00dfig auf ihren ordnungsgem\u00e4\u00dfen Zustand pr\u00fcfen zu lassen \u2013 um Arbeitsunf\u00e4lle, Br\u00e4nde und rechtliche Risiken zu vermeiden. Ger\u00e4tetyp Empfohlene Pr\u00fcffrist B\u00fcroger\u00e4te alle 24 Monate Werkstattger\u00e4te [&hellip;]","og_url":"https:\/\/pruefservice-stuttgart.de\/tr\/dguv-v3-testi\/","og_site_name":"pruefservice-stuttgart.de","article_modified_time":"2025-05-05T19:38:21+00:00","og_image":[{"url":"https:\/\/pruefservice-stuttgart.de\/wp-content\/uploads\/2025\/05\/1623043848188882487-1024x482-1.webp","type":"","width":"","height":""}],"twitter_card":"summary_large_image","twitter_misc":{"Tahmini okuma s\u00fcresi":"2 dakika"},"schema":{"@context":"https:\/\/schema.org","@graph":[{"@type":"WebPage","@id":"https:\/\/pruefservice-stuttgart.de\/dguv-v3-pruefung\/","url":"https:\/\/pruefservice-stuttgart.de\/dguv-v3-pruefung\/","name":"DGUV V3 testi - pruefservice-stuttgart.de","isPartOf":{"@id":"https:\/\/pruefservice-stuttgart.de\/#website"},"primaryImageOfPage":{"@id":"https:\/\/pruefservice-stuttgart.de\/dguv-v3-pruefung\/#primaryimage"},"image":{"@id":"https:\/\/pruefservice-stuttgart.de\/dguv-v3-pruefung\/#primaryimage"},"thumbnailUrl":"https:\/\/pruefservice-stuttgart.de\/wp-content\/uploads\/2025\/05\/1623043848188882487-1024x482-1.webp","datePublished":"2025-05-05T19:37:42+00:00","dateModified":"2025-05-05T19:38:21+00:00","breadcrumb":{"@id":"https:\/\/pruefservice-stuttgart.de\/dguv-v3-pruefung\/#breadcrumb"},"inLanguage":"tr","potentialAction":[{"@type":"ReadAction","target":["https:\/\/pruefservice-stuttgart.de\/dguv-v3-pruefung\/"]}]},{"@type":"ImageObject","inLanguage":"tr","@id":"https:\/\/pruefservice-stuttgart.de\/dguv-v3-pruefung\/#primaryimage","url":"https:\/\/pruefservice-stuttgart.de\/wp-content\/uploads\/2025\/05\/1623043848188882487-1024x482-1.webp","contentUrl":"https:\/\/pruefservice-stuttgart.de\/wp-content\/uploads\/2025\/05\/1623043848188882487-1024x482-1.webp"},{"@type":"BreadcrumbList","@id":"https:\/\/pruefservice-stuttgart.de\/dguv-v3-pruefung\/#breadcrumb","itemListElement":[{"@type":"ListItem","position":1,"name":"Startseite","item":"https:\/\/pruefservice-stuttgart.de\/"},{"@type":"ListItem","position":2,"name":"DGUV V3 Pr\u00fcfung"}]},{"@type":"WebSite","@id":"https:\/\/pruefservice-stuttgart.de\/#website","url":"https:\/\/pruefservice-stuttgart.de\/","name":"pruefservice-stuttgart.de","description":"","publisher":{"@id":"https:\/\/pruefservice-stuttgart.de\/#organization"},"potentialAction":[{"@type":"SearchAction","target":{"@type":"EntryPoint","urlTemplate":"https:\/\/pruefservice-stuttgart.de\/?s={search_term_string}"},"query-input":{"@type":"PropertyValueSpecification","valueRequired":true,"valueName":"search_term_string"}}],"inLanguage":"tr"},{"@type":"Organization","@id":"https:\/\/pruefservice-stuttgart.de\/#organization","name":"pruefservice-stuttgart.de","url":"https:\/\/pruefservice-stuttgart.de\/","logo":{"@type":"ImageObject","inLanguage":"tr","@id":"https:\/\/pruefservice-stuttgart.de\/#\/schema\/logo\/image\/","url":"https:\/\/pruefservice-stuttgart.de\/wp-content\/uploads\/2025\/05\/cropped-pruefservice-stuttgart-4-300x300-1.webp","contentUrl":"https:\/\/pruefservice-stuttgart.de\/wp-content\/uploads\/2025\/05\/cropped-pruefservice-stuttgart-4-300x300-1.webp","width":300,"height":100,"caption":"pruefservice-stuttgart.de"},"image":{"@id":"https:\/\/pruefservice-stuttgart.de\/#\/schema\/logo\/image\/"}}]}},"uagb_featured_image_src":{"full":false,"thumbnail":false,"medium":false,"medium_large":false,"large":false,"1536x1536":false,"2048x2048":false,"trp-custom-language-flag":false},"uagb_author_info":{"display_name":"emilkemal4@gmail.com","author_link":"https:\/\/pruefservice-stuttgart.de\/tr\/author\/emilkemal4gmail-com\/"},"uagb_comment_info":0,"uagb_excerpt":"DGUV V3 Pr\u00fcfung Sicherheit f\u00fcr Menschen, Ger\u00e4te und Unternehmen Die DGUV Vorschrift 3 ist die wichtigste Unfallverh\u00fctungsvorschrift im Bereich der Elektrosicherheit.Sie verpflichtet Unternehmen und Einrichtungen dazu, elektrische Betriebsmittel und Anlagen regelm\u00e4\u00dfig auf ihren ordnungsgem\u00e4\u00dfen Zustand pr\u00fcfen zu lassen \u2013 um Arbeitsunf\u00e4lle, Br\u00e4nde und rechtliche Risiken zu vermeiden. Ger\u00e4tetyp Empfohlene Pr\u00fcffrist B\u00fcroger\u00e4te alle 24 Monate Werkstattger\u00e4te&hellip;","_links":{"self":[{"href":"https:\/\/pruefservice-stuttgart.de\/tr\/wp-json\/wp\/v2\/pages\/2293","targetHints":{"allow":["GET"]}}],"collection":[{"href":"https:\/\/pruefservice-stuttgart.de\/tr\/wp-json\/wp\/v2\/pages"}],"about":[{"href":"https:\/\/pruefservice-stuttgart.de\/tr\/wp-json\/wp\/v2\/types\/page"}],"author":[{"embeddable":true,"href":"https:\/\/pruefservice-stuttgart.de\/tr\/wp-json\/wp\/v2\/users\/1"}],"replies":[{"embeddable":true,"href":"https:\/\/pruefservice-stuttgart.de\/tr\/wp-json\/wp\/v2\/comments?post=2293"}],"version-history":[{"count":3,"href":"https:\/\/pruefservice-stuttgart.de\/tr\/wp-json\/wp\/v2\/pages\/2293\/revisions"}],"predecessor-version":[{"id":2297,"href":"https:\/\/pruefservice-stuttgart.de\/tr\/wp-json\/wp\/v2\/pages\/2293\/revisions\/2297"}],"wp:attachment":[{"href":"https:\/\/pruefservice-stuttgart.de\/tr\/wp-json\/wp\/v2\/media?parent=2293"}],"curies":[{"name":"wp","href":"https:\/\/api.w.org\/{rel}","templated":true}]}}