{"id":2298,"date":"2025-05-05T19:41:41","date_gmt":"2025-05-05T19:41:41","guid":{"rendered":"https:\/\/pruefservice-stuttgart.de\/?page_id=2298"},"modified":"2025-05-05T19:47:47","modified_gmt":"2025-05-05T19:47:47","slug":"dguv-v3-prueffristen","status":"publish","type":"page","link":"https:\/\/pruefservice-stuttgart.de\/tr\/dguv-v3-muayene-periyotlari\/","title":{"rendered":"DGUV V3 muayene periyotlar\u0131"},"content":{"rendered":"<div class=\"wp-block-uagb-container uagb-block-4c3875af alignfull uagb-is-root-container\"><div class=\"uagb-container-inner-blocks-wrap\">\n<div class=\"wp-block-uagb-advanced-heading uagb-block-36237826\"><h1 class=\"uagb-heading-text\">DGUV V3 muayene periyotlar\u0131<\/h1><\/div>\n<\/div><\/div>\n\n\n\n<div class=\"wp-block-uagb-container uagb-block-5cf03063 alignfull uagb-is-root-container\"><div class=\"uagb-container-inner-blocks-wrap\">\n<div class=\"wp-block-uagb-image alignleft uagb-block-6d75d68d wp-block-uagb-image--layout-default wp-block-uagb-image--effect-static wp-block-uagb-image--align-left\"><figure class=\"wp-block-uagb-image__figure\"><img decoding=\"async\" srcset=\"https:\/\/pruefservice-stuttgart.de\/wp-content\/uploads\/2025\/05\/1623043848188882487-1024x482-1.webp ,https:\/\/pruefservice-stuttgart.de\/wp-content\/uploads\/2025\/05\/1623043848188882487-1024x482-1.webp 780w, https:\/\/pruefservice-stuttgart.de\/wp-content\/uploads\/2025\/05\/1623043848188882487-1024x482-1.webp 360w\" sizes=\"auto, (max-width: 480px) 150px\" src=\"https:\/\/pruefservice-stuttgart.de\/wp-content\/uploads\/2025\/05\/1623043848188882487-1024x482-1.webp\" alt=\"\" class=\"uag-image-1991\" width=\"575\" height=\"480\" title=\"1623043848188882487-1024x482\" loading=\"lazy\" role=\"img\"\/><\/figure><\/div>\n\n\n\n<div class=\"wp-block-uagb-container uagb-block-05150e62\">\n<div class=\"wp-block-uagb-advanced-heading uagb-block-a2b3848d\"><h2 class=\"uagb-heading-text\">Elektrikli cihaz ve sistemlerin ne s\u0131kl\u0131kla kontrol edilmesi gerekir?<\/h2><p class=\"uagb-desc-text\">DGUV Y\u00f6netmeli\u011fi 3, elektrikli ekipman ve sistemlerin <strong>d\u00fczenli olarak kontrol edildi<\/strong> olmal\u0131d\u0131r.<br>Peki &quot;d\u00fczenli olarak&quot; tam olarak ne anlama geliyor? Cevap birka\u00e7 fakt\u00f6re ba\u011fl\u0131d\u0131r \u2013 \u00f6rne\u011fin: B. Kullan\u0131m yeri, kullan\u0131m s\u0131kl\u0131\u011f\u0131 ve tehlike potansiyeli.<br>Bu sayfada genel bir bak\u0131\u015f bulacaks\u0131n\u0131z <strong>\u00f6nerilen muayene aral\u0131klar\u0131<\/strong> farkl\u0131 cihaz kategorileri i\u00e7in.<\/p><\/div>\n<\/div>\n<\/div><\/div>\n\n\n\n<div class=\"wp-block-uagb-container uagb-block-qd2taihi alignfull uagb-is-root-container\"><div class=\"uagb-container-inner-blocks-wrap\">\n<div class=\"wp-block-uagb-info-box uagb-block-iz8lz3nx uagb-infobox__content-wrap  uagb-infobox-icon-above-title uagb-infobox-image-valign-top\"><div class=\"uagb-ifb-content\"><div class=\"uagb-ifb-title-wrap\"><h2 class=\"uagb-ifb-title\">Ta\u015f\u0131nabilir cihazlar i\u00e7in muayene s\u00fcreleri<\/h2><\/div><p class=\"uagb-ifb-desc\">Bu cihazlar d\u00fczenli olarak ta\u015f\u0131n\u0131r, ba\u011flan\u0131r veya nakledilir. Kusur riski de buna ba\u011fl\u0131 olarak y\u00fcksektir.<\/p><\/div><\/div>\n\n\n\n<figure class=\"wp-block-table\"><table class=\"has-fixed-layout\"><thead><tr><th>Uygulama alan\u0131<\/th><th>\u00d6rnekler<\/th><th>\u00d6nerilen muayene s\u00fcresi<\/th><\/tr><\/thead><tbody><tr><td>Ofis \/ Y\u00f6netim<\/td><td>Bilgisayarlar, yaz\u0131c\u0131lar, monit\u00f6rler<\/td><td>T\u00fcm\u00fc <strong>24 ay<\/strong><\/td><\/tr><tr><td>At\u00f6lye \/ \u00dcretim<\/td><td>Matkaplar, el aletleri<\/td><td>T\u00fcm\u00fc <strong>12 ay<\/strong><\/td><\/tr><tr><td>\u0130n\u015faat alan\u0131<\/td><td>\u00d6\u011f\u00fct\u00fcc\u00fcler, kablo tamburlar\u0131<\/td><td>T\u00fcm\u00fc <strong>3 ay<\/strong><\/td><\/tr><tr><td>Temizlik \/ Mutfak<\/td><td>Elektrikli s\u00fcp\u00fcrge, su \u0131s\u0131t\u0131c\u0131s\u0131<\/td><td>T\u00fcm\u00fc <strong>6 ay<\/strong><\/td><\/tr><\/tbody><\/table><\/figure>\n\n\n\n<div class=\"wp-block-uagb-info-box uagb-block-c947cb30 uagb-infobox__content-wrap  uagb-infobox-icon-above-title uagb-infobox-image-valign-top\"><div class=\"uagb-ifb-content\"><div class=\"uagb-ifb-title-wrap\"><h2 class=\"uagb-ifb-title\">Sabit ekipmanlar i\u00e7in muayene aral\u0131klar\u0131<\/h2><\/div><p class=\"uagb-ifb-desc\">Bu cihazlar kal\u0131c\u0131 olarak kurulur ve nadiren ta\u015f\u0131n\u0131rlar.<\/p><\/div><\/div>\n\n\n\n<figure class=\"wp-block-table\"><table class=\"has-fixed-layout\"><thead><tr><th>Uygulama alan\u0131<\/th><th>\u00d6rnekler<\/th><th>\u00d6nerilen muayene s\u00fcresi<\/th><\/tr><\/thead><tbody><tr><td>Bina teknolojisi<\/td><td>Is\u0131tma, klima<\/td><td>T\u00fcm\u00fc <strong>48 ay<\/strong><\/td><\/tr><tr><td>Sanayi \/ At\u00f6lye<\/td><td>Makineler, kontrol teknolojisi<\/td><td>T\u00fcm\u00fc <strong>12 ay<\/strong><\/td><\/tr><tr><td>Okullar \/ e\u011fitim kurumlar\u0131<\/td><td>Dahili cihazlar, laboratuvar ekipmanlar\u0131<\/td><td>T\u00fcm\u00fc <strong>24 ay<\/strong><\/td><\/tr><\/tbody><\/table><\/figure>\n\n\n\n<div class=\"wp-block-uagb-info-box uagb-block-85b90919 uagb-infobox__content-wrap  uagb-infobox-icon-above-title uagb-infobox-image-valign-top\"><div class=\"uagb-ifb-content\"><div class=\"uagb-ifb-title-wrap\"><h2 class=\"uagb-ifb-title\">T\u0131bbi cihazlar ve bak\u0131m tesisleri i\u00e7in denetim s\u00fcreleri<\/h2><\/div><\/div><\/div>\n\n\n\n<figure class=\"wp-block-table\"><table class=\"has-fixed-layout\"><thead><tr><th>Cihaz t\u00fcr\u00fc<\/th><th>\u00d6rnek kullan\u0131m<\/th><th>\u00d6nerilen muayene s\u00fcresi<\/th><\/tr><\/thead><tbody><tr><td>Hem\u015firelik yataklar\u0131<\/td><td>Emeklilik evleri, klinikler<\/td><td>T\u00fcm\u00fc <strong>12 ay<\/strong><\/td><\/tr><tr><td>T\u0131bbi cihazlar<\/td><td>doktor muayenehanesi, rehabilitasyon merkezi<\/td><td>T\u00fcm\u00fc <strong>6\u201312 ay<\/strong><\/td><\/tr><tr><td>Hasta temas\u0131 olan cihazlar<\/td><td>EKG, inf\u00fczyon pompalar\u0131<\/td><td>T\u00fcm\u00fc <strong>6 ay<\/strong><\/td><\/tr><\/tbody><\/table><\/figure>\n\n\n\n<div class=\"wp-block-uagb-info-box uagb-block-306af5d4 uagb-infobox__content-wrap  uagb-infobox-icon-above-title uagb-infobox-image-valign-top\"><div class=\"uagb-ifb-content\"><div class=\"uagb-ifb-title-wrap\"><h2 class=\"uagb-ifb-title\">Elektrik sistemleri ve koruyucu sistemler i\u00e7in muayene aral\u0131klar\u0131<\/h2><\/div><\/div><\/div>\n\n\n\n<figure class=\"wp-block-table\"><table class=\"has-fixed-layout\"><thead><tr><th>Sistem t\u00fcr\u00fc<\/th><th>\u00d6rnekler<\/th><th>\u00d6nerilen muayene s\u00fcresi<\/th><\/tr><\/thead><tbody><tr><td>Ka\u00e7ak ak\u0131m koruma \u015falteri \/ RCD<\/td><td>her yerde kullan\u0131l\u0131r<\/td><td>T\u00fcm\u00fc <strong>6 ay<\/strong><\/td><\/tr><tr><td>Ana ve alt da\u011f\u0131t\u0131mlar<\/td><td>Sanayi, ofisler, okullar<\/td><td>T\u00fcm\u00fc <strong>4 y\u0131l<\/strong><\/td><\/tr><tr><td>\u015eantiye g\u00fc\u00e7 da\u011f\u0131t\u0131m\u0131<\/td><td>\u0130n\u015faat alanlar\u0131<\/td><td>T\u00fcm\u00fc <strong>3 ay<\/strong><\/td><\/tr><tr><td>G\u00fc\u00e7 jenerat\u00f6rleri<\/td><td>Acil g\u00fc\u00e7 kayna\u011f\u0131, etkinlikler<\/td><td>T\u00fcm\u00fc <strong>6\u201312 ay<\/strong><\/td><\/tr><tr><td>Termografi<\/td><td>Da\u011f\u0131t\u0131m panolar\u0131n\u0131n termal g\u00f6r\u00fcnt\u00fcleme muayenesi<\/td><td>T\u00fcm\u00fc <strong>12 ay<\/strong><\/td><\/tr><\/tbody><\/table><\/figure>\n\n\n\n<div class=\"wp-block-uagb-info-box uagb-block-7471a508 uagb-infobox__content-wrap  uagb-infobox-icon-above-title uagb-infobox-image-valign-top\"><div class=\"uagb-ifb-content\"><div class=\"uagb-ifb-title-wrap\"><h2 class=\"uagb-ifb-title\">\u26a0\ufe0f \u00d6nemli: Risk de\u011ferlendirmesinin temeli<\/h2><\/div><p class=\"uagb-ifb-desc\">Ger\u00e7ek muayene s\u00fcresi her zaman a\u015fa\u011f\u0131dakilere dayanmal\u0131d\u0131r: <strong>bireysel risk de\u011ferlendirmesi<\/strong> kararl\u0131 olmak.<br>Kullan\u0131m s\u0131kl\u0131\u011f\u0131, \u00e7evre ko\u015fullar\u0131 ve daha \u00f6nceki test sonu\u00e7lar\u0131 dikkate al\u0131n\u0131r.<br>\ud83d\udca1 Risk de\u011ferlendirmenizi olu\u015fturman\u0131za veya g\u00fcncellemenize yard\u0131mc\u0131 olmaktan mutluluk duyar\u0131z.<\/p><\/div><\/div>\n\n\n\n<div class=\"wp-block-uagb-container uagb-block-ndowxzi7\"><\/div>\n<\/div><\/div>\n\n\n\n<div class=\"wp-block-uagb-container uagb-block-9caa1a47 alignfull uagb-is-root-container\"><div class=\"uagb-container-inner-blocks-wrap\">\n<div class=\"wp-block-uagb-advanced-heading uagb-block-1ed0e64e\"><div class=\"uagb-heading-text\">Yard\u0131m edelim<\/div><\/div>\n\n\n\n<div class=\"wp-block-uagb-advanced-heading uagb-block-3a57683f\"><h2 class=\"uagb-heading-text\">\ud83d\udcde Sekt\u00f6r\u00fcn\u00fcze \u00f6zel ki\u015fisel tavsiyeler<\/h2><\/div>\n\n\n\n<div class=\"wp-block-uagb-buttons uagb-buttons__outer-wrap uagb-btn__default-btn uagb-btn-tablet__default-btn uagb-btn-mobile__default-btn uagb-block-9979be0d\"><div class=\"uagb-buttons__wrap uagb-buttons-layout-wrap\">\n<div class=\"wp-block-uagb-buttons-child uagb-buttons__outer-wrap uagb-block-84fd34e5 wp-block-button\"><div class=\"uagb-button__wrapper\"><a class=\"uagb-buttons-repeater wp-block-button__link\" aria-label=\"\" href=\"https:\/\/pruefservice-stuttgart.de\/tr\/bize-ulasin\/\" rel=\"follow noopener\" target=\"_self\" role=\"button\"><div class=\"uagb-button__link\">\u015eimdi bizimle ileti\u015fime ge\u00e7in<\/div><\/a><\/div><\/div>\n<\/div><\/div>\n\n\n\n<div class=\"wp-block-uagb-advanced-heading uagb-block-838a0a13\"><div class=\"uagb-separator\"><\/div><h3 class=\"uagb-heading-text\">Sekt\u00f6re \u00f6zel test konseptleri hakk\u0131nda daha fazla bilgi edinmek ister misiniz? <\/h3><\/div>\n\n\n\n<div class=\"wp-block-uagb-advanced-heading uagb-block-809e7d0a\"><div class=\"uagb-separator\"><\/div><h3 class=\"uagb-heading-text\">+49 177 49 50 635 \u2013 Size bireysel olarak ve hi\u00e7bir y\u00fck\u00fcml\u00fcl\u00fck alt\u0131na girmeden dan\u0131\u015fmanl\u0131k hizmeti sunaca\u011f\u0131z.<\/h3><\/div>\n<\/div><\/div>","protected":false},"excerpt":{"rendered":"<p>DGUV V3 Pr\u00fcffristen Wie oft m\u00fcssen elektrische Ger\u00e4te und Anlagen gepr\u00fcft werden? Die DGUV Vorschrift 3 schreibt vor, dass elektrische Betriebsmittel und Anlagen regelm\u00e4\u00dfig gepr\u00fcft werden m\u00fcssen.Doch was bedeutet \u201eregelm\u00e4\u00dfig\u201c genau? Die Antwort h\u00e4ngt von mehreren Faktoren ab \u2013 z.\u202fB. dem Einsatzort, der Nutzungsh\u00e4ufigkeit und dem Gef\u00e4hrdungspotenzial.Auf dieser Seite finden Sie eine \u00dcbersicht \u00fcber empfohlene [&hellip;]<\/p>","protected":false},"author":1,"featured_media":0,"parent":0,"menu_order":0,"comment_status":"closed","ping_status":"closed","template":"","meta":{"_uag_custom_page_level_css":"","site-sidebar-layout":"no-sidebar","site-content-layout":"plain-container","ast-site-content-layout":"full-width-container","site-content-style":"unboxed","site-sidebar-style":"unboxed","ast-global-header-display":"","ast-banner-title-visibility":"","ast-main-header-display":"","ast-hfb-above-header-display":"","ast-hfb-below-header-display":"","ast-hfb-mobile-header-display":"","site-post-title":"disabled","ast-breadcrumbs-content":"","ast-featured-img":"","footer-sml-layout":"","ast-disable-related-posts":"","theme-transparent-header-meta":"","adv-header-id-meta":"","stick-header-meta":"","header-above-stick-meta":"","header-main-stick-meta":"","header-below-stick-meta":"","astra-migrate-meta-layouts":"set","ast-page-background-enabled":"default","ast-page-background-meta":{"desktop":{"background-color":"var(--ast-global-color-4)","background-image":"","background-repeat":"repeat","background-position":"center center","background-size":"auto","background-attachment":"scroll","background-type":"","background-media":"","overlay-type":"","overlay-color":"","overlay-opacity":"","overlay-gradient":""},"tablet":{"background-color":"","background-image":"","background-repeat":"repeat","background-position":"center center","background-size":"auto","background-attachment":"scroll","background-type":"","background-media":"","overlay-type":"","overlay-color":"","overlay-opacity":"","overlay-gradient":""},"mobile":{"background-color":"","background-image":"","background-repeat":"repeat","background-position":"center center","background-size":"auto","background-attachment":"scroll","background-type":"","background-media":"","overlay-type":"","overlay-color":"","overlay-opacity":"","overlay-gradient":""}},"ast-content-background-meta":{"desktop":{"background-color":"var(--ast-global-color-5)","background-image":"","background-repeat":"repeat","background-position":"center center","background-size":"auto","background-attachment":"scroll","background-type":"","background-media":"","overlay-type":"","overlay-color":"","overlay-opacity":"","overlay-gradient":""},"tablet":{"background-color":"var(--ast-global-color-5)","background-image":"","background-repeat":"repeat","background-position":"center center","background-size":"auto","background-attachment":"scroll","background-type":"","background-media":"","overlay-type":"","overlay-color":"","overlay-opacity":"","overlay-gradient":""},"mobile":{"background-color":"var(--ast-global-color-5)","background-image":"","background-repeat":"repeat","background-position":"center center","background-size":"auto","background-attachment":"scroll","background-type":"","background-media":"","overlay-type":"","overlay-color":"","overlay-opacity":"","overlay-gradient":""}},"footnotes":""},"class_list":["post-2298","page","type-page","status-publish","hentry"],"yoast_head":"<!-- This site is optimized with the Yoast SEO plugin v27.4 - https:\/\/yoast.com\/product\/yoast-seo-wordpress\/ -->\n<title>DGUV V3 Pr\u00fcffristen - pruefservice-stuttgart.de<\/title>\n<meta name=\"robots\" content=\"index, follow, max-snippet:-1, max-image-preview:large, max-video-preview:-1\" \/>\n<link rel=\"canonical\" href=\"https:\/\/pruefservice-stuttgart.de\/tr\/dguv-v3-muayene-periyotlari\/\" \/>\n<meta property=\"og:locale\" content=\"tr_TR\" \/>\n<meta property=\"og:type\" content=\"article\" \/>\n<meta property=\"og:title\" content=\"DGUV V3 Pr\u00fcffristen - pruefservice-stuttgart.de\" \/>\n<meta property=\"og:description\" content=\"DGUV V3 Pr\u00fcffristen Wie oft m\u00fcssen elektrische Ger\u00e4te und Anlagen gepr\u00fcft werden? Die DGUV Vorschrift 3 schreibt vor, dass elektrische Betriebsmittel und Anlagen regelm\u00e4\u00dfig gepr\u00fcft werden m\u00fcssen.Doch was bedeutet \u201eregelm\u00e4\u00dfig\u201c genau? Die Antwort h\u00e4ngt von mehreren Faktoren ab \u2013 z.\u202fB. dem Einsatzort, der Nutzungsh\u00e4ufigkeit und dem Gef\u00e4hrdungspotenzial.Auf dieser Seite finden Sie eine \u00dcbersicht \u00fcber empfohlene [&hellip;]\" \/>\n<meta property=\"og:url\" content=\"https:\/\/pruefservice-stuttgart.de\/tr\/dguv-v3-muayene-periyotlari\/\" \/>\n<meta property=\"og:site_name\" content=\"pruefservice-stuttgart.de\" \/>\n<meta property=\"article:modified_time\" content=\"2025-05-05T19:47:47+00:00\" \/>\n<meta property=\"og:image\" content=\"https:\/\/pruefservice-stuttgart.de\/wp-content\/uploads\/2025\/05\/1623043848188882487-1024x482-1.webp\" \/>\n<meta name=\"twitter:card\" content=\"summary_large_image\" \/>\n<meta name=\"twitter:label1\" content=\"Tahmini okuma s\u00fcresi\" \/>\n\t<meta name=\"twitter:data1\" content=\"2 dakika\" \/>\n<script type=\"application\/ld+json\" class=\"yoast-schema-graph\">{\"@context\":\"https:\\\/\\\/schema.org\",\"@graph\":[{\"@type\":\"WebPage\",\"@id\":\"https:\\\/\\\/pruefservice-stuttgart.de\\\/dguv-v3-prueffristen\\\/\",\"url\":\"https:\\\/\\\/pruefservice-stuttgart.de\\\/dguv-v3-prueffristen\\\/\",\"name\":\"DGUV V3 Pr\u00fcffristen - pruefservice-stuttgart.de\",\"isPartOf\":{\"@id\":\"https:\\\/\\\/pruefservice-stuttgart.de\\\/#website\"},\"primaryImageOfPage\":{\"@id\":\"https:\\\/\\\/pruefservice-stuttgart.de\\\/dguv-v3-prueffristen\\\/#primaryimage\"},\"image\":{\"@id\":\"https:\\\/\\\/pruefservice-stuttgart.de\\\/dguv-v3-prueffristen\\\/#primaryimage\"},\"thumbnailUrl\":\"https:\\\/\\\/pruefservice-stuttgart.de\\\/wp-content\\\/uploads\\\/2025\\\/05\\\/1623043848188882487-1024x482-1.webp\",\"datePublished\":\"2025-05-05T19:41:41+00:00\",\"dateModified\":\"2025-05-05T19:47:47+00:00\",\"breadcrumb\":{\"@id\":\"https:\\\/\\\/pruefservice-stuttgart.de\\\/dguv-v3-prueffristen\\\/#breadcrumb\"},\"inLanguage\":\"tr\",\"potentialAction\":[{\"@type\":\"ReadAction\",\"target\":[\"https:\\\/\\\/pruefservice-stuttgart.de\\\/dguv-v3-prueffristen\\\/\"]}]},{\"@type\":\"ImageObject\",\"inLanguage\":\"tr\",\"@id\":\"https:\\\/\\\/pruefservice-stuttgart.de\\\/dguv-v3-prueffristen\\\/#primaryimage\",\"url\":\"https:\\\/\\\/pruefservice-stuttgart.de\\\/wp-content\\\/uploads\\\/2025\\\/05\\\/1623043848188882487-1024x482-1.webp\",\"contentUrl\":\"https:\\\/\\\/pruefservice-stuttgart.de\\\/wp-content\\\/uploads\\\/2025\\\/05\\\/1623043848188882487-1024x482-1.webp\"},{\"@type\":\"BreadcrumbList\",\"@id\":\"https:\\\/\\\/pruefservice-stuttgart.de\\\/dguv-v3-prueffristen\\\/#breadcrumb\",\"itemListElement\":[{\"@type\":\"ListItem\",\"position\":1,\"name\":\"Startseite\",\"item\":\"https:\\\/\\\/pruefservice-stuttgart.de\\\/\"},{\"@type\":\"ListItem\",\"position\":2,\"name\":\"DGUV V3 Pr\u00fcffristen\"}]},{\"@type\":\"WebSite\",\"@id\":\"https:\\\/\\\/pruefservice-stuttgart.de\\\/#website\",\"url\":\"https:\\\/\\\/pruefservice-stuttgart.de\\\/\",\"name\":\"pruefservice-stuttgart.de\",\"description\":\"\",\"publisher\":{\"@id\":\"https:\\\/\\\/pruefservice-stuttgart.de\\\/#organization\"},\"potentialAction\":[{\"@type\":\"SearchAction\",\"target\":{\"@type\":\"EntryPoint\",\"urlTemplate\":\"https:\\\/\\\/pruefservice-stuttgart.de\\\/?s={search_term_string}\"},\"query-input\":{\"@type\":\"PropertyValueSpecification\",\"valueRequired\":true,\"valueName\":\"search_term_string\"}}],\"inLanguage\":\"tr\"},{\"@type\":\"Organization\",\"@id\":\"https:\\\/\\\/pruefservice-stuttgart.de\\\/#organization\",\"name\":\"pruefservice-stuttgart.de\",\"url\":\"https:\\\/\\\/pruefservice-stuttgart.de\\\/\",\"logo\":{\"@type\":\"ImageObject\",\"inLanguage\":\"tr\",\"@id\":\"https:\\\/\\\/pruefservice-stuttgart.de\\\/#\\\/schema\\\/logo\\\/image\\\/\",\"url\":\"https:\\\/\\\/pruefservice-stuttgart.de\\\/wp-content\\\/uploads\\\/2025\\\/05\\\/cropped-pruefservice-stuttgart-4-300x300-1.webp\",\"contentUrl\":\"https:\\\/\\\/pruefservice-stuttgart.de\\\/wp-content\\\/uploads\\\/2025\\\/05\\\/cropped-pruefservice-stuttgart-4-300x300-1.webp\",\"width\":300,\"height\":100,\"caption\":\"pruefservice-stuttgart.de\"},\"image\":{\"@id\":\"https:\\\/\\\/pruefservice-stuttgart.de\\\/#\\\/schema\\\/logo\\\/image\\\/\"}}]}<\/script>\n<!-- \/ Yoast SEO plugin. -->","yoast_head_json":{"title":"DGUV V3 denetim aral\u0131klar\u0131 - pruefservice-stuttgart.de","robots":{"index":"index","follow":"follow","max-snippet":"max-snippet:-1","max-image-preview":"max-image-preview:large","max-video-preview":"max-video-preview:-1"},"canonical":"https:\/\/pruefservice-stuttgart.de\/tr\/dguv-v3-muayene-periyotlari\/","og_locale":"tr_TR","og_type":"article","og_title":"DGUV V3 Pr\u00fcffristen - pruefservice-stuttgart.de","og_description":"DGUV V3 Pr\u00fcffristen Wie oft m\u00fcssen elektrische Ger\u00e4te und Anlagen gepr\u00fcft werden? Die DGUV Vorschrift 3 schreibt vor, dass elektrische Betriebsmittel und Anlagen regelm\u00e4\u00dfig gepr\u00fcft werden m\u00fcssen.Doch was bedeutet \u201eregelm\u00e4\u00dfig\u201c genau? Die Antwort h\u00e4ngt von mehreren Faktoren ab \u2013 z.\u202fB. dem Einsatzort, der Nutzungsh\u00e4ufigkeit und dem Gef\u00e4hrdungspotenzial.Auf dieser Seite finden Sie eine \u00dcbersicht \u00fcber empfohlene [&hellip;]","og_url":"https:\/\/pruefservice-stuttgart.de\/tr\/dguv-v3-muayene-periyotlari\/","og_site_name":"pruefservice-stuttgart.de","article_modified_time":"2025-05-05T19:47:47+00:00","og_image":[{"url":"https:\/\/pruefservice-stuttgart.de\/wp-content\/uploads\/2025\/05\/1623043848188882487-1024x482-1.webp","type":"","width":"","height":""}],"twitter_card":"summary_large_image","twitter_misc":{"Tahmini okuma s\u00fcresi":"2 dakika"},"schema":{"@context":"https:\/\/schema.org","@graph":[{"@type":"WebPage","@id":"https:\/\/pruefservice-stuttgart.de\/dguv-v3-prueffristen\/","url":"https:\/\/pruefservice-stuttgart.de\/dguv-v3-prueffristen\/","name":"DGUV V3 denetim aral\u0131klar\u0131 - pruefservice-stuttgart.de","isPartOf":{"@id":"https:\/\/pruefservice-stuttgart.de\/#website"},"primaryImageOfPage":{"@id":"https:\/\/pruefservice-stuttgart.de\/dguv-v3-prueffristen\/#primaryimage"},"image":{"@id":"https:\/\/pruefservice-stuttgart.de\/dguv-v3-prueffristen\/#primaryimage"},"thumbnailUrl":"https:\/\/pruefservice-stuttgart.de\/wp-content\/uploads\/2025\/05\/1623043848188882487-1024x482-1.webp","datePublished":"2025-05-05T19:41:41+00:00","dateModified":"2025-05-05T19:47:47+00:00","breadcrumb":{"@id":"https:\/\/pruefservice-stuttgart.de\/dguv-v3-prueffristen\/#breadcrumb"},"inLanguage":"tr","potentialAction":[{"@type":"ReadAction","target":["https:\/\/pruefservice-stuttgart.de\/dguv-v3-prueffristen\/"]}]},{"@type":"ImageObject","inLanguage":"tr","@id":"https:\/\/pruefservice-stuttgart.de\/dguv-v3-prueffristen\/#primaryimage","url":"https:\/\/pruefservice-stuttgart.de\/wp-content\/uploads\/2025\/05\/1623043848188882487-1024x482-1.webp","contentUrl":"https:\/\/pruefservice-stuttgart.de\/wp-content\/uploads\/2025\/05\/1623043848188882487-1024x482-1.webp"},{"@type":"BreadcrumbList","@id":"https:\/\/pruefservice-stuttgart.de\/dguv-v3-prueffristen\/#breadcrumb","itemListElement":[{"@type":"ListItem","position":1,"name":"Startseite","item":"https:\/\/pruefservice-stuttgart.de\/"},{"@type":"ListItem","position":2,"name":"DGUV V3 Pr\u00fcffristen"}]},{"@type":"WebSite","@id":"https:\/\/pruefservice-stuttgart.de\/#website","url":"https:\/\/pruefservice-stuttgart.de\/","name":"pruefservice-stuttgart.de","description":"","publisher":{"@id":"https:\/\/pruefservice-stuttgart.de\/#organization"},"potentialAction":[{"@type":"SearchAction","target":{"@type":"EntryPoint","urlTemplate":"https:\/\/pruefservice-stuttgart.de\/?s={search_term_string}"},"query-input":{"@type":"PropertyValueSpecification","valueRequired":true,"valueName":"search_term_string"}}],"inLanguage":"tr"},{"@type":"Organization","@id":"https:\/\/pruefservice-stuttgart.de\/#organization","name":"pruefservice-stuttgart.de","url":"https:\/\/pruefservice-stuttgart.de\/","logo":{"@type":"ImageObject","inLanguage":"tr","@id":"https:\/\/pruefservice-stuttgart.de\/#\/schema\/logo\/image\/","url":"https:\/\/pruefservice-stuttgart.de\/wp-content\/uploads\/2025\/05\/cropped-pruefservice-stuttgart-4-300x300-1.webp","contentUrl":"https:\/\/pruefservice-stuttgart.de\/wp-content\/uploads\/2025\/05\/cropped-pruefservice-stuttgart-4-300x300-1.webp","width":300,"height":100,"caption":"pruefservice-stuttgart.de"},"image":{"@id":"https:\/\/pruefservice-stuttgart.de\/#\/schema\/logo\/image\/"}}]}},"uagb_featured_image_src":{"full":false,"thumbnail":false,"medium":false,"medium_large":false,"large":false,"1536x1536":false,"2048x2048":false,"trp-custom-language-flag":false},"uagb_author_info":{"display_name":"emilkemal4@gmail.com","author_link":"https:\/\/pruefservice-stuttgart.de\/tr\/author\/emilkemal4gmail-com\/"},"uagb_comment_info":0,"uagb_excerpt":"DGUV V3 Pr\u00fcffristen Wie oft m\u00fcssen elektrische Ger\u00e4te und Anlagen gepr\u00fcft werden? Die DGUV Vorschrift 3 schreibt vor, dass elektrische Betriebsmittel und Anlagen regelm\u00e4\u00dfig gepr\u00fcft werden m\u00fcssen.Doch was bedeutet \u201eregelm\u00e4\u00dfig\u201c genau? Die Antwort h\u00e4ngt von mehreren Faktoren ab \u2013 z.\u202fB. dem Einsatzort, der Nutzungsh\u00e4ufigkeit und dem Gef\u00e4hrdungspotenzial.Auf dieser Seite finden Sie eine \u00dcbersicht \u00fcber empfohlene&hellip;","_links":{"self":[{"href":"https:\/\/pruefservice-stuttgart.de\/tr\/wp-json\/wp\/v2\/pages\/2298","targetHints":{"allow":["GET"]}}],"collection":[{"href":"https:\/\/pruefservice-stuttgart.de\/tr\/wp-json\/wp\/v2\/pages"}],"about":[{"href":"https:\/\/pruefservice-stuttgart.de\/tr\/wp-json\/wp\/v2\/types\/page"}],"author":[{"embeddable":true,"href":"https:\/\/pruefservice-stuttgart.de\/tr\/wp-json\/wp\/v2\/users\/1"}],"replies":[{"embeddable":true,"href":"https:\/\/pruefservice-stuttgart.de\/tr\/wp-json\/wp\/v2\/comments?post=2298"}],"version-history":[{"count":4,"href":"https:\/\/pruefservice-stuttgart.de\/tr\/wp-json\/wp\/v2\/pages\/2298\/revisions"}],"predecessor-version":[{"id":2304,"href":"https:\/\/pruefservice-stuttgart.de\/tr\/wp-json\/wp\/v2\/pages\/2298\/revisions\/2304"}],"wp:attachment":[{"href":"https:\/\/pruefservice-stuttgart.de\/tr\/wp-json\/wp\/v2\/media?parent=2298"}],"curies":[{"name":"wp","href":"https:\/\/api.w.org\/{rel}","templated":true}]}}