{"id":2305,"date":"2025-05-05T19:50:29","date_gmt":"2025-05-05T19:50:29","guid":{"rendered":"https:\/\/pruefservice-stuttgart.de\/?page_id=2305"},"modified":"2025-05-05T19:50:30","modified_gmt":"2025-05-05T19:50:30","slug":"dguv-v3-pruefprotokoll","status":"publish","type":"page","link":"https:\/\/pruefservice-stuttgart.de\/tr\/dguv-v3-test-raporu\/","title":{"rendered":"DGUV V3 test raporu"},"content":{"rendered":"<div class=\"wp-block-uagb-container uagb-block-4c3875af alignfull uagb-is-root-container\"><div class=\"uagb-container-inner-blocks-wrap\">\n<div class=\"wp-block-uagb-advanced-heading uagb-block-36237826\"><h1 class=\"uagb-heading-text\">DGUV V3 test raporu<\/h1><\/div>\n<\/div><\/div>\n\n\n\n<div class=\"wp-block-uagb-container uagb-block-5cf03063 alignfull uagb-is-root-container\"><div class=\"uagb-container-inner-blocks-wrap\">\n<div class=\"wp-block-uagb-image alignleft uagb-block-6d75d68d wp-block-uagb-image--layout-default wp-block-uagb-image--effect-static wp-block-uagb-image--align-left\"><figure class=\"wp-block-uagb-image__figure\"><img decoding=\"async\" srcset=\"https:\/\/pruefservice-stuttgart.de\/wp-content\/uploads\/2025\/05\/1623043848188882487-1024x482-1.webp ,https:\/\/pruefservice-stuttgart.de\/wp-content\/uploads\/2025\/05\/1623043848188882487-1024x482-1.webp 780w, https:\/\/pruefservice-stuttgart.de\/wp-content\/uploads\/2025\/05\/1623043848188882487-1024x482-1.webp 360w\" sizes=\"auto, (max-width: 480px) 150px\" src=\"https:\/\/pruefservice-stuttgart.de\/wp-content\/uploads\/2025\/05\/1623043848188882487-1024x482-1.webp\" alt=\"\" class=\"uag-image-1991\" width=\"575\" height=\"480\" title=\"1623043848188882487-1024x482\" loading=\"lazy\" role=\"img\"\/><\/figure><\/div>\n\n\n\n<div class=\"wp-block-uagb-container uagb-block-05150e62\">\n<div class=\"wp-block-uagb-advanced-heading uagb-block-a2b3848d\"><h2 class=\"uagb-heading-text\">Yasalara uygun bir test raporu neleri i\u00e7erir?<\/h2><p class=\"uagb-desc-text\">Her testten sonra <strong>DGUV Y\u00f6netmeli\u011fi 3<\/strong> bir tane alacaks\u0131n <strong>yaz\u0131l\u0131 s\u0131nav raporu<\/strong>Yap\u0131lan g\u00fcvenlik kontrol\u00fcn\u00fcn resmi kan\u0131t\u0131 niteli\u011finde olan.<br>Ayr\u0131nt\u0131l\u0131 olarak belgelendirir, <strong>hangi cihazlar ve sistemler test edildi<\/strong>, sonu\u00e7lar\u0131 ne oldu ve \u00f6nlem al\u0131nmas\u0131 gerekip gerekmedi\u011fi.<\/p><\/div>\n<\/div>\n<\/div><\/div>\n\n\n\n<div class=\"wp-block-uagb-container uagb-block-qd2taihi alignfull uagb-is-root-container\"><div class=\"uagb-container-inner-blocks-wrap\">\n<div class=\"wp-block-uagb-info-box uagb-block-iz8lz3nx uagb-infobox__content-wrap  uagb-infobox-icon-above-title uagb-infobox-image-valign-top\"><div class=\"uagb-ifb-content\"><div class=\"uagb-ifb-title-wrap\"><h2 class=\"uagb-ifb-title\">Test raporunda ne yaz\u0131yor?<\/h2><\/div><p class=\"uagb-ifb-desc\">Tam bir test raporu, di\u011fer hususlar\u0131n yan\u0131 s\u0131ra, a\u015fa\u011f\u0131daki bilgileri i\u00e7erir:<br><strong>Cihaz ad\u0131 ve envanter numaras\u0131<\/strong><br><strong>\u00c7al\u0131\u015fma yeri ve lokasyon<\/strong><br><strong>Muayene tarihi ve bir sonraki muayene tarihi<\/strong><br><strong>Denet\u00e7inin ad\u0131 ve yeterlili\u011fi<\/strong><br><strong>Uygulanan standartlar<\/strong> (\u00f6rn. DIN VDE 0701-0702, VDE 0105-100)<br><strong>\u00d6l\u00e7\u00fclen de\u011ferler<\/strong> (\u00f6rne\u011fin koruyucu iletken direnci, yal\u0131t\u0131m direnci, d\u00f6ng\u00fc empedans\u0131)<br><strong>Test sonucu<\/strong>: ge\u00e7ti \/ ba\u015far\u0131s\u0131z oldu<br><strong>Kusurlar\u0131n tan\u0131m\u0131 ve \u00f6nerilen eylem<\/strong> (gerekirse)<\/p><\/div><\/div>\n\n\n\n<div class=\"wp-block-uagb-info-box uagb-block-7471a508 uagb-infobox__content-wrap  uagb-infobox-icon-above-title uagb-infobox-image-valign-top\"><div class=\"uagb-ifb-content\"><div class=\"uagb-ifb-title-wrap\"><h2 class=\"uagb-ifb-title\">Ek olarak: Muayene etiketleri ve genel bak\u0131\u015flar<\/h2><\/div><p class=\"uagb-ifb-desc\">Test raporuna ek olarak \u015funlar\u0131 alacaks\u0131n\u0131z:<br><strong>Muayene \u00e7\u0131kartmalar\u0131<\/strong> do\u011frudan cihaz veya sistemde<br><strong>Toplu genel bak\u0131\u015f<\/strong> t\u00fcm test edilen cihazlar<br><strong>Dijital ar\u015fivleme i\u00e7in PDF dosyas\u0131<\/strong><br>Talep \u00fczerine: <strong>Excel d\u0131\u015fa aktarma veya bulut tabanl\u0131 aktar\u0131m<\/strong><\/p><\/div><\/div>\n\n\n\n<div class=\"wp-block-uagb-info-box uagb-block-b57d6510 uagb-infobox__content-wrap  uagb-infobox-icon-above-title uagb-infobox-image-valign-top\"><div class=\"uagb-ifb-content\"><div class=\"uagb-ifb-title-wrap\"><h2 class=\"uagb-ifb-title\">Kusurlar varsa ne olur?<\/h2><\/div><p class=\"uagb-ifb-desc\">Kusurlar raporda a\u00e7\u0131k\u00e7a tan\u0131mlan\u0131yor<br>Onar\u0131m veya devre d\u0131\u015f\u0131 b\u0131rakma \u00f6nerileri<br>Olas\u0131l\u0131k <strong>Onar\u0131m sonras\u0131 muayene<\/strong><br>S\u0131n\u0131fland\u0131rma: kritik \/ orta \/ d\u00fc\u015f\u00fck<\/p><\/div><\/div>\n\n\n\n<div class=\"wp-block-uagb-info-box uagb-block-1dbdd423 uagb-infobox__content-wrap  uagb-infobox-icon-above-title uagb-infobox-image-valign-top\"><div class=\"uagb-ifb-content\"><div class=\"uagb-ifb-title-wrap\"><h2 class=\"uagb-ifb-title\">Test raporu neden \u00f6nemlidir?<\/h2><\/div><p class=\"uagb-ifb-desc\"><strong>Hukuki kesinlik<\/strong> resmi denetimler s\u0131ras\u0131nda<br><strong>Kan\u0131t sunma zorunlulu\u011fu<\/strong> sigorta talepleri durumunda<br><strong>Sorumlulu\u011fa kar\u015f\u0131 koruma<\/strong> kaza veya hasar durumunda<br><strong>\u015feffafl\u0131k<\/strong> dahili departmanlara ve QM sistemlerine (\u00f6rn. ISO 9001) do\u011fru<\/p><\/div><\/div>\n\n\n\n<div class=\"wp-block-uagb-info-box uagb-block-0107b03a uagb-infobox__content-wrap  uagb-infobox-icon-above-title uagb-infobox-image-valign-top\"><div class=\"uagb-ifb-content\"><div class=\"uagb-ifb-title-wrap\"><h2 class=\"uagb-ifb-title\">\ud83d\udca1 Hizmetimiz<\/h2><\/div><p class=\"uagb-ifb-desc\">Pruefservice-stuttgart.de adresinde \u015funlar\u0131 alacaks\u0131n\u0131z: <strong>tamamen yap\u0131land\u0131r\u0131lm\u0131\u015f ve a\u00e7\u0131k\u00e7a haz\u0131rlanm\u0131\u015f protokoller<\/strong> \u2013 talep \u00fczerine \u015firket logosu veya bireysel formatlama ile.<\/p><\/div><\/div>\n\n\n\n<div class=\"wp-block-uagb-container uagb-block-ndowxzi7\"><\/div>\n<\/div><\/div>\n\n\n\n<div class=\"wp-block-uagb-container uagb-block-9caa1a47 alignfull uagb-is-root-container\"><div class=\"uagb-container-inner-blocks-wrap\">\n<div class=\"wp-block-uagb-advanced-heading uagb-block-1ed0e64e\"><div class=\"uagb-heading-text\">Yard\u0131m edelim<\/div><\/div>\n\n\n\n<div class=\"wp-block-uagb-advanced-heading uagb-block-3a57683f\"><h2 class=\"uagb-heading-text\">\ud83d\udcde Sekt\u00f6r\u00fcn\u00fcze \u00f6zel ki\u015fisel tavsiyeler<\/h2><\/div>\n\n\n\n<div class=\"wp-block-uagb-buttons uagb-buttons__outer-wrap uagb-btn__default-btn uagb-btn-tablet__default-btn uagb-btn-mobile__default-btn uagb-block-9979be0d\"><div class=\"uagb-buttons__wrap uagb-buttons-layout-wrap\">\n<div class=\"wp-block-uagb-buttons-child uagb-buttons__outer-wrap uagb-block-84fd34e5 wp-block-button\"><div class=\"uagb-button__wrapper\"><a class=\"uagb-buttons-repeater wp-block-button__link\" aria-label=\"\" href=\"https:\/\/pruefservice-stuttgart.de\/tr\/bize-ulasin\/\" rel=\"follow noopener\" target=\"_self\" role=\"button\"><div class=\"uagb-button__link\">\u015eimdi bizimle ileti\u015fime ge\u00e7in<\/div><\/a><\/div><\/div>\n<\/div><\/div>\n\n\n\n<div class=\"wp-block-uagb-advanced-heading uagb-block-838a0a13\"><div class=\"uagb-separator\"><\/div><h3 class=\"uagb-heading-text\">Sekt\u00f6re \u00f6zel test konseptleri hakk\u0131nda daha fazla bilgi edinmek ister misiniz? <\/h3><\/div>\n\n\n\n<div class=\"wp-block-uagb-advanced-heading uagb-block-809e7d0a\"><div class=\"uagb-separator\"><\/div><h3 class=\"uagb-heading-text\">+49 177 49 50 635 \u2013 Size bireysel olarak ve hi\u00e7bir y\u00fck\u00fcml\u00fcl\u00fck alt\u0131na girmeden dan\u0131\u015fmanl\u0131k hizmeti sunaca\u011f\u0131z.<\/h3><\/div>\n<\/div><\/div>","protected":false},"excerpt":{"rendered":"<p>DGUV V3 test raporu Yasalara uygun bir test raporu ne i\u00e7erir? DGUV Y\u00f6netmeli\u011fi 3 uyar\u0131nca yap\u0131lan her denetimden sonra, ger\u00e7ekle\u015ftirilen g\u00fcvenlik denetiminin resmi kan\u0131t\u0131 niteli\u011finde olan yaz\u0131l\u0131 bir denetim raporu alacaks\u0131n\u0131z. Hangi cihaz ve sistemlerin denetlendi\u011fini, ne gibi sonu\u00e7lar elde edildi\u011fini, herhangi bir \u00f6nlem al\u0131nmas\u0131 gerekip gerekmedi\u011fini ayr\u0131nt\u0131l\u0131 olarak belgelendirir.<\/p>","protected":false},"author":1,"featured_media":0,"parent":0,"menu_order":0,"comment_status":"closed","ping_status":"closed","template":"","meta":{"_uag_custom_page_level_css":"","site-sidebar-layout":"no-sidebar","site-content-layout":"plain-container","ast-site-content-layout":"full-width-container","site-content-style":"unboxed","site-sidebar-style":"unboxed","ast-global-header-display":"","ast-banner-title-visibility":"","ast-main-header-display":"","ast-hfb-above-header-display":"","ast-hfb-below-header-display":"","ast-hfb-mobile-header-display":"","site-post-title":"disabled","ast-breadcrumbs-content":"","ast-featured-img":"","footer-sml-layout":"","ast-disable-related-posts":"","theme-transparent-header-meta":"","adv-header-id-meta":"","stick-header-meta":"","header-above-stick-meta":"","header-main-stick-meta":"","header-below-stick-meta":"","astra-migrate-meta-layouts":"set","ast-page-background-enabled":"default","ast-page-background-meta":{"desktop":{"background-color":"var(--ast-global-color-4)","background-image":"","background-repeat":"repeat","background-position":"center center","background-size":"auto","background-attachment":"scroll","background-type":"","background-media":"","overlay-type":"","overlay-color":"","overlay-opacity":"","overlay-gradient":""},"tablet":{"background-color":"","background-image":"","background-repeat":"repeat","background-position":"center center","background-size":"auto","background-attachment":"scroll","background-type":"","background-media":"","overlay-type":"","overlay-color":"","overlay-opacity":"","overlay-gradient":""},"mobile":{"background-color":"","background-image":"","background-repeat":"repeat","background-position":"center center","background-size":"auto","background-attachment":"scroll","background-type":"","background-media":"","overlay-type":"","overlay-color":"","overlay-opacity":"","overlay-gradient":""}},"ast-content-background-meta":{"desktop":{"background-color":"var(--ast-global-color-5)","background-image":"","background-repeat":"repeat","background-position":"center center","background-size":"auto","background-attachment":"scroll","background-type":"","background-media":"","overlay-type":"","overlay-color":"","overlay-opacity":"","overlay-gradient":""},"tablet":{"background-color":"var(--ast-global-color-5)","background-image":"","background-repeat":"repeat","background-position":"center center","background-size":"auto","background-attachment":"scroll","background-type":"","background-media":"","overlay-type":"","overlay-color":"","overlay-opacity":"","overlay-gradient":""},"mobile":{"background-color":"var(--ast-global-color-5)","background-image":"","background-repeat":"repeat","background-position":"center center","background-size":"auto","background-attachment":"scroll","background-type":"","background-media":"","overlay-type":"","overlay-color":"","overlay-opacity":"","overlay-gradient":""}},"footnotes":""},"class_list":["post-2305","page","type-page","status-publish","hentry"],"yoast_head":"<!-- This site is optimized with the Yoast SEO plugin v27.4 - https:\/\/yoast.com\/product\/yoast-seo-wordpress\/ -->\n<title>DGUV V3 Pr\u00fcfprotokoll - pruefservice-stuttgart.de<\/title>\n<meta name=\"robots\" content=\"index, follow, max-snippet:-1, max-image-preview:large, max-video-preview:-1\" \/>\n<link rel=\"canonical\" href=\"https:\/\/pruefservice-stuttgart.de\/tr\/dguv-v3-test-raporu\/\" \/>\n<meta property=\"og:locale\" content=\"tr_TR\" \/>\n<meta property=\"og:type\" content=\"article\" \/>\n<meta property=\"og:title\" content=\"DGUV V3 Pr\u00fcfprotokoll - pruefservice-stuttgart.de\" \/>\n<meta property=\"og:description\" content=\"DGUV V3 Pr\u00fcfprotokoll Was beinhaltet ein rechtssicheres Pr\u00fcfprotokoll? Nach jeder Pr\u00fcfung gem\u00e4\u00df DGUV Vorschrift 3 erhalten Sie ein schriftliches Pr\u00fcfprotokoll, das als offizieller Nachweis f\u00fcr die durchgef\u00fchrte Sicherheitskontrolle dient.Es dokumentiert detailliert, welche Ger\u00e4te und Anlagen gepr\u00fcft wurden, mit welchen Ergebnissen und ob Ma\u00dfnahmen erforderlich sind.\" \/>\n<meta property=\"og:url\" content=\"https:\/\/pruefservice-stuttgart.de\/tr\/dguv-v3-test-raporu\/\" \/>\n<meta property=\"og:site_name\" content=\"pruefservice-stuttgart.de\" \/>\n<meta property=\"article:modified_time\" content=\"2025-05-05T19:50:30+00:00\" \/>\n<meta property=\"og:image\" content=\"https:\/\/pruefservice-stuttgart.de\/wp-content\/uploads\/2025\/05\/1623043848188882487-1024x482-1.webp\" \/>\n<meta name=\"twitter:card\" content=\"summary_large_image\" \/>\n<meta name=\"twitter:label1\" content=\"Tahmini okuma s\u00fcresi\" \/>\n\t<meta name=\"twitter:data1\" content=\"2 dakika\" \/>\n<script type=\"application\/ld+json\" class=\"yoast-schema-graph\">{\"@context\":\"https:\\\/\\\/schema.org\",\"@graph\":[{\"@type\":\"WebPage\",\"@id\":\"https:\\\/\\\/pruefservice-stuttgart.de\\\/dguv-v3-pruefprotokoll\\\/\",\"url\":\"https:\\\/\\\/pruefservice-stuttgart.de\\\/dguv-v3-pruefprotokoll\\\/\",\"name\":\"DGUV V3 Pr\u00fcfprotokoll - pruefservice-stuttgart.de\",\"isPartOf\":{\"@id\":\"https:\\\/\\\/pruefservice-stuttgart.de\\\/#website\"},\"primaryImageOfPage\":{\"@id\":\"https:\\\/\\\/pruefservice-stuttgart.de\\\/dguv-v3-pruefprotokoll\\\/#primaryimage\"},\"image\":{\"@id\":\"https:\\\/\\\/pruefservice-stuttgart.de\\\/dguv-v3-pruefprotokoll\\\/#primaryimage\"},\"thumbnailUrl\":\"https:\\\/\\\/pruefservice-stuttgart.de\\\/wp-content\\\/uploads\\\/2025\\\/05\\\/1623043848188882487-1024x482-1.webp\",\"datePublished\":\"2025-05-05T19:50:29+00:00\",\"dateModified\":\"2025-05-05T19:50:30+00:00\",\"breadcrumb\":{\"@id\":\"https:\\\/\\\/pruefservice-stuttgart.de\\\/dguv-v3-pruefprotokoll\\\/#breadcrumb\"},\"inLanguage\":\"tr\",\"potentialAction\":[{\"@type\":\"ReadAction\",\"target\":[\"https:\\\/\\\/pruefservice-stuttgart.de\\\/dguv-v3-pruefprotokoll\\\/\"]}]},{\"@type\":\"ImageObject\",\"inLanguage\":\"tr\",\"@id\":\"https:\\\/\\\/pruefservice-stuttgart.de\\\/dguv-v3-pruefprotokoll\\\/#primaryimage\",\"url\":\"https:\\\/\\\/pruefservice-stuttgart.de\\\/wp-content\\\/uploads\\\/2025\\\/05\\\/1623043848188882487-1024x482-1.webp\",\"contentUrl\":\"https:\\\/\\\/pruefservice-stuttgart.de\\\/wp-content\\\/uploads\\\/2025\\\/05\\\/1623043848188882487-1024x482-1.webp\"},{\"@type\":\"BreadcrumbList\",\"@id\":\"https:\\\/\\\/pruefservice-stuttgart.de\\\/dguv-v3-pruefprotokoll\\\/#breadcrumb\",\"itemListElement\":[{\"@type\":\"ListItem\",\"position\":1,\"name\":\"Startseite\",\"item\":\"https:\\\/\\\/pruefservice-stuttgart.de\\\/\"},{\"@type\":\"ListItem\",\"position\":2,\"name\":\"DGUV V3 Pr\u00fcfprotokoll\"}]},{\"@type\":\"WebSite\",\"@id\":\"https:\\\/\\\/pruefservice-stuttgart.de\\\/#website\",\"url\":\"https:\\\/\\\/pruefservice-stuttgart.de\\\/\",\"name\":\"pruefservice-stuttgart.de\",\"description\":\"\",\"publisher\":{\"@id\":\"https:\\\/\\\/pruefservice-stuttgart.de\\\/#organization\"},\"potentialAction\":[{\"@type\":\"SearchAction\",\"target\":{\"@type\":\"EntryPoint\",\"urlTemplate\":\"https:\\\/\\\/pruefservice-stuttgart.de\\\/?s={search_term_string}\"},\"query-input\":{\"@type\":\"PropertyValueSpecification\",\"valueRequired\":true,\"valueName\":\"search_term_string\"}}],\"inLanguage\":\"tr\"},{\"@type\":\"Organization\",\"@id\":\"https:\\\/\\\/pruefservice-stuttgart.de\\\/#organization\",\"name\":\"pruefservice-stuttgart.de\",\"url\":\"https:\\\/\\\/pruefservice-stuttgart.de\\\/\",\"logo\":{\"@type\":\"ImageObject\",\"inLanguage\":\"tr\",\"@id\":\"https:\\\/\\\/pruefservice-stuttgart.de\\\/#\\\/schema\\\/logo\\\/image\\\/\",\"url\":\"https:\\\/\\\/pruefservice-stuttgart.de\\\/wp-content\\\/uploads\\\/2025\\\/05\\\/cropped-pruefservice-stuttgart-4-300x300-1.webp\",\"contentUrl\":\"https:\\\/\\\/pruefservice-stuttgart.de\\\/wp-content\\\/uploads\\\/2025\\\/05\\\/cropped-pruefservice-stuttgart-4-300x300-1.webp\",\"width\":300,\"height\":100,\"caption\":\"pruefservice-stuttgart.de\"},\"image\":{\"@id\":\"https:\\\/\\\/pruefservice-stuttgart.de\\\/#\\\/schema\\\/logo\\\/image\\\/\"}}]}<\/script>\n<!-- \/ Yoast SEO plugin. -->","yoast_head_json":{"title":"DGUV V3 test raporu - pruefservice-stuttgart.de","robots":{"index":"index","follow":"follow","max-snippet":"max-snippet:-1","max-image-preview":"max-image-preview:large","max-video-preview":"max-video-preview:-1"},"canonical":"https:\/\/pruefservice-stuttgart.de\/tr\/dguv-v3-test-raporu\/","og_locale":"tr_TR","og_type":"article","og_title":"DGUV V3 Pr\u00fcfprotokoll - pruefservice-stuttgart.de","og_description":"DGUV V3 Pr\u00fcfprotokoll Was beinhaltet ein rechtssicheres Pr\u00fcfprotokoll? Nach jeder Pr\u00fcfung gem\u00e4\u00df DGUV Vorschrift 3 erhalten Sie ein schriftliches Pr\u00fcfprotokoll, das als offizieller Nachweis f\u00fcr die durchgef\u00fchrte Sicherheitskontrolle dient.Es dokumentiert detailliert, welche Ger\u00e4te und Anlagen gepr\u00fcft wurden, mit welchen Ergebnissen und ob Ma\u00dfnahmen erforderlich sind.","og_url":"https:\/\/pruefservice-stuttgart.de\/tr\/dguv-v3-test-raporu\/","og_site_name":"pruefservice-stuttgart.de","article_modified_time":"2025-05-05T19:50:30+00:00","og_image":[{"url":"https:\/\/pruefservice-stuttgart.de\/wp-content\/uploads\/2025\/05\/1623043848188882487-1024x482-1.webp","type":"","width":"","height":""}],"twitter_card":"summary_large_image","twitter_misc":{"Tahmini okuma s\u00fcresi":"2 dakika"},"schema":{"@context":"https:\/\/schema.org","@graph":[{"@type":"WebPage","@id":"https:\/\/pruefservice-stuttgart.de\/dguv-v3-pruefprotokoll\/","url":"https:\/\/pruefservice-stuttgart.de\/dguv-v3-pruefprotokoll\/","name":"DGUV V3 test raporu - pruefservice-stuttgart.de","isPartOf":{"@id":"https:\/\/pruefservice-stuttgart.de\/#website"},"primaryImageOfPage":{"@id":"https:\/\/pruefservice-stuttgart.de\/dguv-v3-pruefprotokoll\/#primaryimage"},"image":{"@id":"https:\/\/pruefservice-stuttgart.de\/dguv-v3-pruefprotokoll\/#primaryimage"},"thumbnailUrl":"https:\/\/pruefservice-stuttgart.de\/wp-content\/uploads\/2025\/05\/1623043848188882487-1024x482-1.webp","datePublished":"2025-05-05T19:50:29+00:00","dateModified":"2025-05-05T19:50:30+00:00","breadcrumb":{"@id":"https:\/\/pruefservice-stuttgart.de\/dguv-v3-pruefprotokoll\/#breadcrumb"},"inLanguage":"tr","potentialAction":[{"@type":"ReadAction","target":["https:\/\/pruefservice-stuttgart.de\/dguv-v3-pruefprotokoll\/"]}]},{"@type":"ImageObject","inLanguage":"tr","@id":"https:\/\/pruefservice-stuttgart.de\/dguv-v3-pruefprotokoll\/#primaryimage","url":"https:\/\/pruefservice-stuttgart.de\/wp-content\/uploads\/2025\/05\/1623043848188882487-1024x482-1.webp","contentUrl":"https:\/\/pruefservice-stuttgart.de\/wp-content\/uploads\/2025\/05\/1623043848188882487-1024x482-1.webp"},{"@type":"BreadcrumbList","@id":"https:\/\/pruefservice-stuttgart.de\/dguv-v3-pruefprotokoll\/#breadcrumb","itemListElement":[{"@type":"ListItem","position":1,"name":"Startseite","item":"https:\/\/pruefservice-stuttgart.de\/"},{"@type":"ListItem","position":2,"name":"DGUV V3 Pr\u00fcfprotokoll"}]},{"@type":"WebSite","@id":"https:\/\/pruefservice-stuttgart.de\/#website","url":"https:\/\/pruefservice-stuttgart.de\/","name":"pruefservice-stuttgart.de","description":"","publisher":{"@id":"https:\/\/pruefservice-stuttgart.de\/#organization"},"potentialAction":[{"@type":"SearchAction","target":{"@type":"EntryPoint","urlTemplate":"https:\/\/pruefservice-stuttgart.de\/?s={search_term_string}"},"query-input":{"@type":"PropertyValueSpecification","valueRequired":true,"valueName":"search_term_string"}}],"inLanguage":"tr"},{"@type":"Organization","@id":"https:\/\/pruefservice-stuttgart.de\/#organization","name":"pruefservice-stuttgart.de","url":"https:\/\/pruefservice-stuttgart.de\/","logo":{"@type":"ImageObject","inLanguage":"tr","@id":"https:\/\/pruefservice-stuttgart.de\/#\/schema\/logo\/image\/","url":"https:\/\/pruefservice-stuttgart.de\/wp-content\/uploads\/2025\/05\/cropped-pruefservice-stuttgart-4-300x300-1.webp","contentUrl":"https:\/\/pruefservice-stuttgart.de\/wp-content\/uploads\/2025\/05\/cropped-pruefservice-stuttgart-4-300x300-1.webp","width":300,"height":100,"caption":"pruefservice-stuttgart.de"},"image":{"@id":"https:\/\/pruefservice-stuttgart.de\/#\/schema\/logo\/image\/"}}]}},"uagb_featured_image_src":{"full":false,"thumbnail":false,"medium":false,"medium_large":false,"large":false,"1536x1536":false,"2048x2048":false,"trp-custom-language-flag":false},"uagb_author_info":{"display_name":"emilkemal4@gmail.com","author_link":"https:\/\/pruefservice-stuttgart.de\/tr\/author\/emilkemal4gmail-com\/"},"uagb_comment_info":0,"uagb_excerpt":"DGUV V3 Pr\u00fcfprotokoll Was beinhaltet ein rechtssicheres Pr\u00fcfprotokoll? Nach jeder Pr\u00fcfung gem\u00e4\u00df DGUV Vorschrift 3 erhalten Sie ein schriftliches Pr\u00fcfprotokoll, das als offizieller Nachweis f\u00fcr die durchgef\u00fchrte Sicherheitskontrolle dient.Es dokumentiert detailliert, welche Ger\u00e4te und Anlagen gepr\u00fcft wurden, mit welchen Ergebnissen und ob Ma\u00dfnahmen erforderlich sind.","_links":{"self":[{"href":"https:\/\/pruefservice-stuttgart.de\/tr\/wp-json\/wp\/v2\/pages\/2305","targetHints":{"allow":["GET"]}}],"collection":[{"href":"https:\/\/pruefservice-stuttgart.de\/tr\/wp-json\/wp\/v2\/pages"}],"about":[{"href":"https:\/\/pruefservice-stuttgart.de\/tr\/wp-json\/wp\/v2\/types\/page"}],"author":[{"embeddable":true,"href":"https:\/\/pruefservice-stuttgart.de\/tr\/wp-json\/wp\/v2\/users\/1"}],"replies":[{"embeddable":true,"href":"https:\/\/pruefservice-stuttgart.de\/tr\/wp-json\/wp\/v2\/comments?post=2305"}],"version-history":[{"count":2,"href":"https:\/\/pruefservice-stuttgart.de\/tr\/wp-json\/wp\/v2\/pages\/2305\/revisions"}],"predecessor-version":[{"id":2307,"href":"https:\/\/pruefservice-stuttgart.de\/tr\/wp-json\/wp\/v2\/pages\/2305\/revisions\/2307"}],"wp:attachment":[{"href":"https:\/\/pruefservice-stuttgart.de\/tr\/wp-json\/wp\/v2\/media?parent=2305"}],"curies":[{"name":"wp","href":"https:\/\/api.w.org\/{rel}","templated":true}]}}