{"id":2311,"date":"2025-05-05T19:56:35","date_gmt":"2025-05-05T19:56:35","guid":{"rendered":"https:\/\/pruefservice-stuttgart.de\/?page_id=2311"},"modified":"2025-05-05T19:56:58","modified_gmt":"2025-05-05T19:56:58","slug":"din-vde-0701-0702","status":"publish","type":"page","link":"https:\/\/pruefservice-stuttgart.de\/tr\/din-vde-0701-0702\/","title":{"rendered":"DIN VDE 0701-0702"},"content":{"rendered":"<div class=\"wp-block-uagb-container uagb-block-4c3875af alignfull uagb-is-root-container\"><div class=\"uagb-container-inner-blocks-wrap\">\n<div class=\"wp-block-uagb-advanced-heading uagb-block-36237826\"><h1 class=\"uagb-heading-text\">DIN VDE 0701-0702<\/h1><\/div>\n<\/div><\/div>\n\n\n\n<div class=\"wp-block-uagb-container uagb-block-5cf03063 alignfull uagb-is-root-container\"><div class=\"uagb-container-inner-blocks-wrap\">\n<div class=\"wp-block-uagb-image alignleft uagb-block-6d75d68d wp-block-uagb-image--layout-default wp-block-uagb-image--effect-static wp-block-uagb-image--align-left\"><figure class=\"wp-block-uagb-image__figure\"><img decoding=\"async\" srcset=\"https:\/\/pruefservice-stuttgart.de\/wp-content\/uploads\/2025\/05\/1623043848188882487-1024x482-1.webp ,https:\/\/pruefservice-stuttgart.de\/wp-content\/uploads\/2025\/05\/1623043848188882487-1024x482-1.webp 780w, https:\/\/pruefservice-stuttgart.de\/wp-content\/uploads\/2025\/05\/1623043848188882487-1024x482-1.webp 360w\" sizes=\"auto, (max-width: 480px) 150px\" src=\"https:\/\/pruefservice-stuttgart.de\/wp-content\/uploads\/2025\/05\/1623043848188882487-1024x482-1.webp\" alt=\"\" class=\"uag-image-1991\" width=\"575\" height=\"480\" title=\"1623043848188882487-1024x482\" loading=\"lazy\" role=\"img\"\/><\/figure><\/div>\n\n\n\n<div class=\"wp-block-uagb-container uagb-block-05150e62\">\n<div class=\"wp-block-uagb-advanced-heading uagb-block-a2b3848d\"><h2 class=\"uagb-heading-text\">Ta\u015f\u0131nabilir elektrikli ekipmanlar\u0131n test edilmesi<\/h2><p class=\"uagb-desc-text\">Standart <strong>DIN VDE 0701-0702<\/strong> odur <strong>merkezi temel<\/strong> Ta\u015f\u0131nabilir elektrikli cihazlar\u0131n test edilmesi i\u00e7in, yani fi\u015f arac\u0131l\u0131\u011f\u0131yla ba\u011flanan ve d\u00fczenli olarak hareket ettirilebilen t\u00fcm cihazlar.<br>DGUV Y\u00f6netmeli\u011fi 3&#039;e uyum i\u00e7in esast\u0131r ve insanlar\u0131, m\u00fclk\u00fc ve operasyonel s\u00fcre\u00e7leri korumaya yarar.<\/p><\/div>\n<\/div>\n<\/div><\/div>\n\n\n\n<div class=\"wp-block-uagb-container uagb-block-qd2taihi alignfull uagb-is-root-container\"><div class=\"uagb-container-inner-blocks-wrap\">\n<div class=\"wp-block-uagb-info-box uagb-block-iz8lz3nx uagb-infobox__content-wrap  uagb-infobox-icon-above-title uagb-infobox-image-valign-top\"><div class=\"uagb-ifb-content\"><div class=\"uagb-ifb-title-wrap\"><h2 class=\"uagb-ifb-title\">DIN VDE 0701-0702 neyi d\u00fczenler?<\/h2><\/div><p class=\"uagb-ifb-desc\">Bu standart a\u015fa\u011f\u0131dakilere ili\u015fkin gereklilikleri ve test y\u00f6ntemlerini belirtir:<br><strong>Tekrar s\u0131navlar\u0131<\/strong><br><strong>Onar\u0131m veya de\u011fi\u015fiklikten sonra ekipman testi<\/strong><br><strong>Yeniden devreye almadan \u00f6nce g\u00fcvenlik kontrol\u00fc<\/strong><br>\u2013 \u00f6zellikle I, II ve III koruma s\u0131n\u0131f\u0131ndaki cihazlar i\u00e7in.<\/p><\/div><\/div>\n\n\n\n<div class=\"wp-block-uagb-info-box uagb-block-7471a508 uagb-infobox__content-wrap  uagb-infobox-icon-above-title uagb-infobox-image-valign-top\"><div class=\"uagb-ifb-content\"><div class=\"uagb-ifb-title-wrap\"><h2 class=\"uagb-ifb-title\">Bu standarda hangi cihazlar giriyor?<\/h2><\/div><p class=\"uagb-ifb-desc\">Ofis ekipmanlar\u0131: bilgisayarlar, monit\u00f6rler, yaz\u0131c\u0131lar, taray\u0131c\u0131lar<br>Mutfak aletleri: su \u0131s\u0131t\u0131c\u0131lar\u0131, mikrodalgalar, kahve makineleri<br>Aletler: matkaplar, ta\u015flay\u0131c\u0131lar, elektrikli s\u00fcp\u00fcrgeler<br>\u015earj cihazlar\u0131, uzatma kablolar\u0131, \u00e7oklu prizler<br>Okul, bak\u0131mevi, in\u015faat alan\u0131 vb. yerlerdeki cihazlar.<\/p><\/div><\/div>\n\n\n\n<div class=\"wp-block-uagb-info-box uagb-block-b57d6510 uagb-infobox__content-wrap  uagb-infobox-icon-above-title uagb-infobox-image-valign-top\"><div class=\"uagb-ifb-content\"><div class=\"uagb-ifb-title-wrap\"><h2 class=\"uagb-ifb-title\">DIN VDE 0701-0702&#039;ye g\u00f6re tipik testler<\/h2><\/div><p class=\"uagb-ifb-desc\"><strong>G\u00f6rsel muayene:<\/strong> d\u0131\u015f hasar, ba\u011flant\u0131 kablolar\u0131, muhafaza<br><strong>Koruyucu iletken direnci:<\/strong> \u2264 0,3\u03a9<br><strong>Yal\u0131t\u0131m direnci:<\/strong> \u2265 1 M\u03a9 (500 V DC&#039;de)<br><strong>Diferansiyel ak\u0131m \u00f6l\u00e7\u00fcm\u00fc<\/strong> (e\u015fde\u011fer ka\u00e7ak ak\u0131m, dokunma ak\u0131m\u0131)<br><strong>Fonksiyonel test:<\/strong> Cihaz ba\u015flatma, acil durdurma, g\u00f6stergeler, sigortalar<\/p><\/div><\/div>\n\n\n\n<div class=\"wp-block-uagb-info-box uagb-block-0dd3aa8a uagb-infobox__content-wrap  uagb-infobox-icon-above-title uagb-infobox-image-valign-top\"><div class=\"uagb-ifb-content\"><div class=\"uagb-ifb-title-wrap\"><h2 class=\"uagb-ifb-title\">Bu standarda g\u00f6re muayene aral\u0131klar\u0131 (tavsiye)<\/h2><\/div><\/div><\/div>\n\n\n\n<div class=\"wp-block-uagb-container uagb-block-ndowxzi7\">\n<figure class=\"wp-block-table\"><table class=\"has-fixed-layout\"><thead><tr><th>Uygulama alan\u0131<\/th><th>Muayene s\u00fcresi<\/th><\/tr><\/thead><tbody><tr><td>Ofis \/ Y\u00f6netim<\/td><td>T\u00fcm\u00fc <strong>24 ay<\/strong><\/td><\/tr><tr><td>At\u00f6lye \/ \u00dcretim<\/td><td>her 12 ayda bir<\/td><\/tr><tr><td>\u0130n\u015faat alan\u0131<\/td><td>her 3 ayda bir<\/td><\/tr><tr><td>Hem\u015firelik \/ T\u0131p<\/td><td>her 6-12 ayda bir<\/td><\/tr><\/tbody><\/table><\/figure>\n\n\n\n<div class=\"wp-block-uagb-info-box uagb-block-25b8639a uagb-infobox__content-wrap  uagb-infobox-icon-above-title uagb-infobox-image-valign-top\"><div class=\"uagb-ifb-content\"><div class=\"uagb-ifb-title-wrap\"><\/div><p class=\"uagb-ifb-desc\">Ger\u00e7ek son tarih, risk de\u011ferlendirmenize g\u00f6re belirlenir.<\/p><\/div><\/div>\n<\/div>\n\n\n\n<div class=\"wp-block-uagb-info-box uagb-block-a05a4b8e uagb-infobox__content-wrap  uagb-infobox-icon-above-title uagb-infobox-image-valign-top\"><div class=\"uagb-ifb-content\"><div class=\"uagb-ifb-title-wrap\"><h2 class=\"uagb-ifb-title\">S\u0131nav neden bu kadar \u00f6nemli?<\/h2><\/div><p class=\"uagb-ifb-desc\">Elektrik kazalar\u0131 ve yang\u0131nlar\u0131n\u0131n \u00f6nlenmesi<br>Sigorta \u015firketlerine ve yetkililere kan\u0131t sunma zorunlulu\u011fu<br>Yasal operat\u00f6r sorumlulu\u011funun yerine getirilmesi<br>G\u00fcnl\u00fck operasyonlarda g\u00fcvenli kullan\u0131m<\/p><\/div><\/div>\n<\/div><\/div>\n\n\n\n<div class=\"wp-block-uagb-container uagb-block-9caa1a47 alignfull uagb-is-root-container\"><div class=\"uagb-container-inner-blocks-wrap\">\n<div class=\"wp-block-uagb-advanced-heading uagb-block-1ed0e64e\"><div class=\"uagb-heading-text\">Yard\u0131m edelim<\/div><\/div>\n\n\n\n<div class=\"wp-block-uagb-advanced-heading uagb-block-3a57683f\"><h2 class=\"uagb-heading-text\">\ud83d\udcde Sekt\u00f6r\u00fcn\u00fcze \u00f6zel ki\u015fisel tavsiyeler<\/h2><\/div>\n\n\n\n<div class=\"wp-block-uagb-buttons uagb-buttons__outer-wrap uagb-btn__default-btn uagb-btn-tablet__default-btn uagb-btn-mobile__default-btn uagb-block-9979be0d\"><div class=\"uagb-buttons__wrap uagb-buttons-layout-wrap\">\n<div class=\"wp-block-uagb-buttons-child uagb-buttons__outer-wrap uagb-block-84fd34e5 wp-block-button\"><div class=\"uagb-button__wrapper\"><a class=\"uagb-buttons-repeater wp-block-button__link\" aria-label=\"\" href=\"https:\/\/pruefservice-stuttgart.de\/tr\/bize-ulasin\/\" rel=\"follow noopener\" target=\"_self\" role=\"button\"><div class=\"uagb-button__link\">\u015eimdi bizimle ileti\u015fime ge\u00e7in<\/div><\/a><\/div><\/div>\n<\/div><\/div>\n\n\n\n<div class=\"wp-block-uagb-advanced-heading uagb-block-838a0a13\"><div class=\"uagb-separator\"><\/div><h3 class=\"uagb-heading-text\">Sekt\u00f6re \u00f6zel test konseptleri hakk\u0131nda daha fazla bilgi edinmek ister misiniz? <\/h3><\/div>\n\n\n\n<div class=\"wp-block-uagb-advanced-heading uagb-block-809e7d0a\"><div class=\"uagb-separator\"><\/div><h3 class=\"uagb-heading-text\">+49 177 49 50 635 \u2013 Size bireysel olarak ve hi\u00e7bir y\u00fck\u00fcml\u00fcl\u00fck alt\u0131na girmeden dan\u0131\u015fmanl\u0131k hizmeti sunaca\u011f\u0131z.<\/h3><\/div>\n<\/div><\/div>","protected":false},"excerpt":{"rendered":"<p>DIN VDE 0701-0702 Pr\u00fcfung ortsver\u00e4nderlicher elektrischer Ger\u00e4te Die Norm DIN VDE 0701-0702 ist die zentrale Grundlage f\u00fcr die Pr\u00fcfung von ortsver\u00e4nderlichen elektrischen Ger\u00e4ten \u2013 also all jenen Ger\u00e4ten, die \u00fcber einen Stecker angeschlossen werden und regelm\u00e4\u00dfig bewegt werden k\u00f6nnen.Sie ist unverzichtbar f\u00fcr die Einhaltung der DGUV Vorschrift 3 und dient dem Schutz von Personen, Sachwerten [&hellip;]<\/p>","protected":false},"author":1,"featured_media":0,"parent":0,"menu_order":0,"comment_status":"closed","ping_status":"closed","template":"","meta":{"_uag_custom_page_level_css":"","site-sidebar-layout":"no-sidebar","site-content-layout":"plain-container","ast-site-content-layout":"full-width-container","site-content-style":"unboxed","site-sidebar-style":"unboxed","ast-global-header-display":"","ast-banner-title-visibility":"","ast-main-header-display":"","ast-hfb-above-header-display":"","ast-hfb-below-header-display":"","ast-hfb-mobile-header-display":"","site-post-title":"disabled","ast-breadcrumbs-content":"","ast-featured-img":"","footer-sml-layout":"","ast-disable-related-posts":"","theme-transparent-header-meta":"","adv-header-id-meta":"","stick-header-meta":"","header-above-stick-meta":"","header-main-stick-meta":"","header-below-stick-meta":"","astra-migrate-meta-layouts":"set","ast-page-background-enabled":"default","ast-page-background-meta":{"desktop":{"background-color":"var(--ast-global-color-4)","background-image":"","background-repeat":"repeat","background-position":"center center","background-size":"auto","background-attachment":"scroll","background-type":"","background-media":"","overlay-type":"","overlay-color":"","overlay-opacity":"","overlay-gradient":""},"tablet":{"background-color":"","background-image":"","background-repeat":"repeat","background-position":"center center","background-size":"auto","background-attachment":"scroll","background-type":"","background-media":"","overlay-type":"","overlay-color":"","overlay-opacity":"","overlay-gradient":""},"mobile":{"background-color":"","background-image":"","background-repeat":"repeat","background-position":"center center","background-size":"auto","background-attachment":"scroll","background-type":"","background-media":"","overlay-type":"","overlay-color":"","overlay-opacity":"","overlay-gradient":""}},"ast-content-background-meta":{"desktop":{"background-color":"var(--ast-global-color-5)","background-image":"","background-repeat":"repeat","background-position":"center center","background-size":"auto","background-attachment":"scroll","background-type":"","background-media":"","overlay-type":"","overlay-color":"","overlay-opacity":"","overlay-gradient":""},"tablet":{"background-color":"var(--ast-global-color-5)","background-image":"","background-repeat":"repeat","background-position":"center center","background-size":"auto","background-attachment":"scroll","background-type":"","background-media":"","overlay-type":"","overlay-color":"","overlay-opacity":"","overlay-gradient":""},"mobile":{"background-color":"var(--ast-global-color-5)","background-image":"","background-repeat":"repeat","background-position":"center center","background-size":"auto","background-attachment":"scroll","background-type":"","background-media":"","overlay-type":"","overlay-color":"","overlay-opacity":"","overlay-gradient":""}},"footnotes":""},"class_list":["post-2311","page","type-page","status-publish","hentry"],"yoast_head":"<!-- This site is optimized with the Yoast SEO plugin v27.4 - https:\/\/yoast.com\/product\/yoast-seo-wordpress\/ -->\n<title>DIN VDE 0701-0702 - pruefservice-stuttgart.de<\/title>\n<meta name=\"robots\" content=\"index, follow, max-snippet:-1, max-image-preview:large, max-video-preview:-1\" \/>\n<link rel=\"canonical\" href=\"https:\/\/pruefservice-stuttgart.de\/tr\/din-vde-0701-0702\/\" \/>\n<meta property=\"og:locale\" content=\"tr_TR\" \/>\n<meta property=\"og:type\" content=\"article\" \/>\n<meta property=\"og:title\" content=\"DIN VDE 0701-0702 - pruefservice-stuttgart.de\" \/>\n<meta property=\"og:description\" content=\"DIN VDE 0701-0702 Pr\u00fcfung ortsver\u00e4nderlicher elektrischer Ger\u00e4te Die Norm DIN VDE 0701-0702 ist die zentrale Grundlage f\u00fcr die Pr\u00fcfung von ortsver\u00e4nderlichen elektrischen Ger\u00e4ten \u2013 also all jenen Ger\u00e4ten, die \u00fcber einen Stecker angeschlossen werden und regelm\u00e4\u00dfig bewegt werden k\u00f6nnen.Sie ist unverzichtbar f\u00fcr die Einhaltung der DGUV Vorschrift 3 und dient dem Schutz von Personen, Sachwerten [&hellip;]\" \/>\n<meta property=\"og:url\" content=\"https:\/\/pruefservice-stuttgart.de\/tr\/din-vde-0701-0702\/\" \/>\n<meta property=\"og:site_name\" content=\"pruefservice-stuttgart.de\" \/>\n<meta property=\"article:modified_time\" content=\"2025-05-05T19:56:58+00:00\" \/>\n<meta property=\"og:image\" content=\"https:\/\/pruefservice-stuttgart.de\/wp-content\/uploads\/2025\/05\/1623043848188882487-1024x482-1.webp\" \/>\n<meta name=\"twitter:card\" content=\"summary_large_image\" \/>\n<meta name=\"twitter:label1\" content=\"Tahmini okuma s\u00fcresi\" \/>\n\t<meta name=\"twitter:data1\" content=\"2 dakika\" \/>\n<script type=\"application\/ld+json\" class=\"yoast-schema-graph\">{\"@context\":\"https:\\\/\\\/schema.org\",\"@graph\":[{\"@type\":\"WebPage\",\"@id\":\"https:\\\/\\\/pruefservice-stuttgart.de\\\/din-vde-0701-0702\\\/\",\"url\":\"https:\\\/\\\/pruefservice-stuttgart.de\\\/din-vde-0701-0702\\\/\",\"name\":\"DIN VDE 0701-0702 - pruefservice-stuttgart.de\",\"isPartOf\":{\"@id\":\"https:\\\/\\\/pruefservice-stuttgart.de\\\/#website\"},\"primaryImageOfPage\":{\"@id\":\"https:\\\/\\\/pruefservice-stuttgart.de\\\/din-vde-0701-0702\\\/#primaryimage\"},\"image\":{\"@id\":\"https:\\\/\\\/pruefservice-stuttgart.de\\\/din-vde-0701-0702\\\/#primaryimage\"},\"thumbnailUrl\":\"https:\\\/\\\/pruefservice-stuttgart.de\\\/wp-content\\\/uploads\\\/2025\\\/05\\\/1623043848188882487-1024x482-1.webp\",\"datePublished\":\"2025-05-05T19:56:35+00:00\",\"dateModified\":\"2025-05-05T19:56:58+00:00\",\"breadcrumb\":{\"@id\":\"https:\\\/\\\/pruefservice-stuttgart.de\\\/din-vde-0701-0702\\\/#breadcrumb\"},\"inLanguage\":\"tr\",\"potentialAction\":[{\"@type\":\"ReadAction\",\"target\":[\"https:\\\/\\\/pruefservice-stuttgart.de\\\/din-vde-0701-0702\\\/\"]}]},{\"@type\":\"ImageObject\",\"inLanguage\":\"tr\",\"@id\":\"https:\\\/\\\/pruefservice-stuttgart.de\\\/din-vde-0701-0702\\\/#primaryimage\",\"url\":\"https:\\\/\\\/pruefservice-stuttgart.de\\\/wp-content\\\/uploads\\\/2025\\\/05\\\/1623043848188882487-1024x482-1.webp\",\"contentUrl\":\"https:\\\/\\\/pruefservice-stuttgart.de\\\/wp-content\\\/uploads\\\/2025\\\/05\\\/1623043848188882487-1024x482-1.webp\"},{\"@type\":\"BreadcrumbList\",\"@id\":\"https:\\\/\\\/pruefservice-stuttgart.de\\\/din-vde-0701-0702\\\/#breadcrumb\",\"itemListElement\":[{\"@type\":\"ListItem\",\"position\":1,\"name\":\"Startseite\",\"item\":\"https:\\\/\\\/pruefservice-stuttgart.de\\\/\"},{\"@type\":\"ListItem\",\"position\":2,\"name\":\"DIN VDE 0701-0702\"}]},{\"@type\":\"WebSite\",\"@id\":\"https:\\\/\\\/pruefservice-stuttgart.de\\\/#website\",\"url\":\"https:\\\/\\\/pruefservice-stuttgart.de\\\/\",\"name\":\"pruefservice-stuttgart.de\",\"description\":\"\",\"publisher\":{\"@id\":\"https:\\\/\\\/pruefservice-stuttgart.de\\\/#organization\"},\"potentialAction\":[{\"@type\":\"SearchAction\",\"target\":{\"@type\":\"EntryPoint\",\"urlTemplate\":\"https:\\\/\\\/pruefservice-stuttgart.de\\\/?s={search_term_string}\"},\"query-input\":{\"@type\":\"PropertyValueSpecification\",\"valueRequired\":true,\"valueName\":\"search_term_string\"}}],\"inLanguage\":\"tr\"},{\"@type\":\"Organization\",\"@id\":\"https:\\\/\\\/pruefservice-stuttgart.de\\\/#organization\",\"name\":\"pruefservice-stuttgart.de\",\"url\":\"https:\\\/\\\/pruefservice-stuttgart.de\\\/\",\"logo\":{\"@type\":\"ImageObject\",\"inLanguage\":\"tr\",\"@id\":\"https:\\\/\\\/pruefservice-stuttgart.de\\\/#\\\/schema\\\/logo\\\/image\\\/\",\"url\":\"https:\\\/\\\/pruefservice-stuttgart.de\\\/wp-content\\\/uploads\\\/2025\\\/05\\\/cropped-pruefservice-stuttgart-4-300x300-1.webp\",\"contentUrl\":\"https:\\\/\\\/pruefservice-stuttgart.de\\\/wp-content\\\/uploads\\\/2025\\\/05\\\/cropped-pruefservice-stuttgart-4-300x300-1.webp\",\"width\":300,\"height\":100,\"caption\":\"pruefservice-stuttgart.de\"},\"image\":{\"@id\":\"https:\\\/\\\/pruefservice-stuttgart.de\\\/#\\\/schema\\\/logo\\\/image\\\/\"}}]}<\/script>\n<!-- \/ Yoast SEO plugin. -->","yoast_head_json":{"title":"DIN VDE 0701-0702 - pruefservice-stuttgart.de","robots":{"index":"index","follow":"follow","max-snippet":"max-snippet:-1","max-image-preview":"max-image-preview:large","max-video-preview":"max-video-preview:-1"},"canonical":"https:\/\/pruefservice-stuttgart.de\/tr\/din-vde-0701-0702\/","og_locale":"tr_TR","og_type":"article","og_title":"DIN VDE 0701-0702 - pruefservice-stuttgart.de","og_description":"DIN VDE 0701-0702 Pr\u00fcfung ortsver\u00e4nderlicher elektrischer Ger\u00e4te Die Norm DIN VDE 0701-0702 ist die zentrale Grundlage f\u00fcr die Pr\u00fcfung von ortsver\u00e4nderlichen elektrischen Ger\u00e4ten \u2013 also all jenen Ger\u00e4ten, die \u00fcber einen Stecker angeschlossen werden und regelm\u00e4\u00dfig bewegt werden k\u00f6nnen.Sie ist unverzichtbar f\u00fcr die Einhaltung der DGUV Vorschrift 3 und dient dem Schutz von Personen, Sachwerten [&hellip;]","og_url":"https:\/\/pruefservice-stuttgart.de\/tr\/din-vde-0701-0702\/","og_site_name":"pruefservice-stuttgart.de","article_modified_time":"2025-05-05T19:56:58+00:00","og_image":[{"url":"https:\/\/pruefservice-stuttgart.de\/wp-content\/uploads\/2025\/05\/1623043848188882487-1024x482-1.webp","type":"","width":"","height":""}],"twitter_card":"summary_large_image","twitter_misc":{"Tahmini okuma s\u00fcresi":"2 dakika"},"schema":{"@context":"https:\/\/schema.org","@graph":[{"@type":"WebPage","@id":"https:\/\/pruefservice-stuttgart.de\/din-vde-0701-0702\/","url":"https:\/\/pruefservice-stuttgart.de\/din-vde-0701-0702\/","name":"DIN VDE 0701-0702 - pruefservice-stuttgart.de","isPartOf":{"@id":"https:\/\/pruefservice-stuttgart.de\/#website"},"primaryImageOfPage":{"@id":"https:\/\/pruefservice-stuttgart.de\/din-vde-0701-0702\/#primaryimage"},"image":{"@id":"https:\/\/pruefservice-stuttgart.de\/din-vde-0701-0702\/#primaryimage"},"thumbnailUrl":"https:\/\/pruefservice-stuttgart.de\/wp-content\/uploads\/2025\/05\/1623043848188882487-1024x482-1.webp","datePublished":"2025-05-05T19:56:35+00:00","dateModified":"2025-05-05T19:56:58+00:00","breadcrumb":{"@id":"https:\/\/pruefservice-stuttgart.de\/din-vde-0701-0702\/#breadcrumb"},"inLanguage":"tr","potentialAction":[{"@type":"ReadAction","target":["https:\/\/pruefservice-stuttgart.de\/din-vde-0701-0702\/"]}]},{"@type":"ImageObject","inLanguage":"tr","@id":"https:\/\/pruefservice-stuttgart.de\/din-vde-0701-0702\/#primaryimage","url":"https:\/\/pruefservice-stuttgart.de\/wp-content\/uploads\/2025\/05\/1623043848188882487-1024x482-1.webp","contentUrl":"https:\/\/pruefservice-stuttgart.de\/wp-content\/uploads\/2025\/05\/1623043848188882487-1024x482-1.webp"},{"@type":"BreadcrumbList","@id":"https:\/\/pruefservice-stuttgart.de\/din-vde-0701-0702\/#breadcrumb","itemListElement":[{"@type":"ListItem","position":1,"name":"Startseite","item":"https:\/\/pruefservice-stuttgart.de\/"},{"@type":"ListItem","position":2,"name":"DIN VDE 0701-0702"}]},{"@type":"WebSite","@id":"https:\/\/pruefservice-stuttgart.de\/#website","url":"https:\/\/pruefservice-stuttgart.de\/","name":"pruefservice-stuttgart.de","description":"","publisher":{"@id":"https:\/\/pruefservice-stuttgart.de\/#organization"},"potentialAction":[{"@type":"SearchAction","target":{"@type":"EntryPoint","urlTemplate":"https:\/\/pruefservice-stuttgart.de\/?s={search_term_string}"},"query-input":{"@type":"PropertyValueSpecification","valueRequired":true,"valueName":"search_term_string"}}],"inLanguage":"tr"},{"@type":"Organization","@id":"https:\/\/pruefservice-stuttgart.de\/#organization","name":"pruefservice-stuttgart.de","url":"https:\/\/pruefservice-stuttgart.de\/","logo":{"@type":"ImageObject","inLanguage":"tr","@id":"https:\/\/pruefservice-stuttgart.de\/#\/schema\/logo\/image\/","url":"https:\/\/pruefservice-stuttgart.de\/wp-content\/uploads\/2025\/05\/cropped-pruefservice-stuttgart-4-300x300-1.webp","contentUrl":"https:\/\/pruefservice-stuttgart.de\/wp-content\/uploads\/2025\/05\/cropped-pruefservice-stuttgart-4-300x300-1.webp","width":300,"height":100,"caption":"pruefservice-stuttgart.de"},"image":{"@id":"https:\/\/pruefservice-stuttgart.de\/#\/schema\/logo\/image\/"}}]}},"uagb_featured_image_src":{"full":false,"thumbnail":false,"medium":false,"medium_large":false,"large":false,"1536x1536":false,"2048x2048":false,"trp-custom-language-flag":false},"uagb_author_info":{"display_name":"emilkemal4@gmail.com","author_link":"https:\/\/pruefservice-stuttgart.de\/tr\/author\/emilkemal4gmail-com\/"},"uagb_comment_info":0,"uagb_excerpt":"DIN VDE 0701-0702 Pr\u00fcfung ortsver\u00e4nderlicher elektrischer Ger\u00e4te Die Norm DIN VDE 0701-0702 ist die zentrale Grundlage f\u00fcr die Pr\u00fcfung von ortsver\u00e4nderlichen elektrischen Ger\u00e4ten \u2013 also all jenen Ger\u00e4ten, die \u00fcber einen Stecker angeschlossen werden und regelm\u00e4\u00dfig bewegt werden k\u00f6nnen.Sie ist unverzichtbar f\u00fcr die Einhaltung der DGUV Vorschrift 3 und dient dem Schutz von Personen, Sachwerten&hellip;","_links":{"self":[{"href":"https:\/\/pruefservice-stuttgart.de\/tr\/wp-json\/wp\/v2\/pages\/2311","targetHints":{"allow":["GET"]}}],"collection":[{"href":"https:\/\/pruefservice-stuttgart.de\/tr\/wp-json\/wp\/v2\/pages"}],"about":[{"href":"https:\/\/pruefservice-stuttgart.de\/tr\/wp-json\/wp\/v2\/types\/page"}],"author":[{"embeddable":true,"href":"https:\/\/pruefservice-stuttgart.de\/tr\/wp-json\/wp\/v2\/users\/1"}],"replies":[{"embeddable":true,"href":"https:\/\/pruefservice-stuttgart.de\/tr\/wp-json\/wp\/v2\/comments?post=2311"}],"version-history":[{"count":3,"href":"https:\/\/pruefservice-stuttgart.de\/tr\/wp-json\/wp\/v2\/pages\/2311\/revisions"}],"predecessor-version":[{"id":2314,"href":"https:\/\/pruefservice-stuttgart.de\/tr\/wp-json\/wp\/v2\/pages\/2311\/revisions\/2314"}],"wp:attachment":[{"href":"https:\/\/pruefservice-stuttgart.de\/tr\/wp-json\/wp\/v2\/media?parent=2311"}],"curies":[{"name":"wp","href":"https:\/\/api.w.org\/{rel}","templated":true}]}}