{"id":2321,"date":"2025-05-05T20:07:59","date_gmt":"2025-05-05T20:07:59","guid":{"rendered":"https:\/\/pruefservice-stuttgart.de\/?page_id=2321"},"modified":"2025-05-05T20:07:59","modified_gmt":"2025-05-05T20:07:59","slug":"betriebsmittelpruefung","status":"publish","type":"page","link":"https:\/\/pruefservice-stuttgart.de\/tr\/ekipman-testi\/","title":{"rendered":"Ekipman testi"},"content":{"rendered":"<div class=\"wp-block-uagb-container uagb-block-4c3875af alignfull uagb-is-root-container\"><div class=\"uagb-container-inner-blocks-wrap\">\n<div class=\"wp-block-uagb-advanced-heading uagb-block-36237826\"><h1 class=\"uagb-heading-text\">Ekipman testi<\/h1><\/div>\n<\/div><\/div>\n\n\n\n<div class=\"wp-block-uagb-container uagb-block-5cf03063 alignfull uagb-is-root-container\"><div class=\"uagb-container-inner-blocks-wrap\">\n<div class=\"wp-block-uagb-image alignleft uagb-block-6d75d68d wp-block-uagb-image--layout-default wp-block-uagb-image--effect-static wp-block-uagb-image--align-left\"><figure class=\"wp-block-uagb-image__figure\"><img decoding=\"async\" srcset=\"https:\/\/pruefservice-stuttgart.de\/wp-content\/uploads\/2025\/05\/1623043848188882487-1024x482-1.webp ,https:\/\/pruefservice-stuttgart.de\/wp-content\/uploads\/2025\/05\/1623043848188882487-1024x482-1.webp 780w, https:\/\/pruefservice-stuttgart.de\/wp-content\/uploads\/2025\/05\/1623043848188882487-1024x482-1.webp 360w\" sizes=\"auto, (max-width: 480px) 150px\" src=\"https:\/\/pruefservice-stuttgart.de\/wp-content\/uploads\/2025\/05\/1623043848188882487-1024x482-1.webp\" alt=\"\" class=\"uag-image-1991\" width=\"575\" height=\"480\" title=\"1623043848188882487-1024x482\" loading=\"lazy\" role=\"img\"\/><\/figure><\/div>\n\n\n\n<div class=\"wp-block-uagb-container uagb-block-05150e62\">\n<div class=\"wp-block-uagb-advanced-heading uagb-block-a2b3848d\"><h2 class=\"uagb-heading-text\">G\u00fcvenlik, i\u015flev ve sorumluluk i\u00e7in zorunlu denetim<\/h2><p class=\"uagb-desc-text\">The <strong>Ekipman testi<\/strong> DGUV Y\u00f6netmeli\u011fi 3&#039;\u00fcn merkezi bir bile\u015fenidir.<br>\u015eirkette kullan\u0131lan t\u00fcm elektrikli ekipman ve sistemlerin, ister sabit makineler, ister mobil ofis ekipmanlar\u0131 olsun, d\u00fczenli olarak kontrol edilmesi gerekmektedir.<br>Ama\u00e7 \u015fudur: <strong>Elektrik tehlikelerinden, ar\u0131zalardan ve sorumluluk risklerinden ka\u00e7\u0131nma<\/strong>.<\/p><\/div>\n<\/div>\n<\/div><\/div>\n\n\n\n<div class=\"wp-block-uagb-container uagb-block-qd2taihi alignfull uagb-is-root-container\"><div class=\"uagb-container-inner-blocks-wrap\">\n<div class=\"wp-block-uagb-info-box uagb-block-iz8lz3nx uagb-infobox__content-wrap  uagb-infobox-icon-above-title uagb-infobox-image-valign-top\"><div class=\"uagb-ifb-content\"><div class=\"uagb-ifb-title-wrap\"><h2 class=\"uagb-ifb-title\">Elektrikli ekipmanlar nelerdir?<\/h2><\/div><p class=\"uagb-ifb-desc\">\u0130\u015fletme kaynaklar\u0131 \u015funlar\u0131 i\u00e7erir:<br>Elektrik ba\u011flant\u0131s\u0131 olan t\u00fcm elektrikli cihazlar (fi\u015fli veya sabit olarak tak\u0131l\u0131)<br>Uzatma kablolar\u0131, \u00e7oklu prizler, \u015farj cihazlar\u0131<br>Makineler, aletler, t\u0131bbi cihazlar<br>Yaz\u0131c\u0131lar, bilgisayarlar, monit\u00f6rler gibi BT cihazlar\u0131<br>G\u00fc\u00e7 da\u011f\u0131t\u0131m cihazlar\u0131, ayd\u0131nlatmalar, \u0131s\u0131t\u0131c\u0131lar ve \u00e7ok daha fazlas\u0131. M.<br>\ud83d\udca1 \u00d6nemli olan: Cihaz \u00e7al\u0131\u015ft\u0131r\u0131lmaya ba\u015fland\u0131\u011f\u0131 anda mutlaka test edilmesidir.<\/p><\/div><\/div>\n\n\n\n<div class=\"wp-block-uagb-info-box uagb-block-7471a508 uagb-infobox__content-wrap  uagb-infobox-icon-above-title uagb-infobox-image-valign-top\"><div class=\"uagb-ifb-content\"><div class=\"uagb-ifb-title-wrap\"><h2 class=\"uagb-ifb-title\">Ekipman muayenesi neleri i\u00e7erir?<\/h2><\/div><p class=\"uagb-ifb-desc\">Cihaz tipine ba\u011fl\u0131 olarak test, DIN VDE 0701-0702, DIN VDE 0105-100 veya VDE 0751 (t\u0131bbi cihazlar i\u00e7in) standartlar\u0131na g\u00f6re ger\u00e7ekle\u015ftirilir:<br><strong>G\u00f6rsel muayene:<\/strong> d\u0131\u015f hasar, etiketleme, fi\u015fler, muhafaza<br><strong>Elektriksel \u00f6l\u00e7\u00fcmler:<\/strong> Koruyucu iletken direnci, yal\u0131t\u0131m direnci, ka\u00e7ak ak\u0131mlar<br><strong>Fonksiyonel test:<\/strong> Cihaz ba\u015flatma, ekranlar, g\u00fcvenlik cihazlar\u0131<br><strong>Belgeler:<\/strong> Protokol, test etiketi, kan\u0131t listesi<\/p><\/div><\/div>\n\n\n\n<div class=\"wp-block-uagb-info-box uagb-block-b57d6510 uagb-infobox__content-wrap  uagb-infobox-icon-above-title uagb-infobox-image-valign-top\"><div class=\"uagb-ifb-content\"><div class=\"uagb-ifb-title-wrap\"><h2 class=\"uagb-ifb-title\">Ne s\u0131kl\u0131kla kontrol etmeliyim?<\/h2><\/div><p class=\"uagb-ifb-desc\">Muayene aral\u0131klar\u0131 lokasyona, kullan\u0131m s\u0131kl\u0131\u011f\u0131na ve tehlike potansiyeline g\u00f6re de\u011fi\u015fmektedir. \u00d6rnekler:<br><\/p><\/div><\/div>\n\n\n\n<figure class=\"wp-block-table\"><table class=\"has-fixed-layout\"><thead><tr><th>Uygulama alan\u0131<\/th><th>\u00d6nerilen muayene s\u00fcresi<\/th><\/tr><\/thead><tbody><tr><td>Ofis ekipmanlar\u0131<\/td><td>T\u00fcm\u00fc <strong>24 ay<\/strong><\/td><\/tr><tr><td>At\u00f6lye ekipmanlar\u0131<\/td><td>T\u00fcm\u00fc <strong>12 ay<\/strong><\/td><\/tr><tr><td>\u0130n\u015faat sahalar\u0131ndaki ekipmanlar<\/td><td>T\u00fcm\u00fc <strong>3 ay<\/strong><\/td><\/tr><tr><td>Bak\u0131m tesisleri<\/td><td>T\u00fcm\u00fc <strong>6\u201312 ay<\/strong><\/td><\/tr><\/tbody><\/table><\/figure>\n\n\n\n<div class=\"wp-block-uagb-info-box uagb-block-a05a4b8e uagb-infobox__content-wrap  uagb-infobox-icon-above-title uagb-infobox-image-valign-top\"><div class=\"uagb-ifb-content\"><div class=\"uagb-ifb-title-wrap\"><h2 class=\"uagb-ifb-title\">Profesyonel ekipman muayenesi ile avantajlar\u0131n\u0131z<\/h2><\/div><p class=\"uagb-ifb-desc\">\u00c7al\u0131\u015fanlar ve operasyonlar i\u00e7in maksimum g\u00fcvenlik<br>Ar\u0131zalara, k\u0131sa devrelere ve yang\u0131nlara kar\u015f\u0131 koruma<br>Yasal gerekliliklere uygunluk (ArbSchG, BetrSichV, DGUV)<br>Sigorta ve meslek kurulu\u015flar\u0131 i\u00e7in delil g\u00fcvenli\u011fi<br>T\u00fcm lokasyonlar ve cihaz s\u0131n\u0131flar\u0131 i\u00e7in tek tip protokoller<\/p><\/div><\/div>\n<\/div><\/div>\n\n\n\n<div class=\"wp-block-uagb-container uagb-block-9caa1a47 alignfull uagb-is-root-container\"><div class=\"uagb-container-inner-blocks-wrap\">\n<div class=\"wp-block-uagb-advanced-heading uagb-block-1ed0e64e\"><div class=\"uagb-heading-text\">Yard\u0131m edelim<\/div><\/div>\n\n\n\n<div class=\"wp-block-uagb-advanced-heading uagb-block-3a57683f\"><h2 class=\"uagb-heading-text\">\ud83d\udcde Sekt\u00f6r\u00fcn\u00fcze \u00f6zel ki\u015fisel tavsiyeler<\/h2><\/div>\n\n\n\n<div class=\"wp-block-uagb-buttons uagb-buttons__outer-wrap uagb-btn__default-btn uagb-btn-tablet__default-btn uagb-btn-mobile__default-btn uagb-block-9979be0d\"><div class=\"uagb-buttons__wrap uagb-buttons-layout-wrap\">\n<div class=\"wp-block-uagb-buttons-child uagb-buttons__outer-wrap uagb-block-84fd34e5 wp-block-button\"><div class=\"uagb-button__wrapper\"><a class=\"uagb-buttons-repeater wp-block-button__link\" aria-label=\"\" href=\"https:\/\/pruefservice-stuttgart.de\/tr\/bize-ulasin\/\" rel=\"follow noopener\" target=\"_self\" role=\"button\"><div class=\"uagb-button__link\">\u015eimdi bizimle ileti\u015fime ge\u00e7in<\/div><\/a><\/div><\/div>\n<\/div><\/div>\n\n\n\n<div class=\"wp-block-uagb-advanced-heading uagb-block-838a0a13\"><div class=\"uagb-separator\"><\/div><h3 class=\"uagb-heading-text\">Sekt\u00f6re \u00f6zel test konseptleri hakk\u0131nda daha fazla bilgi edinmek ister misiniz? <\/h3><\/div>\n\n\n\n<div class=\"wp-block-uagb-advanced-heading uagb-block-809e7d0a\"><div class=\"uagb-separator\"><\/div><h3 class=\"uagb-heading-text\">+49 177 49 50 635 \u2013 Size bireysel olarak ve hi\u00e7bir y\u00fck\u00fcml\u00fcl\u00fck alt\u0131na girmeden dan\u0131\u015fmanl\u0131k hizmeti sunaca\u011f\u0131z.<\/h3><\/div>\n<\/div><\/div>","protected":false},"excerpt":{"rendered":"<p>Betriebsmittelpr\u00fcfung Pflichtpr\u00fcfung f\u00fcr Sicherheit, Funktion &amp; Haftung Die Betriebsmittelpr\u00fcfung ist ein zentraler Bestandteil der DGUV Vorschrift 3.Alle elektrischen Ger\u00e4te und Anlagen, die im Unternehmen verwendet werden, m\u00fcssen regelm\u00e4\u00dfig gepr\u00fcft werden \u2013 unabh\u00e4ngig davon, ob es sich um fest installierte Maschinen oder um mobile B\u00fcroger\u00e4te handelt.Ziel ist die Vermeidung von elektrischen Gefahren, Ausf\u00e4llen und Haftungsrisiken. Einsatzbereich [&hellip;]<\/p>","protected":false},"author":1,"featured_media":0,"parent":0,"menu_order":0,"comment_status":"closed","ping_status":"closed","template":"","meta":{"_uag_custom_page_level_css":"","site-sidebar-layout":"no-sidebar","site-content-layout":"plain-container","ast-site-content-layout":"full-width-container","site-content-style":"unboxed","site-sidebar-style":"unboxed","ast-global-header-display":"","ast-banner-title-visibility":"","ast-main-header-display":"","ast-hfb-above-header-display":"","ast-hfb-below-header-display":"","ast-hfb-mobile-header-display":"","site-post-title":"disabled","ast-breadcrumbs-content":"","ast-featured-img":"","footer-sml-layout":"","ast-disable-related-posts":"","theme-transparent-header-meta":"","adv-header-id-meta":"","stick-header-meta":"","header-above-stick-meta":"","header-main-stick-meta":"","header-below-stick-meta":"","astra-migrate-meta-layouts":"set","ast-page-background-enabled":"default","ast-page-background-meta":{"desktop":{"background-color":"var(--ast-global-color-4)","background-image":"","background-repeat":"repeat","background-position":"center center","background-size":"auto","background-attachment":"scroll","background-type":"","background-media":"","overlay-type":"","overlay-color":"","overlay-opacity":"","overlay-gradient":""},"tablet":{"background-color":"","background-image":"","background-repeat":"repeat","background-position":"center center","background-size":"auto","background-attachment":"scroll","background-type":"","background-media":"","overlay-type":"","overlay-color":"","overlay-opacity":"","overlay-gradient":""},"mobile":{"background-color":"","background-image":"","background-repeat":"repeat","background-position":"center center","background-size":"auto","background-attachment":"scroll","background-type":"","background-media":"","overlay-type":"","overlay-color":"","overlay-opacity":"","overlay-gradient":""}},"ast-content-background-meta":{"desktop":{"background-color":"var(--ast-global-color-5)","background-image":"","background-repeat":"repeat","background-position":"center center","background-size":"auto","background-attachment":"scroll","background-type":"","background-media":"","overlay-type":"","overlay-color":"","overlay-opacity":"","overlay-gradient":""},"tablet":{"background-color":"var(--ast-global-color-5)","background-image":"","background-repeat":"repeat","background-position":"center center","background-size":"auto","background-attachment":"scroll","background-type":"","background-media":"","overlay-type":"","overlay-color":"","overlay-opacity":"","overlay-gradient":""},"mobile":{"background-color":"var(--ast-global-color-5)","background-image":"","background-repeat":"repeat","background-position":"center center","background-size":"auto","background-attachment":"scroll","background-type":"","background-media":"","overlay-type":"","overlay-color":"","overlay-opacity":"","overlay-gradient":""}},"footnotes":""},"class_list":["post-2321","page","type-page","status-publish","hentry"],"yoast_head":"<!-- This site is optimized with the Yoast SEO plugin v27.4 - https:\/\/yoast.com\/product\/yoast-seo-wordpress\/ -->\n<title>Betriebsmittelpr\u00fcfung - pruefservice-stuttgart.de<\/title>\n<meta name=\"robots\" content=\"index, follow, max-snippet:-1, max-image-preview:large, max-video-preview:-1\" \/>\n<link rel=\"canonical\" href=\"https:\/\/pruefservice-stuttgart.de\/tr\/ekipman-testi\/\" \/>\n<meta property=\"og:locale\" content=\"tr_TR\" \/>\n<meta property=\"og:type\" content=\"article\" \/>\n<meta property=\"og:title\" content=\"Betriebsmittelpr\u00fcfung - pruefservice-stuttgart.de\" \/>\n<meta property=\"og:description\" content=\"Betriebsmittelpr\u00fcfung Pflichtpr\u00fcfung f\u00fcr Sicherheit, Funktion &amp; Haftung Die Betriebsmittelpr\u00fcfung ist ein zentraler Bestandteil der DGUV Vorschrift 3.Alle elektrischen Ger\u00e4te und Anlagen, die im Unternehmen verwendet werden, m\u00fcssen regelm\u00e4\u00dfig gepr\u00fcft werden \u2013 unabh\u00e4ngig davon, ob es sich um fest installierte Maschinen oder um mobile B\u00fcroger\u00e4te handelt.Ziel ist die Vermeidung von elektrischen Gefahren, Ausf\u00e4llen und Haftungsrisiken. Einsatzbereich [&hellip;]\" \/>\n<meta property=\"og:url\" content=\"https:\/\/pruefservice-stuttgart.de\/tr\/ekipman-testi\/\" \/>\n<meta property=\"og:site_name\" content=\"pruefservice-stuttgart.de\" \/>\n<meta property=\"og:image\" content=\"https:\/\/pruefservice-stuttgart.de\/wp-content\/uploads\/2025\/05\/1623043848188882487-1024x482-1.webp\" \/>\n<meta name=\"twitter:card\" content=\"summary_large_image\" \/>\n<meta name=\"twitter:label1\" content=\"Tahmini okuma s\u00fcresi\" \/>\n\t<meta name=\"twitter:data1\" content=\"2 dakika\" \/>\n<script type=\"application\/ld+json\" class=\"yoast-schema-graph\">{\"@context\":\"https:\\\/\\\/schema.org\",\"@graph\":[{\"@type\":\"WebPage\",\"@id\":\"https:\\\/\\\/pruefservice-stuttgart.de\\\/betriebsmittelpruefung\\\/\",\"url\":\"https:\\\/\\\/pruefservice-stuttgart.de\\\/betriebsmittelpruefung\\\/\",\"name\":\"Betriebsmittelpr\u00fcfung - pruefservice-stuttgart.de\",\"isPartOf\":{\"@id\":\"https:\\\/\\\/pruefservice-stuttgart.de\\\/#website\"},\"primaryImageOfPage\":{\"@id\":\"https:\\\/\\\/pruefservice-stuttgart.de\\\/betriebsmittelpruefung\\\/#primaryimage\"},\"image\":{\"@id\":\"https:\\\/\\\/pruefservice-stuttgart.de\\\/betriebsmittelpruefung\\\/#primaryimage\"},\"thumbnailUrl\":\"https:\\\/\\\/pruefservice-stuttgart.de\\\/wp-content\\\/uploads\\\/2025\\\/05\\\/1623043848188882487-1024x482-1.webp\",\"datePublished\":\"2025-05-05T20:07:59+00:00\",\"breadcrumb\":{\"@id\":\"https:\\\/\\\/pruefservice-stuttgart.de\\\/betriebsmittelpruefung\\\/#breadcrumb\"},\"inLanguage\":\"tr\",\"potentialAction\":[{\"@type\":\"ReadAction\",\"target\":[\"https:\\\/\\\/pruefservice-stuttgart.de\\\/betriebsmittelpruefung\\\/\"]}]},{\"@type\":\"ImageObject\",\"inLanguage\":\"tr\",\"@id\":\"https:\\\/\\\/pruefservice-stuttgart.de\\\/betriebsmittelpruefung\\\/#primaryimage\",\"url\":\"https:\\\/\\\/pruefservice-stuttgart.de\\\/wp-content\\\/uploads\\\/2025\\\/05\\\/1623043848188882487-1024x482-1.webp\",\"contentUrl\":\"https:\\\/\\\/pruefservice-stuttgart.de\\\/wp-content\\\/uploads\\\/2025\\\/05\\\/1623043848188882487-1024x482-1.webp\"},{\"@type\":\"BreadcrumbList\",\"@id\":\"https:\\\/\\\/pruefservice-stuttgart.de\\\/betriebsmittelpruefung\\\/#breadcrumb\",\"itemListElement\":[{\"@type\":\"ListItem\",\"position\":1,\"name\":\"Startseite\",\"item\":\"https:\\\/\\\/pruefservice-stuttgart.de\\\/\"},{\"@type\":\"ListItem\",\"position\":2,\"name\":\"Betriebsmittelpr\u00fcfung\"}]},{\"@type\":\"WebSite\",\"@id\":\"https:\\\/\\\/pruefservice-stuttgart.de\\\/#website\",\"url\":\"https:\\\/\\\/pruefservice-stuttgart.de\\\/\",\"name\":\"pruefservice-stuttgart.de\",\"description\":\"\",\"publisher\":{\"@id\":\"https:\\\/\\\/pruefservice-stuttgart.de\\\/#organization\"},\"potentialAction\":[{\"@type\":\"SearchAction\",\"target\":{\"@type\":\"EntryPoint\",\"urlTemplate\":\"https:\\\/\\\/pruefservice-stuttgart.de\\\/?s={search_term_string}\"},\"query-input\":{\"@type\":\"PropertyValueSpecification\",\"valueRequired\":true,\"valueName\":\"search_term_string\"}}],\"inLanguage\":\"tr\"},{\"@type\":\"Organization\",\"@id\":\"https:\\\/\\\/pruefservice-stuttgart.de\\\/#organization\",\"name\":\"pruefservice-stuttgart.de\",\"url\":\"https:\\\/\\\/pruefservice-stuttgart.de\\\/\",\"logo\":{\"@type\":\"ImageObject\",\"inLanguage\":\"tr\",\"@id\":\"https:\\\/\\\/pruefservice-stuttgart.de\\\/#\\\/schema\\\/logo\\\/image\\\/\",\"url\":\"https:\\\/\\\/pruefservice-stuttgart.de\\\/wp-content\\\/uploads\\\/2025\\\/05\\\/cropped-pruefservice-stuttgart-4-300x300-1.webp\",\"contentUrl\":\"https:\\\/\\\/pruefservice-stuttgart.de\\\/wp-content\\\/uploads\\\/2025\\\/05\\\/cropped-pruefservice-stuttgart-4-300x300-1.webp\",\"width\":300,\"height\":100,\"caption\":\"pruefservice-stuttgart.de\"},\"image\":{\"@id\":\"https:\\\/\\\/pruefservice-stuttgart.de\\\/#\\\/schema\\\/logo\\\/image\\\/\"}}]}<\/script>\n<!-- \/ Yoast SEO plugin. -->","yoast_head_json":{"title":"Ekipman testi - pruefservice-stuttgart.de","robots":{"index":"index","follow":"follow","max-snippet":"max-snippet:-1","max-image-preview":"max-image-preview:large","max-video-preview":"max-video-preview:-1"},"canonical":"https:\/\/pruefservice-stuttgart.de\/tr\/ekipman-testi\/","og_locale":"tr_TR","og_type":"article","og_title":"Betriebsmittelpr\u00fcfung - pruefservice-stuttgart.de","og_description":"Betriebsmittelpr\u00fcfung Pflichtpr\u00fcfung f\u00fcr Sicherheit, Funktion &amp; Haftung Die Betriebsmittelpr\u00fcfung ist ein zentraler Bestandteil der DGUV Vorschrift 3.Alle elektrischen Ger\u00e4te und Anlagen, die im Unternehmen verwendet werden, m\u00fcssen regelm\u00e4\u00dfig gepr\u00fcft werden \u2013 unabh\u00e4ngig davon, ob es sich um fest installierte Maschinen oder um mobile B\u00fcroger\u00e4te handelt.Ziel ist die Vermeidung von elektrischen Gefahren, Ausf\u00e4llen und Haftungsrisiken. Einsatzbereich [&hellip;]","og_url":"https:\/\/pruefservice-stuttgart.de\/tr\/ekipman-testi\/","og_site_name":"pruefservice-stuttgart.de","og_image":[{"url":"https:\/\/pruefservice-stuttgart.de\/wp-content\/uploads\/2025\/05\/1623043848188882487-1024x482-1.webp","type":"","width":"","height":""}],"twitter_card":"summary_large_image","twitter_misc":{"Tahmini okuma s\u00fcresi":"2 dakika"},"schema":{"@context":"https:\/\/schema.org","@graph":[{"@type":"WebPage","@id":"https:\/\/pruefservice-stuttgart.de\/betriebsmittelpruefung\/","url":"https:\/\/pruefservice-stuttgart.de\/betriebsmittelpruefung\/","name":"Ekipman testi - pruefservice-stuttgart.de","isPartOf":{"@id":"https:\/\/pruefservice-stuttgart.de\/#website"},"primaryImageOfPage":{"@id":"https:\/\/pruefservice-stuttgart.de\/betriebsmittelpruefung\/#primaryimage"},"image":{"@id":"https:\/\/pruefservice-stuttgart.de\/betriebsmittelpruefung\/#primaryimage"},"thumbnailUrl":"https:\/\/pruefservice-stuttgart.de\/wp-content\/uploads\/2025\/05\/1623043848188882487-1024x482-1.webp","datePublished":"2025-05-05T20:07:59+00:00","breadcrumb":{"@id":"https:\/\/pruefservice-stuttgart.de\/betriebsmittelpruefung\/#breadcrumb"},"inLanguage":"tr","potentialAction":[{"@type":"ReadAction","target":["https:\/\/pruefservice-stuttgart.de\/betriebsmittelpruefung\/"]}]},{"@type":"ImageObject","inLanguage":"tr","@id":"https:\/\/pruefservice-stuttgart.de\/betriebsmittelpruefung\/#primaryimage","url":"https:\/\/pruefservice-stuttgart.de\/wp-content\/uploads\/2025\/05\/1623043848188882487-1024x482-1.webp","contentUrl":"https:\/\/pruefservice-stuttgart.de\/wp-content\/uploads\/2025\/05\/1623043848188882487-1024x482-1.webp"},{"@type":"BreadcrumbList","@id":"https:\/\/pruefservice-stuttgart.de\/betriebsmittelpruefung\/#breadcrumb","itemListElement":[{"@type":"ListItem","position":1,"name":"Startseite","item":"https:\/\/pruefservice-stuttgart.de\/"},{"@type":"ListItem","position":2,"name":"Betriebsmittelpr\u00fcfung"}]},{"@type":"WebSite","@id":"https:\/\/pruefservice-stuttgart.de\/#website","url":"https:\/\/pruefservice-stuttgart.de\/","name":"pruefservice-stuttgart.de","description":"","publisher":{"@id":"https:\/\/pruefservice-stuttgart.de\/#organization"},"potentialAction":[{"@type":"SearchAction","target":{"@type":"EntryPoint","urlTemplate":"https:\/\/pruefservice-stuttgart.de\/?s={search_term_string}"},"query-input":{"@type":"PropertyValueSpecification","valueRequired":true,"valueName":"search_term_string"}}],"inLanguage":"tr"},{"@type":"Organization","@id":"https:\/\/pruefservice-stuttgart.de\/#organization","name":"pruefservice-stuttgart.de","url":"https:\/\/pruefservice-stuttgart.de\/","logo":{"@type":"ImageObject","inLanguage":"tr","@id":"https:\/\/pruefservice-stuttgart.de\/#\/schema\/logo\/image\/","url":"https:\/\/pruefservice-stuttgart.de\/wp-content\/uploads\/2025\/05\/cropped-pruefservice-stuttgart-4-300x300-1.webp","contentUrl":"https:\/\/pruefservice-stuttgart.de\/wp-content\/uploads\/2025\/05\/cropped-pruefservice-stuttgart-4-300x300-1.webp","width":300,"height":100,"caption":"pruefservice-stuttgart.de"},"image":{"@id":"https:\/\/pruefservice-stuttgart.de\/#\/schema\/logo\/image\/"}}]}},"uagb_featured_image_src":{"full":false,"thumbnail":false,"medium":false,"medium_large":false,"large":false,"1536x1536":false,"2048x2048":false,"trp-custom-language-flag":false},"uagb_author_info":{"display_name":"emilkemal4@gmail.com","author_link":"https:\/\/pruefservice-stuttgart.de\/tr\/author\/emilkemal4gmail-com\/"},"uagb_comment_info":0,"uagb_excerpt":"Betriebsmittelpr\u00fcfung Pflichtpr\u00fcfung f\u00fcr Sicherheit, Funktion &amp; Haftung Die Betriebsmittelpr\u00fcfung ist ein zentraler Bestandteil der DGUV Vorschrift 3.Alle elektrischen Ger\u00e4te und Anlagen, die im Unternehmen verwendet werden, m\u00fcssen regelm\u00e4\u00dfig gepr\u00fcft werden \u2013 unabh\u00e4ngig davon, ob es sich um fest installierte Maschinen oder um mobile B\u00fcroger\u00e4te handelt.Ziel ist die Vermeidung von elektrischen Gefahren, Ausf\u00e4llen und Haftungsrisiken. Einsatzbereich&hellip;","_links":{"self":[{"href":"https:\/\/pruefservice-stuttgart.de\/tr\/wp-json\/wp\/v2\/pages\/2321","targetHints":{"allow":["GET"]}}],"collection":[{"href":"https:\/\/pruefservice-stuttgart.de\/tr\/wp-json\/wp\/v2\/pages"}],"about":[{"href":"https:\/\/pruefservice-stuttgart.de\/tr\/wp-json\/wp\/v2\/types\/page"}],"author":[{"embeddable":true,"href":"https:\/\/pruefservice-stuttgart.de\/tr\/wp-json\/wp\/v2\/users\/1"}],"replies":[{"embeddable":true,"href":"https:\/\/pruefservice-stuttgart.de\/tr\/wp-json\/wp\/v2\/comments?post=2321"}],"version-history":[{"count":2,"href":"https:\/\/pruefservice-stuttgart.de\/tr\/wp-json\/wp\/v2\/pages\/2321\/revisions"}],"predecessor-version":[{"id":2323,"href":"https:\/\/pruefservice-stuttgart.de\/tr\/wp-json\/wp\/v2\/pages\/2321\/revisions\/2323"}],"wp:attachment":[{"href":"https:\/\/pruefservice-stuttgart.de\/tr\/wp-json\/wp\/v2\/media?parent=2321"}],"curies":[{"name":"wp","href":"https:\/\/api.w.org\/{rel}","templated":true}]}}